{"id":18304,"date":"2020-09-23T16:23:26","date_gmt":"2020-09-23T16:23:26","guid":{"rendered":"https:\/\/bodegaoutdoor.cl\/store\/product\/kamp-malzemeleri-verde-militar-plegable-portatil-de-acero-inoxidable-camping-picnic-cuberteria-cuchillo-tenedor-cuchara-abrebotellas\/"},"modified":"2023-05-04T19:19:18","modified_gmt":"2023-05-04T23:19:18","slug":"cubiertos-plegables-portatil-de-acero-inoxidable-camping-picnic","status":"publish","type":"product","link":"https:\/\/bodegaoutdoor.cl\/store\/product\/cubiertos-plegables-portatil-de-acero-inoxidable-camping-picnic\/","title":{"rendered":"Cubiertos plegables port\u00e1til de acero inoxidable Camping Picnic"},"content":{"rendered":"<p><b><span style=\"font-size: 16.0px;\">Descripci\u00f3n del producto<\/span><br \/>\n<\/b><\/p>\n<p>&nbsp;<\/p>\n<h3><span style=\"font-family: times new roman , times , serif;\"><span style=\"color: #262626;\"><strong><span style=\"font-size: 16.0px;\">100% nuevo y de alta calidad<\/span><\/strong><\/span><\/span><\/h3>\n<p>&nbsp;<\/p>\n<h3><span style=\"font-family: times new roman , times , serif;\"><span style=\"color: #262626;\"><strong><span style=\"font-size: 16.0px;\">Color del art\u00edculo: verde<\/span><\/strong><\/span><\/span><\/h3>\n<p>&nbsp;<\/p>\n<p><b><span style=\"font-family: times new roman , times , serif;\"><span style=\"color: #262626;\"><strong><span style=\"font-size: 16.0px;\">Material del art\u00edculo: acero inoxidable<\/span><\/strong><\/span><\/span><\/b><\/p>\n<p>&nbsp;<\/p>\n<p><b><span style=\"font-family: times new roman , times , serif;\"><span style=\"color: #262626;\"><strong><span style=\"font-size: 16.0px;\">Tama\u00f1o del art\u00edculo: aprox.10.5cm * 3 cm (tama\u00f1o plegado)<\/span><\/strong><\/span><\/span><\/b><\/p>\n<p>&nbsp;<\/p>\n<h3><span style=\"font-family: times new roman , times , serif;\"><span style=\"color: #262626;\"><strong><span style=\"font-size: 16.0px;\">Contenido del paquete:<\/span><\/strong><\/span><\/span><\/h3>\n<p>&nbsp;<\/p>\n<h3><span style=\"font-family: times new roman , times , serif;\"><span style=\"color: #262626;\"><span style=\"font-size: 16.0px;\">1 * multifunci\u00f3n vajilla<\/span><\/span><\/span><\/h3>\n<p>&nbsp;<\/p>\n<p>&nbsp;<\/p>\n<p>&nbsp;<\/p>\n<p><b> <span style=\"font-family: times new roman , times , serif;\"><span style=\"color: #262626;\"><strong><span style=\"font-size: 16.0px;\">Atenci\u00f3n: debido a las diferentes medidas, por favor acepte un error de 1-3 cm; permita una diferencia de color razonable ya que las diferentes pantallas de ordenador pueden mostrar diferentes colores.<\/span><\/strong><\/span><\/span><\/b><\/p>\n<p><img decoding=\"async\" style=\"width: 800.0px; height: 800.0px;\" title=\"Kamp malzemeleri verde militar plegable port\u00e1til de acero inoxidable Camping Picnic cuberter\u00eda cuchillo tenedor cuchara abrebotellas\" src=\"https:\/\/bodegaoutdoor.cl\/store\/wp-content\/uploads\/2020\/09\/18304-vmoknz.jpg\" alt=\"Kamp malzemeleri verde militar plegable port\u00e1til de acero inoxidable Camping Picnic cuberter\u00eda cuchillo tenedor cuchara abrebotellas\" \/> <img decoding=\"async\" style=\"width: 800.0px; height: 800.0px;\" title=\"Kamp malzemeleri verde militar plegable port\u00e1til de acero inoxidable Camping Picnic cuberter\u00eda cuchillo tenedor cuchara abrebotellas\" src=\"https:\/\/bodegaoutdoor.cl\/store\/wp-content\/uploads\/2020\/09\/18304-h9exhk.jpg\" alt=\"Kamp malzemeleri verde militar plegable port\u00e1til de acero inoxidable Camping Picnic cuberter\u00eda cuchillo tenedor cuchara abrebotellas\" \/> <img decoding=\"async\" style=\"width: 800.0px; height: 800.0px;\" title=\"Kamp malzemeleri verde militar plegable port\u00e1til de acero inoxidable Camping Picnic cuberter\u00eda cuchillo tenedor cuchara abrebotellas\" src=\"https:\/\/bodegaoutdoor.cl\/store\/wp-content\/uploads\/2020\/09\/18304-oc9mhj.jpg\" alt=\"Kamp malzemeleri verde militar plegable port\u00e1til de acero inoxidable Camping Picnic cuberter\u00eda cuchillo tenedor cuchara abrebotellas\" \/> <img decoding=\"async\" style=\"width: 800.0px; height: 800.0px;\" title=\"Kamp malzemeleri verde militar plegable port\u00e1til de acero inoxidable Camping Picnic cuberter\u00eda cuchillo tenedor cuchara abrebotellas\" src=\"https:\/\/bodegaoutdoor.cl\/store\/wp-content\/uploads\/2020\/09\/18304-8cpk1u.jpg\" alt=\"Kamp malzemeleri verde militar plegable port\u00e1til de acero inoxidable Camping Picnic cuberter\u00eda cuchillo tenedor cuchara abrebotellas\" \/> <img decoding=\"async\" style=\"width: 800.0px; height: 800.0px;\" title=\"Kamp malzemeleri verde militar plegable port\u00e1til de acero inoxidable Camping Picnic cuberter\u00eda cuchillo tenedor cuchara abrebotellas\" src=\"https:\/\/bodegaoutdoor.cl\/store\/wp-content\/uploads\/2020\/09\/18304-9jhx04.jpg\" alt=\"Kamp malzemeleri verde militar plegable port\u00e1til de acero inoxidable Camping Picnic cuberter\u00eda cuchillo tenedor cuchara abrebotellas\" \/> <img decoding=\"async\" style=\"width: 800.0px; height: 800.0px;\" title=\"Kamp malzemeleri verde militar plegable port\u00e1til de acero inoxidable Camping Picnic cuberter\u00eda cuchillo tenedor cuchara abrebotellas\" src=\"https:\/\/bodegaoutdoor.cl\/store\/wp-content\/uploads\/2020\/09\/18304-cws3la.jpg\" alt=\"Kamp malzemeleri verde militar plegable port\u00e1til de acero inoxidable Camping Picnic cuberter\u00eda cuchillo tenedor cuchara abrebotellas\" \/> <img decoding=\"async\" style=\"width: 800.0px; height: 800.0px;\" title=\"Kamp malzemeleri verde militar plegable port\u00e1til de acero inoxidable Camping Picnic cuberter\u00eda cuchillo tenedor cuchara abrebotellas\" src=\"https:\/\/bodegaoutdoor.cl\/store\/wp-content\/uploads\/2020\/09\/18304-bdu8ev.jpg\" alt=\"Kamp malzemeleri verde militar plegable port\u00e1til de acero inoxidable Camping Picnic cuberter\u00eda cuchillo tenedor cuchara abrebotellas\" \/><\/p>\n\n    <div class=\"xs_social_share_widget xs_share_url after_content \t\tmain_content  wslu-style-1 wslu-share-box-shaped wslu-fill-colored wslu-none wslu-share-horizontal wslu-theme-font-no wslu-main_content\">\n\n\t\t\n        <ul>\n\t\t\t        <\/ul>\n    <\/div> \n","protected":false},"excerpt":{"rendered":"<p>Descripci\u00f3n del producto &nbsp; 100% nuevo y de alta calidad &nbsp; Color del art\u00edculo: verde &nbsp; Material del art\u00edculo: acero inoxidable &nbsp; Tama\u00f1o del art\u00edculo: aprox.10.5cm * 3 cm (tama\u00f1o plegado) &nbsp; Contenido del paquete: &nbsp; 1 * multifunci\u00f3n vajilla &nbsp; &nbsp; &nbsp; Atenci\u00f3n: debido a las diferentes medidas, por favor acepte un error de [&hellip;]<\/p>\n","protected":false},"featured_media":18305,"comment_status":"open","ping_status":"closed","template":"","meta":{"jetpack_publicize_message":"","jetpack_publicize_feature_enabled":true,"jetpack_social_post_already_shared":true,"jetpack_social_options":{"image_generator_settings":{"template":"highway","enabled":false},"version":2}},"product_brand":[],"product_cat":[64,1240],"product_tag":[],"class_list":{"0":"post-18304","1":"product","2":"type-product","3":"status-publish","4":"has-post-thumbnail","6":"product_cat-accessories","7":"product_cat-navajas","9":"first","10":"instock","11":"sale","12":"taxable","13":"shipping-taxable","14":"purchasable","15":"product-type-simple"},"jetpack_publicize_connections":[],"jetpack_sharing_enabled":true,"_links":{"self":[{"href":"https:\/\/bodegaoutdoor.cl\/store\/wp-json\/wp\/v2\/product\/18304","targetHints":{"allow":["GET"]}}],"collection":[{"href":"https:\/\/bodegaoutdoor.cl\/store\/wp-json\/wp\/v2\/product"}],"about":[{"href":"https:\/\/bodegaoutdoor.cl\/store\/wp-json\/wp\/v2\/types\/product"}],"replies":[{"embeddable":true,"href":"https:\/\/bodegaoutdoor.cl\/store\/wp-json\/wp\/v2\/comments?post=18304"}],"version-history":[{"count":1,"href":"https:\/\/bodegaoutdoor.cl\/store\/wp-json\/wp\/v2\/product\/18304\/revisions"}],"predecessor-version":[{"id":71192,"href":"https:\/\/bodegaoutdoor.cl\/store\/wp-json\/wp\/v2\/product\/18304\/revisions\/71192"}],"wp:featuredmedia":[{"embeddable":true,"href":"https:\/\/bodegaoutdoor.cl\/store\/wp-json\/wp\/v2\/media\/18305"}],"wp:attachment":[{"href":"https:\/\/bodegaoutdoor.cl\/store\/wp-json\/wp\/v2\/media?parent=18304"}],"wp:term":[{"taxonomy":"product_brand","embeddable":true,"href":"https:\/\/bodegaoutdoor.cl\/store\/wp-json\/wp\/v2\/product_brand?post=18304"},{"taxonomy":"product_cat","embeddable":true,"href":"https:\/\/bodegaoutdoor.cl\/store\/wp-json\/wp\/v2\/product_cat?post=18304"},{"taxonomy":"product_tag","embeddable":true,"href":"https:\/\/bodegaoutdoor.cl\/store\/wp-json\/wp\/v2\/product_tag?post=18304"}],"curies":[{"name":"wp","href":"https:\/\/api.w.org\/{rel}","templated":true}]}}