{"id":18334,"date":"2020-09-23T16:27:44","date_gmt":"2020-09-23T16:27:44","guid":{"rendered":"https:\/\/bodegaoutdoor.cl\/store\/product\/9-placas-viento-escudo-de-cocina-al-aire-libre-de-utensilios-de-cocina-de-madera-olla-de-horno-de-a-prueba-de-viento-pantalla-de-aluminio-de-aleacion-de-picnic-estufa-parabrisas\/"},"modified":"2023-05-04T19:19:18","modified_gmt":"2023-05-04T23:19:18","slug":"escudo-viento-pantalla-de-aluminio-de-aleacion-picnic-camping","status":"publish","type":"product","link":"https:\/\/bodegaoutdoor.cl\/store\/product\/escudo-viento-pantalla-de-aluminio-de-aleacion-picnic-camping\/","title":{"rendered":"Escudo viento pantalla de aluminio de aleaci\u00f3n Picnic Camping"},"content":{"rendered":"<table border=\"0\" width=\"100%\" cellspacing=\"0\" cellpadding=\"0\">\n<tbody>\n<tr>\n<td>\n<div>\n<div>\n<p><img decoding=\"async\" title=\"9 placas viento Escudo de cocina al aire libre de utensilios de cocina de madera olla de horno de a prueba de viento pantalla de aluminio de aleaci\u00f3n de Picnic estufa parabrisas\" src=\"https:\/\/bodegaoutdoor.cl\/store\/wp-content\/uploads\/2020\/09\/18334-sr56gk.jpg\" alt=\"9 placas viento Escudo de cocina al aire libre de utensilios de cocina de madera olla de horno de a prueba de viento pantalla de aluminio de aleaci\u00f3n de Picnic estufa parabrisas\" width=\"100%\" height=\"auto\" \/><\/p>\n<\/div>\n<div style=\"padding: 15px; border: solid 1px #aeaeae;\">Parabrisas de hornilla plegable de 9 platos para cocina de acampada al aire libre<\/div>\n<div style=\"padding: 15px; border: solid 1px #aeaeae;\"><strong>Caracter\u00edsticas:<\/strong><br \/>\nCon material de aleaci\u00f3n de aluminio, s\u00f3lido y duradero.<br \/>\nAlta calidad, excelente resistencia abrasiva.<br \/>\nPeque\u00f1o y exquisito, es f\u00e1cil de usar.<br \/>\nJunto con la bolsa de protecci\u00f3n, es c\u00f3modo de llevar.<br \/>\nAdecuado para picnic, camping y otras actividades al aire libre.<strong>Especificaciones:<\/strong><br \/>\nPiezas: 9<br \/>\nPeso: 120g<br \/>\nColor: plata<br \/>\nMaterial: aleaci\u00f3n de aluminio<br \/>\nTama\u00f1o: 13,5 cm * 7,5 cm * 1,2 cm<\/p>\n<p><strong>Contenido del paquete<\/strong><br \/>\n1 x parabrisas<\/p>\n<\/div>\n<div><img decoding=\"async\" title=\"9 placas viento Escudo de cocina al aire libre de utensilios de cocina de madera olla de horno de a prueba de viento pantalla de aluminio de aleaci\u00f3n de Picnic estufa parabrisas\" src=\"https:\/\/bodegaoutdoor.cl\/store\/wp-content\/uploads\/2020\/09\/18334-qflxfn.jpg\" alt=\"9 placas viento Escudo de cocina al aire libre de utensilios de cocina de madera olla de horno de a prueba de viento pantalla de aluminio de aleaci\u00f3n de Picnic estufa parabrisas\" width=\"100%\" height=\"auto\" \/><\/div>\n<div style=\"padding: 15px; border: solid 1px #aeaeae;\">1xWindshield<\/div>\n<\/div>\n<div style=\"font-size: 28px; font-family: Tahoma, Geneva, sans-serif; font-weight: bold; padding: 8px 100px; text-align: center;\"><\/div>\n<p>&nbsp;<\/p>\n<div style=\"text-align: center;\"><img decoding=\"async\" title=\"9 placas viento Escudo de cocina al aire libre de utensilios de cocina de madera olla de horno de a prueba de viento pantalla de aluminio de aleaci\u00f3n de Picnic estufa parabrisas\" src=\"https:\/\/bodegaoutdoor.cl\/store\/wp-content\/uploads\/2020\/09\/18334-j6ybst.jpg\" alt=\"9 placas viento Escudo de cocina al aire libre de utensilios de cocina de madera olla de horno de a prueba de viento pantalla de aluminio de aleaci\u00f3n de Picnic estufa parabrisas\" width=\"798px\" \/> <img decoding=\"async\" title=\"9 placas viento Escudo de cocina al aire libre de utensilios de cocina de madera olla de horno de a prueba de viento pantalla de aluminio de aleaci\u00f3n de Picnic estufa parabrisas\" src=\"https:\/\/bodegaoutdoor.cl\/store\/wp-content\/uploads\/2020\/09\/18334-uxnadk.jpg\" alt=\"9 placas viento Escudo de cocina al aire libre de utensilios de cocina de madera olla de horno de a prueba de viento pantalla de aluminio de aleaci\u00f3n de Picnic estufa parabrisas\" width=\"798px\" \/> <img decoding=\"async\" title=\"9 placas viento Escudo de cocina al aire libre de utensilios de cocina de madera olla de horno de a prueba de viento pantalla de aluminio de aleaci\u00f3n de Picnic estufa parabrisas\" src=\"https:\/\/bodegaoutdoor.cl\/store\/wp-content\/uploads\/2020\/09\/18334-afwfmu.jpg\" alt=\"9 placas viento Escudo de cocina al aire libre de utensilios de cocina de madera olla de horno de a prueba de viento pantalla de aluminio de aleaci\u00f3n de Picnic estufa parabrisas\" width=\"798px\" \/> <img decoding=\"async\" title=\"9 placas viento Escudo de cocina al aire libre de utensilios de cocina de madera olla de horno de a prueba de viento pantalla de aluminio de aleaci\u00f3n de Picnic estufa parabrisas\" src=\"https:\/\/bodegaoutdoor.cl\/store\/wp-content\/uploads\/2020\/09\/18334-hbyqbf.jpg\" alt=\"9 placas viento Escudo de cocina al aire libre de utensilios de cocina de madera olla de horno de a prueba de viento pantalla de aluminio de aleaci\u00f3n de Picnic estufa parabrisas\" width=\"798px\" \/> <img decoding=\"async\" title=\"9 placas viento Escudo de cocina al aire libre de utensilios de cocina de madera olla de horno de a prueba de viento pantalla de aluminio de aleaci\u00f3n de Picnic estufa parabrisas\" src=\"https:\/\/bodegaoutdoor.cl\/store\/wp-content\/uploads\/2020\/09\/18334-3ajwa4.jpg\" alt=\"9 placas viento Escudo de cocina al aire libre de utensilios de cocina de madera olla de horno de a prueba de viento pantalla de aluminio de aleaci\u00f3n de Picnic estufa parabrisas\" width=\"798px\" \/> <img decoding=\"async\" title=\"9 placas viento Escudo de cocina al aire libre de utensilios de cocina de madera olla de horno de a prueba de viento pantalla de aluminio de aleaci\u00f3n de Picnic estufa parabrisas\" src=\"https:\/\/bodegaoutdoor.cl\/store\/wp-content\/uploads\/2020\/09\/18334-g5irhq.jpg\" alt=\"9 placas viento Escudo de cocina al aire libre de utensilios de cocina de madera olla de horno de a prueba de viento pantalla de aluminio de aleaci\u00f3n de Picnic estufa parabrisas\" width=\"798px\" \/> <img decoding=\"async\" title=\"9 placas viento Escudo de cocina al aire libre de utensilios de cocina de madera olla de horno de a prueba de viento pantalla de aluminio de aleaci\u00f3n de Picnic estufa parabrisas\" src=\"https:\/\/bodegaoutdoor.cl\/store\/wp-content\/uploads\/2020\/09\/18334-zsvvi7.jpg\" alt=\"9 placas viento Escudo de cocina al aire libre de utensilios de cocina de madera olla de horno de a prueba de viento pantalla de aluminio de aleaci\u00f3n de Picnic estufa parabrisas\" width=\"798px\" \/> <!--[relateproductdetail\/]--><\/div>\n<p>&nbsp;<\/p>\n<div><img decoding=\"async\" title=\"9 placas viento Escudo de cocina al aire libre de utensilios de cocina de madera olla de horno de a prueba de viento pantalla de aluminio de aleaci\u00f3n de Picnic estufa parabrisas\" src=\"https:\/\/bodegaoutdoor.cl\/store\/wp-content\/uploads\/2020\/09\/18334-x0gu6g.jpg\" alt=\"9 placas viento Escudo de cocina al aire libre de utensilios de cocina de madera olla de horno de a prueba de viento pantalla de aluminio de aleaci\u00f3n de Picnic estufa parabrisas\" width=\"100%\" height=\"auto\" \/><\/div>\n<div style=\"padding: 15px; border: solid 1px #aeaeae;\">1<strong>\u00a1Env\u00edo en todo el mundo!<\/strong>(Excepto algunos pa\u00edses y APO\/FPO)<br \/>\n2. Los pedidos se procesan a tiempo despu\u00e9s de la verificaci\u00f3n de pago.<br \/>\n3. Solo enviamos a direcciones confirmadas del pedido. Tu direcci\u00f3n de pedido debe coincidir con tu direcci\u00f3n de env\u00edo.<br \/>\n4. Las im\u00e1genes mostradas no son el art\u00edculo real y son solo para su referencia.<br \/>\n5. El tiempo de tr\u00e1nsito del servicio lo proporciona el transportista y excluye fines de semana y d\u00edas festivos. El tiempo de tr\u00e1nsito puede variar, especialmente durante la temporada de vacaciones.<br \/>\n6. Si no has recibido tu pedido 30 d\u00edas despu\u00e9s del pago, cont\u00e1ctanos. Rastrearemos tu pedido y nos pondremos en contacto contigo lo antes posible. \u00a1Nuestro objetivo es la satisfacci\u00f3n del cliente!<br \/>\n7. Tiempo de entrega:<br \/>\n<img decoding=\"async\" title=\"9 placas viento Escudo de cocina al aire libre de utensilios de cocina de madera olla de horno de a prueba de viento pantalla de aluminio de aleaci\u00f3n de Picnic estufa parabrisas\" src=\"https:\/\/bodegaoutdoor.cl\/store\/wp-content\/uploads\/2020\/09\/18334-qsitau.jpg\" alt=\"9 placas viento Escudo de cocina al aire libre de utensilios de cocina de madera olla de horno de a prueba de viento pantalla de aluminio de aleaci\u00f3n de Picnic estufa parabrisas\" \/> <img decoding=\"async\" title=\"9 placas viento Escudo de cocina al aire libre de utensilios de cocina de madera olla de horno de a prueba de viento pantalla de aluminio de aleaci\u00f3n de Picnic estufa parabrisas\" src=\"https:\/\/bodegaoutdoor.cl\/store\/wp-content\/uploads\/2020\/09\/18334-olerpz.jpg\" alt=\"9 placas viento Escudo de cocina al aire libre de utensilios de cocina de madera olla de horno de a prueba de viento pantalla de aluminio de aleaci\u00f3n de Picnic estufa parabrisas\" \/> <img decoding=\"async\" title=\"9 placas viento Escudo de cocina al aire libre de utensilios de cocina de madera olla de horno de a prueba de viento pantalla de aluminio de aleaci\u00f3n de Picnic estufa parabrisas\" src=\"https:\/\/bodegaoutdoor.cl\/store\/wp-content\/uploads\/2020\/09\/18334-vkh7wn.jpg\" alt=\"9 placas viento Escudo de cocina al aire libre de utensilios de cocina de madera olla de horno de a prueba de viento pantalla de aluminio de aleaci\u00f3n de Picnic estufa parabrisas\" \/><\/div>\n<p>&nbsp;<\/p>\n<div><img decoding=\"async\" title=\"9 placas viento Escudo de cocina al aire libre de utensilios de cocina de madera olla de horno de a prueba de viento pantalla de aluminio de aleaci\u00f3n de Picnic estufa parabrisas\" src=\"https:\/\/bodegaoutdoor.cl\/store\/wp-content\/uploads\/2020\/09\/18334-jlekcm.jpg\" alt=\"9 placas viento Escudo de cocina al aire libre de utensilios de cocina de madera olla de horno de a prueba de viento pantalla de aluminio de aleaci\u00f3n de Picnic estufa parabrisas\" width=\"100%\" height=\"auto\" \/><\/div>\n<div style=\"padding: 15px; border: solid 1px #aeaeae;\">1. Tiene 7 d\u00edas para contactarnos y 30 d\u00edas para devolverlo a partir de la fecha de recepci\u00f3n. Si te quedas el art\u00edculo durante m\u00e1s de 7 d\u00edas, se considerar\u00e1 usado y no te ofreceremos ni un reembolso ni un reemplazo. \u00a1NO hay excepciones!<br \/>\nLos gastos de env\u00edo corren por cuenta del vendedor y del comprador a la mitad.<br \/>\n2. Todos los art\u00edculos devueltos deben estar en el embalaje original y debes proporcionarnos el n\u00famero de seguimiento del env\u00edo, el motivo espec\u00edfico de la devoluci\u00f3n y el ID de tu pedido.<br \/>\n3. Reembolsaremos la cantidad completa de la oferta ganadora, una vez recibido el art\u00edculo en su estado y embalaje originales con todos los componentes y accesorios incluidos, despu\u00e9s de que tanto el comprador como el vendedor cancelen la transacci\u00f3n de aliexpress. O puedes optar por un reemplazo.<br \/>\n4. Nos haremos cargo de todo el costo de env\u00edo si el (los) Producto (s) no es (son) como se anunci\u00f3.<\/div>\n<p>&nbsp;<\/p>\n<div><img decoding=\"async\" title=\"9 placas viento Escudo de cocina al aire libre de utensilios de cocina de madera olla de horno de a prueba de viento pantalla de aluminio de aleaci\u00f3n de Picnic estufa parabrisas\" src=\"https:\/\/bodegaoutdoor.cl\/store\/wp-content\/uploads\/2020\/09\/18334-mmnpqa.jpg\" alt=\"9 placas viento Escudo de cocina al aire libre de utensilios de cocina de madera olla de horno de a prueba de viento pantalla de aluminio de aleaci\u00f3n de Picnic estufa parabrisas\" width=\"100%\" height=\"auto\" \/><\/div>\n<div style=\"padding: 15px; border: solid 1px #aeaeae;\">\u00a1Mantenemos altos est\u00e1ndares de excelencia y nos esforzamos por 100% la satisfacci\u00f3n del cliente! Su opini\u00f3n es muy importante. Le rogamos que se ponga en contacto con nosotros inmediatamente antes de darnos una valoraci\u00f3n neutral o negativa, para que podamos satisfacerle.<br \/>\n\u00a1Es imposible abordar problemas si no los conocemos!<\/div>\n<\/td>\n<\/tr>\n<\/tbody>\n<\/table>\n\n    <div class=\"xs_social_share_widget xs_share_url after_content \t\tmain_content  wslu-style-1 wslu-share-box-shaped wslu-fill-colored wslu-none wslu-share-horizontal wslu-theme-font-no wslu-main_content\">\n\n\t\t\n        <ul>\n\t\t\t        <\/ul>\n    <\/div> \n","protected":false},"excerpt":{"rendered":"<p>Parabrisas de hornilla plegable de 9 platos para cocina de acampada al aire libre Caracter\u00edsticas: Con material de aleaci\u00f3n de aluminio, s\u00f3lido y duradero. Alta calidad, excelente resistencia abrasiva. Peque\u00f1o y exquisito, es f\u00e1cil de usar. Junto con la bolsa de protecci\u00f3n, es c\u00f3modo de llevar. Adecuado para picnic, camping y otras actividades al aire [&hellip;]<\/p>\n","protected":false},"featured_media":18394,"comment_status":"open","ping_status":"closed","template":"","meta":{"jetpack_publicize_message":"","jetpack_publicize_feature_enabled":true,"jetpack_social_post_already_shared":true,"jetpack_social_options":{"image_generator_settings":{"template":"highway","enabled":false},"version":2}},"product_brand":[],"product_cat":[64],"product_tag":[],"class_list":{"0":"post-18334","1":"product","2":"type-product","3":"status-publish","4":"has-post-thumbnail","6":"product_cat-accessories","8":"first","9":"instock","10":"taxable","11":"shipping-taxable","12":"purchasable","13":"product-type-variable"},"jetpack_publicize_connections":[],"jetpack_sharing_enabled":true,"_links":{"self":[{"href":"https:\/\/bodegaoutdoor.cl\/store\/wp-json\/wp\/v2\/product\/18334","targetHints":{"allow":["GET"]}}],"collection":[{"href":"https:\/\/bodegaoutdoor.cl\/store\/wp-json\/wp\/v2\/product"}],"about":[{"href":"https:\/\/bodegaoutdoor.cl\/store\/wp-json\/wp\/v2\/types\/product"}],"replies":[{"embeddable":true,"href":"https:\/\/bodegaoutdoor.cl\/store\/wp-json\/wp\/v2\/comments?post=18334"}],"version-history":[{"count":2,"href":"https:\/\/bodegaoutdoor.cl\/store\/wp-json\/wp\/v2\/product\/18334\/revisions"}],"predecessor-version":[{"id":71190,"href":"https:\/\/bodegaoutdoor.cl\/store\/wp-json\/wp\/v2\/product\/18334\/revisions\/71190"}],"wp:featuredmedia":[{"embeddable":true,"href":"https:\/\/bodegaoutdoor.cl\/store\/wp-json\/wp\/v2\/media\/18394"}],"wp:attachment":[{"href":"https:\/\/bodegaoutdoor.cl\/store\/wp-json\/wp\/v2\/media?parent=18334"}],"wp:term":[{"taxonomy":"product_brand","embeddable":true,"href":"https:\/\/bodegaoutdoor.cl\/store\/wp-json\/wp\/v2\/product_brand?post=18334"},{"taxonomy":"product_cat","embeddable":true,"href":"https:\/\/bodegaoutdoor.cl\/store\/wp-json\/wp\/v2\/product_cat?post=18334"},{"taxonomy":"product_tag","embeddable":true,"href":"https:\/\/bodegaoutdoor.cl\/store\/wp-json\/wp\/v2\/product_tag?post=18334"}],"curies":[{"name":"wp","href":"https:\/\/api.w.org\/{rel}","templated":true}]}}