{"id":18465,"date":"2020-09-23T16:34:34","date_gmt":"2020-09-23T16:34:34","guid":{"rendered":"https:\/\/bodegaoutdoor.cl\/store\/product\/1100ml-botella-de-agua-con-aislamiento-al-vacio-portatil-al-aire-libre-de-doble-pared-de-acero-inoxidable-taza-para-beber-deportes-viajes-camping\/"},"modified":"2023-05-04T19:19:18","modified_gmt":"2023-05-04T23:19:18","slug":"botella-de-agua-con-aislamiento-al-vacio-portatil-de-doble-pared-de-acero-inoxidable-1100ml","status":"publish","type":"product","link":"https:\/\/bodegaoutdoor.cl\/store\/product\/botella-de-agua-con-aislamiento-al-vacio-portatil-de-doble-pared-de-acero-inoxidable-1100ml\/","title":{"rendered":"Botella de agua con aislamiento al vac\u00edo doble pared de acero inoxidable 1100ml &#8211; 20hrs Frio \/ 15 hrs Hot"},"content":{"rendered":"<div>\n<div style=\"height: 0; overflow: hidden;\">Modname = ckeditor<\/div>\n<div>\n<div><\/div>\n<div>\n<div>\n<div>\n<div>\n<div>\n<blockquote>\n<div><strong> 20hrs Frio \/ 15 hrs Hot<\/strong><\/div>\n<\/blockquote>\n<\/div>\n<\/div>\n<\/div>\n<\/div>\n<\/div>\n<p><span style=\"font-size: 14px;\"><strong>Especificaciones:<\/strong><\/span><\/p>\n<table style=\"width: 500px;\" border=\"1\" cellspacing=\"1\" cellpadding=\"1\">\n<tbody>\n<tr>\n<td style=\"text-align: center;\"><span style=\"font-size: 14px;\">Material<\/span><\/td>\n<td style=\"text-align: center;\"><span style=\"font-size: 14px;\">Acero inoxidable 304, PP de calidad alimentaria<\/span><\/td>\n<\/tr>\n<tr>\n<td style=\"text-align: center;\"><span style=\"font-size: 14px;\">La capacidad de<\/span><\/td>\n<td style=\"text-align: center;\"><span style=\"font-size: 14px;\">1100 ml<\/span><\/td>\n<\/tr>\n<tr>\n<td style=\"text-align: center;\"><span style=\"font-size: 14px;\">Color<\/span><\/td>\n<td style=\"text-align: center;\"><span style=\"font-size: 14px;\">Plata, rojo, verde, negro<\/span><\/td>\n<\/tr>\n<tr>\n<td style=\"text-align: center;\"><span style=\"font-size: 14px;\">Tama\u00f1o del producto<\/span><\/td>\n<td style=\"text-align: center;\"><span style=\"font-size: 14px;\">8,7&#215;27,5 cm\/3,43&#215;10,83 pulgadas<\/span><\/td>\n<\/tr>\n<tr>\n<td style=\"text-align: center;\"><span style=\"font-size: 14px;\">Peso<\/span><\/td>\n<td style=\"text-align: center;\"><span style=\"font-size: 14px;\">Approx.580g<\/span><\/td>\n<\/tr>\n<\/tbody>\n<\/table>\n<p><span style=\"font-size: 14px;\"><strong>Caracter\u00edsticas:<\/strong><\/span><\/p>\n<div>\n<div><span style=\"font-size: 14px;\">Calidad Alimentaria<\/span><br \/>\n<span style=\"font-size: 14px;\">De doble pared<\/span><br \/>\n<span style=\"font-size: 14px;\">304 acero inoxidable<\/span><\/div>\n<div><span style=\"font-size: 14px;\">Gran capacidad 100 ml.<\/span><\/div>\n<div><span style=\"font-size: 14px;\">Port\u00e1til tapa dise\u00f1o<\/span><\/div>\n<div><span style=\"font-size: 14px;\">Adecuado para deportes al aire libre, viajes de trabajo, casa, viajes, etc.<\/span><\/div>\n<\/div>\n<div><span style=\"font-size: 14px;\"><strong>Crisol de grafito mini horno de oro de la antorcha de fusi\u00f3n del metal:<\/strong>1 x taza de vac\u00edo<\/span><\/div>\n<div>\n<p><img decoding=\"async\" title=\"1100ml botella de agua con aislamiento al vac\u00edo port\u00e1til al aire libre de doble pared de acero inoxidable taza para beber deportes viajes Camping\" src=\"https:\/\/bodegaoutdoor.cl\/store\/wp-content\/uploads\/2020\/09\/18465-ap62u0-scaled.jpg\" alt=\"1100ml botella de agua con aislamiento al vac\u00edo port\u00e1til al aire libre de doble pared de acero inoxidable taza para beber deportes viajes Camping\" \/><\/p>\n<\/div>\n<\/div>\n<\/div>\n\n    <div class=\"xs_social_share_widget xs_share_url after_content \t\tmain_content  wslu-style-1 wslu-share-box-shaped wslu-fill-colored wslu-none wslu-share-horizontal wslu-theme-font-no wslu-main_content\">\n\n\t\t\n        <ul>\n\t\t\t        <\/ul>\n    <\/div> \n","protected":false},"excerpt":{"rendered":"<p>Modname = ckeditor 20hrs Frio \/ 15 hrs Hot Especificaciones: Material Acero inoxidable 304, PP de calidad alimentaria La capacidad de 1100 ml Color Plata, rojo, verde, negro Tama\u00f1o del producto 8,7&#215;27,5 cm\/3,43&#215;10,83 pulgadas Peso Approx.580g Caracter\u00edsticas: Calidad Alimentaria De doble pared 304 acero inoxidable Gran capacidad 100 ml. Port\u00e1til tapa dise\u00f1o Adecuado para deportes [&hellip;]<\/p>\n","protected":false},"featured_media":18575,"comment_status":"open","ping_status":"closed","template":"","meta":{"jetpack_publicize_message":"","jetpack_publicize_feature_enabled":true,"jetpack_social_post_already_shared":true,"jetpack_social_options":{"image_generator_settings":{"template":"highway","enabled":false},"version":2}},"product_brand":[],"product_cat":[15,64],"product_tag":[1394,1396,483,1395,1392,1391,1393,909],"class_list":{"0":"post-18465","1":"product","2":"type-product","3":"status-publish","4":"has-post-thumbnail","6":"product_cat-otros","7":"product_cat-accessories","8":"product_tag-agua","9":"product_tag-cafe","10":"product_tag-camping","11":"product_tag-mate","12":"product_tag-stainless","13":"product_tag-termo","14":"product_tag-thermo","15":"product_tag-trekking","17":"first","18":"instock","19":"sale","20":"taxable","21":"shipping-taxable","22":"purchasable","23":"product-type-variable"},"jetpack_publicize_connections":[],"jetpack_sharing_enabled":true,"_links":{"self":[{"href":"https:\/\/bodegaoutdoor.cl\/store\/wp-json\/wp\/v2\/product\/18465","targetHints":{"allow":["GET"]}}],"collection":[{"href":"https:\/\/bodegaoutdoor.cl\/store\/wp-json\/wp\/v2\/product"}],"about":[{"href":"https:\/\/bodegaoutdoor.cl\/store\/wp-json\/wp\/v2\/types\/product"}],"replies":[{"embeddable":true,"href":"https:\/\/bodegaoutdoor.cl\/store\/wp-json\/wp\/v2\/comments?post=18465"}],"version-history":[{"count":2,"href":"https:\/\/bodegaoutdoor.cl\/store\/wp-json\/wp\/v2\/product\/18465\/revisions"}],"predecessor-version":[{"id":71189,"href":"https:\/\/bodegaoutdoor.cl\/store\/wp-json\/wp\/v2\/product\/18465\/revisions\/71189"}],"wp:featuredmedia":[{"embeddable":true,"href":"https:\/\/bodegaoutdoor.cl\/store\/wp-json\/wp\/v2\/media\/18575"}],"wp:attachment":[{"href":"https:\/\/bodegaoutdoor.cl\/store\/wp-json\/wp\/v2\/media?parent=18465"}],"wp:term":[{"taxonomy":"product_brand","embeddable":true,"href":"https:\/\/bodegaoutdoor.cl\/store\/wp-json\/wp\/v2\/product_brand?post=18465"},{"taxonomy":"product_cat","embeddable":true,"href":"https:\/\/bodegaoutdoor.cl\/store\/wp-json\/wp\/v2\/product_cat?post=18465"},{"taxonomy":"product_tag","embeddable":true,"href":"https:\/\/bodegaoutdoor.cl\/store\/wp-json\/wp\/v2\/product_tag?post=18465"}],"curies":[{"name":"wp","href":"https:\/\/api.w.org\/{rel}","templated":true}]}}