{"id":18504,"date":"2020-09-24T03:43:31","date_gmt":"2020-09-24T03:43:31","guid":{"rendered":"https:\/\/bodegaoutdoor.cl\/store\/product\/novedad-de-2020-chaqueta-tactica-militar-impermeable-a-prueba-de-viento-prendas-de-vestir-us-army-chaqueta-rompevientos-ligera-de-nailon-transpirable-chaqueta-masculina\/"},"modified":"2023-05-04T19:19:18","modified_gmt":"2023-05-04T23:19:18","slug":"chaqueta-tactica-militar-impermeable-a-prueba-de-viento-ligera-de-nailon-transpirable","status":"publish","type":"product","link":"https:\/\/bodegaoutdoor.cl\/store\/product\/chaqueta-tactica-militar-impermeable-a-prueba-de-viento-ligera-de-nailon-transpirable\/","title":{"rendered":"Chaqueta t\u00e1ctica militar impermeable a prueba de viento ligera de nailon transpirable"},"content":{"rendered":"<p align=\"justify\">Tenga en cuenta que puede haber una ligera diferencia de color debido a la luz y la pantalla.<\/p>\n<p>Nuestra talla es la talla asi\u00e1tica.<\/p>\n<p>Nota: hay una diferencia de 2-3% seg\u00fan la medici\u00f3n manual. Comprueba cuidadosamente la Tabla de Medidas antes de comprar el art\u00edculo.<\/p>\n<p>El color del art\u00edculo que se muestra en las fotos puede verse algo diferente en tu monitor.<\/p>\n<table align=\"center\">\n<tbody>\n<tr>\n<td style=\"width: 151.0px;\">\n<p style=\"text-align: center;\"><u><span style=\"color: #00b050;\"><em><strong><span style=\"font-size: 22.0px;\"><span style=\"font-family: comic sans ms;\">Tama\u00f1o (cm)<\/span><\/span><\/strong><\/em><\/span><\/u><\/p>\n<\/td>\n<td style=\"width: 151.0px;\">\n<p style=\"text-align: center;\"><u><span style=\"color: #00b050;\"><em><strong><span style=\"font-size: 22.0px;\"><span style=\"font-family: comic sans ms;\">Busto<\/span><\/span><\/strong><\/em><\/span><\/u><\/p>\n<\/td>\n<td style=\"width: 151.0px;\">\n<p style=\"text-align: center;\"><u><span style=\"color: #00b050;\"><em><strong><span style=\"font-size: 22.0px;\"><span style=\"font-family: comic sans ms;\">De hombro<\/span><\/span><\/strong><\/em><\/span><\/u><\/p>\n<\/td>\n<td style=\"width: 151.0px;\">\n<p style=\"text-align: center;\"><u><span style=\"color: #00b050;\"><em><strong><span style=\"font-size: 22.0px;\"><span style=\"font-family: comic sans ms;\">Longitud<\/span><\/span><\/strong><\/em><\/span><\/u><\/p>\n<\/td>\n<td style=\"width: 151.0px;\">\n<p style=\"text-align: center;\"><u><span style=\"color: #00b050;\"><em><strong><span style=\"font-size: 22.0px;\"><span style=\"font-family: comic sans ms;\">Manga<\/span><\/span><\/strong><\/em><\/span><\/u><\/p>\n<\/td>\n<\/tr>\n<tr>\n<td style=\"width: 151.0px;\">\n<p style=\"text-align: center;\"><u><span style=\"color: #00b050;\"><em><strong><span style=\"font-size: 22.0px;\"><span style=\"font-family: comic sans ms;\">S<\/span><\/span><\/strong><\/em><\/span><\/u><\/p>\n<\/td>\n<td style=\"width: 151.0px;\">\n<p style=\"text-align: center;\"><u><span style=\"color: #00b050;\"><em><strong><span style=\"font-size: 22.0px;\"><span style=\"font-family: comic sans ms;\">108<\/span><\/span><\/strong><\/em><\/span><\/u><\/p>\n<\/td>\n<td style=\"width: 151.0px;\">\n<p style=\"text-align: center;\"><u><span style=\"color: #00b050;\"><em><strong><span style=\"font-size: 22.0px;\"><span style=\"font-family: comic sans ms;\">46,8<\/span><\/span><\/strong><\/em><\/span><\/u><\/p>\n<\/td>\n<td style=\"width: 151.0px;\">\n<p style=\"text-align: center;\"><u><span style=\"color: #00b050;\"><em><strong><span style=\"font-size: 22.0px;\"><span style=\"font-family: comic sans ms;\">70<\/span><\/span><\/strong><\/em><\/span><\/u><\/p>\n<\/td>\n<td style=\"width: 151.0px;\">\n<p style=\"text-align: center;\"><u><span style=\"color: #00b050;\"><em><strong><span style=\"font-size: 22.0px;\"><span style=\"font-family: comic sans ms;\">59<\/span><\/span><\/strong><\/em><\/span><\/u><\/p>\n<\/td>\n<\/tr>\n<tr>\n<td style=\"width: 151.0px;\">\n<p style=\"text-align: center;\"><u><span style=\"color: #00b050;\"><em><strong><span style=\"font-size: 22.0px;\"><span style=\"font-family: comic sans ms;\">M<\/span><\/span><\/strong><\/em><\/span><\/u><\/p>\n<\/td>\n<td style=\"width: 151.0px;\">\n<p style=\"text-align: center;\"><u><span style=\"color: #00b050;\"><em><strong><span style=\"font-size: 22.0px;\"><span style=\"font-family: comic sans ms;\">112<\/span><\/span><\/strong><\/em><\/span><\/u><\/p>\n<\/td>\n<td style=\"width: 151.0px;\">\n<p style=\"text-align: center;\"><u><span style=\"color: #00b050;\"><em><strong><span style=\"font-size: 22.0px;\"><span style=\"font-family: comic sans ms;\">48,6<\/span><\/span><\/strong><\/em><\/span><\/u><\/p>\n<\/td>\n<td style=\"width: 151.0px;\">\n<p style=\"text-align: center;\"><u><span style=\"color: #00b050;\"><em><strong><span style=\"font-size: 22.0px;\"><span style=\"font-family: comic sans ms;\">72<\/span><\/span><\/strong><\/em><\/span><\/u><\/p>\n<\/td>\n<td style=\"width: 151.0px;\">\n<p style=\"text-align: center;\"><u><span style=\"color: #00b050;\"><em><strong><span style=\"font-size: 22.0px;\"><span style=\"font-family: comic sans ms;\">60<\/span><\/span><\/strong><\/em><\/span><\/u><\/p>\n<\/td>\n<\/tr>\n<tr>\n<td style=\"width: 151.0px;\">\n<p style=\"text-align: center;\"><u><span style=\"color: #00b050;\"><em><strong><span style=\"font-size: 22.0px;\"><span style=\"font-family: comic sans ms;\">L<\/span><\/span><\/strong><\/em><\/span><\/u><\/p>\n<\/td>\n<td style=\"width: 151.0px;\">\n<p style=\"text-align: center;\"><u><span style=\"color: #00b050;\"><em><strong><span style=\"font-size: 22.0px;\"><span style=\"font-family: comic sans ms;\">116<\/span><\/span><\/strong><\/em><\/span><\/u><\/p>\n<\/td>\n<td style=\"width: 151.0px;\">\n<p style=\"text-align: center;\"><u><span style=\"color: #00b050;\"><em><strong><span style=\"font-size: 22.0px;\"><span style=\"font-family: comic sans ms;\">50,4<\/span><\/span><\/strong><\/em><\/span><\/u><\/p>\n<\/td>\n<td style=\"width: 151.0px;\">\n<p style=\"text-align: center;\"><u><span style=\"color: #00b050;\"><em><strong><span style=\"font-size: 22.0px;\"><span style=\"font-family: comic sans ms;\">74<\/span><\/span><\/strong><\/em><\/span><\/u><\/p>\n<\/td>\n<td style=\"width: 151.0px;\">\n<p style=\"text-align: center;\"><u><span style=\"color: #00b050;\"><em><strong><span style=\"font-size: 22.0px;\"><span style=\"font-family: comic sans ms;\">61<\/span><\/span><\/strong><\/em><\/span><\/u><\/p>\n<\/td>\n<\/tr>\n<tr>\n<td style=\"width: 151.0px;\">\n<p style=\"text-align: center;\"><u><span style=\"color: #00b050;\"><em><strong><span style=\"font-size: 22.0px;\"><span style=\"font-family: comic sans ms;\">XL<\/span><\/span><\/strong><\/em><\/span><\/u><\/p>\n<\/td>\n<td style=\"width: 151.0px;\">\n<p style=\"text-align: center;\"><u><span style=\"color: #00b050;\"><em><strong><span style=\"font-size: 22.0px;\"><span style=\"font-family: comic sans ms;\">120<\/span><\/span><\/strong><\/em><\/span><\/u><\/p>\n<\/td>\n<td style=\"width: 151.0px;\">\n<p style=\"text-align: center;\"><u><span style=\"color: #00b050;\"><em><strong><span style=\"font-size: 22.0px;\"><span style=\"font-family: comic sans ms;\">52,2<\/span><\/span><\/strong><\/em><\/span><\/u><\/p>\n<\/td>\n<td style=\"width: 151.0px;\">\n<p style=\"text-align: center;\"><u><span style=\"color: #00b050;\"><em><strong><span style=\"font-size: 22.0px;\"><span style=\"font-family: comic sans ms;\">76<\/span><\/span><\/strong><\/em><\/span><\/u><\/p>\n<\/td>\n<td style=\"width: 151.0px;\">\n<p style=\"text-align: center;\"><u><span style=\"color: #00b050;\"><em><strong><span style=\"font-size: 22.0px;\"><span style=\"font-family: comic sans ms;\">62<\/span><\/span><\/strong><\/em><\/span><\/u><\/p>\n<\/td>\n<\/tr>\n<tr>\n<td style=\"width: 151.0px;\">\n<p style=\"text-align: center;\"><u><span style=\"color: #00b050;\"><em><strong><span style=\"font-size: 22.0px;\"><span style=\"font-family: comic sans ms;\">2XL<\/span><\/span><\/strong><\/em><\/span><\/u><\/p>\n<\/td>\n<td style=\"width: 151.0px;\">\n<p style=\"text-align: center;\"><u><span style=\"color: #00b050;\"><em><strong><span style=\"font-size: 22.0px;\"><span style=\"font-family: comic sans ms;\">124<\/span><\/span><\/strong><\/em><\/span><\/u><\/p>\n<\/td>\n<td style=\"width: 151.0px;\">\n<p style=\"text-align: center;\"><u><span style=\"color: #00b050;\"><em><strong><span style=\"font-size: 22.0px;\"><span style=\"font-family: comic sans ms;\">54<\/span><\/span><\/strong><\/em><\/span><\/u><\/p>\n<\/td>\n<td style=\"width: 151.0px;\">\n<p style=\"text-align: center;\"><u><span style=\"color: #00b050;\"><em><strong><span style=\"font-size: 22.0px;\"><span style=\"font-family: comic sans ms;\">63<\/span><\/span><\/strong><\/em><\/span><\/u><\/p>\n<\/td>\n<\/tr>\n<\/tbody>\n<\/table>\n<p style=\"text-align: center;\"><img decoding=\"async\" title=\"\u00a1Novedad de 2020! Chaqueta t\u00e1ctica militar impermeable a prueba de viento, prendas de vestir US Army, chaqueta rompevientos ligera de nailon transpirable, chaqueta masculina\" src=\"https:\/\/bodegaoutdoor.cl\/store\/wp-content\/uploads\/2020\/09\/18504-ean574.jpg\" alt=\"\u00a1Novedad de 2020! Chaqueta t\u00e1ctica militar impermeable a prueba de viento, prendas de vestir US Army, chaqueta rompevientos ligera de nailon transpirable, chaqueta masculina\" \/><img decoding=\"async\" title=\"\u00a1Novedad de 2020! Chaqueta t\u00e1ctica militar impermeable a prueba de viento, prendas de vestir US Army, chaqueta rompevientos ligera de nailon transpirable, chaqueta masculina\" src=\"https:\/\/bodegaoutdoor.cl\/store\/wp-content\/uploads\/2020\/09\/18504-6sehmf.jpg\" alt=\"\u00a1Novedad de 2020! Chaqueta t\u00e1ctica militar impermeable a prueba de viento, prendas de vestir US Army, chaqueta rompevientos ligera de nailon transpirable, chaqueta masculina\" \/><img decoding=\"async\" title=\"\u00a1Novedad de 2020! Chaqueta t\u00e1ctica militar impermeable a prueba de viento, prendas de vestir US Army, chaqueta rompevientos ligera de nailon transpirable, chaqueta masculina\" src=\"https:\/\/bodegaoutdoor.cl\/store\/wp-content\/uploads\/2020\/09\/18504-g3r4bc.jpg\" alt=\"\u00a1Novedad de 2020! Chaqueta t\u00e1ctica militar impermeable a prueba de viento, prendas de vestir US Army, chaqueta rompevientos ligera de nailon transpirable, chaqueta masculina\" \/><img decoding=\"async\" title=\"\u00a1Novedad de 2020! Chaqueta t\u00e1ctica militar impermeable a prueba de viento, prendas de vestir US Army, chaqueta rompevientos ligera de nailon transpirable, chaqueta masculina\" src=\"https:\/\/bodegaoutdoor.cl\/store\/wp-content\/uploads\/2020\/09\/18504-5p9fep.jpg\" alt=\"\u00a1Novedad de 2020! Chaqueta t\u00e1ctica militar impermeable a prueba de viento, prendas de vestir US Army, chaqueta rompevientos ligera de nailon transpirable, chaqueta masculina\" \/><img decoding=\"async\" title=\"\u00a1Novedad de 2020! Chaqueta t\u00e1ctica militar impermeable a prueba de viento, prendas de vestir US Army, chaqueta rompevientos ligera de nailon transpirable, chaqueta masculina\" src=\"https:\/\/bodegaoutdoor.cl\/store\/wp-content\/uploads\/2020\/09\/18504-vikryk.jpg\" alt=\"\u00a1Novedad de 2020! Chaqueta t\u00e1ctica militar impermeable a prueba de viento, prendas de vestir US Army, chaqueta rompevientos ligera de nailon transpirable, chaqueta masculina\" \/><img decoding=\"async\" title=\"\u00a1Novedad de 2020! Chaqueta t\u00e1ctica militar impermeable a prueba de viento, prendas de vestir US Army, chaqueta rompevientos ligera de nailon transpirable, chaqueta masculina\" src=\"https:\/\/bodegaoutdoor.cl\/store\/wp-content\/uploads\/2020\/09\/18504-d3axaq.jpg\" alt=\"\u00a1Novedad de 2020! Chaqueta t\u00e1ctica militar impermeable a prueba de viento, prendas de vestir US Army, chaqueta rompevientos ligera de nailon transpirable, chaqueta masculina\" \/><img decoding=\"async\" title=\"\u00a1Novedad de 2020! Chaqueta t\u00e1ctica militar impermeable a prueba de viento, prendas de vestir US Army, chaqueta rompevientos ligera de nailon transpirable, chaqueta masculina\" src=\"https:\/\/bodegaoutdoor.cl\/store\/wp-content\/uploads\/2020\/09\/18504-k3nahp.jpg\" alt=\"\u00a1Novedad de 2020! Chaqueta t\u00e1ctica militar impermeable a prueba de viento, prendas de vestir US Army, chaqueta rompevientos ligera de nailon transpirable, chaqueta masculina\" \/><img decoding=\"async\" title=\"\u00a1Novedad de 2020! Chaqueta t\u00e1ctica militar impermeable a prueba de viento, prendas de vestir US Army, chaqueta rompevientos ligera de nailon transpirable, chaqueta masculina\" src=\"https:\/\/bodegaoutdoor.cl\/store\/wp-content\/uploads\/2020\/09\/18504-yxxhfd.jpg\" alt=\"\u00a1Novedad de 2020! Chaqueta t\u00e1ctica militar impermeable a prueba de viento, prendas de vestir US Army, chaqueta rompevientos ligera de nailon transpirable, chaqueta masculina\" \/><\/p>\n<p style=\"text-align: center;\"><img decoding=\"async\" title=\"\u00a1Novedad de 2020! Chaqueta t\u00e1ctica militar impermeable a prueba de viento, prendas de vestir US Army, chaqueta rompevientos ligera de nailon transpirable, chaqueta masculina\" src=\"https:\/\/bodegaoutdoor.cl\/store\/wp-content\/uploads\/2020\/09\/18504-8y0e4c.jpg\" alt=\"\u00a1Novedad de 2020! Chaqueta t\u00e1ctica militar impermeable a prueba de viento, prendas de vestir US Army, chaqueta rompevientos ligera de nailon transpirable, chaqueta masculina\" \/><img decoding=\"async\" title=\"\u00a1Novedad de 2020! Chaqueta t\u00e1ctica militar impermeable a prueba de viento, prendas de vestir US Army, chaqueta rompevientos ligera de nailon transpirable, chaqueta masculina\" src=\"https:\/\/bodegaoutdoor.cl\/store\/wp-content\/uploads\/2020\/09\/18504-v6ecpn.jpg\" alt=\"\u00a1Novedad de 2020! Chaqueta t\u00e1ctica militar impermeable a prueba de viento, prendas de vestir US Army, chaqueta rompevientos ligera de nailon transpirable, chaqueta masculina\" \/><img decoding=\"async\" title=\"\u00a1Novedad de 2020! Chaqueta t\u00e1ctica militar impermeable a prueba de viento, prendas de vestir US Army, chaqueta rompevientos ligera de nailon transpirable, chaqueta masculina\" src=\"https:\/\/bodegaoutdoor.cl\/store\/wp-content\/uploads\/2020\/09\/18504-wawduu.jpg\" alt=\"\u00a1Novedad de 2020! Chaqueta t\u00e1ctica militar impermeable a prueba de viento, prendas de vestir US Army, chaqueta rompevientos ligera de nailon transpirable, chaqueta masculina\" \/><\/p>\n<p style=\"font-size: 0.0px; color: #ecf0c1; text-align: center;\">Dianxiaobao_4<\/p>\n<p style=\"font-size: 0.0px; color: #ecf0c1;\">Dianxiaobao_3<\/p>\n<div style=\"font-size: 0.0px; clear: both; margin: 0.0px auto;\"><\/div>\n<p style=\"font-size: 0.0px; color: #ecf0c1;\">Dianxiaobao_4<\/p>\n\n    <div class=\"xs_social_share_widget xs_share_url after_content \t\tmain_content  wslu-style-1 wslu-share-box-shaped wslu-fill-colored wslu-none wslu-share-horizontal wslu-theme-font-no wslu-main_content\">\n\n\t\t\n        <ul>\n\t\t\t        <\/ul>\n    <\/div> \n","protected":false},"excerpt":{"rendered":"<p>Tenga en cuenta que puede haber una ligera diferencia de color debido a la luz y la pantalla. Nuestra talla es la talla asi\u00e1tica. Nota: hay una diferencia de 2-3% seg\u00fan la medici\u00f3n manual. Comprueba cuidadosamente la Tabla de Medidas antes de comprar el art\u00edculo. El color del art\u00edculo que se muestra en las fotos [&hellip;]<\/p>\n","protected":false},"featured_media":18535,"comment_status":"open","ping_status":"closed","template":"","meta":{"jetpack_publicize_message":"","jetpack_publicize_feature_enabled":true,"jetpack_social_post_already_shared":true,"jetpack_social_options":{"image_generator_settings":{"template":"highway","enabled":false},"version":2}},"product_brand":[],"product_cat":[73,62],"product_tag":[],"class_list":{"0":"post-18504","1":"product","2":"type-product","3":"status-publish","4":"has-post-thumbnail","6":"product_cat-hombre-tercera","7":"product_cat-vestuario-hombre","9":"first","10":"instock","11":"sale","12":"taxable","13":"shipping-taxable","14":"purchasable","15":"product-type-variable"},"jetpack_publicize_connections":[],"jetpack_sharing_enabled":true,"_links":{"self":[{"href":"https:\/\/bodegaoutdoor.cl\/store\/wp-json\/wp\/v2\/product\/18504","targetHints":{"allow":["GET"]}}],"collection":[{"href":"https:\/\/bodegaoutdoor.cl\/store\/wp-json\/wp\/v2\/product"}],"about":[{"href":"https:\/\/bodegaoutdoor.cl\/store\/wp-json\/wp\/v2\/types\/product"}],"replies":[{"embeddable":true,"href":"https:\/\/bodegaoutdoor.cl\/store\/wp-json\/wp\/v2\/comments?post=18504"}],"version-history":[{"count":2,"href":"https:\/\/bodegaoutdoor.cl\/store\/wp-json\/wp\/v2\/product\/18504\/revisions"}],"predecessor-version":[{"id":71187,"href":"https:\/\/bodegaoutdoor.cl\/store\/wp-json\/wp\/v2\/product\/18504\/revisions\/71187"}],"wp:featuredmedia":[{"embeddable":true,"href":"https:\/\/bodegaoutdoor.cl\/store\/wp-json\/wp\/v2\/media\/18535"}],"wp:attachment":[{"href":"https:\/\/bodegaoutdoor.cl\/store\/wp-json\/wp\/v2\/media?parent=18504"}],"wp:term":[{"taxonomy":"product_brand","embeddable":true,"href":"https:\/\/bodegaoutdoor.cl\/store\/wp-json\/wp\/v2\/product_brand?post=18504"},{"taxonomy":"product_cat","embeddable":true,"href":"https:\/\/bodegaoutdoor.cl\/store\/wp-json\/wp\/v2\/product_cat?post=18504"},{"taxonomy":"product_tag","embeddable":true,"href":"https:\/\/bodegaoutdoor.cl\/store\/wp-json\/wp\/v2\/product_tag?post=18504"}],"curies":[{"name":"wp","href":"https:\/\/api.w.org\/{rel}","templated":true}]}}