{"id":19036,"date":"2020-10-06T22:40:19","date_gmt":"2020-10-06T22:40:19","guid":{"rendered":"https:\/\/bodegaoutdoor.cl\/store\/product\/wolfonroad-1-4-camisas-de-combate-tactico-militar-de-manga-larga-con-cremallera-camisa-de-ejercito-de-caza-para-hombre-camisetas-de-safari-camisetas-de-entrenamiento-para-hombre\/"},"modified":"2023-11-30T10:41:22","modified_gmt":"2023-11-30T13:41:22","slug":"camisas-de-combate-tactico-militar-de-manga-larga-con-cremallera-caza-entrenamiento-para-hombre","status":"publish","type":"product","link":"https:\/\/bodegaoutdoor.cl\/store\/product\/camisas-de-combate-tactico-militar-de-manga-larga-con-cremallera-caza-entrenamiento-para-hombre\/","title":{"rendered":"Camisas de combate t\u00e1ctico militar de manga larga con cremallera, caza  entrenamiento para hombre"},"content":{"rendered":"<div><img decoding=\"async\" title=\"WOLFONROAD 1\/4, camisas de combate t\u00e1ctico militar de manga larga con cremallera, camisa de ej\u00e9rcito de caza para hombre, camisetas de Safari, camisetas de entrenamiento para hombre\" src=\"https:\/\/bodegaoutdoor.cl\/store\/wp-content\/uploads\/2020\/10\/19036-lxujfj.jpg\" alt=\"WOLFONROAD 1\/4, camisas de combate t\u00e1ctico militar de manga larga con cremallera, camisa de ej\u00e9rcito de caza para hombre, camisetas de Safari, camisetas de entrenamiento para hombre\" \/><\/div>\n<div>\n<p style=\"font-family: 'OpenSans'; color: #000; font-weight: 900; font-size: 20px; line-height: 28px; margin-bottom: 12px;\">Lista de paquetes:<\/p>\n<p style=\"font-family: 'OpenSans'; color: #000; font-weight: 300; font-size: 14px; line-height: 20px; margin-bottom: 12px;\">1 camisa t\u00e1ctica de manga larga para hombre (sin otro accesorio)<\/p>\n<\/div>\n<div><img decoding=\"async\" title=\"WOLFONROAD 1\/4, camisas de combate t\u00e1ctico militar de manga larga con cremallera, camisa de ej\u00e9rcito de caza para hombre, camisetas de Safari, camisetas de entrenamiento para hombre\" src=\"https:\/\/bodegaoutdoor.cl\/store\/wp-content\/uploads\/2020\/10\/19036-vcuevh.jpg\" alt=\"WOLFONROAD 1\/4, camisas de combate t\u00e1ctico militar de manga larga con cremallera, camisa de ej\u00e9rcito de caza para hombre, camisetas de Safari, camisetas de entrenamiento para hombre\" \/><\/div>\n<div>\n<p style=\"font-family: 'OpenSans'; color: #000; font-weight: 900; font-size: 20px; line-height: 28px; margin-bottom: 12px;\">Atenci\u00f3n:<\/p>\n<p style=\"font-family: 'OpenSans'; color: #000; font-weight: 300; font-size: 14px; line-height: 20px; margin-bottom: 12px;\">1. El tama\u00f1o de la etiqueta era el tama\u00f1o CN, que difer\u00eda del tama\u00f1o local<\/p>\n<p>2. Compra al menos 2 tallas m\u00e1s grandes que tu normal<\/p>\n<p>3. Las medidas en la tabla de tallas pueden tener errores de 3-4 cm, ya que se han hecho a mano<\/p>\n<p>4. Esta camisa es de dise\u00f1o slim fit, si te gusta un ajuste suelto, sube una talla de la recomendada.<\/p>\n<p><img decoding=\"async\" title=\"WOLFONROAD 1\/4, camisas de combate t\u00e1ctico militar de manga larga con cremallera, camisa de ej\u00e9rcito de caza para hombre, camisetas de Safari, camisetas de entrenamiento para hombre\" src=\"https:\/\/bodegaoutdoor.cl\/store\/wp-content\/uploads\/2020\/10\/19036-rkwq9f.jpg\" alt=\"WOLFONROAD 1\/4, camisas de combate t\u00e1ctico militar de manga larga con cremallera, camisa de ej\u00e9rcito de caza para hombre, camisetas de Safari, camisetas de entrenamiento para hombre\" \/><\/p>\n<\/div>\n<div><img decoding=\"async\" style=\"margin-bottom: 10px;\" title=\"WOLFONROAD 1\/4, camisas de combate t\u00e1ctico militar de manga larga con cremallera, camisa de ej\u00e9rcito de caza para hombre, camisetas de Safari, camisetas de entrenamiento para hombre\" src=\"https:\/\/bodegaoutdoor.cl\/store\/wp-content\/uploads\/2020\/10\/19036-wfhusz.jpg\" alt=\"WOLFONROAD 1\/4, camisas de combate t\u00e1ctico militar de manga larga con cremallera, camisa de ej\u00e9rcito de caza para hombre, camisetas de Safari, camisetas de entrenamiento para hombre\" \/><img decoding=\"async\" style=\"margin-bottom: 10px;\" title=\"WOLFONROAD 1\/4, camisas de combate t\u00e1ctico militar de manga larga con cremallera, camisa de ej\u00e9rcito de caza para hombre, camisetas de Safari, camisetas de entrenamiento para hombre\" src=\"https:\/\/bodegaoutdoor.cl\/store\/wp-content\/uploads\/2020\/10\/19036-ji0ijs.jpg\" alt=\"WOLFONROAD 1\/4, camisas de combate t\u00e1ctico militar de manga larga con cremallera, camisa de ej\u00e9rcito de caza para hombre, camisetas de Safari, camisetas de entrenamiento para hombre\" \/><img decoding=\"async\" style=\"margin-bottom: 10px;\" title=\"WOLFONROAD 1\/4, camisas de combate t\u00e1ctico militar de manga larga con cremallera, camisa de ej\u00e9rcito de caza para hombre, camisetas de Safari, camisetas de entrenamiento para hombre\" src=\"https:\/\/bodegaoutdoor.cl\/store\/wp-content\/uploads\/2020\/10\/19036-qvusjx.jpg\" alt=\"WOLFONROAD 1\/4, camisas de combate t\u00e1ctico militar de manga larga con cremallera, camisa de ej\u00e9rcito de caza para hombre, camisetas de Safari, camisetas de entrenamiento para hombre\" \/><\/div>\n<div><img decoding=\"async\" title=\"WOLFONROAD 1\/4, camisas de combate t\u00e1ctico militar de manga larga con cremallera, camisa de ej\u00e9rcito de caza para hombre, camisetas de Safari, camisetas de entrenamiento para hombre\" src=\"https:\/\/bodegaoutdoor.cl\/store\/wp-content\/uploads\/2020\/10\/19036-r59skl.jpg\" alt=\"WOLFONROAD 1\/4, camisas de combate t\u00e1ctico militar de manga larga con cremallera, camisa de ej\u00e9rcito de caza para hombre, camisetas de Safari, camisetas de entrenamiento para hombre\" \/><\/div>\n<div><img decoding=\"async\" style=\"margin-bottom: 10px;\" title=\"WOLFONROAD 1\/4, camisas de combate t\u00e1ctico militar de manga larga con cremallera, camisa de ej\u00e9rcito de caza para hombre, camisetas de Safari, camisetas de entrenamiento para hombre\" src=\"https:\/\/bodegaoutdoor.cl\/store\/wp-content\/uploads\/2020\/10\/19036-i0u0vz.jpg\" alt=\"WOLFONROAD 1\/4, camisas de combate t\u00e1ctico militar de manga larga con cremallera, camisa de ej\u00e9rcito de caza para hombre, camisetas de Safari, camisetas de entrenamiento para hombre\" \/><img decoding=\"async\" style=\"margin-bottom: 10px;\" title=\"WOLFONROAD 1\/4, camisas de combate t\u00e1ctico militar de manga larga con cremallera, camisa de ej\u00e9rcito de caza para hombre, camisetas de Safari, camisetas de entrenamiento para hombre\" src=\"https:\/\/bodegaoutdoor.cl\/store\/wp-content\/uploads\/2020\/10\/19036-96sohl.jpg\" alt=\"WOLFONROAD 1\/4, camisas de combate t\u00e1ctico militar de manga larga con cremallera, camisa de ej\u00e9rcito de caza para hombre, camisetas de Safari, camisetas de entrenamiento para hombre\" \/><img decoding=\"async\" style=\"margin-bottom: 10px;\" title=\"WOLFONROAD 1\/4, camisas de combate t\u00e1ctico militar de manga larga con cremallera, camisa de ej\u00e9rcito de caza para hombre, camisetas de Safari, camisetas de entrenamiento para hombre\" src=\"https:\/\/bodegaoutdoor.cl\/store\/wp-content\/uploads\/2020\/10\/19036-fbi5zl.jpg\" alt=\"WOLFONROAD 1\/4, camisas de combate t\u00e1ctico militar de manga larga con cremallera, camisa de ej\u00e9rcito de caza para hombre, camisetas de Safari, camisetas de entrenamiento para hombre\" \/><\/div>\n<div><\/div>\n<div><\/div>\n\n    <div class=\"xs_social_share_widget xs_share_url after_content \t\tmain_content  wslu-style-1 wslu-share-box-shaped wslu-fill-colored wslu-none wslu-share-horizontal wslu-theme-font-no wslu-main_content\">\n\n\t\t\n        <ul>\n\t\t\t        <\/ul>\n    <\/div> \n","protected":false},"excerpt":{"rendered":"<p><span style=\"color: #ff0000;\"><strong>PRECIO POR MAYOR (No incluye Despacho)<\/strong><\/span><\/p>\n<p><span style=\"color: #ff0000;\"><strong>$19.990 ( 10 o m\u00e1s)<\/strong><\/span><\/p>\n","protected":false},"featured_media":19142,"comment_status":"open","ping_status":"closed","template":"","meta":{"jetpack_publicize_message":"","jetpack_publicize_feature_enabled":true,"jetpack_social_post_already_shared":true,"jetpack_social_options":{"image_generator_settings":{"template":"highway","enabled":false},"version":2}},"product_brand":[],"product_cat":[487,575,1436,62],"product_tag":[],"class_list":{"0":"post-19036","1":"product","2":"type-product","3":"status-publish","4":"has-post-thumbnail","6":"product_cat-airsoft","7":"product_cat-camisas-hombre","8":"product_cat-poleras-camisas","9":"product_cat-vestuario-hombre","11":"first","12":"instock","13":"sale","14":"taxable","15":"shipping-taxable","16":"purchasable","17":"product-type-variable"},"jetpack_publicize_connections":[],"jetpack_sharing_enabled":true,"_links":{"self":[{"href":"https:\/\/bodegaoutdoor.cl\/store\/wp-json\/wp\/v2\/product\/19036","targetHints":{"allow":["GET"]}}],"collection":[{"href":"https:\/\/bodegaoutdoor.cl\/store\/wp-json\/wp\/v2\/product"}],"about":[{"href":"https:\/\/bodegaoutdoor.cl\/store\/wp-json\/wp\/v2\/types\/product"}],"replies":[{"embeddable":true,"href":"https:\/\/bodegaoutdoor.cl\/store\/wp-json\/wp\/v2\/comments?post=19036"}],"version-history":[{"count":3,"href":"https:\/\/bodegaoutdoor.cl\/store\/wp-json\/wp\/v2\/product\/19036\/revisions"}],"predecessor-version":[{"id":80676,"href":"https:\/\/bodegaoutdoor.cl\/store\/wp-json\/wp\/v2\/product\/19036\/revisions\/80676"}],"wp:featuredmedia":[{"embeddable":true,"href":"https:\/\/bodegaoutdoor.cl\/store\/wp-json\/wp\/v2\/media\/19142"}],"wp:attachment":[{"href":"https:\/\/bodegaoutdoor.cl\/store\/wp-json\/wp\/v2\/media?parent=19036"}],"wp:term":[{"taxonomy":"product_brand","embeddable":true,"href":"https:\/\/bodegaoutdoor.cl\/store\/wp-json\/wp\/v2\/product_brand?post=19036"},{"taxonomy":"product_cat","embeddable":true,"href":"https:\/\/bodegaoutdoor.cl\/store\/wp-json\/wp\/v2\/product_cat?post=19036"},{"taxonomy":"product_tag","embeddable":true,"href":"https:\/\/bodegaoutdoor.cl\/store\/wp-json\/wp\/v2\/product_tag?post=19036"}],"curies":[{"name":"wp","href":"https:\/\/api.w.org\/{rel}","templated":true}]}}