{"id":19396,"date":"2020-10-07T02:21:58","date_gmt":"2020-10-07T02:21:58","guid":{"rendered":"https:\/\/bodegaoutdoor.cl\/store\/product\/tactics-acog-1x32-mira-telescopica-de-punto-rojo-tactical-mira-telescopica-de-punto-rojo-mira-telescopica-de-punto-rojo-con-montura-de-20mm\/"},"modified":"2023-05-04T19:19:17","modified_gmt":"2023-05-04T23:19:17","slug":"mira-telescopica-tactica-acog-1x32-de-punto-de-20mm","status":"publish","type":"product","link":"https:\/\/bodegaoutdoor.cl\/store\/product\/mira-telescopica-tactica-acog-1x32-de-punto-de-20mm\/","title":{"rendered":"Mira telesc\u00f3pica Tactica ACOG 1X32 de punto de 20mm"},"content":{"rendered":"<div>\n<div><\/div>\n<div><img decoding=\"async\" title=\"Tactics ACOG 1X32 mira telesc\u00f3pica de punto rojo Tactical, mira telesc\u00f3pica de punto rojo, mira telesc\u00f3pica de punto rojo con montura de 20mm\" src=\"https:\/\/bodegaoutdoor.cl\/store\/wp-content\/uploads\/2020\/10\/19396-xn5mks.jpg\" alt=\"Tactics ACOG 1X32 mira telesc\u00f3pica de punto rojo Tactical, mira telesc\u00f3pica de punto rojo, mira telesc\u00f3pica de punto rojo con montura de 20mm\" \/><img decoding=\"async\" style=\"margin-bottom: 10px;\" title=\"Tactics ACOG 1X32 mira telesc\u00f3pica de punto rojo Tactical, mira telesc\u00f3pica de punto rojo, mira telesc\u00f3pica de punto rojo con montura de 20mm\" src=\"https:\/\/bodegaoutdoor.cl\/store\/wp-content\/uploads\/2020\/10\/19396-wyb0ka.jpg\" alt=\"Tactics ACOG 1X32 mira telesc\u00f3pica de punto rojo Tactical, mira telesc\u00f3pica de punto rojo, mira telesc\u00f3pica de punto rojo con montura de 20mm\" \/><\/div>\n<div><img decoding=\"async\" title=\"Tactics ACOG 1X32 mira telesc\u00f3pica de punto rojo Tactical, mira telesc\u00f3pica de punto rojo, mira telesc\u00f3pica de punto rojo con montura de 20mm\" src=\"https:\/\/bodegaoutdoor.cl\/store\/wp-content\/uploads\/2020\/10\/19396-k34gwo.jpg\" alt=\"Tactics ACOG 1X32 mira telesc\u00f3pica de punto rojo Tactical, mira telesc\u00f3pica de punto rojo, mira telesc\u00f3pica de punto rojo con montura de 20mm\" \/><img decoding=\"async\" title=\"Tactics ACOG 1X32 mira telesc\u00f3pica de punto rojo Tactical, mira telesc\u00f3pica de punto rojo, mira telesc\u00f3pica de punto rojo con montura de 20mm\" src=\"https:\/\/bodegaoutdoor.cl\/store\/wp-content\/uploads\/2020\/10\/19396-yp4wqp.jpg\" alt=\"Tactics ACOG 1X32 mira telesc\u00f3pica de punto rojo Tactical, mira telesc\u00f3pica de punto rojo, mira telesc\u00f3pica de punto rojo con montura de 20mm\" \/><img decoding=\"async\" title=\"Tactics ACOG 1X32 mira telesc\u00f3pica de punto rojo Tactical, mira telesc\u00f3pica de punto rojo, mira telesc\u00f3pica de punto rojo con montura de 20mm\" src=\"https:\/\/bodegaoutdoor.cl\/store\/wp-content\/uploads\/2020\/10\/19396-cqgsku.jpg\" alt=\"Tactics ACOG 1X32 mira telesc\u00f3pica de punto rojo Tactical, mira telesc\u00f3pica de punto rojo, mira telesc\u00f3pica de punto rojo con montura de 20mm\" \/><img decoding=\"async\" title=\"Tactics ACOG 1X32 mira telesc\u00f3pica de punto rojo Tactical, mira telesc\u00f3pica de punto rojo, mira telesc\u00f3pica de punto rojo con montura de 20mm\" src=\"https:\/\/bodegaoutdoor.cl\/store\/wp-content\/uploads\/2020\/10\/19396-n1vj9n.jpg\" alt=\"Tactics ACOG 1X32 mira telesc\u00f3pica de punto rojo Tactical, mira telesc\u00f3pica de punto rojo, mira telesc\u00f3pica de punto rojo con montura de 20mm\" \/><img decoding=\"async\" title=\"Tactics ACOG 1X32 mira telesc\u00f3pica de punto rojo Tactical, mira telesc\u00f3pica de punto rojo, mira telesc\u00f3pica de punto rojo con montura de 20mm\" src=\"https:\/\/bodegaoutdoor.cl\/store\/wp-content\/uploads\/2020\/10\/19396-bwhoj9.jpg\" alt=\"Tactics ACOG 1X32 mira telesc\u00f3pica de punto rojo Tactical, mira telesc\u00f3pica de punto rojo, mira telesc\u00f3pica de punto rojo con montura de 20mm\" \/><img decoding=\"async\" title=\"Tactics ACOG 1X32 mira telesc\u00f3pica de punto rojo Tactical, mira telesc\u00f3pica de punto rojo, mira telesc\u00f3pica de punto rojo con montura de 20mm\" src=\"https:\/\/bodegaoutdoor.cl\/store\/wp-content\/uploads\/2020\/10\/19396-unbdiy.jpg\" alt=\"Tactics ACOG 1X32 mira telesc\u00f3pica de punto rojo Tactical, mira telesc\u00f3pica de punto rojo, mira telesc\u00f3pica de punto rojo con montura de 20mm\" \/><img decoding=\"async\" title=\"Tactics ACOG 1X32 mira telesc\u00f3pica de punto rojo Tactical, mira telesc\u00f3pica de punto rojo, mira telesc\u00f3pica de punto rojo con montura de 20mm\" src=\"https:\/\/bodegaoutdoor.cl\/store\/wp-content\/uploads\/2020\/10\/19396-g9buy4.jpg\" alt=\"Tactics ACOG 1X32 mira telesc\u00f3pica de punto rojo Tactical, mira telesc\u00f3pica de punto rojo, mira telesc\u00f3pica de punto rojo con montura de 20mm\" \/><img decoding=\"async\" title=\"Tactics ACOG 1X32 mira telesc\u00f3pica de punto rojo Tactical, mira telesc\u00f3pica de punto rojo, mira telesc\u00f3pica de punto rojo con montura de 20mm\" src=\"https:\/\/bodegaoutdoor.cl\/store\/wp-content\/uploads\/2020\/10\/19396-wielfk.jpg\" alt=\"Tactics ACOG 1X32 mira telesc\u00f3pica de punto rojo Tactical, mira telesc\u00f3pica de punto rojo, mira telesc\u00f3pica de punto rojo con montura de 20mm\" \/><img decoding=\"async\" title=\"Tactics ACOG 1X32 mira telesc\u00f3pica de punto rojo Tactical, mira telesc\u00f3pica de punto rojo, mira telesc\u00f3pica de punto rojo con montura de 20mm\" src=\"https:\/\/bodegaoutdoor.cl\/store\/wp-content\/uploads\/2020\/10\/19396-ypusph.jpg\" alt=\"Tactics ACOG 1X32 mira telesc\u00f3pica de punto rojo Tactical, mira telesc\u00f3pica de punto rojo, mira telesc\u00f3pica de punto rojo con montura de 20mm\" \/><img decoding=\"async\" title=\"Tactics ACOG 1X32 mira telesc\u00f3pica de punto rojo Tactical, mira telesc\u00f3pica de punto rojo, mira telesc\u00f3pica de punto rojo con montura de 20mm\" src=\"https:\/\/bodegaoutdoor.cl\/store\/wp-content\/uploads\/2020\/10\/19396-bawjft.jpg\" alt=\"Tactics ACOG 1X32 mira telesc\u00f3pica de punto rojo Tactical, mira telesc\u00f3pica de punto rojo, mira telesc\u00f3pica de punto rojo con montura de 20mm\" \/><\/div>\n<div><\/div>\n<\/div>\n\n    <div class=\"xs_social_share_widget xs_share_url after_content \t\tmain_content  wslu-style-1 wslu-share-box-shaped wslu-fill-colored wslu-none wslu-share-horizontal wslu-theme-font-no wslu-main_content\">\n\n\t\t\n        <ul>\n\t\t\t        <\/ul>\n    <\/div> \n","protected":false},"excerpt":{"rendered":"","protected":false},"featured_media":19403,"comment_status":"open","ping_status":"closed","template":"","meta":{"jetpack_publicize_message":"","jetpack_publicize_feature_enabled":true,"jetpack_social_post_already_shared":true,"jetpack_social_options":{"image_generator_settings":{"template":"highway","enabled":false},"version":2}},"product_brand":[],"product_cat":[15,64,487],"product_tag":[],"class_list":{"0":"post-19396","1":"product","2":"type-product","3":"status-publish","4":"has-post-thumbnail","6":"product_cat-otros","7":"product_cat-accessories","8":"product_cat-airsoft","10":"first","11":"instock","12":"sale","13":"taxable","14":"shipping-taxable","15":"purchasable","16":"product-type-variable"},"jetpack_publicize_connections":[],"jetpack_sharing_enabled":true,"_links":{"self":[{"href":"https:\/\/bodegaoutdoor.cl\/store\/wp-json\/wp\/v2\/product\/19396","targetHints":{"allow":["GET"]}}],"collection":[{"href":"https:\/\/bodegaoutdoor.cl\/store\/wp-json\/wp\/v2\/product"}],"about":[{"href":"https:\/\/bodegaoutdoor.cl\/store\/wp-json\/wp\/v2\/types\/product"}],"replies":[{"embeddable":true,"href":"https:\/\/bodegaoutdoor.cl\/store\/wp-json\/wp\/v2\/comments?post=19396"}],"version-history":[{"count":1,"href":"https:\/\/bodegaoutdoor.cl\/store\/wp-json\/wp\/v2\/product\/19396\/revisions"}],"predecessor-version":[{"id":71181,"href":"https:\/\/bodegaoutdoor.cl\/store\/wp-json\/wp\/v2\/product\/19396\/revisions\/71181"}],"wp:featuredmedia":[{"embeddable":true,"href":"https:\/\/bodegaoutdoor.cl\/store\/wp-json\/wp\/v2\/media\/19403"}],"wp:attachment":[{"href":"https:\/\/bodegaoutdoor.cl\/store\/wp-json\/wp\/v2\/media?parent=19396"}],"wp:term":[{"taxonomy":"product_brand","embeddable":true,"href":"https:\/\/bodegaoutdoor.cl\/store\/wp-json\/wp\/v2\/product_brand?post=19396"},{"taxonomy":"product_cat","embeddable":true,"href":"https:\/\/bodegaoutdoor.cl\/store\/wp-json\/wp\/v2\/product_cat?post=19396"},{"taxonomy":"product_tag","embeddable":true,"href":"https:\/\/bodegaoutdoor.cl\/store\/wp-json\/wp\/v2\/product_tag?post=19396"}],"curies":[{"name":"wp","href":"https:\/\/api.w.org\/{rel}","templated":true}]}}