{"id":19509,"date":"2020-10-07T03:36:52","date_gmt":"2020-10-07T03:36:52","guid":{"rendered":"https:\/\/bodegaoutdoor.cl\/store\/product\/ppt-tactico-de-color-negro-airsoft-pistola-de-caza-g17-funda-para-hs7-0058-de-caza-al-aire-libre\/"},"modified":"2023-05-04T19:19:17","modified_gmt":"2023-05-04T23:19:17","slug":"ppt-tactico-de-color-negro-airsoft-pistola-de-caza-g17-funda-para-hs7-0058-de-caza-al-aire-libre","status":"publish","type":"product","link":"https:\/\/bodegaoutdoor.cl\/store\/product\/ppt-tactico-de-color-negro-airsoft-pistola-de-caza-g17-funda-para-hs7-0058-de-caza-al-aire-libre\/","title":{"rendered":"Ppt t\u00e1ctico de Color negro Airsoft pistola de caza G17 funda para HS7-0058 de caza"},"content":{"rendered":"<p style=\"text-align: center;\"><img decoding=\"async\" title=\"Ppt t\u00e1ctico de Color negro Airsoft pistola de caza G17 funda para HS7-0058 de caza al aire libre\" src=\"https:\/\/bodegaoutdoor.cl\/store\/wp-content\/uploads\/2020\/10\/19509-w5nrhl.jpg\" alt=\"Ppt t\u00e1ctico de Color negro Airsoft pistola de caza G17 funda para HS7-0058 de caza al aire libre\" width=\"950\" height=\"40\" \/><\/p>\n<p style=\"text-align: center;\"><strong><span style=\"font-size: 24px;\">Pistola t\u00e1ctica de Color negro Airsoft caza G17 funda para CL7-0058 de caza al aire libre<\/span><\/strong><\/p>\n<p><span style=\"font-size: 18px;\"><strong>Color: Negro<\/strong><\/span><\/p>\n<p><img decoding=\"async\" title=\"Ppt t\u00e1ctico de Color negro Airsoft pistola de caza G17 funda para HS7-0058 de caza al aire libre\" src=\"https:\/\/bodegaoutdoor.cl\/store\/wp-content\/uploads\/2020\/10\/19509-841e59.jpg\" alt=\"Ppt t\u00e1ctico de Color negro Airsoft pistola de caza G17 funda para HS7-0058 de caza al aire libre\" width=\"950\" height=\"40\" \/><\/p>\n<p style=\"text-align: center;\"><img decoding=\"async\" title=\"Ppt t\u00e1ctico de Color negro Airsoft pistola de caza G17 funda para HS7-0058 de caza al aire libre\" src=\"https:\/\/bodegaoutdoor.cl\/store\/wp-content\/uploads\/2020\/10\/19509-hvtcia.jpg\" alt=\"Ppt t\u00e1ctico de Color negro Airsoft pistola de caza G17 funda para HS7-0058 de caza al aire libre\" \/><img decoding=\"async\" title=\"Ppt t\u00e1ctico de Color negro Airsoft pistola de caza G17 funda para HS7-0058 de caza al aire libre\" src=\"https:\/\/bodegaoutdoor.cl\/store\/wp-content\/uploads\/2020\/10\/19509-9rt9pj.jpg\" alt=\"Ppt t\u00e1ctico de Color negro Airsoft pistola de caza G17 funda para HS7-0058 de caza al aire libre\" \/><img decoding=\"async\" title=\"Ppt t\u00e1ctico de Color negro Airsoft pistola de caza G17 funda para HS7-0058 de caza al aire libre\" src=\"https:\/\/bodegaoutdoor.cl\/store\/wp-content\/uploads\/2020\/10\/19509-zbxy9p.jpg\" alt=\"Ppt t\u00e1ctico de Color negro Airsoft pistola de caza G17 funda para HS7-0058 de caza al aire libre\" \/><img decoding=\"async\" title=\"Ppt t\u00e1ctico de Color negro Airsoft pistola de caza G17 funda para HS7-0058 de caza al aire libre\" src=\"https:\/\/bodegaoutdoor.cl\/store\/wp-content\/uploads\/2020\/10\/19509-n8hook.jpg\" alt=\"Ppt t\u00e1ctico de Color negro Airsoft pistola de caza G17 funda para HS7-0058 de caza al aire libre\" \/><img decoding=\"async\" title=\"Ppt t\u00e1ctico de Color negro Airsoft pistola de caza G17 funda para HS7-0058 de caza al aire libre\" src=\"https:\/\/bodegaoutdoor.cl\/store\/wp-content\/uploads\/2020\/10\/19509-uzonaq.jpg\" alt=\"Ppt t\u00e1ctico de Color negro Airsoft pistola de caza G17 funda para HS7-0058 de caza al aire libre\" \/><img decoding=\"async\" title=\"Ppt t\u00e1ctico de Color negro Airsoft pistola de caza G17 funda para HS7-0058 de caza al aire libre\" src=\"https:\/\/bodegaoutdoor.cl\/store\/wp-content\/uploads\/2020\/10\/19509-etcmhf.jpg\" alt=\"Ppt t\u00e1ctico de Color negro Airsoft pistola de caza G17 funda para HS7-0058 de caza al aire libre\" \/><\/p>\n<p style=\"text-align: center;\"><span style=\"font-size: 24px;\"><img decoding=\"async\" title=\"Ppt t\u00e1ctico de Color negro Airsoft pistola de caza G17 funda para HS7-0058 de caza al aire libre\" src=\"https:\/\/bodegaoutdoor.cl\/store\/wp-content\/uploads\/2020\/10\/19509-x3pkn7.jpg\" alt=\"Ppt t\u00e1ctico de Color negro Airsoft pistola de caza G17 funda para HS7-0058 de caza al aire libre\" width=\"950\" height=\"40\" \/><\/span><\/p>\n<p style=\"margin: 0px; padding: 0px; font-family: arial; text-align: center;\"><span style=\"line-height: 18px;\"><span style=\"line-height: 27px; font-size: 18px;\"><strong>Env\u00edo<\/strong><\/span><\/span><\/p>\n<p style=\"margin: 0px 18pt 0px 0px; padding: 0px; font-family: arial;\"><span style=\"line-height: 21px; font-size: 14px;\">\u00b7 Debido a las normas de env\u00edo: todas las bater\u00edas de litio se eliminar\u00e1n antes del env\u00edo.<\/span><\/p>\n<p style=\"margin: 0px 18pt 0px 0px; padding: 0px; font-family: arial;\"><span style=\"line-height: 21px; font-size: 14px;\">\u00b7 El art\u00edculo se enviar\u00e1 dentro de las 48 horas posteriores a la recepci\u00f3n de un pago verificado y se mostrar\u00e1 el estado &#8220;completado&#8221;.<\/span><\/p>\n<p style=\"margin: 0px; padding: 0px; font-family: arial;\"><span style=\"line-height: 21px; font-size: 14px;\">\u00b7 Normalmente enviamos a Reino Unido, EE. UU., Australia por servicio de e-packet, otros pa\u00edses enviar\u00e1n por env\u00edo internacional est\u00e1ndar (DHL y EMS). Pero si el correo a\u00e9reo de China Post es aceptable para usted (tiempo de llegada: 15-50 d\u00edas laborables), lo utilizaremos de esta manera.<\/span><\/p>\n<p style=\"margin: 0px; padding: 0px; font-family: arial;\"><span style=\"line-height: 21px; font-size: 14px;\">\u00b7 El tiempo de entrega del servicio de env\u00edo internacional est\u00e1ndar y e-packet ser\u00e1 de aproximadamente 7-15 d\u00edas h\u00e1biles. (El tiempo de recepci\u00f3n puede ser inestable debido al tiempo de despacho de aduanas en diferentes pa\u00edses.)<\/span><\/p>\n<p style=\"margin: 0px; padding: 0px; font-family: arial;\"><span style=\"line-height: 21px; font-size: 14px;\">\u00b7 No nos hacemos responsables de ning\u00fan impuesto aduanero si es compatible en algunos pa\u00edses. (Enviamos por paquete internacional, los impuestos rara vez ocurrieron en algunos pa\u00edses).<\/span><\/p>\n<p style=\"margin: 0px 18pt 0px 0px; padding: 0px; font-family: arial;\"><span style=\"line-height: 21px; font-size: 14px;\">\u00b7 Este acuerdo de entrega excluye nuestro feriado p\u00fablico.<\/span><\/p>\n<p style=\"margin: 0px 18pt 0px 0px; padding: 0px; font-family: arial;\"><span style=\"line-height: 21px; font-size: 14px;\">\u00b7 Todos los art\u00edculos se enviar\u00e1n a la direcci\u00f3n indicada por el comprador solamente. Antes de pagar, aseg\u00farate de que la direcci\u00f3n en Aliexpress coincida con la direcci\u00f3n a la que quieres que te enviemos.<\/span><\/p>\n<p style=\"margin: 0px 18pt 0px 0px; padding: 0px; font-family: arial;\"><span style=\"line-height: 21px; font-size: 14px;\">\u00b7 Hacemos todo lo posible para proporcionarte el servicio de env\u00edo m\u00e1s fiable y asequible. Pero a veces la entrega internacional depende en gran medida de las aduanas locales y el Servicio de Correos. Si no recibes tu art\u00edculo a tiempo, cont\u00e1ctanos inmediatamente para obtener m\u00e1s ayuda. Seremos responsables de cualquier da\u00f1o o p\u00e9rdida incurridos en el proceso de env\u00edo.<\/span><\/p>\n<p style=\"margin: 0px 18pt 0px 0px; padding: 0px; font-family: arial;\"><span style=\"line-height: 21px; font-size: 14px;\">\u00b7 Si tu ciudad pertenece a un \u00e1rea remota, habr\u00e1 un env\u00edo por \u00e1rea remota de 33 $ con cargo adicional a trav\u00e9s de DHL.<\/span><\/p>\n<p style=\"margin: 0px; padding: 0px; font-family: arial; text-align: center;\"><span style=\"line-height: 18px;\"><span style=\"line-height: 27px; font-size: 18px;\"><strong>El pago<\/strong><\/span><\/span><\/p>\n<p style=\"margin: 0px 18pt 0px 0px; padding: 0px; font-family: arial;\"><span style=\"line-height: 21px; font-size: 14px;\">\u00b7 Todos los pagos deben completarse dentro de los 20 d\u00edas posteriores a la puja. De lo contrario, Aliexpress cancelar\u00e1 tu pedido autom\u00e1ticamente y Aliexpress te enviar\u00e1 el informe no pagado.<\/span><\/p>\n<p style=\"margin: 0px 18pt 0px 0px; padding: 0px; font-family: arial;\"><span style=\"line-height: 21px; font-size: 14px;\">\u00b7 Si necesita m\u00e1s tiempo, por favor d\u00edganos su tiempo esperado para su pago.<\/span><\/p>\n<p style=\"margin: 0px 18pt 0px 0px; padding: 0px; font-family: arial;\"><span style=\"line-height: 21px; font-size: 14px;\">\u00b7 Es r\u00e1pido y conveniente para procesar la transacci\u00f3n.<\/span><\/p>\n<p style=\"margin: 0px; padding: 0px; font-family: arial; text-align: center;\"><span style=\"line-height: 18px;\"><span style=\"line-height: 27px; font-size: 18px;\"><strong>P\u00f3ngase en contacto con nosotros<\/strong><\/span><\/span><\/p>\n<p style=\"margin: 0px 18pt 0px 0px; padding: 0px; font-family: arial;\"><span style=\"line-height: 21px; font-size: 14px;\">\u00b7 Trabajamos 5 d\u00edas (de lunes a viernes a las 8:30 AM-6:00 PM EST) a la semana. El Foro de valoraciones no es el lugar para dejarnos un mensaje.<\/span><\/p>\n<p style=\"margin: 0px 18pt 0px 0px; padding: 0px; font-family: arial;\"><span style=\"line-height: 21px; font-size: 14px;\">\u00b7 Se sabe que estos sistemas de correo electr\u00f3nico bloquean ocasionalmente los correos electr\u00f3nicos entrantes de vendedores de Aliexpress o Aliexpress.<\/span><\/p>\n<p style=\"margin: 0px; padding: 0px; font-family: arial; text-align: center;\"><span style=\"line-height: 18px;\"><span style=\"line-height: 27px; font-size: 18px;\"><strong>Devuelve<\/strong><\/span><\/span><\/p>\n<p style=\"margin: 0px 18pt 0px 0px; padding: 0px; font-family: arial;\"><span style=\"line-height: 21px; font-size: 14px;\">\u00b7 Las devoluciones son permitidas si no est\u00e1s satisfecho con tu compra y deben ser iniciadas por el Comprador dentro de los 10 d\u00edas posteriores a la recepci\u00f3n del paquete.<\/span><\/p>\n<p style=\"margin: 0px 18pt 0px 0px; padding: 0px; font-family: arial;\"><span style=\"line-height: 21px; font-size: 14px;\">\u00b7 Con el fin de ser elegible para un reembolso, su mercanc\u00eda devuelta debe estar en su condici\u00f3n original de menta sin abrir, como se env\u00eda, con todos los envases, manuales y papeles intactos e inalterados. Los art\u00edculos se eliminan de su embalaje de pantalla &#8220;bl\u00edster-paquete&#8221; no son reembolsables. El comprador debe pagar el env\u00edo de devoluci\u00f3n.<\/span><\/p>\n<p style=\"margin: 0px; padding: 0px; font-family: arial; text-align: center;\"><span style=\"line-height: 27px; font-size: 18px;\"><strong>Comentarios<\/strong><\/span><\/p>\n<p style=\"margin: 0px 18pt 0px 0px; padding: 0px; font-family: arial;\">\u00b7<span style=\"line-height: 21px; font-size: 14px;\">Nos esforzamos por que cada compra sea de cinco estrellas. \u00a1Por favor, h\u00e1ganos saber c\u00f3mo podemos hacer el suyo una calificaci\u00f3n de cinco estrellas tambi\u00e9n!<\/span><\/p>\n<p style=\"margin: 0px 18pt 0px 0px; padding: 0px; font-family: arial;\"><span style=\"line-height: 21px; font-size: 14px;\">\u00b7 Nuestro objetivo es hacer que cada cliente 100% quede satisfecho con su pedido. Cuando recibas tus art\u00edculos, t\u00f3mate un minuto para dejarnos un comentario positivo en Aliexpress. Por favor, no dejes un comentario neutral\/negativo si tienes un problema con un art\u00edculo. Si no est\u00e1s satisfecho, h\u00e1znoslo saber antes de dejar un comentario. Por favor, env\u00edanos un mensaje a trav\u00e9s de Aliexpress y dinos c\u00f3mo podemos ganar tu satisfacci\u00f3n.<\/span><\/p>\n<p style=\"margin: 0px 18pt 0px 0px; padding: 0px; font-family: arial;\"><span style=\"line-height: 21px; font-size: 14px;\">\u00b7 Ten en cuenta que tus comentarios positivos y la calificaci\u00f3n de 5 Estrellas en Aliexpress son extremadamente importantes para nosotros. El sistema de calificaci\u00f3n de cinco estrellas que Aliexpress estableci\u00f3 tambi\u00e9n es importante para el \u00e9xito continuo de nuestro negocio.<\/span><\/p>\n\n    <div class=\"xs_social_share_widget xs_share_url after_content \t\tmain_content  wslu-style-1 wslu-share-box-shaped wslu-fill-colored wslu-none wslu-share-horizontal wslu-theme-font-no wslu-main_content\">\n\n\t\t\n        <ul>\n\t\t\t        <\/ul>\n    <\/div> \n","protected":false},"excerpt":{"rendered":"<p>Pistola t\u00e1ctica de Color negro Airsoft caza G17 funda para CL7-0058 de caza al aire libre Color: Negro Env\u00edo \u00b7 Debido a las normas de env\u00edo: todas las bater\u00edas de litio se eliminar\u00e1n antes del env\u00edo. \u00b7 El art\u00edculo se enviar\u00e1 dentro de las 48 horas posteriores a la recepci\u00f3n de un pago verificado y [&hellip;]<\/p>\n","protected":false},"featured_media":19519,"comment_status":"open","ping_status":"closed","template":"","meta":{"jetpack_publicize_message":"","jetpack_publicize_feature_enabled":true,"jetpack_social_post_already_shared":true,"jetpack_social_options":{"image_generator_settings":{"template":"highway","enabled":false},"version":2}},"product_brand":[],"product_cat":[15,64,487],"product_tag":[],"class_list":{"0":"post-19509","1":"product","2":"type-product","3":"status-publish","4":"has-post-thumbnail","6":"product_cat-otros","7":"product_cat-accessories","8":"product_cat-airsoft","10":"first","11":"instock","12":"sale","13":"taxable","14":"shipping-taxable","15":"purchasable","16":"product-type-variable"},"jetpack_publicize_connections":[],"jetpack_sharing_enabled":true,"_links":{"self":[{"href":"https:\/\/bodegaoutdoor.cl\/store\/wp-json\/wp\/v2\/product\/19509","targetHints":{"allow":["GET"]}}],"collection":[{"href":"https:\/\/bodegaoutdoor.cl\/store\/wp-json\/wp\/v2\/product"}],"about":[{"href":"https:\/\/bodegaoutdoor.cl\/store\/wp-json\/wp\/v2\/types\/product"}],"replies":[{"embeddable":true,"href":"https:\/\/bodegaoutdoor.cl\/store\/wp-json\/wp\/v2\/comments?post=19509"}],"version-history":[{"count":2,"href":"https:\/\/bodegaoutdoor.cl\/store\/wp-json\/wp\/v2\/product\/19509\/revisions"}],"predecessor-version":[{"id":71179,"href":"https:\/\/bodegaoutdoor.cl\/store\/wp-json\/wp\/v2\/product\/19509\/revisions\/71179"}],"wp:featuredmedia":[{"embeddable":true,"href":"https:\/\/bodegaoutdoor.cl\/store\/wp-json\/wp\/v2\/media\/19519"}],"wp:attachment":[{"href":"https:\/\/bodegaoutdoor.cl\/store\/wp-json\/wp\/v2\/media?parent=19509"}],"wp:term":[{"taxonomy":"product_brand","embeddable":true,"href":"https:\/\/bodegaoutdoor.cl\/store\/wp-json\/wp\/v2\/product_brand?post=19509"},{"taxonomy":"product_cat","embeddable":true,"href":"https:\/\/bodegaoutdoor.cl\/store\/wp-json\/wp\/v2\/product_cat?post=19509"},{"taxonomy":"product_tag","embeddable":true,"href":"https:\/\/bodegaoutdoor.cl\/store\/wp-json\/wp\/v2\/product_tag?post=19509"}],"curies":[{"name":"wp","href":"https:\/\/api.w.org\/{rel}","templated":true}]}}