{"id":19654,"date":"2020-10-14T12:34:26","date_gmt":"2020-10-14T12:34:26","guid":{"rendered":"https:\/\/bodegaoutdoor.cl\/store\/product\/mini-auricular-inalambrico-portatil-p3-auricular-estereo-bluetooth-para-telefono-con-control-tactil-para-deporte\/"},"modified":"2023-05-04T19:19:16","modified_gmt":"2023-05-04T23:19:16","slug":"mini-auricular-inalambrico-portatil-p3-auricular-estereo-bluetooth-para-telefono-con-control-tactil-para-deporte","status":"publish","type":"product","link":"https:\/\/bodegaoutdoor.cl\/store\/product\/mini-auricular-inalambrico-portatil-p3-auricular-estereo-bluetooth-para-telefono-con-control-tactil-para-deporte\/","title":{"rendered":"Mini auricular inal\u00e1mbrico P3 auricular est\u00e9reo Bluetooth deportivo"},"content":{"rendered":"<p style=\"text-align: center;\"><span style=\"line-height: 27.0px;\"><span style=\"line-height: 54.0px; font-size: 36.0px;\">Par\u00e1metros del producto<\/span><\/span><\/p>\n<h2 style=\"margin: 0.0px; padding: 0.0px 0.0px 0.0px 10.0px; font-size: 14.0px; line-height: 30.0px; font-family: helvetica , tahoma , arial , sans-serif; color: #264176; background: #eff4fa;\"><span style=\"font-size: 18.0px;\"><span style=\"line-height: 21.0px;\">Exterior<\/span><\/span><\/h2>\n<p style=\"margin: 0.0px; padding: 0.0px; color: #000000; font-family: arial;\"><span style=\"font-size: 16.0px;\"><span style=\"line-height: 18.0px;\">Modelo: P3<\/span><\/span><\/p>\n<p style=\"margin: 0.0px; padding: 0.0px; color: #000000; font-family: arial;\"><span style=\"font-size: 16.0px;\"><span style=\"line-height: 18.0px;\">Color: blanco, negro<\/span><\/span><\/p>\n<p style=\"margin: 0.0px; padding: 0.0px; color: #000000; font-family: arial;\"><span style=\"font-size: 16.0px;\"><span style=\"line-height: 18.0px;\">Puerto de carga: Micro 5 pines<\/span><\/span><\/p>\n<h2 style=\"margin: 0.0px; padding: 0.0px 0.0px 0.0px 10.0px; font-size: 14.0px; line-height: 30.0px; font-family: helvetica , tahoma , arial , sans-serif; color: #264176; background: #eff4fa;\"><span style=\"font-size: 18.0px;\"><span style=\"line-height: 21.0px;\">Par\u00e1metro<\/span><\/span><\/h2>\n<p style=\"margin: 0.0px; padding: 0.0px; color: #000000; font-family: arial;\"><span style=\"font-size: 16.0px;\"><span style=\"line-height: 18.0px;\">Chipeset: 5,0<\/span><\/span><\/p>\n<p style=\"margin: 0.0px; padding: 0.0px; color: #000000; font-family: arial;\"><span style=\"font-size: 16.0px;\"><span style=\"line-height: 18.0px;\">Rango de funcionamiento del Bluetooth: 10m<\/span><\/span><\/p>\n<p style=\"margin: 0.0px; padding: 0.0px; color: #000000; font-family: arial;\"><span style=\"font-size: 16.0px;\"><span style=\"line-height: 18.0px;\">Especificaci\u00f3n de la bater\u00eda: 55mAh caja de carga 350mAh<\/span><\/span><\/p>\n<p style=\"margin: 0.0px; padding: 0.0px; color: #000000; font-family: arial;\"><span style=\"font-size: 16.0px;\"><span style=\"line-height: 18.0px;\">Tiempo de conversaci\u00f3n: 4H<\/span><\/span><\/p>\n<p style=\"margin: 0.0px; padding: 0.0px; color: #000000; font-family: arial;\"><span style=\"font-size: 16.0px;\">Tiempo en espera: 55H<\/span><\/p>\n<p style=\"margin: 0.0px; padding: 0.0px; color: #000000; font-family: arial;\"><span style=\"font-size: 16.0px;\"><span style=\"line-height: 18.0px;\">Tiempo de m\u00fasica: alrededor de 3H<\/span><\/span><\/p>\n<p style=\"margin: 0.0px; padding: 0.0px; color: #000000; font-family: arial;\"><span style=\"font-size: 16.0px;\"><span style=\"line-height: 18.0px;\">Tiempo de carga: aproximadamente 2H<\/span><\/span><\/p>\n<p style=\"margin: 0.0px; padding: 0.0px; color: #000000; font-family: arial;\"><span style=\"font-size: 16.0px;\"><span style=\"line-height: 18.0px;\">Interruptor muisc: S\u00ed<\/span><\/span><\/p>\n<p style=\"margin: 0.0px; padding: 0.0px; color: #000000; font-family: arial;\"><span style=\"font-size: 16.0px;\"><span style=\"line-height: 18.0px;\">Perfil: HFP&#8230; HSP \u00a1A2DP&#8230; AVRCP<\/span><\/span><\/p>\n<p style=\"margin: 0.0px; padding: 0.0px; color: #000000; font-family: arial;\"><span style=\"font-size: 16.0px;\"><span style=\"line-height: 18.0px;\">Rango de frecuencia: 2,4 GHZ<\/span><\/span><\/p>\n<p style=\"margin: 0.0px; padding: 0.0px; color: #000000; font-family: arial;\"><span style=\"font-size: 16.0px;\"><span style=\"line-height: 18.0px;\">Pantalla de alimentaci\u00f3n IOS: S\u00ed<\/span><\/span><\/p>\n<p style=\"margin: 0.0px; padding: 0.0px; color: #000000; font-family: arial;\"><span style=\"font-size: 16.0px;\"><span style=\"line-height: 18.0px;\">2 dispositivos de conexi\u00f3n: S\u00ed<\/span><\/span><\/p>\n<p style=\"margin: 0.0px; padding: 0.0px; color: #000000; font-family: arial;\"><span style=\"font-size: 16.0px;\"><span style=\"line-height: 18.0px;\">Reducci\u00f3n de ruido: CVC 6,0<\/span><\/span><\/p>\n<p style=\"margin: 0.0px; padding: 0.0px; color: #000000; font-family: arial;\"><span style=\"font-size: 16.0px;\"><span style=\"line-height: 18.0px;\">Decodificaci\u00f3n de Audio: SBC<\/span><\/span><\/p>\n<p style=\"margin: 0.0px; padding: 0.0px; color: #000000; font-family: arial;\"><span style=\"font-size: 16.0px;\"><span style=\"line-height: 18.0px;\">Voltaje de entrada de carga: dc5 + 0,25 V<\/span><\/span><\/p>\n<p style=\"margin: 0.0px; padding: 0.0px; color: #000000; font-family: arial;\"><span style=\"font-size: 16.0px;\"><span style=\"line-height: 18.0px;\">El modo de ajuste: GFSK TT\/4 DQPSK 8DPSK<\/span><\/span><\/p>\n<p><img decoding=\"async\" title=\"Mini auricular inal\u00e1mbrico port\u00e1til P3 auricular est\u00e9reo Bluetooth para tel\u00e9fono con control t\u00e1ctil para deporte\" src=\"https:\/\/bodegaoutdoor.cl\/store\/wp-content\/uploads\/2020\/10\/19654-nqzkez.jpg\" alt=\"Mini auricular inal\u00e1mbrico port\u00e1til P3 auricular est\u00e9reo Bluetooth para tel\u00e9fono con control t\u00e1ctil para deporte\" \/><img decoding=\"async\" title=\"Mini auricular inal\u00e1mbrico port\u00e1til P3 auricular est\u00e9reo Bluetooth para tel\u00e9fono con control t\u00e1ctil para deporte\" src=\"https:\/\/bodegaoutdoor.cl\/store\/wp-content\/uploads\/2020\/10\/19654-ebceli.jpg\" alt=\"Mini auricular inal\u00e1mbrico port\u00e1til P3 auricular est\u00e9reo Bluetooth para tel\u00e9fono con control t\u00e1ctil para deporte\" \/><img decoding=\"async\" title=\"Mini auricular inal\u00e1mbrico port\u00e1til P3 auricular est\u00e9reo Bluetooth para tel\u00e9fono con control t\u00e1ctil para deporte\" src=\"https:\/\/bodegaoutdoor.cl\/store\/wp-content\/uploads\/2020\/10\/19654-shayd6.jpg\" alt=\"Mini auricular inal\u00e1mbrico port\u00e1til P3 auricular est\u00e9reo Bluetooth para tel\u00e9fono con control t\u00e1ctil para deporte\" \/><img decoding=\"async\" title=\"Mini auricular inal\u00e1mbrico port\u00e1til P3 auricular est\u00e9reo Bluetooth para tel\u00e9fono con control t\u00e1ctil para deporte\" src=\"https:\/\/bodegaoutdoor.cl\/store\/wp-content\/uploads\/2020\/10\/19654-y1o6th.jpg\" alt=\"Mini auricular inal\u00e1mbrico port\u00e1til P3 auricular est\u00e9reo Bluetooth para tel\u00e9fono con control t\u00e1ctil para deporte\" \/><img decoding=\"async\" title=\"Mini auricular inal\u00e1mbrico port\u00e1til P3 auricular est\u00e9reo Bluetooth para tel\u00e9fono con control t\u00e1ctil para deporte\" src=\"https:\/\/bodegaoutdoor.cl\/store\/wp-content\/uploads\/2020\/10\/19654-uui3sx.jpg\" alt=\"Mini auricular inal\u00e1mbrico port\u00e1til P3 auricular est\u00e9reo Bluetooth para tel\u00e9fono con control t\u00e1ctil para deporte\" \/><img decoding=\"async\" title=\"Mini auricular inal\u00e1mbrico port\u00e1til P3 auricular est\u00e9reo Bluetooth para tel\u00e9fono con control t\u00e1ctil para deporte\" src=\"https:\/\/bodegaoutdoor.cl\/store\/wp-content\/uploads\/2020\/10\/19654-qt7v4j.jpg\" alt=\"Mini auricular inal\u00e1mbrico port\u00e1til P3 auricular est\u00e9reo Bluetooth para tel\u00e9fono con control t\u00e1ctil para deporte\" \/><img decoding=\"async\" title=\"Mini auricular inal\u00e1mbrico port\u00e1til P3 auricular est\u00e9reo Bluetooth para tel\u00e9fono con control t\u00e1ctil para deporte\" src=\"https:\/\/bodegaoutdoor.cl\/store\/wp-content\/uploads\/2020\/10\/19654-iienm6.jpg\" alt=\"Mini auricular inal\u00e1mbrico port\u00e1til P3 auricular est\u00e9reo Bluetooth para tel\u00e9fono con control t\u00e1ctil para deporte\" \/><img decoding=\"async\" title=\"Mini auricular inal\u00e1mbrico port\u00e1til P3 auricular est\u00e9reo Bluetooth para tel\u00e9fono con control t\u00e1ctil para deporte\" src=\"https:\/\/bodegaoutdoor.cl\/store\/wp-content\/uploads\/2020\/10\/19654-q4bxrs.jpg\" alt=\"Mini auricular inal\u00e1mbrico port\u00e1til P3 auricular est\u00e9reo Bluetooth para tel\u00e9fono con control t\u00e1ctil para deporte\" \/><img decoding=\"async\" title=\"Mini auricular inal\u00e1mbrico port\u00e1til P3 auricular est\u00e9reo Bluetooth para tel\u00e9fono con control t\u00e1ctil para deporte\" src=\"https:\/\/bodegaoutdoor.cl\/store\/wp-content\/uploads\/2020\/10\/19654-v8lupa.jpg\" alt=\"Mini auricular inal\u00e1mbrico port\u00e1til P3 auricular est\u00e9reo Bluetooth para tel\u00e9fono con control t\u00e1ctil para deporte\" \/><img decoding=\"async\" title=\"Mini auricular inal\u00e1mbrico port\u00e1til P3 auricular est\u00e9reo Bluetooth para tel\u00e9fono con control t\u00e1ctil para deporte\" src=\"https:\/\/bodegaoutdoor.cl\/store\/wp-content\/uploads\/2020\/10\/19654-mgpb75.jpg\" alt=\"Mini auricular inal\u00e1mbrico port\u00e1til P3 auricular est\u00e9reo Bluetooth para tel\u00e9fono con control t\u00e1ctil para deporte\" \/><img decoding=\"async\" title=\"Mini auricular inal\u00e1mbrico port\u00e1til P3 auricular est\u00e9reo Bluetooth para tel\u00e9fono con control t\u00e1ctil para deporte\" src=\"https:\/\/bodegaoutdoor.cl\/store\/wp-content\/uploads\/2020\/10\/19654-hppcnx.jpg\" alt=\"Mini auricular inal\u00e1mbrico port\u00e1til P3 auricular est\u00e9reo Bluetooth para tel\u00e9fono con control t\u00e1ctil para deporte\" \/><img decoding=\"async\" title=\"Mini auricular inal\u00e1mbrico port\u00e1til P3 auricular est\u00e9reo Bluetooth para tel\u00e9fono con control t\u00e1ctil para deporte\" src=\"https:\/\/bodegaoutdoor.cl\/store\/wp-content\/uploads\/2020\/10\/19654-kmjdyu.jpg\" alt=\"Mini auricular inal\u00e1mbrico port\u00e1til P3 auricular est\u00e9reo Bluetooth para tel\u00e9fono con control t\u00e1ctil para deporte\" \/><img decoding=\"async\" title=\"Mini auricular inal\u00e1mbrico port\u00e1til P3 auricular est\u00e9reo Bluetooth para tel\u00e9fono con control t\u00e1ctil para deporte\" src=\"https:\/\/bodegaoutdoor.cl\/store\/wp-content\/uploads\/2020\/10\/19654-6bmmpj.jpg\" alt=\"Mini auricular inal\u00e1mbrico port\u00e1til P3 auricular est\u00e9reo Bluetooth para tel\u00e9fono con control t\u00e1ctil para deporte\" \/><img decoding=\"async\" title=\"Mini auricular inal\u00e1mbrico port\u00e1til P3 auricular est\u00e9reo Bluetooth para tel\u00e9fono con control t\u00e1ctil para deporte\" src=\"https:\/\/bodegaoutdoor.cl\/store\/wp-content\/uploads\/2020\/10\/19654-j414ys.jpg\" alt=\"Mini auricular inal\u00e1mbrico port\u00e1til P3 auricular est\u00e9reo Bluetooth para tel\u00e9fono con control t\u00e1ctil para deporte\" \/><img decoding=\"async\" title=\"Mini auricular inal\u00e1mbrico port\u00e1til P3 auricular est\u00e9reo Bluetooth para tel\u00e9fono con control t\u00e1ctil para deporte\" src=\"https:\/\/bodegaoutdoor.cl\/store\/wp-content\/uploads\/2020\/10\/19654-mk2iz2.jpg\" alt=\"Mini auricular inal\u00e1mbrico port\u00e1til P3 auricular est\u00e9reo Bluetooth para tel\u00e9fono con control t\u00e1ctil para deporte\" \/><img decoding=\"async\" title=\"Mini auricular inal\u00e1mbrico port\u00e1til P3 auricular est\u00e9reo Bluetooth para tel\u00e9fono con control t\u00e1ctil para deporte\" src=\"https:\/\/bodegaoutdoor.cl\/store\/wp-content\/uploads\/2020\/10\/19654-opyd0c.jpg\" alt=\"Mini auricular inal\u00e1mbrico port\u00e1til P3 auricular est\u00e9reo Bluetooth para tel\u00e9fono con control t\u00e1ctil para deporte\" \/><img decoding=\"async\" title=\"Mini auricular inal\u00e1mbrico port\u00e1til P3 auricular est\u00e9reo Bluetooth para tel\u00e9fono con control t\u00e1ctil para deporte\" src=\"https:\/\/bodegaoutdoor.cl\/store\/wp-content\/uploads\/2020\/10\/19654-fmay29.jpg\" alt=\"Mini auricular inal\u00e1mbrico port\u00e1til P3 auricular est\u00e9reo Bluetooth para tel\u00e9fono con control t\u00e1ctil para deporte\" \/><img decoding=\"async\" title=\"Mini auricular inal\u00e1mbrico port\u00e1til P3 auricular est\u00e9reo Bluetooth para tel\u00e9fono con control t\u00e1ctil para deporte\" src=\"https:\/\/bodegaoutdoor.cl\/store\/wp-content\/uploads\/2020\/10\/19654-jk5xqw.jpg\" alt=\"Mini auricular inal\u00e1mbrico port\u00e1til P3 auricular est\u00e9reo Bluetooth para tel\u00e9fono con control t\u00e1ctil para deporte\" \/><img decoding=\"async\" title=\"Mini auricular inal\u00e1mbrico port\u00e1til P3 auricular est\u00e9reo Bluetooth para tel\u00e9fono con control t\u00e1ctil para deporte\" src=\"https:\/\/bodegaoutdoor.cl\/store\/wp-content\/uploads\/2020\/10\/19654-ifxxbf.jpg\" alt=\"Mini auricular inal\u00e1mbrico port\u00e1til P3 auricular est\u00e9reo Bluetooth para tel\u00e9fono con control t\u00e1ctil para deporte\" \/><img decoding=\"async\" title=\"Mini auricular inal\u00e1mbrico port\u00e1til P3 auricular est\u00e9reo Bluetooth para tel\u00e9fono con control t\u00e1ctil para deporte\" src=\"https:\/\/bodegaoutdoor.cl\/store\/wp-content\/uploads\/2020\/10\/19654-rzfxfe.jpg\" alt=\"Mini auricular inal\u00e1mbrico port\u00e1til P3 auricular est\u00e9reo Bluetooth para tel\u00e9fono con control t\u00e1ctil para deporte\" \/><img decoding=\"async\" title=\"Mini auricular inal\u00e1mbrico port\u00e1til P3 auricular est\u00e9reo Bluetooth para tel\u00e9fono con control t\u00e1ctil para deporte\" src=\"https:\/\/bodegaoutdoor.cl\/store\/wp-content\/uploads\/2020\/10\/19654-xuumqk.jpg\" alt=\"Mini auricular inal\u00e1mbrico port\u00e1til P3 auricular est\u00e9reo Bluetooth para tel\u00e9fono con control t\u00e1ctil para deporte\" \/><img decoding=\"async\" title=\"Mini auricular inal\u00e1mbrico port\u00e1til P3 auricular est\u00e9reo Bluetooth para tel\u00e9fono con control t\u00e1ctil para deporte\" src=\"https:\/\/bodegaoutdoor.cl\/store\/wp-content\/uploads\/2020\/10\/19654-gx7i5j.jpg\" alt=\"Mini auricular inal\u00e1mbrico port\u00e1til P3 auricular est\u00e9reo Bluetooth para tel\u00e9fono con control t\u00e1ctil para deporte\" \/><img decoding=\"async\" title=\"Mini auricular inal\u00e1mbrico port\u00e1til P3 auricular est\u00e9reo Bluetooth para tel\u00e9fono con control t\u00e1ctil para deporte\" src=\"https:\/\/bodegaoutdoor.cl\/store\/wp-content\/uploads\/2020\/10\/19654-vug7fk.jpg\" alt=\"Mini auricular inal\u00e1mbrico port\u00e1til P3 auricular est\u00e9reo Bluetooth para tel\u00e9fono con control t\u00e1ctil para deporte\" \/><img decoding=\"async\" title=\"Mini auricular inal\u00e1mbrico port\u00e1til P3 auricular est\u00e9reo Bluetooth para tel\u00e9fono con control t\u00e1ctil para deporte\" src=\"https:\/\/bodegaoutdoor.cl\/store\/wp-content\/uploads\/2020\/10\/19654-3lgcqe.jpg\" alt=\"Mini auricular inal\u00e1mbrico port\u00e1til P3 auricular est\u00e9reo Bluetooth para tel\u00e9fono con control t\u00e1ctil para deporte\" \/><\/p>\n<p style=\"margin: 0.0px; padding: 0.0px; color: #000000; font-family: arial;\">\n\n    <div class=\"xs_social_share_widget xs_share_url after_content \t\tmain_content  wslu-style-1 wslu-share-box-shaped wslu-fill-colored wslu-none wslu-share-horizontal wslu-theme-font-no wslu-main_content\">\n\n\t\t\n        <ul>\n\t\t\t        <\/ul>\n    <\/div> \n","protected":false},"excerpt":{"rendered":"<p>Par\u00e1metros del producto Exterior Modelo: P3 Color: blanco, negro Puerto de carga: Micro 5 pines Par\u00e1metro Chipeset: 5,0 Rango de funcionamiento del Bluetooth: 10m Especificaci\u00f3n de la bater\u00eda: 55mAh caja de carga 350mAh Tiempo de conversaci\u00f3n: 4H Tiempo en espera: 55H Tiempo de m\u00fasica: alrededor de 3H Tiempo de carga: aproximadamente 2H Interruptor muisc: S\u00ed [&hellip;]<\/p>\n","protected":false},"featured_media":19657,"comment_status":"open","ping_status":"closed","template":"","meta":{"jetpack_publicize_message":"","jetpack_publicize_feature_enabled":true,"jetpack_social_post_already_shared":true,"jetpack_social_options":{"image_generator_settings":{"template":"highway","enabled":false},"version":2}},"product_brand":[],"product_cat":[31],"product_tag":[1462,1465,1463,1464,829],"class_list":{"0":"post-19654","1":"product","2":"type-product","3":"status-publish","4":"has-post-thumbnail","6":"product_cat-audifonos","7":"product_tag-audifonos","8":"product_tag-deportivo","9":"product_tag-inalambricos","10":"product_tag-portatil","11":"product_tag-waterproof","13":"first","14":"instock","15":"sale","16":"taxable","17":"shipping-taxable","18":"purchasable","19":"product-type-variable"},"jetpack_publicize_connections":[],"jetpack_sharing_enabled":true,"_links":{"self":[{"href":"https:\/\/bodegaoutdoor.cl\/store\/wp-json\/wp\/v2\/product\/19654","targetHints":{"allow":["GET"]}}],"collection":[{"href":"https:\/\/bodegaoutdoor.cl\/store\/wp-json\/wp\/v2\/product"}],"about":[{"href":"https:\/\/bodegaoutdoor.cl\/store\/wp-json\/wp\/v2\/types\/product"}],"replies":[{"embeddable":true,"href":"https:\/\/bodegaoutdoor.cl\/store\/wp-json\/wp\/v2\/comments?post=19654"}],"version-history":[{"count":1,"href":"https:\/\/bodegaoutdoor.cl\/store\/wp-json\/wp\/v2\/product\/19654\/revisions"}],"predecessor-version":[{"id":71174,"href":"https:\/\/bodegaoutdoor.cl\/store\/wp-json\/wp\/v2\/product\/19654\/revisions\/71174"}],"wp:featuredmedia":[{"embeddable":true,"href":"https:\/\/bodegaoutdoor.cl\/store\/wp-json\/wp\/v2\/media\/19657"}],"wp:attachment":[{"href":"https:\/\/bodegaoutdoor.cl\/store\/wp-json\/wp\/v2\/media?parent=19654"}],"wp:term":[{"taxonomy":"product_brand","embeddable":true,"href":"https:\/\/bodegaoutdoor.cl\/store\/wp-json\/wp\/v2\/product_brand?post=19654"},{"taxonomy":"product_cat","embeddable":true,"href":"https:\/\/bodegaoutdoor.cl\/store\/wp-json\/wp\/v2\/product_cat?post=19654"},{"taxonomy":"product_tag","embeddable":true,"href":"https:\/\/bodegaoutdoor.cl\/store\/wp-json\/wp\/v2\/product_tag?post=19654"}],"curies":[{"name":"wp","href":"https:\/\/api.w.org\/{rel}","templated":true}]}}