{"id":19701,"date":"2020-10-14T14:44:11","date_gmt":"2020-10-14T14:44:11","guid":{"rendered":"https:\/\/bodegaoutdoor.cl\/store\/?post_type=product&#038;p=19701"},"modified":"2023-05-04T19:19:16","modified_gmt":"2023-05-04T23:19:16","slug":"toalla-microfibra-secado-rapido-30x60-cms","status":"publish","type":"product","link":"https:\/\/bodegaoutdoor.cl\/store\/product\/toalla-microfibra-secado-rapido-30x60-cms\/","title":{"rendered":"Toalla Microfibra Secado R\u00e1pido 30\u00d760 cms"},"content":{"rendered":"<div class=\"product-short-description\">\n<p>Tama\u00f1o cl\u00e1sico de manos. Ideal para llevar en la mochila, para el tocador, camping o piscina.<\/p>\n<p>Caracteristicas:<\/p>\n<ul>\n<li>Composici\u00f3n: 100% membrana microfibra<\/li>\n<li>Tama\u00f1o: 30\u00d760 cm<\/li>\n<li>Se enfr\u00eda autom\u00e1ticamente al contacto con el agua<\/li>\n<li>Respirable<\/li>\n<li>Liviana<\/li>\n<li>Libre de Qu\u00edmicos<\/li>\n<li>Secado r\u00e1pido<\/li>\n<li>Proporciona protecci\u00f3n solar UPF 50<\/li>\n<li>Comprimible<\/li>\n<li>Puede ser lavada a maquina<\/li>\n<\/ul>\n<p>&nbsp;<\/p>\n<p><em>\u00bfPor qu\u00e9 elegir toallas de microfibra?\u00a0<\/em><\/p>\n<p>Gracias a la delgadez de su membrana, representan una mejor opci\u00f3n en cuanto a peso, volumen y absorci\u00f3n de l\u00edquidos sobre las toallas convencionales, no dejan pelusas, poseen propiedades antibacterianas, secan mucho m\u00e1s r\u00e1pido y no es necesario plancharlas porque no presentan arrugas.<\/p>\n<\/div>\n\n    <div class=\"xs_social_share_widget xs_share_url after_content \t\tmain_content  wslu-style-1 wslu-share-box-shaped wslu-fill-colored wslu-none wslu-share-horizontal wslu-theme-font-no wslu-main_content\">\n\n\t\t\n        <ul>\n\t\t\t        <\/ul>\n    <\/div> \n","protected":false},"excerpt":{"rendered":"<p>Tama\u00f1o cl\u00e1sico de manos. Ideal para llevar en la mochila, para el tocador, camping o piscina. Caracteristicas: Composici\u00f3n: 100% membrana microfibra Tama\u00f1o: 30\u00d760 cm Se enfr\u00eda autom\u00e1ticamente al contacto con el agua Respirable Liviana Libre de Qu\u00edmicos Secado r\u00e1pido Proporciona protecci\u00f3n solar UPF 50 Comprimible Puede ser lavada a maquina &nbsp; \u00bfPor qu\u00e9 elegir toallas [&hellip;]<\/p>\n","protected":false},"featured_media":19709,"comment_status":"open","ping_status":"closed","template":"","meta":{"jetpack_publicize_message":"","jetpack_publicize_feature_enabled":true,"jetpack_social_post_already_shared":true,"jetpack_social_options":{"image_generator_settings":{"template":"highway","enabled":false},"version":2}},"product_brand":[],"product_cat":[1466],"product_tag":[1467,1456],"class_list":{"0":"post-19701","1":"product","2":"type-product","3":"status-publish","4":"has-post-thumbnail","6":"product_cat-toallas","7":"product_tag-microfibra","8":"product_tag-secado-rapido","10":"first","11":"instock","12":"sale","13":"taxable","14":"shipping-taxable","15":"purchasable","16":"product-type-variable"},"jetpack_publicize_connections":[],"jetpack_sharing_enabled":true,"_links":{"self":[{"href":"https:\/\/bodegaoutdoor.cl\/store\/wp-json\/wp\/v2\/product\/19701","targetHints":{"allow":["GET"]}}],"collection":[{"href":"https:\/\/bodegaoutdoor.cl\/store\/wp-json\/wp\/v2\/product"}],"about":[{"href":"https:\/\/bodegaoutdoor.cl\/store\/wp-json\/wp\/v2\/types\/product"}],"replies":[{"embeddable":true,"href":"https:\/\/bodegaoutdoor.cl\/store\/wp-json\/wp\/v2\/comments?post=19701"}],"version-history":[{"count":2,"href":"https:\/\/bodegaoutdoor.cl\/store\/wp-json\/wp\/v2\/product\/19701\/revisions"}],"predecessor-version":[{"id":71172,"href":"https:\/\/bodegaoutdoor.cl\/store\/wp-json\/wp\/v2\/product\/19701\/revisions\/71172"}],"wp:featuredmedia":[{"embeddable":true,"href":"https:\/\/bodegaoutdoor.cl\/store\/wp-json\/wp\/v2\/media\/19709"}],"wp:attachment":[{"href":"https:\/\/bodegaoutdoor.cl\/store\/wp-json\/wp\/v2\/media?parent=19701"}],"wp:term":[{"taxonomy":"product_brand","embeddable":true,"href":"https:\/\/bodegaoutdoor.cl\/store\/wp-json\/wp\/v2\/product_brand?post=19701"},{"taxonomy":"product_cat","embeddable":true,"href":"https:\/\/bodegaoutdoor.cl\/store\/wp-json\/wp\/v2\/product_cat?post=19701"},{"taxonomy":"product_tag","embeddable":true,"href":"https:\/\/bodegaoutdoor.cl\/store\/wp-json\/wp\/v2\/product_tag?post=19701"}],"curies":[{"name":"wp","href":"https:\/\/api.w.org\/{rel}","templated":true}]}}