{"id":19765,"date":"2020-10-14T16:15:56","date_gmt":"2020-10-14T16:15:56","guid":{"rendered":"https:\/\/bodegaoutdoor.cl\/store\/?post_type=product&#038;p=19765"},"modified":"2024-05-21T19:34:45","modified_gmt":"2024-05-21T23:34:45","slug":"calcetines-deportivos-reforzados-algodon-spandex","status":"publish","type":"product","link":"https:\/\/bodegaoutdoor.cl\/store\/product\/calcetines-deportivos-reforzados-algodon-spandex\/","title":{"rendered":"Calcetines Deportivos Reforzados Algodon Spandex"},"content":{"rendered":"<div class=\"product-short-description\">\n<p>Comodo y abrigador calcetin 80% algod\u00f3n 20% Spandex<\/p>\n<p>IMPORTANTE: Producto sin cambios ni devoluciones por medidas de higiene.<\/p>\n<p>Descripci\u00f3n:<\/p>\n<ul>\n<li>El precio de esta publicaci\u00f3n corresponde a un (1) par de calcetines.<\/li>\n<li>Confeccionados para adaptarse a los pies de la talla 37 hasta 44.<\/li>\n<li>Alta capacidad elastica<\/li>\n<li>Costuras reforzadas<\/li>\n<li>Respirable<\/li>\n<li>Amortiguadores<\/li>\n<li>Composicion: 80% algod\u00f3n 20% Spandex<\/li>\n<\/ul>\n<\/div>\n\n    <div class=\"xs_social_share_widget xs_share_url after_content \t\tmain_content  wslu-style-1 wslu-share-box-shaped wslu-fill-colored wslu-none wslu-share-horizontal wslu-theme-font-no wslu-main_content\">\n\n\t\t\n        <ul>\n\t\t\t        <\/ul>\n    <\/div> \n","protected":false},"excerpt":{"rendered":"<p>Comodo y abrigador calcetin 80% algod\u00f3n 20% Spandex IMPORTANTE: Producto sin cambios ni devoluciones por medidas de higiene. Descripci\u00f3n: El precio de esta publicaci\u00f3n corresponde a un (1) par de calcetines. Confeccionados para adaptarse a los pies de la talla 37 hasta 44. Alta capacidad elastica Costuras reforzadas Respirable Amortiguadores Composicion: 80% algod\u00f3n 20% Spandex<\/p>\n","protected":false},"featured_media":19770,"comment_status":"open","ping_status":"closed","template":"","meta":{"jetpack_publicize_message":"","jetpack_publicize_feature_enabled":true,"jetpack_social_post_already_shared":true,"jetpack_social_options":{"image_generator_settings":{"template":"highway","enabled":false},"version":2}},"product_brand":[],"product_cat":[897],"product_tag":[1473,517,481,1471],"class_list":{"0":"post-19765","1":"product","2":"type-product","3":"status-publish","4":"has-post-thumbnail","6":"product_cat-calcetines","7":"product_tag-calcetin","8":"product_tag-deportes","9":"product_tag-outdoor","10":"product_tag-spandex","12":"first","13":"instock","14":"sale","15":"taxable","16":"shipping-taxable","17":"purchasable","18":"product-type-variable"},"jetpack_publicize_connections":[],"jetpack_sharing_enabled":true,"_links":{"self":[{"href":"https:\/\/bodegaoutdoor.cl\/store\/wp-json\/wp\/v2\/product\/19765","targetHints":{"allow":["GET"]}}],"collection":[{"href":"https:\/\/bodegaoutdoor.cl\/store\/wp-json\/wp\/v2\/product"}],"about":[{"href":"https:\/\/bodegaoutdoor.cl\/store\/wp-json\/wp\/v2\/types\/product"}],"replies":[{"embeddable":true,"href":"https:\/\/bodegaoutdoor.cl\/store\/wp-json\/wp\/v2\/comments?post=19765"}],"version-history":[{"count":1,"href":"https:\/\/bodegaoutdoor.cl\/store\/wp-json\/wp\/v2\/product\/19765\/revisions"}],"predecessor-version":[{"id":71168,"href":"https:\/\/bodegaoutdoor.cl\/store\/wp-json\/wp\/v2\/product\/19765\/revisions\/71168"}],"wp:featuredmedia":[{"embeddable":true,"href":"https:\/\/bodegaoutdoor.cl\/store\/wp-json\/wp\/v2\/media\/19770"}],"wp:attachment":[{"href":"https:\/\/bodegaoutdoor.cl\/store\/wp-json\/wp\/v2\/media?parent=19765"}],"wp:term":[{"taxonomy":"product_brand","embeddable":true,"href":"https:\/\/bodegaoutdoor.cl\/store\/wp-json\/wp\/v2\/product_brand?post=19765"},{"taxonomy":"product_cat","embeddable":true,"href":"https:\/\/bodegaoutdoor.cl\/store\/wp-json\/wp\/v2\/product_cat?post=19765"},{"taxonomy":"product_tag","embeddable":true,"href":"https:\/\/bodegaoutdoor.cl\/store\/wp-json\/wp\/v2\/product_tag?post=19765"}],"curies":[{"name":"wp","href":"https:\/\/api.w.org\/{rel}","templated":true}]}}