{"id":19885,"date":"2020-10-14T19:09:05","date_gmt":"2020-10-14T19:09:05","guid":{"rendered":"https:\/\/bodegaoutdoor.cl\/store\/?post_type=product&#038;p=19885"},"modified":"2023-06-22T22:29:16","modified_gmt":"2023-06-23T02:29:16","slug":"polera-dryfit-manga-larga-mujer-deportiva","status":"publish","type":"product","link":"https:\/\/bodegaoutdoor.cl\/store\/product\/polera-dryfit-manga-larga-mujer-deportiva\/","title":{"rendered":"Polera DryFit Manga Larga Mujer deportiva"},"content":{"rendered":"<div class=\"product-short-description\">\n<p>Excelente opci\u00f3n tanto como primera capa, como para uso sola.\u00a0Modelo de compresi\u00f3n con dise\u00f1o funcional respirable y altamente c\u00f3modo que se ajusta a la forma del cuerpo, siendo ideal para el d\u00eda a d\u00eda y actividades deportivas.<\/p>\n<\/div>\n<p>Caracter\u00edsticas:<\/p>\n<ul>\n<li>Ultra liviana<\/li>\n<li>Costuras Planas que evitan el roce<\/li>\n<li>Libera la humedad<\/li>\n<li>Composici\u00f3n: 92% Fibra de Poliester 8% Spandex<\/li>\n<\/ul>\n<p>&nbsp;<\/p>\n<p>Ventajas adicionales de la prenda:<\/p>\n<ul>\n<li><em>Secado R\u00e1pido<\/em><\/li>\n<li><em>Protecci\u00f3n Solar<\/em><\/li>\n<li><em>Respirable<\/em><\/li>\n<li><em>T\u00e9rmico<\/em><\/li>\n<li><em>Antimicrobacteriana<\/em><\/li>\n<\/ul>\n<p><img fetchpriority=\"high\" decoding=\"async\" class=\"alignnone size-full wp-image-19892\" src=\"https:\/\/bodegaoutdoor.cl\/store\/wp-content\/uploads\/2020\/10\/POLERA-ML-MUJER-1.jpg\" alt=\"\" width=\"670\" height=\"585\" srcset=\"https:\/\/bodegaoutdoor.cl\/store\/wp-content\/uploads\/2020\/10\/POLERA-ML-MUJER-1.jpg 670w, https:\/\/bodegaoutdoor.cl\/store\/wp-content\/uploads\/2020\/10\/POLERA-ML-MUJER-1-600x524.jpg 600w\" sizes=\"(max-width: 670px) 100vw, 670px\" \/> <img decoding=\"async\" class=\"alignnone size-full wp-image-19890\" src=\"https:\/\/bodegaoutdoor.cl\/store\/wp-content\/uploads\/2020\/10\/gris-2.jpg\" alt=\"\" width=\"800\" height=\"800\" srcset=\"https:\/\/bodegaoutdoor.cl\/store\/wp-content\/uploads\/2020\/10\/gris-2.jpg 800w, https:\/\/bodegaoutdoor.cl\/store\/wp-content\/uploads\/2020\/10\/gris-2-300x300.jpg 300w, https:\/\/bodegaoutdoor.cl\/store\/wp-content\/uploads\/2020\/10\/gris-2-100x100.jpg 100w, https:\/\/bodegaoutdoor.cl\/store\/wp-content\/uploads\/2020\/10\/gris-2-600x600.jpg 600w, https:\/\/bodegaoutdoor.cl\/store\/wp-content\/uploads\/2020\/10\/gris-2-150x150.jpg 150w, https:\/\/bodegaoutdoor.cl\/store\/wp-content\/uploads\/2020\/10\/gris-2-768x768.jpg 768w\" sizes=\"(max-width: 800px) 100vw, 800px\" \/> <img decoding=\"async\" class=\"alignnone size-full wp-image-19891\" src=\"https:\/\/bodegaoutdoor.cl\/store\/wp-content\/uploads\/2020\/10\/morada.jpg\" alt=\"\" width=\"800\" height=\"800\" srcset=\"https:\/\/bodegaoutdoor.cl\/store\/wp-content\/uploads\/2020\/10\/morada.jpg 800w, https:\/\/bodegaoutdoor.cl\/store\/wp-content\/uploads\/2020\/10\/morada-300x300.jpg 300w, https:\/\/bodegaoutdoor.cl\/store\/wp-content\/uploads\/2020\/10\/morada-100x100.jpg 100w, https:\/\/bodegaoutdoor.cl\/store\/wp-content\/uploads\/2020\/10\/morada-600x600.jpg 600w, https:\/\/bodegaoutdoor.cl\/store\/wp-content\/uploads\/2020\/10\/morada-150x150.jpg 150w, https:\/\/bodegaoutdoor.cl\/store\/wp-content\/uploads\/2020\/10\/morada-768x768.jpg 768w\" sizes=\"(max-width: 800px) 100vw, 800px\" \/> <img loading=\"lazy\" decoding=\"async\" class=\"alignnone size-full wp-image-19894\" src=\"https:\/\/bodegaoutdoor.cl\/store\/wp-content\/uploads\/2020\/10\/verde.jpg\" alt=\"\" width=\"800\" height=\"800\" srcset=\"https:\/\/bodegaoutdoor.cl\/store\/wp-content\/uploads\/2020\/10\/verde.jpg 800w, https:\/\/bodegaoutdoor.cl\/store\/wp-content\/uploads\/2020\/10\/verde-300x300.jpg 300w, https:\/\/bodegaoutdoor.cl\/store\/wp-content\/uploads\/2020\/10\/verde-100x100.jpg 100w, https:\/\/bodegaoutdoor.cl\/store\/wp-content\/uploads\/2020\/10\/verde-600x600.jpg 600w, https:\/\/bodegaoutdoor.cl\/store\/wp-content\/uploads\/2020\/10\/verde-150x150.jpg 150w, https:\/\/bodegaoutdoor.cl\/store\/wp-content\/uploads\/2020\/10\/verde-768x768.jpg 768w\" sizes=\"(max-width: 800px) 100vw, 800px\" \/><\/p>\n\n    <div class=\"xs_social_share_widget xs_share_url after_content \t\tmain_content  wslu-style-1 wslu-share-box-shaped wslu-fill-colored wslu-none wslu-share-horizontal wslu-theme-font-no wslu-main_content\">\n\n\t\t\n        <ul>\n\t\t\t        <\/ul>\n    <\/div> \n","protected":false},"excerpt":{"rendered":"<p><span style=\"color: #ff0000;\"><strong>PRECIO POR MAYOR $7.990 ( 3 o m\u00e1s)<\/strong><\/span><\/p>\n","protected":false},"featured_media":19894,"comment_status":"open","ping_status":"closed","template":"","meta":{"jetpack_publicize_message":"","jetpack_publicize_feature_enabled":true,"jetpack_social_post_already_shared":true,"jetpack_social_options":{"image_generator_settings":{"template":"highway","enabled":false},"version":2}},"product_brand":[],"product_cat":[1436,68,63],"product_tag":[],"class_list":{"0":"post-19885","1":"product","2":"type-product","3":"status-publish","4":"has-post-thumbnail","6":"product_cat-poleras-camisas","7":"product_cat-mujer-primera","8":"product_cat-vestuario-mujer","10":"first","11":"instock","12":"sale","13":"taxable","14":"shipping-taxable","15":"purchasable","16":"product-type-variable"},"jetpack_publicize_connections":[],"jetpack_sharing_enabled":true,"_links":{"self":[{"href":"https:\/\/bodegaoutdoor.cl\/store\/wp-json\/wp\/v2\/product\/19885","targetHints":{"allow":["GET"]}}],"collection":[{"href":"https:\/\/bodegaoutdoor.cl\/store\/wp-json\/wp\/v2\/product"}],"about":[{"href":"https:\/\/bodegaoutdoor.cl\/store\/wp-json\/wp\/v2\/types\/product"}],"replies":[{"embeddable":true,"href":"https:\/\/bodegaoutdoor.cl\/store\/wp-json\/wp\/v2\/comments?post=19885"}],"version-history":[{"count":1,"href":"https:\/\/bodegaoutdoor.cl\/store\/wp-json\/wp\/v2\/product\/19885\/revisions"}],"predecessor-version":[{"id":71161,"href":"https:\/\/bodegaoutdoor.cl\/store\/wp-json\/wp\/v2\/product\/19885\/revisions\/71161"}],"wp:featuredmedia":[{"embeddable":true,"href":"https:\/\/bodegaoutdoor.cl\/store\/wp-json\/wp\/v2\/media\/19894"}],"wp:attachment":[{"href":"https:\/\/bodegaoutdoor.cl\/store\/wp-json\/wp\/v2\/media?parent=19885"}],"wp:term":[{"taxonomy":"product_brand","embeddable":true,"href":"https:\/\/bodegaoutdoor.cl\/store\/wp-json\/wp\/v2\/product_brand?post=19885"},{"taxonomy":"product_cat","embeddable":true,"href":"https:\/\/bodegaoutdoor.cl\/store\/wp-json\/wp\/v2\/product_cat?post=19885"},{"taxonomy":"product_tag","embeddable":true,"href":"https:\/\/bodegaoutdoor.cl\/store\/wp-json\/wp\/v2\/product_tag?post=19885"}],"curies":[{"name":"wp","href":"https:\/\/api.w.org\/{rel}","templated":true}]}}