{"id":20125,"date":"2020-10-30T20:31:55","date_gmt":"2020-10-30T20:31:55","guid":{"rendered":"https:\/\/bodegaoutdoor.cl\/store\/?post_type=product&#038;p=20125"},"modified":"2023-08-19T16:01:15","modified_gmt":"2023-08-19T20:01:15","slug":"polainas-trekking-nieve-lluvia","status":"publish","type":"product","link":"https:\/\/bodegaoutdoor.cl\/store\/product\/polainas-trekking-nieve-lluvia\/","title":{"rendered":"Polainas imepermeable Trekking Nieve Lluvia marca AOTU"},"content":{"rendered":"<p>Polainas trekking impermeables<br \/>\nAjuste por velcro y cord\u00f3n superior de ajuste, gancho para cordones, bolso de transporte<\/p>\n<p>&nbsp;<\/p>\n<div class=\"cxmmr5t8 oygrvhab hcukyx3x c1et5uql o9v6fnle ii04i59q\">\n<div dir=\"auto\">Polainas para nieve, confeccionada con Nylon Oxford anti-desgarro, especial para estaci\u00f3n invernal, protege y aisla del fr\u00edo como tambi\u00e9n de la humedad.<\/div>\n<\/div>\n<div class=\"cxmmr5t8 oygrvhab hcukyx3x c1et5uql o9v6fnle ii04i59q\">\n<div dir=\"auto\">Caraster\u00edsticas:<\/div>\n<\/div>\n<div class=\"cxmmr5t8 oygrvhab hcukyx3x c1et5uql o9v6fnle ii04i59q\">\n<div dir=\"auto\">Nylon Oxford Ripstop<\/div>\n<div dir=\"auto\">Peso 300 Grs.<\/div>\n<div dir=\"auto\">Seguro de cinta<\/div>\n<div dir=\"auto\">Incluye bolso de trasnporte<\/div>\n<\/div>\n<div class=\"cxmmr5t8 oygrvhab hcukyx3x c1et5uql o9v6fnle ii04i59q\">\n<div dir=\"auto\">Colores: Negro, Azul y Verde.<\/div>\n<\/div>\n<div class=\"cxmmr5t8 oygrvhab hcukyx3x c1et5uql o9v6fnle ii04i59q\">\n<div dir=\"auto\">Usos: Senderismo, Monta\u00f1ismo, Esqu\u00ed y Ciudad.<\/div>\n<\/div>\n<p>&nbsp;<\/p>\n<p><img fetchpriority=\"high\" decoding=\"async\" class=\"alignnone size-full wp-image-20130\" src=\"https:\/\/bodegaoutdoor.cl\/store\/wp-content\/uploads\/2020\/10\/north-star-polaina-cordura-roja-pack-2-polainas.jpg\" alt=\"\" width=\"700\" height=\"700\" srcset=\"https:\/\/bodegaoutdoor.cl\/store\/wp-content\/uploads\/2020\/10\/north-star-polaina-cordura-roja-pack-2-polainas.jpg 700w, https:\/\/bodegaoutdoor.cl\/store\/wp-content\/uploads\/2020\/10\/north-star-polaina-cordura-roja-pack-2-polainas-300x300.jpg 300w, https:\/\/bodegaoutdoor.cl\/store\/wp-content\/uploads\/2020\/10\/north-star-polaina-cordura-roja-pack-2-polainas-100x100.jpg 100w, https:\/\/bodegaoutdoor.cl\/store\/wp-content\/uploads\/2020\/10\/north-star-polaina-cordura-roja-pack-2-polainas-600x600.jpg 600w, https:\/\/bodegaoutdoor.cl\/store\/wp-content\/uploads\/2020\/10\/north-star-polaina-cordura-roja-pack-2-polainas-150x150.jpg 150w\" sizes=\"(max-width: 700px) 100vw, 700px\" \/> <img decoding=\"async\" class=\"alignnone size-full wp-image-20134\" src=\"https:\/\/bodegaoutdoor.cl\/store\/wp-content\/uploads\/2020\/10\/4831a16c-8fbc-465d-b8ed-8d28b896d474.jpg\" alt=\"\" width=\"422\" height=\"448\" \/> <img decoding=\"async\" class=\"alignnone size-medium wp-image-20133\" src=\"https:\/\/bodegaoutdoor.cl\/store\/wp-content\/uploads\/2020\/10\/verde-1.jpg\" alt=\"\" width=\"640\" height=\"640\" srcset=\"https:\/\/bodegaoutdoor.cl\/store\/wp-content\/uploads\/2020\/10\/verde-1.jpg 640w, https:\/\/bodegaoutdoor.cl\/store\/wp-content\/uploads\/2020\/10\/verde-1-300x300.jpg 300w, https:\/\/bodegaoutdoor.cl\/store\/wp-content\/uploads\/2020\/10\/verde-1-100x100.jpg 100w, https:\/\/bodegaoutdoor.cl\/store\/wp-content\/uploads\/2020\/10\/verde-1-600x600.jpg 600w, https:\/\/bodegaoutdoor.cl\/store\/wp-content\/uploads\/2020\/10\/verde-1-150x150.jpg 150w\" sizes=\"(max-width: 640px) 100vw, 640px\" \/> <img loading=\"lazy\" decoding=\"async\" class=\"alignnone size-medium wp-image-20132\" src=\"https:\/\/bodegaoutdoor.cl\/store\/wp-content\/uploads\/2020\/10\/polainas-verdes.jpg\" alt=\"\" width=\"1500\" height=\"1500\" srcset=\"https:\/\/bodegaoutdoor.cl\/store\/wp-content\/uploads\/2020\/10\/polainas-verdes.jpg 1500w, https:\/\/bodegaoutdoor.cl\/store\/wp-content\/uploads\/2020\/10\/polainas-verdes-300x300.jpg 300w, https:\/\/bodegaoutdoor.cl\/store\/wp-content\/uploads\/2020\/10\/polainas-verdes-100x100.jpg 100w, https:\/\/bodegaoutdoor.cl\/store\/wp-content\/uploads\/2020\/10\/polainas-verdes-600x600.jpg 600w, https:\/\/bodegaoutdoor.cl\/store\/wp-content\/uploads\/2020\/10\/polainas-verdes-150x150.jpg 150w, https:\/\/bodegaoutdoor.cl\/store\/wp-content\/uploads\/2020\/10\/polainas-verdes-768x768.jpg 768w\" sizes=\"(max-width: 1500px) 100vw, 1500px\" \/> <img loading=\"lazy\" decoding=\"async\" class=\"alignnone size-medium wp-image-20131\" src=\"https:\/\/bodegaoutdoor.cl\/store\/wp-content\/uploads\/2020\/10\/polainas-impermeables-14.jpg\" alt=\"\" width=\"400\" height=\"400\" srcset=\"https:\/\/bodegaoutdoor.cl\/store\/wp-content\/uploads\/2020\/10\/polainas-impermeables-14.jpg 400w, https:\/\/bodegaoutdoor.cl\/store\/wp-content\/uploads\/2020\/10\/polainas-impermeables-14-300x300.jpg 300w, https:\/\/bodegaoutdoor.cl\/store\/wp-content\/uploads\/2020\/10\/polainas-impermeables-14-100x100.jpg 100w, https:\/\/bodegaoutdoor.cl\/store\/wp-content\/uploads\/2020\/10\/polainas-impermeables-14-150x150.jpg 150w\" sizes=\"(max-width: 400px) 100vw, 400px\" \/><\/p>\n\n    <div class=\"xs_social_share_widget xs_share_url after_content \t\tmain_content  wslu-style-1 wslu-share-box-shaped wslu-fill-colored wslu-none wslu-share-horizontal wslu-theme-font-no wslu-main_content\">\n\n\t\t\n        <ul>\n\t\t\t        <\/ul>\n    <\/div> \n","protected":false},"excerpt":{"rendered":"<p><span style=\"color: #ff0000;\"><strong>PRECIO MAYOR <\/strong><\/span><span style=\"color: #ff0000;\"><strong>EMBAJALE $7.990<\/strong><\/span><\/p>\n","protected":false},"featured_media":20136,"comment_status":"open","ping_status":"closed","template":"","meta":{"jetpack_publicize_message":"","jetpack_publicize_feature_enabled":true,"jetpack_social_post_already_shared":true,"jetpack_social_options":{"image_generator_settings":{"template":"highway","enabled":false},"version":2}},"product_brand":[],"product_cat":[15,64,41,304],"product_tag":[3390,1282,1481,909],"class_list":{"0":"post-20125","1":"product","2":"type-product","3":"status-publish","4":"has-post-thumbnail","6":"product_cat-otros","7":"product_cat-accessories","8":"product_cat-calzado","9":"product_cat-trekking","10":"product_tag-aotu","11":"product_tag-impermeable","12":"product_tag-polainas","13":"product_tag-trekking","15":"first","16":"instock","17":"sale","18":"taxable","19":"shipping-taxable","20":"purchasable","21":"product-type-variable"},"jetpack_publicize_connections":[],"jetpack_sharing_enabled":true,"_links":{"self":[{"href":"https:\/\/bodegaoutdoor.cl\/store\/wp-json\/wp\/v2\/product\/20125","targetHints":{"allow":["GET"]}}],"collection":[{"href":"https:\/\/bodegaoutdoor.cl\/store\/wp-json\/wp\/v2\/product"}],"about":[{"href":"https:\/\/bodegaoutdoor.cl\/store\/wp-json\/wp\/v2\/types\/product"}],"replies":[{"embeddable":true,"href":"https:\/\/bodegaoutdoor.cl\/store\/wp-json\/wp\/v2\/comments?post=20125"}],"version-history":[{"count":5,"href":"https:\/\/bodegaoutdoor.cl\/store\/wp-json\/wp\/v2\/product\/20125\/revisions"}],"predecessor-version":[{"id":78176,"href":"https:\/\/bodegaoutdoor.cl\/store\/wp-json\/wp\/v2\/product\/20125\/revisions\/78176"}],"wp:featuredmedia":[{"embeddable":true,"href":"https:\/\/bodegaoutdoor.cl\/store\/wp-json\/wp\/v2\/media\/20136"}],"wp:attachment":[{"href":"https:\/\/bodegaoutdoor.cl\/store\/wp-json\/wp\/v2\/media?parent=20125"}],"wp:term":[{"taxonomy":"product_brand","embeddable":true,"href":"https:\/\/bodegaoutdoor.cl\/store\/wp-json\/wp\/v2\/product_brand?post=20125"},{"taxonomy":"product_cat","embeddable":true,"href":"https:\/\/bodegaoutdoor.cl\/store\/wp-json\/wp\/v2\/product_cat?post=20125"},{"taxonomy":"product_tag","embeddable":true,"href":"https:\/\/bodegaoutdoor.cl\/store\/wp-json\/wp\/v2\/product_tag?post=20125"}],"curies":[{"name":"wp","href":"https:\/\/api.w.org\/{rel}","templated":true}]}}