{"id":20250,"date":"2020-11-03T21:32:33","date_gmt":"2020-11-03T21:32:33","guid":{"rendered":"https:\/\/bodegaoutdoor.cl\/store\/?post_type=product&#038;p=20250"},"modified":"2023-05-04T19:19:13","modified_gmt":"2023-05-04T23:19:13","slug":"parka-termica-sintetica-sin-costuras-hombre","status":"publish","type":"product","link":"https:\/\/bodegaoutdoor.cl\/store\/product\/parka-termica-sintetica-sin-costuras-hombre\/","title":{"rendered":"Parka T\u00e9rmica Sint\u00e9tica Sin Costuras Hombre"},"content":{"rendered":"<p>Antes de elegir su talla le sugerimos revisar la(s) ultima(s) imagen(es) de la publicaci\u00f3n que corresponden a tabla(s) de tallas\/medidas estimadas. Si es de espalda u hombros anchos, sugerimos comprar una talla mas de la que normalmente ocupa.<\/p>\n<p>Caracter\u00edsticas:<\/p>\n<ul>\n<li>Dise\u00f1o moderno con bandas termoselladas<\/li>\n<li>Relleno: 100% fibra de poli\u00e9ster<\/li>\n<li>Tela Exterior: 100% poli\u00e9ster<\/li>\n<li>Forro: 100% poli\u00e9ster<\/li>\n<li>Pretina y pu\u00f1os con banda el\u00e1stica<\/li>\n<li>Bolsillos con cierre; 2 laterales y uno en pecho.<\/li>\n<\/ul>\n<p>&nbsp;<\/p>\n<p>Ventajas:<\/p>\n<ul>\n<li><em>Impermeable<\/em><\/li>\n<li><em>T\u00e9rmica<\/em><\/li>\n<li><em>Protecci\u00f3n Solar<\/em><\/li>\n<li><em>Antisucio<\/em><\/li>\n<li><em>Antiolor<\/em><\/li>\n<\/ul>\n<p>&nbsp;<\/p>\n<p><strong>Modelo disponible s\u00f3lo en color NEGRO<\/strong><\/p>\n<p>&nbsp;<\/p>\n<p>&nbsp;<\/p>\n<p>&nbsp;<\/p>\n\n    <div class=\"xs_social_share_widget xs_share_url after_content \t\tmain_content  wslu-style-1 wslu-share-box-shaped wslu-fill-colored wslu-none wslu-share-horizontal wslu-theme-font-no wslu-main_content\">\n\n\t\t\n        <ul>\n\t\t\t        <\/ul>\n    <\/div> \n","protected":false},"excerpt":{"rendered":"<p>Antes de elegir su talla le sugerimos revisar la(s) ultima(s) imagen(es) de la publicaci\u00f3n que corresponden a tabla(s) de tallas\/medidas estimadas. Si es de espalda u hombros anchos, sugerimos comprar una talla mas de la que normalmente ocupa. Caracter\u00edsticas: Dise\u00f1o moderno con bandas termoselladas Relleno: 100% fibra de poli\u00e9ster Tela Exterior: 100% poli\u00e9ster Forro: 100% [&hellip;]<\/p>\n","protected":false},"featured_media":20256,"comment_status":"open","ping_status":"closed","template":"","meta":{"jetpack_publicize_message":"","jetpack_publicize_feature_enabled":true,"jetpack_social_post_already_shared":true,"jetpack_social_options":{"image_generator_settings":{"template":"highway","enabled":false},"version":2}},"product_brand":[],"product_cat":[73,62],"product_tag":[1483,157,1485,1486,481,1484,1482],"class_list":{"0":"post-20250","1":"product","2":"type-product","3":"status-publish","4":"has-post-thumbnail","6":"product_cat-hombre-tercera","7":"product_cat-vestuario-hombre","8":"product_tag-chaqueta","9":"product_tag-hombre","10":"product_tag-liviana","11":"product_tag-montana","12":"product_tag-outdoor","13":"product_tag-parka","14":"product_tag-tercera-capa","16":"first","17":"instock","18":"sale","19":"taxable","20":"shipping-taxable","21":"purchasable","22":"product-type-variable"},"jetpack_publicize_connections":[],"jetpack_sharing_enabled":true,"_links":{"self":[{"href":"https:\/\/bodegaoutdoor.cl\/store\/wp-json\/wp\/v2\/product\/20250","targetHints":{"allow":["GET"]}}],"collection":[{"href":"https:\/\/bodegaoutdoor.cl\/store\/wp-json\/wp\/v2\/product"}],"about":[{"href":"https:\/\/bodegaoutdoor.cl\/store\/wp-json\/wp\/v2\/types\/product"}],"replies":[{"embeddable":true,"href":"https:\/\/bodegaoutdoor.cl\/store\/wp-json\/wp\/v2\/comments?post=20250"}],"version-history":[{"count":1,"href":"https:\/\/bodegaoutdoor.cl\/store\/wp-json\/wp\/v2\/product\/20250\/revisions"}],"predecessor-version":[{"id":71155,"href":"https:\/\/bodegaoutdoor.cl\/store\/wp-json\/wp\/v2\/product\/20250\/revisions\/71155"}],"wp:featuredmedia":[{"embeddable":true,"href":"https:\/\/bodegaoutdoor.cl\/store\/wp-json\/wp\/v2\/media\/20256"}],"wp:attachment":[{"href":"https:\/\/bodegaoutdoor.cl\/store\/wp-json\/wp\/v2\/media?parent=20250"}],"wp:term":[{"taxonomy":"product_brand","embeddable":true,"href":"https:\/\/bodegaoutdoor.cl\/store\/wp-json\/wp\/v2\/product_brand?post=20250"},{"taxonomy":"product_cat","embeddable":true,"href":"https:\/\/bodegaoutdoor.cl\/store\/wp-json\/wp\/v2\/product_cat?post=20250"},{"taxonomy":"product_tag","embeddable":true,"href":"https:\/\/bodegaoutdoor.cl\/store\/wp-json\/wp\/v2\/product_tag?post=20250"}],"curies":[{"name":"wp","href":"https:\/\/api.w.org\/{rel}","templated":true}]}}