{"id":20316,"date":"2020-11-03T23:21:25","date_gmt":"2020-11-03T23:21:25","guid":{"rendered":"https:\/\/bodegaoutdoor.cl\/store\/?post_type=product&#038;p=20316"},"modified":"2023-05-04T19:19:13","modified_gmt":"2023-05-04T23:19:13","slug":"paceleader-1uni-baston-de-trekking-plegable-con-correas-de-muneca-ajustables-para-senderismo-trekking","status":"publish","type":"product","link":"https:\/\/bodegaoutdoor.cl\/store\/product\/paceleader-1uni-baston-de-trekking-plegable-con-correas-de-muneca-ajustables-para-senderismo-trekking\/","title":{"rendered":"PACELEADER 1UNI Bast\u00f3n de trekking plegable con correas de mu\u00f1eca ajustables para Senderismo \/ Trekking"},"content":{"rendered":"<p>&nbsp;<\/p>\n<ul class=\"a-unordered-list a-vertical a-spacing-mini\">\n<li><span class=\"a-list-item\">MATERIAL A LARGO PLAZO: Pesa solo 9.88oz \/ 280g, Fabricada con punta de acero de tungsteno y un eje de aleaci\u00f3n de aluminio duradero, la estructura es ligera y resistente.<\/span><\/li>\n<li><span class=\"a-list-item\">COMODO AJUSTE PARA LA MANO: La manija suave de la espuma de EVA es ergon\u00f3mica y resistente al sudor para caber c\u00f3modamente en cada mu\u00f1eca, la correa de mu\u00f1eca ajustable ayuda a controlar f\u00e1cilmente los polos mientras que va de excursi\u00f3n.<\/span><\/li>\n<li><span class=\"a-list-item\">DISE\u00d1O DE 5 SECCIONES: F\u00e1cil de acortar o alargar postes de 47 &#8221; a 53.1 &#8221;, adecuado para adultos. Cuando se pliega, la longitud es de 14.5 pulgadas, lo que es conveniente para llevar u ocultar en la bolsa.<\/span><\/li>\n<li><span class=\"a-list-item\">RESISTENTE A LA INTEMPERIE: Los bastones de trekking plegables ofrecen una excelente resistencia en todas las condiciones clim\u00e1ticas, son adecuados para escalar, practicar senderismo, esquiar, el senderismo y otras actividades al aire libre.<\/span><\/li>\n<li><span class=\"a-list-item\">SISTEMA DE BLOQUEO SALUDABLE: Cada unidad individual de eje es f\u00e1cil de conectar con cuerdas el\u00e1sticas y cuenta con un bloqueo de palanca externo en el eje superior \/ bloqueo de torsi\u00f3n en el resto de los ejes para garantizar la seguridad y la estabilidad.<\/span><\/li>\n<\/ul>\n<p><img fetchpriority=\"high\" decoding=\"async\" class=\"alignnone size-full wp-image-20317\" src=\"https:\/\/bodegaoutdoor.cl\/store\/wp-content\/uploads\/2020\/11\/02_2.jpg\" alt=\"\" width=\"800\" height=\"800\" srcset=\"https:\/\/bodegaoutdoor.cl\/store\/wp-content\/uploads\/2020\/11\/02_2.jpg 800w, https:\/\/bodegaoutdoor.cl\/store\/wp-content\/uploads\/2020\/11\/02_2-300x300.jpg 300w, https:\/\/bodegaoutdoor.cl\/store\/wp-content\/uploads\/2020\/11\/02_2-100x100.jpg 100w, https:\/\/bodegaoutdoor.cl\/store\/wp-content\/uploads\/2020\/11\/02_2-600x600.jpg 600w, https:\/\/bodegaoutdoor.cl\/store\/wp-content\/uploads\/2020\/11\/02_2-150x150.jpg 150w, https:\/\/bodegaoutdoor.cl\/store\/wp-content\/uploads\/2020\/11\/02_2-768x768.jpg 768w\" sizes=\"(max-width: 800px) 100vw, 800px\" \/> <img decoding=\"async\" class=\"alignnone size-medium wp-image-20318\" src=\"https:\/\/bodegaoutdoor.cl\/store\/wp-content\/uploads\/2020\/11\/51a3FXogYL._AC_SX522_.jpg\" alt=\"\" width=\"522\" height=\"425\" \/> <img decoding=\"async\" class=\"alignnone size-medium wp-image-20319\" src=\"https:\/\/bodegaoutdoor.cl\/store\/wp-content\/uploads\/2020\/11\/616uPVIs6L._SY450_.jpg\" alt=\"\" width=\"450\" height=\"450\" srcset=\"https:\/\/bodegaoutdoor.cl\/store\/wp-content\/uploads\/2020\/11\/616uPVIs6L._SY450_.jpg 450w, https:\/\/bodegaoutdoor.cl\/store\/wp-content\/uploads\/2020\/11\/616uPVIs6L._SY450_-300x300.jpg 300w, https:\/\/bodegaoutdoor.cl\/store\/wp-content\/uploads\/2020\/11\/616uPVIs6L._SY450_-100x100.jpg 100w, https:\/\/bodegaoutdoor.cl\/store\/wp-content\/uploads\/2020\/11\/616uPVIs6L._SY450_-150x150.jpg 150w\" sizes=\"(max-width: 450px) 100vw, 450px\" \/> <img loading=\"lazy\" decoding=\"async\" class=\"alignnone size-medium wp-image-20320\" src=\"https:\/\/bodegaoutdoor.cl\/store\/wp-content\/uploads\/2020\/11\/HTB1rstxjkCWBuNjy0Faq6xUlXXae.jpg\" alt=\"\" width=\"700\" height=\"700\" srcset=\"https:\/\/bodegaoutdoor.cl\/store\/wp-content\/uploads\/2020\/11\/HTB1rstxjkCWBuNjy0Faq6xUlXXae.jpg 700w, https:\/\/bodegaoutdoor.cl\/store\/wp-content\/uploads\/2020\/11\/HTB1rstxjkCWBuNjy0Faq6xUlXXae-300x300.jpg 300w, https:\/\/bodegaoutdoor.cl\/store\/wp-content\/uploads\/2020\/11\/HTB1rstxjkCWBuNjy0Faq6xUlXXae-100x100.jpg 100w, https:\/\/bodegaoutdoor.cl\/store\/wp-content\/uploads\/2020\/11\/HTB1rstxjkCWBuNjy0Faq6xUlXXae-600x600.jpg 600w, https:\/\/bodegaoutdoor.cl\/store\/wp-content\/uploads\/2020\/11\/HTB1rstxjkCWBuNjy0Faq6xUlXXae-150x150.jpg 150w\" sizes=\"(max-width: 700px) 100vw, 700px\" \/><\/p>\n\n    <div class=\"xs_social_share_widget xs_share_url after_content \t\tmain_content  wslu-style-1 wslu-share-box-shaped wslu-fill-colored wslu-none wslu-share-horizontal wslu-theme-font-no wslu-main_content\">\n\n\t\t\n        <ul>\n\t\t\t        <\/ul>\n    <\/div> \n","protected":false},"excerpt":{"rendered":"<p><span style=\"color: #ff0000;\"><strong>Solicita Dcto 2 x 30.000<\/strong><\/span><\/p>\n","protected":false},"featured_media":20318,"comment_status":"open","ping_status":"closed","template":"","meta":{"jetpack_publicize_message":"","jetpack_publicize_feature_enabled":true,"jetpack_social_post_already_shared":true,"jetpack_social_options":{"image_generator_settings":{"template":"highway","enabled":false},"version":2}},"product_brand":[],"product_cat":[304],"product_tag":[1491,1492,910,909],"class_list":{"0":"post-20316","1":"product","2":"type-product","3":"status-publish","4":"has-post-thumbnail","6":"product_cat-trekking","7":"product_tag-baston","8":"product_tag-plegable","9":"product_tag-senderismo","10":"product_tag-trekking","12":"first","13":"instock","14":"sale","15":"taxable","16":"shipping-taxable","17":"purchasable","18":"product-type-variable"},"jetpack_publicize_connections":[],"jetpack_sharing_enabled":true,"_links":{"self":[{"href":"https:\/\/bodegaoutdoor.cl\/store\/wp-json\/wp\/v2\/product\/20316","targetHints":{"allow":["GET"]}}],"collection":[{"href":"https:\/\/bodegaoutdoor.cl\/store\/wp-json\/wp\/v2\/product"}],"about":[{"href":"https:\/\/bodegaoutdoor.cl\/store\/wp-json\/wp\/v2\/types\/product"}],"replies":[{"embeddable":true,"href":"https:\/\/bodegaoutdoor.cl\/store\/wp-json\/wp\/v2\/comments?post=20316"}],"version-history":[{"count":2,"href":"https:\/\/bodegaoutdoor.cl\/store\/wp-json\/wp\/v2\/product\/20316\/revisions"}],"predecessor-version":[{"id":71152,"href":"https:\/\/bodegaoutdoor.cl\/store\/wp-json\/wp\/v2\/product\/20316\/revisions\/71152"}],"wp:featuredmedia":[{"embeddable":true,"href":"https:\/\/bodegaoutdoor.cl\/store\/wp-json\/wp\/v2\/media\/20318"}],"wp:attachment":[{"href":"https:\/\/bodegaoutdoor.cl\/store\/wp-json\/wp\/v2\/media?parent=20316"}],"wp:term":[{"taxonomy":"product_brand","embeddable":true,"href":"https:\/\/bodegaoutdoor.cl\/store\/wp-json\/wp\/v2\/product_brand?post=20316"},{"taxonomy":"product_cat","embeddable":true,"href":"https:\/\/bodegaoutdoor.cl\/store\/wp-json\/wp\/v2\/product_cat?post=20316"},{"taxonomy":"product_tag","embeddable":true,"href":"https:\/\/bodegaoutdoor.cl\/store\/wp-json\/wp\/v2\/product_tag?post=20316"}],"curies":[{"name":"wp","href":"https:\/\/api.w.org\/{rel}","templated":true}]}}