{"id":20324,"date":"2020-11-04T01:05:51","date_gmt":"2020-11-04T01:05:51","guid":{"rendered":"https:\/\/bodegaoutdoor.cl\/store\/product\/faro-delantero-led-recargable-interruptor-de-induccion-luz-roja-luz-blanca-se-puede-usar-para-pesca-ciclismo-aventura-etc\/"},"modified":"2023-05-17T19:26:44","modified_gmt":"2023-05-17T23:26:44","slug":"linterna-frontal-de-induccion-luz-roja-luz-blanca-se-puede-usar-para-pesca-ciclismo-aventura-etc","status":"publish","type":"product","link":"https:\/\/bodegaoutdoor.cl\/store\/product\/linterna-frontal-de-induccion-luz-roja-luz-blanca-se-puede-usar-para-pesca-ciclismo-aventura-etc\/","title":{"rendered":"Linterna recargable 4 modos frontal de Inducci\u00f3n luz roja + luz blanca + sensor"},"content":{"rendered":"<p style=\"text-align: center;\"><video style=\"max-width: 100%;\" src=\"\/\/cloud.video.taobao.com\/play\/u\/3205739670\/p\/1\/e\/6\/t\/10301\/220996450391.mp4\" poster=\"https:\/\/ae01.alicdn.com\/kf\/HTB1RWJhJIbpK1RjSZFyq6x_qFXap\/Faro-delantero-LED-recargable-Interruptor-de-Inducci-n-luz-roja-luz-blanca-se-puede-usar-para.jpg,https:\/\/ae01.alicdn.com\/kf\/HTB1l4deJSzqK1RjSZFHq6z3CpXaZ\/Faro-delantero-LED-recargable-Interruptor-de-Inducci-n-luz-roja-luz-blanca-se-puede-usar-para.jpg,https:\/\/ae01.alicdn.com\/kf\/HTB1x_0cJHvpK1RjSZFqq6AXUVXa7\/Faro-delantero-LED-recargable-Interruptor-de-Inducci-n-luz-roja-luz-blanca-se-puede-usar-para.jpg,https:\/\/ae01.alicdn.com\/kf\/HTB1gx4BJNjaK1RjSZKzq6xVwXXa6\/Faro-delantero-LED-recargable-Interruptor-de-Inducci-n-luz-roja-luz-blanca-se-puede-usar-para.jpg,https:\/\/ae01.alicdn.com\/kf\/HTB1KTBiJMHqK1RjSZFEq6AGMXXao\/Faro-delantero-LED-recargable-Interruptor-de-Inducci-n-luz-roja-luz-blanca-se-puede-usar-para.jpg,https:\/\/ae01.alicdn.com\/kf\/HTB11EE8JCrqK1RjSZK9q6xyypXa8\/Faro-delantero-LED-recargable-Interruptor-de-Inducci-n-luz-roja-luz-blanca-se-puede-usar-para.jpg\" preload=\"auto\" controls=\"controls\" width=\"100%\" height=\"100%\"><\/video><\/p>\n<div>\n<p><img decoding=\"async\" src=\"\/\/ae01.alicdn.com\/kf\/HTB1KDoNdcbI8KJjy1zdq6ze1VXal.jpg\" \/><\/p>\n<div><img fetchpriority=\"high\" decoding=\"async\" class=\"alignnone size-medium wp-image-74531\" src=\"https:\/\/bodegaoutdoor.cl\/store\/wp-content\/uploads\/2020\/11\/linterna-300x217.png\" alt=\"\" width=\"300\" height=\"217\" srcset=\"https:\/\/bodegaoutdoor.cl\/store\/wp-content\/uploads\/2020\/11\/linterna-300x217.png 300w, https:\/\/bodegaoutdoor.cl\/store\/wp-content\/uploads\/2020\/11\/linterna-350x253.png 350w, https:\/\/bodegaoutdoor.cl\/store\/wp-content\/uploads\/2020\/11\/linterna.png 601w\" sizes=\"(max-width: 300px) 100vw, 300px\" \/><\/div>\n<div><span style=\"font-size: 14.0px;\">Potencia: 5w<\/span><\/div>\n<div><span style=\"font-size: 14.0px;\">Material: ABS<\/span><\/div>\n<div><span style=\"font-size: 14.0px;\">Fuente de alimentaci\u00f3n: bater\u00eda recargable interna<\/span><\/div>\n<div><span style=\"font-size: 14.0px;\">Resistente al agua: IPX4<\/span><\/div>\n<div><span style=\"font-size: 14.0px;\">Distancia de luz: 200 metros<\/span><\/div>\n<div><span style=\"font-size: 14.0px;\">Inclinaci\u00f3n: 60 \u00b0<\/span><\/div>\n<div><span style=\"font-size: 14.0px;\">Modos: fuerte-d\u00e9bil-SOS-luz roja-estrobosc\u00f3pica (luz roja)<\/span><\/div>\n<div><\/div>\n<div><span style=\"font-size: 14.0px;\"><strong>Precauci\u00f3n:<\/strong>No utilice un cargador de alta potencia (m\u00e1s de 5W) para cargar el faro, puede causar un sobrecalentamiento y da\u00f1os permanentes en el producto.<\/span><img decoding=\"async\" style=\"font-size: 14px;\" src=\"\/\/ae01.alicdn.com\/kf\/HTB1DL0rJIfpK1RjSZFOq6y6nFXar.jpg\" \/><img decoding=\"async\" style=\"font-size: 14px;\" src=\"\/\/ae01.alicdn.com\/kf\/HTB1rdLNbsLJ8KJjy0Fnq6AFDpXav.jpg\" \/><img decoding=\"async\" style=\"font-size: 14px;\" src=\"\/\/ae01.alicdn.com\/kf\/HTB1eFFsJIfpK1RjSZFOq6y6nFXav.jpg\" \/><img decoding=\"async\" style=\"font-size: 14px;\" src=\"\/\/ae01.alicdn.com\/kf\/HTB1arxeJRLoK1RjSZFuq6xn0XXaf.jpg\" \/><\/div>\n<div style=\"text-align: center;\"><span style=\"font-size: 22.0px;\"><strong>3 modos de visualizaci\u00f3n<\/strong><\/span><\/div>\n<div style=\"text-align: center;\"><span style=\"font-size: 14.0px;\">Blanco (<\/span>Pulsa el bot\u00f3n derecho<span style=\"font-size: 14.0px;\">):<\/span>Fuerte-d\u00e9bil-SOS<\/div>\n<div>\n<div style=\"text-align: center;\"><span style=\"font-size: 14.0px;\">Modo sensor (<\/span>Pulsa el bot\u00f3n izquierdo<span style=\"font-size: 14.0px;\">):<\/span>Interruptor a luz azul encendido\/apagado a mano movible frente a Faro<\/div>\n<div style=\"text-align: center;\">Modo rojo (mant\u00e9n pulsado el bot\u00f3n derecho): luz roja-Luz Roja estrobosc\u00f3pica<\/div>\n<div style=\"text-align: center;\"><span style=\"font-size: 16.0px;\"><strong>Mantenga pulsado el bot\u00f3n derecho para cambiar entre la luz blanca y la luz roja<\/strong><\/span><\/div>\n<div><\/div>\n<div><\/div>\n<\/div>\n<div><\/div>\n<div><\/div>\n<div><\/div>\n<div><span style=\"font-size: 14.0px;\"><img decoding=\"async\" src=\"\/\/ae01.alicdn.com\/kf\/HTB1RuleJSzqK1RjSZPxq6A4tVXaU.jpg\" \/><img decoding=\"async\" src=\"\/\/ae01.alicdn.com\/kf\/HTB1O7NlJQvoK1RjSZFDq6xY3pXac.jpg\" \/><img decoding=\"async\" src=\"\/\/ae01.alicdn.com\/kf\/HTB1nwheJRLoK1RjSZFuq6xn0XXah.jpg\" \/><img decoding=\"async\" src=\"\/\/ae01.alicdn.com\/kf\/HTB1lbdjJOrpK1RjSZFhq6xSdXXaq.jpg\" \/><\/span><\/div>\n<div><img decoding=\"async\" src=\"\/\/ae01.alicdn.com\/kf\/HTB1W1cYdnnI8KJjy0Ffq6AdoVXaY.jpg\" \/><\/div>\n<div><span style=\"font-size: 14.0px;\"><img decoding=\"async\" src=\"\/\/ae01.alicdn.com\/kf\/HTB1r9ITcnZmx1VjSZFGq6yx2XXaN.jpg\" \/><img decoding=\"async\" src=\"\/\/ae01.alicdn.com\/kf\/HTB1C2ZyasvrK1Rjy0Feq6ATmVXav.jpg\" \/><img decoding=\"async\" src=\"\/\/ae01.alicdn.com\/kf\/HTB1Pyv9if2H8KJjy0Fcq6yDlFXaC.jpg\" \/><br \/>\n<\/span><\/div>\n<\/div>\n<div><span style=\"font-size: 14.0px;\">\u00a0<\/span><\/div>\n\n    <div class=\"xs_social_share_widget xs_share_url after_content \t\tmain_content  wslu-style-1 wslu-share-box-shaped wslu-fill-colored wslu-none wslu-share-horizontal wslu-theme-font-no wslu-main_content\">\n\n\t\t\n        <ul>\n\t\t\t        <\/ul>\n    <\/div> \n","protected":false},"excerpt":{"rendered":"<p><span style=\"color: #ff0000;\">PRECIO MAYOR 12 UNIDADES $9.990<\/span><\/p>\n","protected":false},"featured_media":20329,"comment_status":"open","ping_status":"closed","template":"","meta":{"jetpack_publicize_message":"","jetpack_publicize_feature_enabled":true,"jetpack_social_post_already_shared":true,"jetpack_social_options":{"image_generator_settings":{"template":"highway","enabled":false},"version":2}},"product_brand":[],"product_cat":[35],"product_tag":[2588,482,1485,2669,2668,909],"class_list":{"0":"post-20324","1":"product","2":"type-product","3":"status-publish","4":"has-post-thumbnail","6":"product_cat-iliminacion","7":"product_tag-frontal","8":"product_tag-linterna","9":"product_tag-liviana","10":"product_tag-roja","11":"product_tag-sensor","12":"product_tag-trekking","14":"first","15":"instock","16":"sale","17":"taxable","18":"shipping-taxable","19":"purchasable","20":"product-type-variable"},"jetpack_publicize_connections":[],"jetpack_sharing_enabled":true,"_links":{"self":[{"href":"https:\/\/bodegaoutdoor.cl\/store\/wp-json\/wp\/v2\/product\/20324","targetHints":{"allow":["GET"]}}],"collection":[{"href":"https:\/\/bodegaoutdoor.cl\/store\/wp-json\/wp\/v2\/product"}],"about":[{"href":"https:\/\/bodegaoutdoor.cl\/store\/wp-json\/wp\/v2\/types\/product"}],"replies":[{"embeddable":true,"href":"https:\/\/bodegaoutdoor.cl\/store\/wp-json\/wp\/v2\/comments?post=20324"}],"version-history":[{"count":3,"href":"https:\/\/bodegaoutdoor.cl\/store\/wp-json\/wp\/v2\/product\/20324\/revisions"}],"predecessor-version":[{"id":74532,"href":"https:\/\/bodegaoutdoor.cl\/store\/wp-json\/wp\/v2\/product\/20324\/revisions\/74532"}],"wp:featuredmedia":[{"embeddable":true,"href":"https:\/\/bodegaoutdoor.cl\/store\/wp-json\/wp\/v2\/media\/20329"}],"wp:attachment":[{"href":"https:\/\/bodegaoutdoor.cl\/store\/wp-json\/wp\/v2\/media?parent=20324"}],"wp:term":[{"taxonomy":"product_brand","embeddable":true,"href":"https:\/\/bodegaoutdoor.cl\/store\/wp-json\/wp\/v2\/product_brand?post=20324"},{"taxonomy":"product_cat","embeddable":true,"href":"https:\/\/bodegaoutdoor.cl\/store\/wp-json\/wp\/v2\/product_cat?post=20324"},{"taxonomy":"product_tag","embeddable":true,"href":"https:\/\/bodegaoutdoor.cl\/store\/wp-json\/wp\/v2\/product_tag?post=20324"}],"curies":[{"name":"wp","href":"https:\/\/api.w.org\/{rel}","templated":true}]}}