{"id":20459,"date":"2020-11-16T21:32:17","date_gmt":"2020-11-16T21:32:17","guid":{"rendered":"https:\/\/bodegaoutdoor.cl\/store\/product\/olieco-almohadillas-de-soporte-para-articulaciones-equipo-de-elevacion-de-potencia-deportiva-potenciador-de-proteccion-de-rodilla-rebote-potente\/"},"modified":"2023-05-04T19:19:12","modified_gmt":"2023-05-04T23:19:12","slug":"olieco-almohadillas-de-soporte-para-articulaciones-equipo-de-elevacion-de-potencia-deportiva-potenciador-de-proteccion-de-rodilla-rebote-potente","status":"publish","type":"product","link":"https:\/\/bodegaoutdoor.cl\/store\/product\/olieco-almohadillas-de-soporte-para-articulaciones-equipo-de-elevacion-de-potencia-deportiva-potenciador-de-proteccion-de-rodilla-rebote-potente\/","title":{"rendered":"Soporte para articulaciones rodilla, mejora potencia elevaci\u00f3n deportiva"},"content":{"rendered":"<p style=\"text-align: center;\"><video style=\"max-width: 100%;\" src=\"\/\/cloud.video.taobao.com\/play\/u\/3730325150\/p\/1\/e\/6\/t\/10301\/261001347627.mp4\" poster=\"https:\/\/ae01.alicdn.com\/kf\/Hec45f47f7baa4a37ad0aa6e072dc9f35g\/OLIECO-almohadillas-de-soporte-para-articulaciones-equipo-de-elevaci-n-de-potencia-deportiva-potenciador-de-protecci.jpg,https:\/\/ae01.alicdn.com\/kf\/H8d7bbee562bc4f409998a30896ad8edcE\/OLIECO-almohadillas-de-soporte-para-articulaciones-equipo-de-elevaci-n-de-potencia-deportiva-potenciador-de-protecci.jpg,https:\/\/ae01.alicdn.com\/kf\/Hcdd917f6426e4386ab870b788a1d6fe3x\/OLIECO-almohadillas-de-soporte-para-articulaciones-equipo-de-elevaci-n-de-potencia-deportiva-potenciador-de-protecci.jpg,https:\/\/ae01.alicdn.com\/kf\/H16d62cd15bdf4f4f844089802b52ad9dH\/OLIECO-almohadillas-de-soporte-para-articulaciones-equipo-de-elevaci-n-de-potencia-deportiva-potenciador-de-protecci.jpg,https:\/\/ae01.alicdn.com\/kf\/H3392bdc0d0f243eb91aedf09535125d7U\/OLIECO-almohadillas-de-soporte-para-articulaciones-equipo-de-elevaci-n-de-potencia-deportiva-potenciador-de-protecci.jpg,https:\/\/ae01.alicdn.com\/kf\/Ha85ca9eca5f34e0d989e4d38faad1661B\/OLIECO-almohadillas-de-soporte-para-articulaciones-equipo-de-elevaci-n-de-potencia-deportiva-potenciador-de-protecci.jpg\" preload=\"auto\" controls=\"controls\" width=\"100%\" height=\"100%\"><\/video><\/p>\n<div>\n<p><span style=\"font-size: 14px;\">OLIECO rodilleras, rodilleras de apoyo, rodillera, refuerzo de protecci\u00f3n de rodilla, potente resorte, Protector de pierna de rodilla, equipo deportivo de elevaci\u00f3n de potencia<\/span><\/p>\n<p><span style=\"font-size: 14px;\"><img decoding=\"async\" title=\"OLIECO-almohadillas de soporte para articulaciones, equipo de elevaci\u00f3n de potencia deportiva, potenciador de protecci\u00f3n de rodilla, rebote potente\" src=\"https:\/\/bodegaoutdoor.cl\/store\/wp-content\/uploads\/2020\/11\/20459-zx9fmu.jpg\" alt=\"OLIECO-almohadillas de soporte para articulaciones, equipo de elevaci\u00f3n de potencia deportiva, potenciador de protecci\u00f3n de rodilla, rebote potente\" \/><img decoding=\"async\" title=\"OLIECO-almohadillas de soporte para articulaciones, equipo de elevaci\u00f3n de potencia deportiva, potenciador de protecci\u00f3n de rodilla, rebote potente\" src=\"https:\/\/bodegaoutdoor.cl\/store\/wp-content\/uploads\/2020\/11\/20459-jtknmy.jpg\" alt=\"OLIECO-almohadillas de soporte para articulaciones, equipo de elevaci\u00f3n de potencia deportiva, potenciador de protecci\u00f3n de rodilla, rebote potente\" \/><img decoding=\"async\" title=\"OLIECO-almohadillas de soporte para articulaciones, equipo de elevaci\u00f3n de potencia deportiva, potenciador de protecci\u00f3n de rodilla, rebote potente\" src=\"https:\/\/bodegaoutdoor.cl\/store\/wp-content\/uploads\/2020\/11\/20459-6oal4j.jpg\" alt=\"OLIECO-almohadillas de soporte para articulaciones, equipo de elevaci\u00f3n de potencia deportiva, potenciador de protecci\u00f3n de rodilla, rebote potente\" \/><img decoding=\"async\" title=\"OLIECO-almohadillas de soporte para articulaciones, equipo de elevaci\u00f3n de potencia deportiva, potenciador de protecci\u00f3n de rodilla, rebote potente\" src=\"https:\/\/bodegaoutdoor.cl\/store\/wp-content\/uploads\/2020\/11\/20459-kqamto.jpg\" alt=\"OLIECO-almohadillas de soporte para articulaciones, equipo de elevaci\u00f3n de potencia deportiva, potenciador de protecci\u00f3n de rodilla, rebote potente\" \/><img decoding=\"async\" title=\"OLIECO-almohadillas de soporte para articulaciones, equipo de elevaci\u00f3n de potencia deportiva, potenciador de protecci\u00f3n de rodilla, rebote potente\" src=\"https:\/\/bodegaoutdoor.cl\/store\/wp-content\/uploads\/2020\/11\/20459-v9dtco.jpg\" alt=\"OLIECO-almohadillas de soporte para articulaciones, equipo de elevaci\u00f3n de potencia deportiva, potenciador de protecci\u00f3n de rodilla, rebote potente\" \/><img decoding=\"async\" title=\"OLIECO-almohadillas de soporte para articulaciones, equipo de elevaci\u00f3n de potencia deportiva, potenciador de protecci\u00f3n de rodilla, rebote potente\" src=\"https:\/\/bodegaoutdoor.cl\/store\/wp-content\/uploads\/2020\/11\/20459-h4uvuc.jpg\" alt=\"OLIECO-almohadillas de soporte para articulaciones, equipo de elevaci\u00f3n de potencia deportiva, potenciador de protecci\u00f3n de rodilla, rebote potente\" \/><img decoding=\"async\" title=\"OLIECO-almohadillas de soporte para articulaciones, equipo de elevaci\u00f3n de potencia deportiva, potenciador de protecci\u00f3n de rodilla, rebote potente\" src=\"https:\/\/bodegaoutdoor.cl\/store\/wp-content\/uploads\/2020\/11\/20459-httunp.jpg\" alt=\"OLIECO-almohadillas de soporte para articulaciones, equipo de elevaci\u00f3n de potencia deportiva, potenciador de protecci\u00f3n de rodilla, rebote potente\" \/><img decoding=\"async\" title=\"OLIECO-almohadillas de soporte para articulaciones, equipo de elevaci\u00f3n de potencia deportiva, potenciador de protecci\u00f3n de rodilla, rebote potente\" src=\"https:\/\/bodegaoutdoor.cl\/store\/wp-content\/uploads\/2020\/11\/20459-ezwqi7.jpg\" alt=\"OLIECO-almohadillas de soporte para articulaciones, equipo de elevaci\u00f3n de potencia deportiva, potenciador de protecci\u00f3n de rodilla, rebote potente\" \/><img decoding=\"async\" title=\"OLIECO-almohadillas de soporte para articulaciones, equipo de elevaci\u00f3n de potencia deportiva, potenciador de protecci\u00f3n de rodilla, rebote potente\" src=\"https:\/\/bodegaoutdoor.cl\/store\/wp-content\/uploads\/2020\/11\/20459-zocsqt.jpg\" alt=\"OLIECO-almohadillas de soporte para articulaciones, equipo de elevaci\u00f3n de potencia deportiva, potenciador de protecci\u00f3n de rodilla, rebote potente\" \/><img decoding=\"async\" title=\"OLIECO-almohadillas de soporte para articulaciones, equipo de elevaci\u00f3n de potencia deportiva, potenciador de protecci\u00f3n de rodilla, rebote potente\" src=\"https:\/\/bodegaoutdoor.cl\/store\/wp-content\/uploads\/2020\/11\/20459-5fe78x.jpg\" alt=\"OLIECO-almohadillas de soporte para articulaciones, equipo de elevaci\u00f3n de potencia deportiva, potenciador de protecci\u00f3n de rodilla, rebote potente\" \/><img decoding=\"async\" title=\"OLIECO-almohadillas de soporte para articulaciones, equipo de elevaci\u00f3n de potencia deportiva, potenciador de protecci\u00f3n de rodilla, rebote potente\" src=\"https:\/\/bodegaoutdoor.cl\/store\/wp-content\/uploads\/2020\/11\/20459-8cbodq.jpg\" alt=\"OLIECO-almohadillas de soporte para articulaciones, equipo de elevaci\u00f3n de potencia deportiva, potenciador de protecci\u00f3n de rodilla, rebote potente\" \/><\/span><\/p>\n<p><span style=\"font-size: 14px;\">Marca: OLIECO<\/span><\/p>\n<p><span style=\"font-size: 14px;\">Tipo de proyecto: rodillera<\/span><\/p>\n<p><span style=\"font-size: 14px;\">Material: ABS + resorte de acero al carbono + pa\u00f1o transpirable<\/span><\/p>\n<p><span style=\"font-size: 14px;\">Color: Negro<\/span><\/p>\n<p><span style=\"font-size: 14px;\">Personas aplicables: hinchaz\u00f3n y dolor articular; Lesiones deportivas; Esguince esguince; Fatiga de piernas y pies<\/span><\/p>\n<p><span style=\"font-size: 14px;\">Caracter\u00edstica:<\/span><\/p>\n<p><span style=\"font-size: 14px;\">1,3 muelles de acero al carbono, fuerte resistencia a la compresi\u00f3n, alta elasticidad y alta potencia, descompresi\u00f3n de desgaste y viaje;<\/span><\/p>\n<p><span style=\"font-size: 14px;\">2. Las telas de buceo son flexibles, ligeras y c\u00f3modas y no se deforman para un uso a largo plazo;<\/span><\/p>\n<p><span style=\"font-size: 14px;\">3. El Velcro altamente adhesivo es fijo, f\u00e1cil de fijar, no es f\u00e1cil de caer;<\/span><\/p>\n<p><span style=\"font-size: 14px;\">4. Estabiliza la r\u00f3tula superior e inferior y reduce la presi\u00f3n sobre la rodilla;<\/span><\/p>\n<p><span style=\"font-size: 14px;\">5. El rendimiento de compresi\u00f3n es mejorado y el impacto de la rodilla se acopla durante el funcionamiento y el salto;<\/span><\/p>\n<p><span style=\"font-size: 14px;\">6. Alivia la fatiga y el desgaste de la rodilla;<\/span><\/p>\n<p><span style=\"font-size: 14px;\">7. Fortalece la fuerza de la rodilla, aumenta la fuerza de la rodilla en 40kg cuando est\u00e1 en cuclillas;<\/span><\/p>\n<p><span style=\"font-size: 14px;\">Precauciones de uso:<\/span><\/p>\n<p><span style=\"font-size: 14px;\">1. Con la ayuda de un potenciador, el pliegue de la rodilla tendr\u00e1 un cierto \u00e1ngulo (aproximadamente 45 grados) para comenzar el efecto el\u00e1stico. El principio es que cuando la elasticidad comienza desde 0 grados, la articulaci\u00f3n de la rodilla no es muy suave.<\/span><\/p>\n<p><span style=\"font-size: 14px;\">2. Las rodilleras est\u00e1n equipadas con tres resortes. Cuando la rodilla se flexion\u00f3 alrededor de 45 grados, el asistente de rebote comenz\u00f3 a ayudar a escalar, transportar objetos pesados y heridas graves en la rodilla.<\/span><\/p>\n<p><span style=\"font-size: 14px;\">3. Se recomienda utilizar tres resortes para caminar y escalar; Para correr y ciclismo, Se recomienda ajustar 1-2 resortes.<\/span><\/p>\n<p>&nbsp;<\/p>\n<div><\/div>\n<div><\/div>\n<div><\/div>\n<\/div>\n\n    <div class=\"xs_social_share_widget xs_share_url after_content \t\tmain_content  wslu-style-1 wslu-share-box-shaped wslu-fill-colored wslu-none wslu-share-horizontal wslu-theme-font-no wslu-main_content\">\n\n\t\t\n        <ul>\n\t\t\t        <\/ul>\n    <\/div> \n","protected":false},"excerpt":{"rendered":"<p>OLIECO rodilleras, rodilleras de apoyo, rodillera, refuerzo de protecci\u00f3n de rodilla, potente resorte, Protector de pierna de rodilla, equipo deportivo de elevaci\u00f3n de potencia Marca: OLIECO Tipo de proyecto: rodillera Material: ABS + resorte de acero al carbono + pa\u00f1o transpirable Color: Negro Personas aplicables: hinchaz\u00f3n y dolor articular; Lesiones deportivas; Esguince esguince; Fatiga de [&hellip;]<\/p>\n","protected":false},"featured_media":20464,"comment_status":"open","ping_status":"closed","template":"","meta":{"jetpack_publicize_message":"","jetpack_publicize_feature_enabled":true,"jetpack_social_post_already_shared":true,"jetpack_social_options":{"image_generator_settings":{"template":"highway","enabled":false},"version":2}},"product_brand":[],"product_cat":[1502],"product_tag":[],"class_list":{"0":"post-20459","1":"product","2":"type-product","3":"status-publish","4":"has-post-thumbnail","6":"product_cat-hortopedicos","8":"first","9":"instock","10":"sale","11":"taxable","12":"shipping-taxable","13":"purchasable","14":"product-type-variable"},"jetpack_publicize_connections":[],"jetpack_sharing_enabled":true,"_links":{"self":[{"href":"https:\/\/bodegaoutdoor.cl\/store\/wp-json\/wp\/v2\/product\/20459","targetHints":{"allow":["GET"]}}],"collection":[{"href":"https:\/\/bodegaoutdoor.cl\/store\/wp-json\/wp\/v2\/product"}],"about":[{"href":"https:\/\/bodegaoutdoor.cl\/store\/wp-json\/wp\/v2\/types\/product"}],"replies":[{"embeddable":true,"href":"https:\/\/bodegaoutdoor.cl\/store\/wp-json\/wp\/v2\/comments?post=20459"}],"version-history":[{"count":2,"href":"https:\/\/bodegaoutdoor.cl\/store\/wp-json\/wp\/v2\/product\/20459\/revisions"}],"predecessor-version":[{"id":71146,"href":"https:\/\/bodegaoutdoor.cl\/store\/wp-json\/wp\/v2\/product\/20459\/revisions\/71146"}],"wp:featuredmedia":[{"embeddable":true,"href":"https:\/\/bodegaoutdoor.cl\/store\/wp-json\/wp\/v2\/media\/20464"}],"wp:attachment":[{"href":"https:\/\/bodegaoutdoor.cl\/store\/wp-json\/wp\/v2\/media?parent=20459"}],"wp:term":[{"taxonomy":"product_brand","embeddable":true,"href":"https:\/\/bodegaoutdoor.cl\/store\/wp-json\/wp\/v2\/product_brand?post=20459"},{"taxonomy":"product_cat","embeddable":true,"href":"https:\/\/bodegaoutdoor.cl\/store\/wp-json\/wp\/v2\/product_cat?post=20459"},{"taxonomy":"product_tag","embeddable":true,"href":"https:\/\/bodegaoutdoor.cl\/store\/wp-json\/wp\/v2\/product_tag?post=20459"}],"curies":[{"name":"wp","href":"https:\/\/api.w.org\/{rel}","templated":true}]}}