{"id":20493,"date":"2020-11-27T11:44:59","date_gmt":"2020-11-27T11:44:59","guid":{"rendered":"https:\/\/bodegaoutdoor.cl\/store\/product\/bolsa-tactica-molle-para-hombre-rinonera-bolsillo-pequeno-bolsa-militar-para-correr-bolsas-de-camping-monedero-movil-herramienta-de-viaje\/"},"modified":"2023-05-04T19:19:12","modified_gmt":"2023-05-04T23:19:12","slug":"bolso-pouch-tactico-molle-bolsillo-herramientas-otros","status":"publish","type":"product","link":"https:\/\/bodegaoutdoor.cl\/store\/product\/bolso-pouch-tactico-molle-bolsillo-herramientas-otros\/","title":{"rendered":"Bolso pouch t\u00e1ctico Molle bolsillo, herramientas, otros"},"content":{"rendered":"<p style=\"text-align: left;\"><span style=\"font-size: 18.0px;\"><strong>Caracter\u00edsticas:<\/strong><\/span><\/p>\n<div style=\"text-align: left;\"><\/div>\n<div style=\"text-align: left;\"><span style=\"font-size: 14.0px;\"><span style=\"font-size: 14.0px;\">100% nuevo y de alta calidad<\/span> <\/span><\/div>\n<div style=\"text-align: left;\"><\/div>\n<div style=\"text-align: left;\"><span style=\"font-size: 14.0px;\"><span style=\"font-size: 14.0px;\">Lindo y port\u00e1til<\/span> <\/span><\/div>\n<div style=\"text-align: left;\"><\/div>\n<div style=\"text-align: left;\"><span style=\"font-size: 14.0px;\"><span style=\"font-size: 14.0px;\">Un equipo de viaje genial<\/span> <\/span><\/div>\n<div style=\"text-align: left;\"><\/div>\n<div style=\"text-align: left;\"><span style=\"font-size: 14.0px;\"><span style=\"font-size: 14.0px;\">Se puede colocar en una mochila o un cintur\u00f3n y, por lo tanto, se ajusta perfectamente a la cintura de tu pantal\u00f3n<\/span> <\/span><\/div>\n<div style=\"text-align: left;\"><\/div>\n<div style=\"text-align: left;\"><span style=\"font-size: 14.0px;\"><span style=\"font-size: 14.0px;\">Varios bolsillos en el interior con una gran capacidad y muchas cosas se pueden poner.<\/span> <\/span><\/div>\n<div style=\"text-align: left;\"><\/div>\n<div style=\"text-align: left;\"><span style=\"font-size: 14.0px;\"><span style=\"font-size: 14.0px;\">Puede llevar m\u00f3viles, bol\u00edgrafos, cigarrillos, billeteras, mosquetones y otros art\u00edculos de camping<\/span> <\/span><\/div>\n<div style=\"text-align: left;\"><\/div>\n<p style=\"text-align: left;\"><span style=\"font-size: 14.0px;\"><span style=\"font-size: 14.0px;\">Ideal para actividades al aire libre, deportes t\u00e1cticos, senderismo, escalada, uso EDC, etc.<\/span><\/span><\/p>\n<div style=\"text-align: left;\"><span style=\"font-size: 24.0px;\"><span style=\"font-size: 16.0px;\">Especificaci\u00f3n:<\/span> <\/span><\/div>\n<div style=\"text-align: left;\"><\/div>\n<div style=\"text-align: left;\"><span style=\"font-size: 24.0px;\"><span style=\"font-size: 16.0px;\">Tipo de art\u00edculo: ri\u00f1oneras<\/span> <\/span><\/div>\n<div style=\"text-align: left;\"><\/div>\n<div style=\"text-align: left;\"><span style=\"font-size: 24.0px;\"><span style=\"font-size: 16.0px;\">G\u00e9nero: hombres, mujeres, G\u00e9nero<\/span> <\/span><\/div>\n<div style=\"text-align: left;\"><\/div>\n<div style=\"text-align: left;\"><span style=\"font-size: 24.0px;\"><span style=\"font-size: 16.0px;\">ESTILO: deporte<\/span> <\/span><\/div>\n<div style=\"text-align: left;\"><\/div>\n<div style=\"text-align: left;\"><span style=\"font-size: 24.0px;\"><span style=\"font-size: 16.0px;\">Tipo de patr\u00f3n:<\/span> <\/span><\/div>\n<div style=\"text-align: left;\"><\/div>\n<div style=\"text-align: left;\"><span style=\"font-size: 24.0px;\"><span style=\"font-size: 16.0px;\">Tama\u00f1o: W12 * D6 * H17.5cm (4,72*2,36*6,89 pulgadas)<\/span> <\/span><\/div>\n<div style=\"text-align: left;\"><\/div>\n<div style=\"text-align: left;\"><span style=\"font-size: 24.0px;\"><span style=\"font-size: 16.0px;\">Peso: aproximadamente 150g<\/span> <\/span><\/div>\n<div style=\"text-align: left;\"><\/div>\n<div style=\"text-align: left;\"><span style=\"font-size: 24.0px;\"><span style=\"font-size: 16.0px;\">Adecuado para: Bater\u00eda Externa, BILLETERA, tel\u00e9fono m\u00f3vil, herramienta, port\u00e1til, bol\u00edgrafo, llave, etc. ..<\/span> <\/span><\/div>\n<div style=\"text-align: left;\"><\/div>\n<div style=\"text-align: left;\"><span style=\"font-size: 24.0px;\"><span style=\"font-size: 16.0px;\">Nota: solo incluye la bolsa, otras decoraciones o tel\u00e9fono para ilustraci\u00f3n no incluida en la imagen.<\/span> <\/span><\/div>\n<div style=\"text-align: left;\"><\/div>\n<div style=\"text-align: left;\"><span style=\"font-size: 24.0px;\"><span style=\"font-size: 16.0px;\">Crisol de grafito mini horno de oro de la antorcha de fusi\u00f3n del metal:<\/span> <\/span><\/div>\n<div style=\"text-align: left;\"><\/div>\n<p style=\"text-align: left;\"><span style=\"font-size: 24.0px;\"><span style=\"font-size: 16.0px;\">1 ri\u00f1onera t\u00e1ctica<\/span> <\/span><\/p>\n<p style=\"text-align: left; margin: 0;\"><img decoding=\"async\" title=\"Bolsa t\u00e1ctica Molle para hombre, ri\u00f1onera, bolsillo peque\u00f1o, bolsa militar para correr, bolsas de Camping, monedero m\u00f3vil, herramienta de viaje\" src=\"https:\/\/bodegaoutdoor.cl\/store\/wp-content\/uploads\/2020\/11\/20493-iut9ar.jpg\" alt=\"Bolsa t\u00e1ctica Molle para hombre, ri\u00f1onera, bolsillo peque\u00f1o, bolsa militar para correr, bolsas de Camping, monedero m\u00f3vil, herramienta de viaje\" \/><img decoding=\"async\" title=\"Bolsa t\u00e1ctica Molle para hombre, ri\u00f1onera, bolsillo peque\u00f1o, bolsa militar para correr, bolsas de Camping, monedero m\u00f3vil, herramienta de viaje\" src=\"https:\/\/bodegaoutdoor.cl\/store\/wp-content\/uploads\/2020\/11\/20493-yeuuws.jpg\" alt=\"Bolsa t\u00e1ctica Molle para hombre, ri\u00f1onera, bolsillo peque\u00f1o, bolsa militar para correr, bolsas de Camping, monedero m\u00f3vil, herramienta de viaje\" \/><\/p>\n<p style=\"text-align: left; margin: 0;\"><img decoding=\"async\" title=\"Bolsa t\u00e1ctica Molle para hombre, ri\u00f1onera, bolsillo peque\u00f1o, bolsa militar para correr, bolsas de Camping, monedero m\u00f3vil, herramienta de viaje\" src=\"https:\/\/bodegaoutdoor.cl\/store\/wp-content\/uploads\/2020\/11\/20493-u7orir.jpg\" alt=\"Bolsa t\u00e1ctica Molle para hombre, ri\u00f1onera, bolsillo peque\u00f1o, bolsa militar para correr, bolsas de Camping, monedero m\u00f3vil, herramienta de viaje\" \/><img decoding=\"async\" title=\"Bolsa t\u00e1ctica Molle para hombre, ri\u00f1onera, bolsillo peque\u00f1o, bolsa militar para correr, bolsas de Camping, monedero m\u00f3vil, herramienta de viaje\" src=\"https:\/\/bodegaoutdoor.cl\/store\/wp-content\/uploads\/2020\/11\/20493-ap3fy1.jpg\" alt=\"Bolsa t\u00e1ctica Molle para hombre, ri\u00f1onera, bolsillo peque\u00f1o, bolsa militar para correr, bolsas de Camping, monedero m\u00f3vil, herramienta de viaje\" \/><img decoding=\"async\" title=\"Bolsa t\u00e1ctica Molle para hombre, ri\u00f1onera, bolsillo peque\u00f1o, bolsa militar para correr, bolsas de Camping, monedero m\u00f3vil, herramienta de viaje\" src=\"https:\/\/bodegaoutdoor.cl\/store\/wp-content\/uploads\/2020\/11\/20493-8mutq7.jpg\" alt=\"Bolsa t\u00e1ctica Molle para hombre, ri\u00f1onera, bolsillo peque\u00f1o, bolsa militar para correr, bolsas de Camping, monedero m\u00f3vil, herramienta de viaje\" \/><img decoding=\"async\" title=\"Bolsa t\u00e1ctica Molle para hombre, ri\u00f1onera, bolsillo peque\u00f1o, bolsa militar para correr, bolsas de Camping, monedero m\u00f3vil, herramienta de viaje\" src=\"https:\/\/bodegaoutdoor.cl\/store\/wp-content\/uploads\/2020\/11\/20493-lsm8cn.jpg\" alt=\"Bolsa t\u00e1ctica Molle para hombre, ri\u00f1onera, bolsillo peque\u00f1o, bolsa militar para correr, bolsas de Camping, monedero m\u00f3vil, herramienta de viaje\" \/><img decoding=\"async\" title=\"Bolsa t\u00e1ctica Molle para hombre, ri\u00f1onera, bolsillo peque\u00f1o, bolsa militar para correr, bolsas de Camping, monedero m\u00f3vil, herramienta de viaje\" src=\"https:\/\/bodegaoutdoor.cl\/store\/wp-content\/uploads\/2020\/11\/20493-tsoncq.jpg\" alt=\"Bolsa t\u00e1ctica Molle para hombre, ri\u00f1onera, bolsillo peque\u00f1o, bolsa militar para correr, bolsas de Camping, monedero m\u00f3vil, herramienta de viaje\" \/><img decoding=\"async\" title=\"Bolsa t\u00e1ctica Molle para hombre, ri\u00f1onera, bolsillo peque\u00f1o, bolsa militar para correr, bolsas de Camping, monedero m\u00f3vil, herramienta de viaje\" src=\"https:\/\/bodegaoutdoor.cl\/store\/wp-content\/uploads\/2020\/11\/20493-jwyxha.jpg\" alt=\"Bolsa t\u00e1ctica Molle para hombre, ri\u00f1onera, bolsillo peque\u00f1o, bolsa militar para correr, bolsas de Camping, monedero m\u00f3vil, herramienta de viaje\" \/><img decoding=\"async\" title=\"Bolsa t\u00e1ctica Molle para hombre, ri\u00f1onera, bolsillo peque\u00f1o, bolsa militar para correr, bolsas de Camping, monedero m\u00f3vil, herramienta de viaje\" src=\"https:\/\/bodegaoutdoor.cl\/store\/wp-content\/uploads\/2020\/11\/20493-65dkt4.jpg\" alt=\"Bolsa t\u00e1ctica Molle para hombre, ri\u00f1onera, bolsillo peque\u00f1o, bolsa militar para correr, bolsas de Camping, monedero m\u00f3vil, herramienta de viaje\" \/><img decoding=\"async\" title=\"Bolsa t\u00e1ctica Molle para hombre, ri\u00f1onera, bolsillo peque\u00f1o, bolsa militar para correr, bolsas de Camping, monedero m\u00f3vil, herramienta de viaje\" src=\"https:\/\/bodegaoutdoor.cl\/store\/wp-content\/uploads\/2020\/11\/20493-4rtns7.jpg\" alt=\"Bolsa t\u00e1ctica Molle para hombre, ri\u00f1onera, bolsillo peque\u00f1o, bolsa militar para correr, bolsas de Camping, monedero m\u00f3vil, herramienta de viaje\" \/><\/p>\n<p style=\"text-align: left; margin: 0;\"><img decoding=\"async\" title=\"Bolsa t\u00e1ctica Molle para hombre, ri\u00f1onera, bolsillo peque\u00f1o, bolsa militar para correr, bolsas de Camping, monedero m\u00f3vil, herramienta de viaje\" src=\"https:\/\/bodegaoutdoor.cl\/store\/wp-content\/uploads\/2020\/11\/20493-4wpius.jpg\" alt=\"Bolsa t\u00e1ctica Molle para hombre, ri\u00f1onera, bolsillo peque\u00f1o, bolsa militar para correr, bolsas de Camping, monedero m\u00f3vil, herramienta de viaje\" \/><img decoding=\"async\" title=\"Bolsa t\u00e1ctica Molle para hombre, ri\u00f1onera, bolsillo peque\u00f1o, bolsa militar para correr, bolsas de Camping, monedero m\u00f3vil, herramienta de viaje\" src=\"https:\/\/bodegaoutdoor.cl\/store\/wp-content\/uploads\/2020\/11\/20493-zd8xoc.jpg\" alt=\"Bolsa t\u00e1ctica Molle para hombre, ri\u00f1onera, bolsillo peque\u00f1o, bolsa militar para correr, bolsas de Camping, monedero m\u00f3vil, herramienta de viaje\" \/><img decoding=\"async\" title=\"Bolsa t\u00e1ctica Molle para hombre, ri\u00f1onera, bolsillo peque\u00f1o, bolsa militar para correr, bolsas de Camping, monedero m\u00f3vil, herramienta de viaje\" src=\"https:\/\/bodegaoutdoor.cl\/store\/wp-content\/uploads\/2020\/11\/20493-pvpwia.jpg\" alt=\"Bolsa t\u00e1ctica Molle para hombre, ri\u00f1onera, bolsillo peque\u00f1o, bolsa militar para correr, bolsas de Camping, monedero m\u00f3vil, herramienta de viaje\" \/><img decoding=\"async\" title=\"Bolsa t\u00e1ctica Molle para hombre, ri\u00f1onera, bolsillo peque\u00f1o, bolsa militar para correr, bolsas de Camping, monedero m\u00f3vil, herramienta de viaje\" src=\"https:\/\/bodegaoutdoor.cl\/store\/wp-content\/uploads\/2020\/11\/20493-g2za1f.jpg\" alt=\"Bolsa t\u00e1ctica Molle para hombre, ri\u00f1onera, bolsillo peque\u00f1o, bolsa militar para correr, bolsas de Camping, monedero m\u00f3vil, herramienta de viaje\" \/><img decoding=\"async\" title=\"Bolsa t\u00e1ctica Molle para hombre, ri\u00f1onera, bolsillo peque\u00f1o, bolsa militar para correr, bolsas de Camping, monedero m\u00f3vil, herramienta de viaje\" src=\"https:\/\/bodegaoutdoor.cl\/store\/wp-content\/uploads\/2020\/11\/20493-a8dwor.jpg\" alt=\"Bolsa t\u00e1ctica Molle para hombre, ri\u00f1onera, bolsillo peque\u00f1o, bolsa militar para correr, bolsas de Camping, monedero m\u00f3vil, herramienta de viaje\" \/><img decoding=\"async\" title=\"Bolsa t\u00e1ctica Molle para hombre, ri\u00f1onera, bolsillo peque\u00f1o, bolsa militar para correr, bolsas de Camping, monedero m\u00f3vil, herramienta de viaje\" src=\"https:\/\/bodegaoutdoor.cl\/store\/wp-content\/uploads\/2020\/11\/20493-ahldfd.jpg\" alt=\"Bolsa t\u00e1ctica Molle para hombre, ri\u00f1onera, bolsillo peque\u00f1o, bolsa militar para correr, bolsas de Camping, monedero m\u00f3vil, herramienta de viaje\" \/><img decoding=\"async\" title=\"Bolsa t\u00e1ctica Molle para hombre, ri\u00f1onera, bolsillo peque\u00f1o, bolsa militar para correr, bolsas de Camping, monedero m\u00f3vil, herramienta de viaje\" src=\"https:\/\/bodegaoutdoor.cl\/store\/wp-content\/uploads\/2020\/11\/20493-upf8uj.jpg\" alt=\"Bolsa t\u00e1ctica Molle para hombre, ri\u00f1onera, bolsillo peque\u00f1o, bolsa militar para correr, bolsas de Camping, monedero m\u00f3vil, herramienta de viaje\" \/><img decoding=\"async\" title=\"Bolsa t\u00e1ctica Molle para hombre, ri\u00f1onera, bolsillo peque\u00f1o, bolsa militar para correr, bolsas de Camping, monedero m\u00f3vil, herramienta de viaje\" src=\"https:\/\/bodegaoutdoor.cl\/store\/wp-content\/uploads\/2020\/11\/20493-ez3eym.jpg\" alt=\"Bolsa t\u00e1ctica Molle para hombre, ri\u00f1onera, bolsillo peque\u00f1o, bolsa militar para correr, bolsas de Camping, monedero m\u00f3vil, herramienta de viaje\" \/><img decoding=\"async\" title=\"Bolsa t\u00e1ctica Molle para hombre, ri\u00f1onera, bolsillo peque\u00f1o, bolsa militar para correr, bolsas de Camping, monedero m\u00f3vil, herramienta de viaje\" src=\"https:\/\/bodegaoutdoor.cl\/store\/wp-content\/uploads\/2020\/11\/20493-8fitqr.jpg\" alt=\"Bolsa t\u00e1ctica Molle para hombre, ri\u00f1onera, bolsillo peque\u00f1o, bolsa militar para correr, bolsas de Camping, monedero m\u00f3vil, herramienta de viaje\" \/><img decoding=\"async\" title=\"Bolsa t\u00e1ctica Molle para hombre, ri\u00f1onera, bolsillo peque\u00f1o, bolsa militar para correr, bolsas de Camping, monedero m\u00f3vil, herramienta de viaje\" src=\"https:\/\/bodegaoutdoor.cl\/store\/wp-content\/uploads\/2020\/11\/20493-h4apnv.jpg\" alt=\"Bolsa t\u00e1ctica Molle para hombre, ri\u00f1onera, bolsillo peque\u00f1o, bolsa militar para correr, bolsas de Camping, monedero m\u00f3vil, herramienta de viaje\" \/><\/p>\n<p style=\"font-size: 13.3333px;\"><span style=\"font-size: 24.0px;\">Im\u00e1genes:<\/span><\/p>\n<p style=\"font-size: 13.3333px;\"><span style=\"font-size: 24.0px;\">Foto de funci\u00f3n: (de los comentarios de nuestros clientes)<\/span><\/p>\n<p style=\"text-align: left; margin: 0;\"><img decoding=\"async\" title=\"Bolsa t\u00e1ctica Molle para hombre, ri\u00f1onera, bolsillo peque\u00f1o, bolsa militar para correr, bolsas de Camping, monedero m\u00f3vil, herramienta de viaje\" src=\"https:\/\/bodegaoutdoor.cl\/store\/wp-content\/uploads\/2020\/11\/20493-i8nk6m.jpg\" alt=\"Bolsa t\u00e1ctica Molle para hombre, ri\u00f1onera, bolsillo peque\u00f1o, bolsa militar para correr, bolsas de Camping, monedero m\u00f3vil, herramienta de viaje\" \/><img decoding=\"async\" title=\"Bolsa t\u00e1ctica Molle para hombre, ri\u00f1onera, bolsillo peque\u00f1o, bolsa militar para correr, bolsas de Camping, monedero m\u00f3vil, herramienta de viaje\" src=\"https:\/\/bodegaoutdoor.cl\/store\/wp-content\/uploads\/2020\/11\/20493-jvfkwk.jpg\" alt=\"Bolsa t\u00e1ctica Molle para hombre, ri\u00f1onera, bolsillo peque\u00f1o, bolsa militar para correr, bolsas de Camping, monedero m\u00f3vil, herramienta de viaje\" \/><\/p>\n<p style=\"text-align: left; margin: 0;\"><img decoding=\"async\" title=\"Bolsa t\u00e1ctica Molle para hombre, ri\u00f1onera, bolsillo peque\u00f1o, bolsa militar para correr, bolsas de Camping, monedero m\u00f3vil, herramienta de viaje\" src=\"https:\/\/bodegaoutdoor.cl\/store\/wp-content\/uploads\/2020\/11\/20493-ysragx.jpg\" alt=\"Bolsa t\u00e1ctica Molle para hombre, ri\u00f1onera, bolsillo peque\u00f1o, bolsa militar para correr, bolsas de Camping, monedero m\u00f3vil, herramienta de viaje\" \/><img decoding=\"async\" title=\"Bolsa t\u00e1ctica Molle para hombre, ri\u00f1onera, bolsillo peque\u00f1o, bolsa militar para correr, bolsas de Camping, monedero m\u00f3vil, herramienta de viaje\" src=\"https:\/\/bodegaoutdoor.cl\/store\/wp-content\/uploads\/2020\/11\/20493-fguiyf.jpg\" alt=\"Bolsa t\u00e1ctica Molle para hombre, ri\u00f1onera, bolsillo peque\u00f1o, bolsa militar para correr, bolsas de Camping, monedero m\u00f3vil, herramienta de viaje\" \/><img decoding=\"async\" title=\"Bolsa t\u00e1ctica Molle para hombre, ri\u00f1onera, bolsillo peque\u00f1o, bolsa militar para correr, bolsas de Camping, monedero m\u00f3vil, herramienta de viaje\" src=\"https:\/\/bodegaoutdoor.cl\/store\/wp-content\/uploads\/2020\/11\/20493-2vsthi.jpg\" alt=\"Bolsa t\u00e1ctica Molle para hombre, ri\u00f1onera, bolsillo peque\u00f1o, bolsa militar para correr, bolsas de Camping, monedero m\u00f3vil, herramienta de viaje\" \/><img decoding=\"async\" title=\"Bolsa t\u00e1ctica Molle para hombre, ri\u00f1onera, bolsillo peque\u00f1o, bolsa militar para correr, bolsas de Camping, monedero m\u00f3vil, herramienta de viaje\" src=\"https:\/\/bodegaoutdoor.cl\/store\/wp-content\/uploads\/2020\/11\/20493-ptphmw.jpg\" alt=\"Bolsa t\u00e1ctica Molle para hombre, ri\u00f1onera, bolsillo peque\u00f1o, bolsa militar para correr, bolsas de Camping, monedero m\u00f3vil, herramienta de viaje\" \/><img decoding=\"async\" title=\"Bolsa t\u00e1ctica Molle para hombre, ri\u00f1onera, bolsillo peque\u00f1o, bolsa militar para correr, bolsas de Camping, monedero m\u00f3vil, herramienta de viaje\" src=\"https:\/\/bodegaoutdoor.cl\/store\/wp-content\/uploads\/2020\/11\/20493-km7iab.jpg\" alt=\"Bolsa t\u00e1ctica Molle para hombre, ri\u00f1onera, bolsillo peque\u00f1o, bolsa militar para correr, bolsas de Camping, monedero m\u00f3vil, herramienta de viaje\" \/><img decoding=\"async\" title=\"Bolsa t\u00e1ctica Molle para hombre, ri\u00f1onera, bolsillo peque\u00f1o, bolsa militar para correr, bolsas de Camping, monedero m\u00f3vil, herramienta de viaje\" src=\"https:\/\/bodegaoutdoor.cl\/store\/wp-content\/uploads\/2020\/11\/20493-yc7rva.jpg\" alt=\"Bolsa t\u00e1ctica Molle para hombre, ri\u00f1onera, bolsillo peque\u00f1o, bolsa militar para correr, bolsas de Camping, monedero m\u00f3vil, herramienta de viaje\" \/><img decoding=\"async\" title=\"Bolsa t\u00e1ctica Molle para hombre, ri\u00f1onera, bolsillo peque\u00f1o, bolsa militar para correr, bolsas de Camping, monedero m\u00f3vil, herramienta de viaje\" src=\"https:\/\/bodegaoutdoor.cl\/store\/wp-content\/uploads\/2020\/11\/20493-4kkihk.jpg\" alt=\"Bolsa t\u00e1ctica Molle para hombre, ri\u00f1onera, bolsillo peque\u00f1o, bolsa militar para correr, bolsas de Camping, monedero m\u00f3vil, herramienta de viaje\" \/><\/p>\n\n    <div class=\"xs_social_share_widget xs_share_url after_content \t\tmain_content  wslu-style-1 wslu-share-box-shaped wslu-fill-colored wslu-none wslu-share-horizontal wslu-theme-font-no wslu-main_content\">\n\n\t\t\n        <ul>\n\t\t\t        <\/ul>\n    <\/div> \n","protected":false},"excerpt":{"rendered":"<p>Caracter\u00edsticas: 100% nuevo y de alta calidad Lindo y port\u00e1til Un equipo de viaje genial Se puede colocar en una mochila o un cintur\u00f3n y, por lo tanto, se ajusta perfectamente a la cintura de tu pantal\u00f3n Varios bolsillos en el interior con una gran capacidad y muchas cosas se pueden poner. Puede llevar m\u00f3viles, [&hellip;]<\/p>\n","protected":false},"featured_media":20500,"comment_status":"open","ping_status":"closed","template":"","meta":{"jetpack_publicize_message":"","jetpack_publicize_feature_enabled":true,"jetpack_social_post_already_shared":true,"jetpack_social_options":{"image_generator_settings":{"template":"highway","enabled":false},"version":2}},"product_brand":[],"product_cat":[274,195],"product_tag":[],"class_list":{"0":"post-20493","1":"product","2":"type-product","3":"status-publish","4":"has-post-thumbnail","6":"product_cat-bananos-otros","7":"product_cat-mochilas","9":"first","10":"instock","11":"sale","12":"taxable","13":"shipping-taxable","14":"purchasable","15":"product-type-variable"},"jetpack_publicize_connections":[],"jetpack_sharing_enabled":true,"_links":{"self":[{"href":"https:\/\/bodegaoutdoor.cl\/store\/wp-json\/wp\/v2\/product\/20493","targetHints":{"allow":["GET"]}}],"collection":[{"href":"https:\/\/bodegaoutdoor.cl\/store\/wp-json\/wp\/v2\/product"}],"about":[{"href":"https:\/\/bodegaoutdoor.cl\/store\/wp-json\/wp\/v2\/types\/product"}],"replies":[{"embeddable":true,"href":"https:\/\/bodegaoutdoor.cl\/store\/wp-json\/wp\/v2\/comments?post=20493"}],"version-history":[{"count":2,"href":"https:\/\/bodegaoutdoor.cl\/store\/wp-json\/wp\/v2\/product\/20493\/revisions"}],"predecessor-version":[{"id":71145,"href":"https:\/\/bodegaoutdoor.cl\/store\/wp-json\/wp\/v2\/product\/20493\/revisions\/71145"}],"wp:featuredmedia":[{"embeddable":true,"href":"https:\/\/bodegaoutdoor.cl\/store\/wp-json\/wp\/v2\/media\/20500"}],"wp:attachment":[{"href":"https:\/\/bodegaoutdoor.cl\/store\/wp-json\/wp\/v2\/media?parent=20493"}],"wp:term":[{"taxonomy":"product_brand","embeddable":true,"href":"https:\/\/bodegaoutdoor.cl\/store\/wp-json\/wp\/v2\/product_brand?post=20493"},{"taxonomy":"product_cat","embeddable":true,"href":"https:\/\/bodegaoutdoor.cl\/store\/wp-json\/wp\/v2\/product_cat?post=20493"},{"taxonomy":"product_tag","embeddable":true,"href":"https:\/\/bodegaoutdoor.cl\/store\/wp-json\/wp\/v2\/product_tag?post=20493"}],"curies":[{"name":"wp","href":"https:\/\/api.w.org\/{rel}","templated":true}]}}