{"id":20579,"date":"2020-11-27T16:43:07","date_gmt":"2020-11-27T16:43:07","guid":{"rendered":"https:\/\/bodegaoutdoor.cl\/store\/product\/auriculares-inpods-i12-tws-auriculares-originales-macaron-inpods-12-auriculares-pop-ups-con-windows-control\/"},"modified":"2023-05-04T19:19:12","modified_gmt":"2023-05-04T23:19:12","slug":"auriculares-inpods-i12-tws-originales-bluethooth-5-0","status":"publish","type":"product","link":"https:\/\/bodegaoutdoor.cl\/store\/product\/auriculares-inpods-i12-tws-originales-bluethooth-5-0\/","title":{"rendered":"Auriculares Inpods i12 TWS originales Bluetooth 5.0"},"content":{"rendered":"<p><img fetchpriority=\"high\" decoding=\"async\" class=\"alignnone size-full wp-image-20610\" src=\"https:\/\/bodegaoutdoor.cl\/store\/wp-content\/uploads\/2020\/11\/1571040153363962.jpg\" alt=\"\" width=\"892\" height=\"894\" srcset=\"https:\/\/bodegaoutdoor.cl\/store\/wp-content\/uploads\/2020\/11\/1571040153363962.jpg 892w, https:\/\/bodegaoutdoor.cl\/store\/wp-content\/uploads\/2020\/11\/1571040153363962-300x300.jpg 300w, https:\/\/bodegaoutdoor.cl\/store\/wp-content\/uploads\/2020\/11\/1571040153363962-100x100.jpg 100w, https:\/\/bodegaoutdoor.cl\/store\/wp-content\/uploads\/2020\/11\/1571040153363962-600x601.jpg 600w, https:\/\/bodegaoutdoor.cl\/store\/wp-content\/uploads\/2020\/11\/1571040153363962-150x150.jpg 150w, https:\/\/bodegaoutdoor.cl\/store\/wp-content\/uploads\/2020\/11\/1571040153363962-768x770.jpg 768w\" sizes=\"(max-width: 892px) 100vw, 892px\" \/> <img decoding=\"async\" class=\"alignnone size-full wp-image-20609\" src=\"https:\/\/bodegaoutdoor.cl\/store\/wp-content\/uploads\/2020\/11\/1571040153144850-1.jpg\" alt=\"\" width=\"896\" height=\"894\" srcset=\"https:\/\/bodegaoutdoor.cl\/store\/wp-content\/uploads\/2020\/11\/1571040153144850-1.jpg 896w, https:\/\/bodegaoutdoor.cl\/store\/wp-content\/uploads\/2020\/11\/1571040153144850-1-300x300.jpg 300w, https:\/\/bodegaoutdoor.cl\/store\/wp-content\/uploads\/2020\/11\/1571040153144850-1-100x100.jpg 100w, https:\/\/bodegaoutdoor.cl\/store\/wp-content\/uploads\/2020\/11\/1571040153144850-1-600x599.jpg 600w, https:\/\/bodegaoutdoor.cl\/store\/wp-content\/uploads\/2020\/11\/1571040153144850-1-150x150.jpg 150w, https:\/\/bodegaoutdoor.cl\/store\/wp-content\/uploads\/2020\/11\/1571040153144850-1-768x766.jpg 768w\" sizes=\"(max-width: 896px) 100vw, 896px\" \/> <img decoding=\"async\" class=\"alignnone size-full wp-image-20608\" src=\"https:\/\/bodegaoutdoor.cl\/store\/wp-content\/uploads\/2020\/11\/65d0202466c8e2ba31122a6a2d406fb7.jpg\" alt=\"\" width=\"600\" height=\"600\" srcset=\"https:\/\/bodegaoutdoor.cl\/store\/wp-content\/uploads\/2020\/11\/65d0202466c8e2ba31122a6a2d406fb7.jpg 600w, https:\/\/bodegaoutdoor.cl\/store\/wp-content\/uploads\/2020\/11\/65d0202466c8e2ba31122a6a2d406fb7-300x300.jpg 300w, https:\/\/bodegaoutdoor.cl\/store\/wp-content\/uploads\/2020\/11\/65d0202466c8e2ba31122a6a2d406fb7-100x100.jpg 100w, https:\/\/bodegaoutdoor.cl\/store\/wp-content\/uploads\/2020\/11\/65d0202466c8e2ba31122a6a2d406fb7-150x150.jpg 150w\" sizes=\"(max-width: 600px) 100vw, 600px\" \/> <img loading=\"lazy\" decoding=\"async\" class=\"alignnone size-full wp-image-20611\" src=\"https:\/\/bodegaoutdoor.cl\/store\/wp-content\/uploads\/2020\/11\/http___s3.amazonaws.com_imagenes-sellers-mercado-ripley_2020_07_05051521_inpod-verde.jpg\" alt=\"\" width=\"750\" height=\"555\" srcset=\"https:\/\/bodegaoutdoor.cl\/store\/wp-content\/uploads\/2020\/11\/http___s3.amazonaws.com_imagenes-sellers-mercado-ripley_2020_07_05051521_inpod-verde.jpg 750w, https:\/\/bodegaoutdoor.cl\/store\/wp-content\/uploads\/2020\/11\/http___s3.amazonaws.com_imagenes-sellers-mercado-ripley_2020_07_05051521_inpod-verde-600x444.jpg 600w\" sizes=\"(max-width: 750px) 100vw, 750px\" \/><\/p>\n<p>&nbsp;<\/p>\n<p><span style=\"font-size: 28px;\">Grandes cantidades tendr\u00e1n mayores descuentos, \u00a1por favor cont\u00e1ctenos!<\/span><\/p>\n<p><strong style=\"font-size: 22px;\">Si necesita m\u00e1s im\u00e1genes, no dude en contactarnos<\/strong><\/p>\n<p>&nbsp;<\/p>\n<map name=\"AutoMap5ae83d851\">\n<area coords=\"0,0,553,558\" shape=\"rect\" href=\"\/\/www.aliexpress.com\/item\/1005001605635241.html?spm=5261.ProductManageOnline.0.0.25d44edfk8GFcf\" target=\"\" \/><\/map>\n<p>&nbsp;<\/p>\n<div>\n<div style=\"height: 0; overflow: hidden;\">Modname = ckedi<strong>Par\u00e1metros del producto:<\/strong>1. Peso del producto: 4-5g (auricular individual).2. Tiempo de Trabajo: 2-3 horas.<span style=\"font-size: 20px;\">3. Tiempo de espera: 100 \/ h para un o\u00eddo y 60 \/ h para ambos o\u00eddos.<\/span><\/div>\n<div>\n<div>\n<p><span style=\"font-size: 20px;\">La descripci\u00f3n de los productos<\/span><\/p>\n<div><span style=\"font-size: 20px;\">1. Tiempo de carga: 1-1,5 horas.<\/span><\/div>\n<div><span style=\"font-size: 20px;\">2. Capacidad de la bater\u00eda del auricular individual: 35mAh.<\/span><\/div>\n<div><span style=\"font-size: 20px;\">3.Betty caja de carga: 300 mAh.<\/span><\/div>\n<div><span style=\"font-size: 20px;\">4. Distancia inal\u00e1mbrica: 10m.<\/span><\/div>\n<div><span style=\"font-size: 20px;\">5. Tiempo de Trabajo: 3-5 horas<\/span><\/div>\n<div><span style=\"font-size: 22px;\">El paquete incluye: 1 manual 1 cable de carga 1 caja de embalaje y 2 auriculares<\/span><\/div>\n<\/div>\n<div>\n<div>\n<div><\/div>\n<div><\/div>\n<div><img loading=\"lazy\" decoding=\"async\" title=\"Auriculares Inpods i12 TWS, auriculares originales Macaron Inpods 12, auriculares Pop-ups con Windows control\" src=\"https:\/\/bodegaoutdoor.cl\/store\/wp-content\/uploads\/2020\/11\/20579-wvtncw.jpg\" alt=\"Auriculares Inpods i12 TWS, auriculares originales Macaron Inpods 12, auriculares Pop-ups con Windows control\" width=\"800\" height=\"800\" \/><\/div>\n<div><\/div>\n<div style=\"text-align: center;\"><\/div>\n<div><img decoding=\"async\" title=\"Auriculares Inpods i12 TWS, auriculares originales Macaron Inpods 12, auriculares Pop-ups con Windows control\" src=\"https:\/\/bodegaoutdoor.cl\/store\/wp-content\/uploads\/2020\/11\/20579-ysxgsu.jpg\" alt=\"Auriculares Inpods i12 TWS, auriculares originales Macaron Inpods 12, auriculares Pop-ups con Windows control\" \/><\/div>\n<div><\/div>\n<\/div>\n<\/div>\n<div>\n<div><img decoding=\"async\" title=\"Auriculares Inpods i12 TWS, auriculares originales Macaron Inpods 12, auriculares Pop-ups con Windows control\" src=\"https:\/\/bodegaoutdoor.cl\/store\/wp-content\/uploads\/2020\/11\/20579-ehumko.jpg\" alt=\"Auriculares Inpods i12 TWS, auriculares originales Macaron Inpods 12, auriculares Pop-ups con Windows control\" \/><\/div>\n<div><img decoding=\"async\" title=\"Auriculares Inpods i12 TWS, auriculares originales Macaron Inpods 12, auriculares Pop-ups con Windows control\" src=\"https:\/\/bodegaoutdoor.cl\/store\/wp-content\/uploads\/2020\/11\/20579-wkygxo.jpg\" alt=\"Auriculares Inpods i12 TWS, auriculares originales Macaron Inpods 12, auriculares Pop-ups con Windows control\" \/><\/div>\n<div><\/div>\n<\/div>\n<\/div>\n<\/div>\n\n    <div class=\"xs_social_share_widget xs_share_url after_content \t\tmain_content  wslu-style-1 wslu-share-box-shaped wslu-fill-colored wslu-none wslu-share-horizontal wslu-theme-font-no wslu-main_content\">\n\n\t\t\n        <ul>\n\t\t\t        <\/ul>\n    <\/div> \n","protected":false},"excerpt":{"rendered":"<p>&nbsp; Grandes cantidades tendr\u00e1n mayores descuentos, \u00a1por favor cont\u00e1ctenos! Si necesita m\u00e1s im\u00e1genes, no dude en contactarnos &nbsp; &nbsp; Modname = ckediPar\u00e1metros del producto:1. Peso del producto: 4-5g (auricular individual).2. Tiempo de Trabajo: 2-3 horas.3. Tiempo de espera: 100 \/ h para un o\u00eddo y 60 \/ h para ambos o\u00eddos. La descripci\u00f3n de los [&hellip;]<\/p>\n","protected":false},"featured_media":20613,"comment_status":"open","ping_status":"closed","template":"","meta":{"jetpack_publicize_message":"","jetpack_publicize_feature_enabled":true,"jetpack_social_post_already_shared":true,"jetpack_social_options":{"image_generator_settings":{"template":"highway","enabled":false},"version":2}},"product_brand":[],"product_cat":[31],"product_tag":[],"class_list":{"0":"post-20579","1":"product","2":"type-product","3":"status-publish","4":"has-post-thumbnail","6":"product_cat-audifonos","8":"first","9":"instock","10":"sale","11":"taxable","12":"shipping-taxable","13":"purchasable","14":"product-type-variable"},"jetpack_publicize_connections":[],"jetpack_sharing_enabled":true,"_links":{"self":[{"href":"https:\/\/bodegaoutdoor.cl\/store\/wp-json\/wp\/v2\/product\/20579","targetHints":{"allow":["GET"]}}],"collection":[{"href":"https:\/\/bodegaoutdoor.cl\/store\/wp-json\/wp\/v2\/product"}],"about":[{"href":"https:\/\/bodegaoutdoor.cl\/store\/wp-json\/wp\/v2\/types\/product"}],"replies":[{"embeddable":true,"href":"https:\/\/bodegaoutdoor.cl\/store\/wp-json\/wp\/v2\/comments?post=20579"}],"version-history":[{"count":2,"href":"https:\/\/bodegaoutdoor.cl\/store\/wp-json\/wp\/v2\/product\/20579\/revisions"}],"predecessor-version":[{"id":71144,"href":"https:\/\/bodegaoutdoor.cl\/store\/wp-json\/wp\/v2\/product\/20579\/revisions\/71144"}],"wp:featuredmedia":[{"embeddable":true,"href":"https:\/\/bodegaoutdoor.cl\/store\/wp-json\/wp\/v2\/media\/20613"}],"wp:attachment":[{"href":"https:\/\/bodegaoutdoor.cl\/store\/wp-json\/wp\/v2\/media?parent=20579"}],"wp:term":[{"taxonomy":"product_brand","embeddable":true,"href":"https:\/\/bodegaoutdoor.cl\/store\/wp-json\/wp\/v2\/product_brand?post=20579"},{"taxonomy":"product_cat","embeddable":true,"href":"https:\/\/bodegaoutdoor.cl\/store\/wp-json\/wp\/v2\/product_cat?post=20579"},{"taxonomy":"product_tag","embeddable":true,"href":"https:\/\/bodegaoutdoor.cl\/store\/wp-json\/wp\/v2\/product_tag?post=20579"}],"curies":[{"name":"wp","href":"https:\/\/api.w.org\/{rel}","templated":true}]}}