{"id":20614,"date":"2020-11-27T22:27:53","date_gmt":"2020-11-27T22:27:53","guid":{"rendered":"https:\/\/bodegaoutdoor.cl\/store\/product\/hamaca-de-acampada-jardin-con-mosquitera-muebles-de-exterior-para-1-2-personas-cama-colgante-portatil-tela-de-paracaidas-resistente-columpio-para-dormir\/"},"modified":"2023-05-04T19:19:12","modified_gmt":"2023-05-04T23:19:12","slug":"hamaca-de-acampada-jardin-con-mosquitera-para-1-2-personas","status":"publish","type":"product","link":"https:\/\/bodegaoutdoor.cl\/store\/product\/hamaca-de-acampada-jardin-con-mosquitera-para-1-2-personas\/","title":{"rendered":"Hamaca de acampada\/jard\u00edn con mosquitera, para 1-2 personas"},"content":{"rendered":"<div>\n<p style=\"font-family: 'OpenSans'; color: #000; font-weight: 300; font-size: 14px; line-height: 20px; margin-bottom: 12px;\">Caracter\u00edsticas:<br \/>\n* 1 Buena calidad, 210T Nisi spinning \/ 2CM correas de alta resistencia\/malla encriptada.<br \/>\n* 2 Embalaje ligero, con un peso de solo 650 gramos, que se puede utilizar f\u00e1cilmente para viajes al aire libre.<br \/>\n* 3 Correa est\u00e1ndar, correa est\u00e1ndar de 3 metros de alta resistencia (dos), rodamiento de alta resistencia 300KG.<br \/>\n* 4 La cuerda de conexi\u00f3n, la hamaca y la cuerda de conexi\u00f3n de la hebilla utilizan correas de alta resistencia de 2CM, que tiene una capacidad de soporte de alta resistencia y no es f\u00e1cil de tirar y deformar.<\/p>\n<p>Par\u00e1metro de la introducci\u00f3n:<br \/>\nNombre: hamaca con mosquitera<br \/>\nCarga m\u00e1xima: 300 (kg)<br \/>\nCategor\u00eda: hamaca mosquitera<br \/>\nTama\u00f1o: 260*140CM (\u00b1 error 3%)<br \/>\nPeso: alrededor de 650 gramos<br \/>\nAccesorios: Hamaca, bolsa de almacenamiento, hebilla de Hamaca, correa, cuerda de tracci\u00f3n de 6 metros<\/p>\n<p>Lista de productos:<br \/>\n1 * hamaca<br \/>\n1 * bolsa de almacenamiento<br \/>\n2 * Correa<br \/>\nCuerda de Mira 2*6<br \/>\n2 * bot\u00f3n<\/p>\n<p>Recordatorio:<br \/>\n1. Todas las im\u00e1genes han sido corregidas profesionalmente, pero debido a la luz ambiental diferente y la configuraci\u00f3n de los diferentes dispositivos de visualizaci\u00f3n, puede haber algunas desviaciones en las im\u00e1genes y art\u00edculos que ves, por favor comprenda.<br \/>\n2. Los datos se miden manualmente, puede haber alguna desviaci\u00f3n, pero no afecta el uso.<\/p>\n<p><img decoding=\"async\" title=\"Hamaca de acampada\/jard\u00edn con mosquitera, muebles de exterior para 1-2 personas, cama colgante port\u00e1til, tela de paraca\u00eddas resistente, columpio para dormir\" src=\"https:\/\/bodegaoutdoor.cl\/store\/wp-content\/uploads\/2020\/11\/20614-eunrzl.jpg\" alt=\"Hamaca de acampada\/jard\u00edn con mosquitera, muebles de exterior para 1-2 personas, cama colgante port\u00e1til, tela de paraca\u00eddas resistente, columpio para dormir\" \/><img decoding=\"async\" title=\"Hamaca de acampada\/jard\u00edn con mosquitera, muebles de exterior para 1-2 personas, cama colgante port\u00e1til, tela de paraca\u00eddas resistente, columpio para dormir\" src=\"https:\/\/bodegaoutdoor.cl\/store\/wp-content\/uploads\/2020\/11\/20614-hk5qsj.jpg\" alt=\"Hamaca de acampada\/jard\u00edn con mosquitera, muebles de exterior para 1-2 personas, cama colgante port\u00e1til, tela de paraca\u00eddas resistente, columpio para dormir\" \/><img decoding=\"async\" title=\"Hamaca de acampada\/jard\u00edn con mosquitera, muebles de exterior para 1-2 personas, cama colgante port\u00e1til, tela de paraca\u00eddas resistente, columpio para dormir\" src=\"https:\/\/bodegaoutdoor.cl\/store\/wp-content\/uploads\/2020\/11\/20614-zb3bdz.jpg\" alt=\"Hamaca de acampada\/jard\u00edn con mosquitera, muebles de exterior para 1-2 personas, cama colgante port\u00e1til, tela de paraca\u00eddas resistente, columpio para dormir\" \/><img decoding=\"async\" title=\"Hamaca de acampada\/jard\u00edn con mosquitera, muebles de exterior para 1-2 personas, cama colgante port\u00e1til, tela de paraca\u00eddas resistente, columpio para dormir\" src=\"https:\/\/bodegaoutdoor.cl\/store\/wp-content\/uploads\/2020\/11\/20614-qvawuv.jpg\" alt=\"Hamaca de acampada\/jard\u00edn con mosquitera, muebles de exterior para 1-2 personas, cama colgante port\u00e1til, tela de paraca\u00eddas resistente, columpio para dormir\" \/><img decoding=\"async\" title=\"Hamaca de acampada\/jard\u00edn con mosquitera, muebles de exterior para 1-2 personas, cama colgante port\u00e1til, tela de paraca\u00eddas resistente, columpio para dormir\" src=\"https:\/\/bodegaoutdoor.cl\/store\/wp-content\/uploads\/2020\/11\/20614-akp2q2.jpg\" alt=\"Hamaca de acampada\/jard\u00edn con mosquitera, muebles de exterior para 1-2 personas, cama colgante port\u00e1til, tela de paraca\u00eddas resistente, columpio para dormir\" \/><img decoding=\"async\" title=\"Hamaca de acampada\/jard\u00edn con mosquitera, muebles de exterior para 1-2 personas, cama colgante port\u00e1til, tela de paraca\u00eddas resistente, columpio para dormir\" src=\"https:\/\/bodegaoutdoor.cl\/store\/wp-content\/uploads\/2020\/11\/20614-grjn0d.jpg\" alt=\"Hamaca de acampada\/jard\u00edn con mosquitera, muebles de exterior para 1-2 personas, cama colgante port\u00e1til, tela de paraca\u00eddas resistente, columpio para dormir\" \/><img decoding=\"async\" title=\"Hamaca de acampada\/jard\u00edn con mosquitera, muebles de exterior para 1-2 personas, cama colgante port\u00e1til, tela de paraca\u00eddas resistente, columpio para dormir\" src=\"https:\/\/bodegaoutdoor.cl\/store\/wp-content\/uploads\/2020\/11\/20614-0sdyrm.jpg\" alt=\"Hamaca de acampada\/jard\u00edn con mosquitera, muebles de exterior para 1-2 personas, cama colgante port\u00e1til, tela de paraca\u00eddas resistente, columpio para dormir\" \/><img decoding=\"async\" title=\"Hamaca de acampada\/jard\u00edn con mosquitera, muebles de exterior para 1-2 personas, cama colgante port\u00e1til, tela de paraca\u00eddas resistente, columpio para dormir\" src=\"https:\/\/bodegaoutdoor.cl\/store\/wp-content\/uploads\/2020\/11\/20614-4kn2ge.jpg\" alt=\"Hamaca de acampada\/jard\u00edn con mosquitera, muebles de exterior para 1-2 personas, cama colgante port\u00e1til, tela de paraca\u00eddas resistente, columpio para dormir\" \/><img decoding=\"async\" title=\"Hamaca de acampada\/jard\u00edn con mosquitera, muebles de exterior para 1-2 personas, cama colgante port\u00e1til, tela de paraca\u00eddas resistente, columpio para dormir\" src=\"https:\/\/bodegaoutdoor.cl\/store\/wp-content\/uploads\/2020\/11\/20614-i8mldc.jpg\" alt=\"Hamaca de acampada\/jard\u00edn con mosquitera, muebles de exterior para 1-2 personas, cama colgante port\u00e1til, tela de paraca\u00eddas resistente, columpio para dormir\" \/><img decoding=\"async\" title=\"Hamaca de acampada\/jard\u00edn con mosquitera, muebles de exterior para 1-2 personas, cama colgante port\u00e1til, tela de paraca\u00eddas resistente, columpio para dormir\" src=\"https:\/\/bodegaoutdoor.cl\/store\/wp-content\/uploads\/2020\/11\/20614-x2pide.jpg\" alt=\"Hamaca de acampada\/jard\u00edn con mosquitera, muebles de exterior para 1-2 personas, cama colgante port\u00e1til, tela de paraca\u00eddas resistente, columpio para dormir\" \/><img decoding=\"async\" title=\"Hamaca de acampada\/jard\u00edn con mosquitera, muebles de exterior para 1-2 personas, cama colgante port\u00e1til, tela de paraca\u00eddas resistente, columpio para dormir\" src=\"https:\/\/bodegaoutdoor.cl\/store\/wp-content\/uploads\/2020\/11\/20614-lnhonc.jpg\" alt=\"Hamaca de acampada\/jard\u00edn con mosquitera, muebles de exterior para 1-2 personas, cama colgante port\u00e1til, tela de paraca\u00eddas resistente, columpio para dormir\" \/><img decoding=\"async\" title=\"Hamaca de acampada\/jard\u00edn con mosquitera, muebles de exterior para 1-2 personas, cama colgante port\u00e1til, tela de paraca\u00eddas resistente, columpio para dormir\" src=\"https:\/\/bodegaoutdoor.cl\/store\/wp-content\/uploads\/2020\/11\/20614-k5a43u.jpg\" alt=\"Hamaca de acampada\/jard\u00edn con mosquitera, muebles de exterior para 1-2 personas, cama colgante port\u00e1til, tela de paraca\u00eddas resistente, columpio para dormir\" \/><img decoding=\"async\" title=\"Hamaca de acampada\/jard\u00edn con mosquitera, muebles de exterior para 1-2 personas, cama colgante port\u00e1til, tela de paraca\u00eddas resistente, columpio para dormir\" src=\"https:\/\/bodegaoutdoor.cl\/store\/wp-content\/uploads\/2020\/11\/20614-bffjyf.jpg\" alt=\"Hamaca de acampada\/jard\u00edn con mosquitera, muebles de exterior para 1-2 personas, cama colgante port\u00e1til, tela de paraca\u00eddas resistente, columpio para dormir\" \/><\/p>\n<\/div>\n\n    <div class=\"xs_social_share_widget xs_share_url after_content \t\tmain_content  wslu-style-1 wslu-share-box-shaped wslu-fill-colored wslu-none wslu-share-horizontal wslu-theme-font-no wslu-main_content\">\n\n\t\t\n        <ul>\n\t\t\t        <\/ul>\n    <\/div> \n","protected":false},"excerpt":{"rendered":"<p>Caracter\u00edsticas: * 1 Buena calidad, 210T Nisi spinning \/ 2CM correas de alta resistencia\/malla encriptada. * 2 Embalaje ligero, con un peso de solo 650 gramos, que se puede utilizar f\u00e1cilmente para viajes al aire libre. * 3 Correa est\u00e1ndar, correa est\u00e1ndar de 3 metros de alta resistencia (dos), rodamiento de alta resistencia 300KG. * [&hellip;]<\/p>\n","protected":false},"featured_media":20642,"comment_status":"open","ping_status":"closed","template":"","meta":{"jetpack_publicize_message":"","jetpack_publicize_feature_enabled":true,"jetpack_social_post_already_shared":true,"jetpack_social_options":{"image_generator_settings":{"template":"highway","enabled":false},"version":2}},"product_brand":[],"product_cat":[275],"product_tag":[],"class_list":{"0":"post-20614","1":"product","2":"type-product","3":"status-publish","4":"has-post-thumbnail","6":"product_cat-hamacas","8":"first","9":"instock","10":"sale","11":"taxable","12":"shipping-taxable","13":"purchasable","14":"product-type-variable"},"jetpack_publicize_connections":[],"jetpack_sharing_enabled":true,"_links":{"self":[{"href":"https:\/\/bodegaoutdoor.cl\/store\/wp-json\/wp\/v2\/product\/20614","targetHints":{"allow":["GET"]}}],"collection":[{"href":"https:\/\/bodegaoutdoor.cl\/store\/wp-json\/wp\/v2\/product"}],"about":[{"href":"https:\/\/bodegaoutdoor.cl\/store\/wp-json\/wp\/v2\/types\/product"}],"replies":[{"embeddable":true,"href":"https:\/\/bodegaoutdoor.cl\/store\/wp-json\/wp\/v2\/comments?post=20614"}],"version-history":[{"count":2,"href":"https:\/\/bodegaoutdoor.cl\/store\/wp-json\/wp\/v2\/product\/20614\/revisions"}],"predecessor-version":[{"id":71143,"href":"https:\/\/bodegaoutdoor.cl\/store\/wp-json\/wp\/v2\/product\/20614\/revisions\/71143"}],"wp:featuredmedia":[{"embeddable":true,"href":"https:\/\/bodegaoutdoor.cl\/store\/wp-json\/wp\/v2\/media\/20642"}],"wp:attachment":[{"href":"https:\/\/bodegaoutdoor.cl\/store\/wp-json\/wp\/v2\/media?parent=20614"}],"wp:term":[{"taxonomy":"product_brand","embeddable":true,"href":"https:\/\/bodegaoutdoor.cl\/store\/wp-json\/wp\/v2\/product_brand?post=20614"},{"taxonomy":"product_cat","embeddable":true,"href":"https:\/\/bodegaoutdoor.cl\/store\/wp-json\/wp\/v2\/product_cat?post=20614"},{"taxonomy":"product_tag","embeddable":true,"href":"https:\/\/bodegaoutdoor.cl\/store\/wp-json\/wp\/v2\/product_tag?post=20614"}],"curies":[{"name":"wp","href":"https:\/\/api.w.org\/{rel}","templated":true}]}}