{"id":20703,"date":"2020-11-29T13:33:04","date_gmt":"2020-11-29T13:33:04","guid":{"rendered":"https:\/\/bodegaoutdoor.cl\/store\/product\/gafas-de-natacion-para-ninos-gafas-de-natacion-antivaho-profesional-impermeable-de-silicona-para-ninos-y-ninas-gafas-de-natacion-para-piscina-para-ninos\/"},"modified":"2023-05-04T19:19:12","modified_gmt":"2023-05-04T23:19:12","slug":"gafas-de-natacion-para-ninos-gafas-de-natacion-antivaho-profesional-impermeable-de-silicona-para-ninos-y-ninas-gafas-de-natacion-para-piscina-para-ninos","status":"publish","type":"product","link":"https:\/\/bodegaoutdoor.cl\/store\/product\/gafas-de-natacion-para-ninos-gafas-de-natacion-antivaho-profesional-impermeable-de-silicona-para-ninos-y-ninas-gafas-de-natacion-para-piscina-para-ninos\/","title":{"rendered":"Gafas de nataci\u00f3n silicona para ni\u00f1os ajustable"},"content":{"rendered":"<div style=\"margin: 10px auto 0; max-width: 100%;\">\n<div style=\"margin-top: -74.46%;\">\n<div style=\"margin-left: 25.0%; margin-top: -37.23%; width: 25.0%;\"><a href=\"\/\/www.aliexpress.com\/item\/detail\/1005001702341671.html\" target=\"_blank\" rel=\"noopener noreferrer\"><img decoding=\"async\" style=\"width: 233px; height: 347px;\" title=\"Gafas de nataci\u00f3n para ni\u00f1os gafas de nataci\u00f3n antivaho profesional impermeable de silicona para ni\u00f1os y ni\u00f1as gafas de nataci\u00f3n para piscina para ni\u00f1os\" src=\"https:\/\/bodegaoutdoor.cl\/store\/wp-content\/uploads\/2020\/11\/20703-neeswc.png\" alt=\"Gafas de nataci\u00f3n para ni\u00f1os gafas de nataci\u00f3n antivaho profesional impermeable de silicona para ni\u00f1os y ni\u00f1as gafas de nataci\u00f3n para piscina para ni\u00f1os\" \/><\/a><\/div>\n<div style=\"margin-left: 50.0%; margin-top: -37.23%; width: 25.0%;\"><a href=\"\/\/www.aliexpress.com\/item\/detail\/1005001685141818.html\" target=\"_blank\" rel=\"noopener noreferrer\"><img decoding=\"async\" style=\"width: 233px; height: 347px;\" title=\"Gafas de nataci\u00f3n para ni\u00f1os gafas de nataci\u00f3n antivaho profesional impermeable de silicona para ni\u00f1os y ni\u00f1as gafas de nataci\u00f3n para piscina para ni\u00f1os\" src=\"https:\/\/bodegaoutdoor.cl\/store\/wp-content\/uploads\/2020\/11\/20703-neeswc.png\" alt=\"Gafas de nataci\u00f3n para ni\u00f1os gafas de nataci\u00f3n antivaho profesional impermeable de silicona para ni\u00f1os y ni\u00f1as gafas de nataci\u00f3n para piscina para ni\u00f1os\" \/><\/a><\/div>\n<div style=\"margin-left: 75.0%; margin-top: -37.23%; width: 25.0%;\"><a href=\"\/\/www.aliexpress.com\/item\/detail\/1005001611658142.html\" target=\"_blank\" rel=\"noopener noreferrer\"><img decoding=\"async\" style=\"width: 233px; height: 347px;\" title=\"Gafas de nataci\u00f3n para ni\u00f1os gafas de nataci\u00f3n antivaho profesional impermeable de silicona para ni\u00f1os y ni\u00f1as gafas de nataci\u00f3n para piscina para ni\u00f1os\" src=\"https:\/\/bodegaoutdoor.cl\/store\/wp-content\/uploads\/2020\/11\/20703-neeswc.png\" alt=\"Gafas de nataci\u00f3n para ni\u00f1os gafas de nataci\u00f3n antivaho profesional impermeable de silicona para ni\u00f1os y ni\u00f1as gafas de nataci\u00f3n para piscina para ni\u00f1os\" \/><\/a><\/div>\n<div style=\"margin-left: 0.0%; margin-top: 0.0%; width: 25.0%;\"><a href=\"\/\/www.aliexpress.com\/item\/detail\/1005001313669762.html\" target=\"_blank\" rel=\"noopener noreferrer\"><img decoding=\"async\" style=\"width: 233px; height: 347px;\" title=\"Gafas de nataci\u00f3n para ni\u00f1os gafas de nataci\u00f3n antivaho profesional impermeable de silicona para ni\u00f1os y ni\u00f1as gafas de nataci\u00f3n para piscina para ni\u00f1os\" src=\"https:\/\/bodegaoutdoor.cl\/store\/wp-content\/uploads\/2020\/11\/20703-neeswc.png\" alt=\"Gafas de nataci\u00f3n para ni\u00f1os gafas de nataci\u00f3n antivaho profesional impermeable de silicona para ni\u00f1os y ni\u00f1as gafas de nataci\u00f3n para piscina para ni\u00f1os\" \/><\/a><\/div>\n<div style=\"margin-left: 25.0%; margin-top: -37.23%; width: 25.0%;\"><a href=\"\/\/www.aliexpress.com\/item\/detail\/4001316810229.html\" target=\"_blank\" rel=\"noopener noreferrer\"><img decoding=\"async\" style=\"width: 233px; height: 347px;\" title=\"Gafas de nataci\u00f3n para ni\u00f1os gafas de nataci\u00f3n antivaho profesional impermeable de silicona para ni\u00f1os y ni\u00f1as gafas de nataci\u00f3n para piscina para ni\u00f1os\" src=\"https:\/\/bodegaoutdoor.cl\/store\/wp-content\/uploads\/2020\/11\/20703-neeswc.png\" alt=\"Gafas de nataci\u00f3n para ni\u00f1os gafas de nataci\u00f3n antivaho profesional impermeable de silicona para ni\u00f1os y ni\u00f1as gafas de nataci\u00f3n para piscina para ni\u00f1os\" \/><\/a><\/div>\n<div style=\"margin-left: 50.0%; margin-top: -37.23%; width: 25.0%;\"><a href=\"\/\/www.aliexpress.com\/item\/detail\/4001116068050.html\" target=\"_blank\" rel=\"noopener noreferrer\"><img decoding=\"async\" style=\"width: 233px; height: 347px;\" title=\"Gafas de nataci\u00f3n para ni\u00f1os gafas de nataci\u00f3n antivaho profesional impermeable de silicona para ni\u00f1os y ni\u00f1as gafas de nataci\u00f3n para piscina para ni\u00f1os\" src=\"https:\/\/bodegaoutdoor.cl\/store\/wp-content\/uploads\/2020\/11\/20703-neeswc.png\" alt=\"Gafas de nataci\u00f3n para ni\u00f1os gafas de nataci\u00f3n antivaho profesional impermeable de silicona para ni\u00f1os y ni\u00f1as gafas de nataci\u00f3n para piscina para ni\u00f1os\" \/><\/a><\/div>\n<div style=\"margin-left: 75.0%; margin-top: -37.23%; width: 25.0%;\"><a href=\"\/\/www.aliexpress.com\/item\/detail\/4001112292473.html\" target=\"_blank\" rel=\"noopener noreferrer\"><img decoding=\"async\" style=\"width: 233px; height: 347px;\" title=\"Gafas de nataci\u00f3n para ni\u00f1os gafas de nataci\u00f3n antivaho profesional impermeable de silicona para ni\u00f1os y ni\u00f1as gafas de nataci\u00f3n para piscina para ni\u00f1os\" src=\"https:\/\/bodegaoutdoor.cl\/store\/wp-content\/uploads\/2020\/11\/20703-neeswc.png\" alt=\"Gafas de nataci\u00f3n para ni\u00f1os gafas de nataci\u00f3n antivaho profesional impermeable de silicona para ni\u00f1os y ni\u00f1as gafas de nataci\u00f3n para piscina para ni\u00f1os\" \/><\/a><\/div>\n<\/div>\n<\/div>\n<p style=\"margin: 0; width: 100%;\"><img decoding=\"async\" title=\"Gafas de nataci\u00f3n para ni\u00f1os gafas de nataci\u00f3n antivaho profesional impermeable de silicona para ni\u00f1os y ni\u00f1as gafas de nataci\u00f3n para piscina para ni\u00f1os\" src=\"https:\/\/bodegaoutdoor.cl\/store\/wp-content\/uploads\/2020\/11\/20703-tawhre.jpg\" alt=\"Gafas de nataci\u00f3n para ni\u00f1os gafas de nataci\u00f3n antivaho profesional impermeable de silicona para ni\u00f1os y ni\u00f1as gafas de nataci\u00f3n para piscina para ni\u00f1os\" \/><img decoding=\"async\" title=\"Gafas de nataci\u00f3n para ni\u00f1os gafas de nataci\u00f3n antivaho profesional impermeable de silicona para ni\u00f1os y ni\u00f1as gafas de nataci\u00f3n para piscina para ni\u00f1os\" src=\"https:\/\/bodegaoutdoor.cl\/store\/wp-content\/uploads\/2020\/11\/20703-vyexp9.jpg\" alt=\"Gafas de nataci\u00f3n para ni\u00f1os gafas de nataci\u00f3n antivaho profesional impermeable de silicona para ni\u00f1os y ni\u00f1as gafas de nataci\u00f3n para piscina para ni\u00f1os\" \/><img decoding=\"async\" title=\"Gafas de nataci\u00f3n para ni\u00f1os gafas de nataci\u00f3n antivaho profesional impermeable de silicona para ni\u00f1os y ni\u00f1as gafas de nataci\u00f3n para piscina para ni\u00f1os\" src=\"https:\/\/bodegaoutdoor.cl\/store\/wp-content\/uploads\/2020\/11\/20703-1wntyn.jpg\" alt=\"Gafas de nataci\u00f3n para ni\u00f1os gafas de nataci\u00f3n antivaho profesional impermeable de silicona para ni\u00f1os y ni\u00f1as gafas de nataci\u00f3n para piscina para ni\u00f1os\" \/><img decoding=\"async\" title=\"Gafas de nataci\u00f3n para ni\u00f1os gafas de nataci\u00f3n antivaho profesional impermeable de silicona para ni\u00f1os y ni\u00f1as gafas de nataci\u00f3n para piscina para ni\u00f1os\" src=\"https:\/\/bodegaoutdoor.cl\/store\/wp-content\/uploads\/2020\/11\/20703-nmfbva.jpg\" alt=\"Gafas de nataci\u00f3n para ni\u00f1os gafas de nataci\u00f3n antivaho profesional impermeable de silicona para ni\u00f1os y ni\u00f1as gafas de nataci\u00f3n para piscina para ni\u00f1os\" \/><img decoding=\"async\" title=\"Gafas de nataci\u00f3n para ni\u00f1os gafas de nataci\u00f3n antivaho profesional impermeable de silicona para ni\u00f1os y ni\u00f1as gafas de nataci\u00f3n para piscina para ni\u00f1os\" src=\"https:\/\/bodegaoutdoor.cl\/store\/wp-content\/uploads\/2020\/11\/20703-nmfbva.jpg\" alt=\"Gafas de nataci\u00f3n para ni\u00f1os gafas de nataci\u00f3n antivaho profesional impermeable de silicona para ni\u00f1os y ni\u00f1as gafas de nataci\u00f3n para piscina para ni\u00f1os\" \/><\/p>\n\n    <div class=\"xs_social_share_widget xs_share_url after_content \t\tmain_content  wslu-style-1 wslu-share-box-shaped wslu-fill-colored wslu-none wslu-share-horizontal wslu-theme-font-no wslu-main_content\">\n\n\t\t\n        <ul>\n\t\t\t        <\/ul>\n    <\/div> \n","protected":false},"excerpt":{"rendered":"<p><strong><span style=\"color: #ff0000;\">PRECIO POR MAYOR A\u00a0 10 \/ $5.000 c\/u<\/span><\/strong><\/p>\n","protected":false},"featured_media":20709,"comment_status":"open","ping_status":"closed","template":"","meta":{"jetpack_publicize_message":"","jetpack_publicize_feature_enabled":true,"jetpack_social_post_already_shared":true,"jetpack_social_options":{"image_generator_settings":{"template":"highway","enabled":false},"version":2}},"product_brand":[],"product_cat":[15],"product_tag":[],"class_list":{"0":"post-20703","1":"product","2":"type-product","3":"status-publish","4":"has-post-thumbnail","6":"product_cat-otros","8":"first","9":"instock","10":"sale","11":"taxable","12":"shipping-taxable","13":"purchasable","14":"product-type-variable"},"jetpack_publicize_connections":[],"jetpack_sharing_enabled":true,"_links":{"self":[{"href":"https:\/\/bodegaoutdoor.cl\/store\/wp-json\/wp\/v2\/product\/20703","targetHints":{"allow":["GET"]}}],"collection":[{"href":"https:\/\/bodegaoutdoor.cl\/store\/wp-json\/wp\/v2\/product"}],"about":[{"href":"https:\/\/bodegaoutdoor.cl\/store\/wp-json\/wp\/v2\/types\/product"}],"replies":[{"embeddable":true,"href":"https:\/\/bodegaoutdoor.cl\/store\/wp-json\/wp\/v2\/comments?post=20703"}],"version-history":[{"count":2,"href":"https:\/\/bodegaoutdoor.cl\/store\/wp-json\/wp\/v2\/product\/20703\/revisions"}],"predecessor-version":[{"id":71141,"href":"https:\/\/bodegaoutdoor.cl\/store\/wp-json\/wp\/v2\/product\/20703\/revisions\/71141"}],"wp:featuredmedia":[{"embeddable":true,"href":"https:\/\/bodegaoutdoor.cl\/store\/wp-json\/wp\/v2\/media\/20709"}],"wp:attachment":[{"href":"https:\/\/bodegaoutdoor.cl\/store\/wp-json\/wp\/v2\/media?parent=20703"}],"wp:term":[{"taxonomy":"product_brand","embeddable":true,"href":"https:\/\/bodegaoutdoor.cl\/store\/wp-json\/wp\/v2\/product_brand?post=20703"},{"taxonomy":"product_cat","embeddable":true,"href":"https:\/\/bodegaoutdoor.cl\/store\/wp-json\/wp\/v2\/product_cat?post=20703"},{"taxonomy":"product_tag","embeddable":true,"href":"https:\/\/bodegaoutdoor.cl\/store\/wp-json\/wp\/v2\/product_tag?post=20703"}],"curies":[{"name":"wp","href":"https:\/\/api.w.org\/{rel}","templated":true}]}}