{"id":21057,"date":"2020-11-29T18:27:38","date_gmt":"2020-11-29T18:27:38","guid":{"rendered":"https:\/\/bodegaoutdoor.cl\/store\/product\/fanan-botas-de-trabajo-de-seguridad-con-punta-de-acero-ligeras-para-hombre-zapatos-de-trabajo-transpirables-antigolpes-para-construccion-zapatillas-de-trabajo\/"},"modified":"2023-05-04T19:19:12","modified_gmt":"2023-05-04T23:19:12","slug":"calzado-de-trabajo-de-seguridad-con-punta-de-acero-ligeras-para-hombre-transpirables-antigolpes","status":"publish","type":"product","link":"https:\/\/bodegaoutdoor.cl\/store\/product\/calzado-de-trabajo-de-seguridad-con-punta-de-acero-ligeras-para-hombre-transpirables-antigolpes\/","title":{"rendered":"Calzado de trabajo de seguridad con punta de acero y ligeras para hombre, transpirables, antigolpes"},"content":{"rendered":"<div>\n<div>\n<div>\n<div>\n<div><\/div>\n<\/div>\n<\/div>\n<\/div>\n<\/div>\n<div id=\"offer-template-0\">\n<p><span style=\"font-size: 16px;\">Los zapatos de seguridad vendidos en nuestra tienda son de tama\u00f1o est\u00e1ndar. Si sigue las instrucciones, no comprar\u00e1 zapatos de trabajo del tama\u00f1o incorrecto.<\/span><\/p>\n<p>Seleccione el tama\u00f1o:<br \/>\nMide la longitud del pie desnudo (CM).<br \/>\nMide la longitud del pie como se muestra en la figura a continuaci\u00f3n.<br \/>\nSi tiene alguna pregunta, p\u00f3ngase en contacto con nosotros y le responderemos.<\/p>\n<p>Somos una f\u00e1brica, tenemos nuestra propia l\u00ednea de producci\u00f3n, materiales diferentes de otras tiendas, esperamos trabajar con usted.<\/p>\n<p>Tenga un buen tiempo de compras<img decoding=\"async\" title=\"FANAN-botas de trabajo de seguridad con punta de acero ligeras para hombre, zapatos de trabajo, transpirables, antigolpes, para construcci\u00f3n, zapatillas de trabajo\" src=\"https:\/\/bodegaoutdoor.cl\/store\/wp-content\/uploads\/2020\/11\/21057-coazqo.jpg\" alt=\"FANAN-botas de trabajo de seguridad con punta de acero ligeras para hombre, zapatos de trabajo, transpirables, antigolpes, para construcci\u00f3n, zapatillas de trabajo\" \/><img decoding=\"async\" title=\"FANAN-botas de trabajo de seguridad con punta de acero ligeras para hombre, zapatos de trabajo, transpirables, antigolpes, para construcci\u00f3n, zapatillas de trabajo\" src=\"https:\/\/bodegaoutdoor.cl\/store\/wp-content\/uploads\/2020\/11\/21057-cnno0b.jpg\" alt=\"FANAN-botas de trabajo de seguridad con punta de acero ligeras para hombre, zapatos de trabajo, transpirables, antigolpes, para construcci\u00f3n, zapatillas de trabajo\" \/><br \/>\n<img decoding=\"async\" title=\"FANAN-botas de trabajo de seguridad con punta de acero ligeras para hombre, zapatos de trabajo, transpirables, antigolpes, para construcci\u00f3n, zapatillas de trabajo\" src=\"https:\/\/bodegaoutdoor.cl\/store\/wp-content\/uploads\/2020\/11\/21057-igqhyf.jpg\" alt=\"FANAN-botas de trabajo de seguridad con punta de acero ligeras para hombre, zapatos de trabajo, transpirables, antigolpes, para construcci\u00f3n, zapatillas de trabajo\" data-index=\"img0\" \/><\/p>\n<p><img decoding=\"async\" title=\"FANAN-botas de trabajo de seguridad con punta de acero ligeras para hombre, zapatos de trabajo, transpirables, antigolpes, para construcci\u00f3n, zapatillas de trabajo\" src=\"https:\/\/bodegaoutdoor.cl\/store\/wp-content\/uploads\/2020\/11\/21057-135hsc.jpg\" alt=\"FANAN-botas de trabajo de seguridad con punta de acero ligeras para hombre, zapatos de trabajo, transpirables, antigolpes, para construcci\u00f3n, zapatillas de trabajo\" \/><br \/>\n<img decoding=\"async\" title=\"FANAN-botas de trabajo de seguridad con punta de acero ligeras para hombre, zapatos de trabajo, transpirables, antigolpes, para construcci\u00f3n, zapatillas de trabajo\" src=\"https:\/\/bodegaoutdoor.cl\/store\/wp-content\/uploads\/2020\/11\/21057-pjeung.jpg\" alt=\"FANAN-botas de trabajo de seguridad con punta de acero ligeras para hombre, zapatos de trabajo, transpirables, antigolpes, para construcci\u00f3n, zapatillas de trabajo\" data-index=\"img0\" \/><br \/>\n<img decoding=\"async\" title=\"FANAN-botas de trabajo de seguridad con punta de acero ligeras para hombre, zapatos de trabajo, transpirables, antigolpes, para construcci\u00f3n, zapatillas de trabajo\" src=\"https:\/\/bodegaoutdoor.cl\/store\/wp-content\/uploads\/2020\/11\/21057-2y5we1.jpg\" alt=\"FANAN-botas de trabajo de seguridad con punta de acero ligeras para hombre, zapatos de trabajo, transpirables, antigolpes, para construcci\u00f3n, zapatillas de trabajo\" data-index=\"img0\" \/><br \/>\n<img decoding=\"async\" title=\"FANAN-botas de trabajo de seguridad con punta de acero ligeras para hombre, zapatos de trabajo, transpirables, antigolpes, para construcci\u00f3n, zapatillas de trabajo\" src=\"https:\/\/bodegaoutdoor.cl\/store\/wp-content\/uploads\/2020\/11\/21057-3akepr.jpg\" alt=\"FANAN-botas de trabajo de seguridad con punta de acero ligeras para hombre, zapatos de trabajo, transpirables, antigolpes, para construcci\u00f3n, zapatillas de trabajo\" data-index=\"img0\" \/><br \/>\n<img decoding=\"async\" title=\"FANAN-botas de trabajo de seguridad con punta de acero ligeras para hombre, zapatos de trabajo, transpirables, antigolpes, para construcci\u00f3n, zapatillas de trabajo\" src=\"https:\/\/bodegaoutdoor.cl\/store\/wp-content\/uploads\/2020\/11\/21057-lqm1il.jpg\" alt=\"FANAN-botas de trabajo de seguridad con punta de acero ligeras para hombre, zapatos de trabajo, transpirables, antigolpes, para construcci\u00f3n, zapatillas de trabajo\" data-index=\"img0\" \/><img decoding=\"async\" title=\"FANAN-botas de trabajo de seguridad con punta de acero ligeras para hombre, zapatos de trabajo, transpirables, antigolpes, para construcci\u00f3n, zapatillas de trabajo\" src=\"https:\/\/bodegaoutdoor.cl\/store\/wp-content\/uploads\/2020\/11\/21057-h7ymcl.jpg\" alt=\"FANAN-botas de trabajo de seguridad con punta de acero ligeras para hombre, zapatos de trabajo, transpirables, antigolpes, para construcci\u00f3n, zapatillas de trabajo\" data-index=\"img0\" \/><br \/>\n<img decoding=\"async\" title=\"FANAN-botas de trabajo de seguridad con punta de acero ligeras para hombre, zapatos de trabajo, transpirables, antigolpes, para construcci\u00f3n, zapatillas de trabajo\" src=\"https:\/\/bodegaoutdoor.cl\/store\/wp-content\/uploads\/2020\/11\/21057-ebtkmt.jpg\" alt=\"FANAN-botas de trabajo de seguridad con punta de acero ligeras para hombre, zapatos de trabajo, transpirables, antigolpes, para construcci\u00f3n, zapatillas de trabajo\" data-index=\"img0\" \/><br \/>\n<img decoding=\"async\" title=\"FANAN-botas de trabajo de seguridad con punta de acero ligeras para hombre, zapatos de trabajo, transpirables, antigolpes, para construcci\u00f3n, zapatillas de trabajo\" src=\"https:\/\/bodegaoutdoor.cl\/store\/wp-content\/uploads\/2020\/11\/21057-uwfy1k.jpg\" alt=\"FANAN-botas de trabajo de seguridad con punta de acero ligeras para hombre, zapatos de trabajo, transpirables, antigolpes, para construcci\u00f3n, zapatillas de trabajo\" data-index=\"img0\" \/><br \/>\n<img decoding=\"async\" title=\"FANAN-botas de trabajo de seguridad con punta de acero ligeras para hombre, zapatos de trabajo, transpirables, antigolpes, para construcci\u00f3n, zapatillas de trabajo\" src=\"https:\/\/bodegaoutdoor.cl\/store\/wp-content\/uploads\/2020\/11\/21057-ylwu72.jpg\" alt=\"FANAN-botas de trabajo de seguridad con punta de acero ligeras para hombre, zapatos de trabajo, transpirables, antigolpes, para construcci\u00f3n, zapatillas de trabajo\" \/><br \/>\n<img decoding=\"async\" title=\"FANAN-botas de trabajo de seguridad con punta de acero ligeras para hombre, zapatos de trabajo, transpirables, antigolpes, para construcci\u00f3n, zapatillas de trabajo\" src=\"https:\/\/bodegaoutdoor.cl\/store\/wp-content\/uploads\/2020\/11\/21057-vcfb4h.jpg\" alt=\"FANAN-botas de trabajo de seguridad con punta de acero ligeras para hombre, zapatos de trabajo, transpirables, antigolpes, para construcci\u00f3n, zapatillas de trabajo\" \/><br \/>\n<img decoding=\"async\" title=\"FANAN-botas de trabajo de seguridad con punta de acero ligeras para hombre, zapatos de trabajo, transpirables, antigolpes, para construcci\u00f3n, zapatillas de trabajo\" src=\"https:\/\/bodegaoutdoor.cl\/store\/wp-content\/uploads\/2020\/11\/21057-b2zcrd.jpg\" alt=\"FANAN-botas de trabajo de seguridad con punta de acero ligeras para hombre, zapatos de trabajo, transpirables, antigolpes, para construcci\u00f3n, zapatillas de trabajo\" data-index=\"img0\" \/><img decoding=\"async\" title=\"FANAN-botas de trabajo de seguridad con punta de acero ligeras para hombre, zapatos de trabajo, transpirables, antigolpes, para construcci\u00f3n, zapatillas de trabajo\" src=\"https:\/\/bodegaoutdoor.cl\/store\/wp-content\/uploads\/2020\/11\/21057-niyyrr.jpg\" alt=\"FANAN-botas de trabajo de seguridad con punta de acero ligeras para hombre, zapatos de trabajo, transpirables, antigolpes, para construcci\u00f3n, zapatillas de trabajo\" \/><br \/>\n<img decoding=\"async\" title=\"FANAN-botas de trabajo de seguridad con punta de acero ligeras para hombre, zapatos de trabajo, transpirables, antigolpes, para construcci\u00f3n, zapatillas de trabajo\" src=\"https:\/\/bodegaoutdoor.cl\/store\/wp-content\/uploads\/2020\/11\/21057-xqsnp7.jpg\" alt=\"FANAN-botas de trabajo de seguridad con punta de acero ligeras para hombre, zapatos de trabajo, transpirables, antigolpes, para construcci\u00f3n, zapatillas de trabajo\" \/><br \/>\n<img decoding=\"async\" title=\"FANAN-botas de trabajo de seguridad con punta de acero ligeras para hombre, zapatos de trabajo, transpirables, antigolpes, para construcci\u00f3n, zapatillas de trabajo\" src=\"https:\/\/bodegaoutdoor.cl\/store\/wp-content\/uploads\/2020\/11\/21057-g3khxe.jpg\" alt=\"FANAN-botas de trabajo de seguridad con punta de acero ligeras para hombre, zapatos de trabajo, transpirables, antigolpes, para construcci\u00f3n, zapatillas de trabajo\" \/><\/p>\n<\/div>\n\n    <div class=\"xs_social_share_widget xs_share_url after_content \t\tmain_content  wslu-style-1 wslu-share-box-shaped wslu-fill-colored wslu-none wslu-share-horizontal wslu-theme-font-no wslu-main_content\">\n\n\t\t\n        <ul>\n\t\t\t        <\/ul>\n    <\/div> \n","protected":false},"excerpt":{"rendered":"<p><span style=\"color: #ff0000;\"><strong><span style=\"color: #808080;\">ENVIO INTERNACIONAL<\/span> GRATIS !<\/strong><\/span><\/p>\n","protected":false},"featured_media":21071,"comment_status":"open","ping_status":"closed","template":"","meta":{"jetpack_publicize_message":"","jetpack_publicize_feature_enabled":true,"jetpack_social_post_already_shared":true,"jetpack_social_options":{"image_generator_settings":{"template":"highway","enabled":false},"version":2}},"product_brand":[],"product_cat":[41,43,42],"product_tag":[],"class_list":{"0":"post-21057","1":"product","2":"type-product","3":"status-publish","4":"has-post-thumbnail","6":"product_cat-calzado","7":"product_cat-calzado-hombre","8":"product_cat-calzado-mujer","10":"first","11":"instock","12":"sale","13":"taxable","14":"shipping-taxable","15":"purchasable","16":"product-type-variable"},"jetpack_publicize_connections":[],"jetpack_sharing_enabled":true,"_links":{"self":[{"href":"https:\/\/bodegaoutdoor.cl\/store\/wp-json\/wp\/v2\/product\/21057","targetHints":{"allow":["GET"]}}],"collection":[{"href":"https:\/\/bodegaoutdoor.cl\/store\/wp-json\/wp\/v2\/product"}],"about":[{"href":"https:\/\/bodegaoutdoor.cl\/store\/wp-json\/wp\/v2\/types\/product"}],"replies":[{"embeddable":true,"href":"https:\/\/bodegaoutdoor.cl\/store\/wp-json\/wp\/v2\/comments?post=21057"}],"version-history":[{"count":2,"href":"https:\/\/bodegaoutdoor.cl\/store\/wp-json\/wp\/v2\/product\/21057\/revisions"}],"predecessor-version":[{"id":71140,"href":"https:\/\/bodegaoutdoor.cl\/store\/wp-json\/wp\/v2\/product\/21057\/revisions\/71140"}],"wp:featuredmedia":[{"embeddable":true,"href":"https:\/\/bodegaoutdoor.cl\/store\/wp-json\/wp\/v2\/media\/21071"}],"wp:attachment":[{"href":"https:\/\/bodegaoutdoor.cl\/store\/wp-json\/wp\/v2\/media?parent=21057"}],"wp:term":[{"taxonomy":"product_brand","embeddable":true,"href":"https:\/\/bodegaoutdoor.cl\/store\/wp-json\/wp\/v2\/product_brand?post=21057"},{"taxonomy":"product_cat","embeddable":true,"href":"https:\/\/bodegaoutdoor.cl\/store\/wp-json\/wp\/v2\/product_cat?post=21057"},{"taxonomy":"product_tag","embeddable":true,"href":"https:\/\/bodegaoutdoor.cl\/store\/wp-json\/wp\/v2\/product_tag?post=21057"}],"curies":[{"name":"wp","href":"https:\/\/api.w.org\/{rel}","templated":true}]}}