{"id":21101,"date":"2020-11-29T20:02:47","date_gmt":"2020-11-29T20:02:47","guid":{"rendered":"https:\/\/bodegaoutdoor.cl\/store\/?post_type=product&#038;p=21101"},"modified":"2023-05-04T19:19:12","modified_gmt":"2023-05-04T23:19:12","slug":"guante-steelpro-cold-extreme","status":"publish","type":"product","link":"https:\/\/bodegaoutdoor.cl\/store\/product\/guante-steelpro-cold-extreme\/","title":{"rendered":"Guante Steelpro Cold Extreme"},"content":{"rendered":"<h3>CARACTER\u00cdSTICAS<\/h3>\n<div id=\"caracteristicas\">\n<table class=\"group Caracteristicas\" cellspacing=\"0\">\n<tbody>\n<tr>\n<td class=\"value-field Especificaciones\">\n<ul>\n<li>Guante fabricado en taslan, 100% nylon con polar fleece, palma de PU que otorga una excelente resistencia a la abrasi\u00f3n y nudillos protegidos con neopreno contra golpes.<\/li>\n<li>Guante respirable, durable y f\u00e1cil de lavar.<\/li>\n<li>Usos:<\/li>\n<li>Manipulaci\u00f3n general de cargas con riesgo de trabajo en fr\u00edo.<\/li>\n<li>Faenas como manejo de maquinarias, herramientas, inspecci\u00f3n, actividades deportivas donde el riesgo est\u00e9 ligado al fr\u00edo.<\/li>\n<li>Talla M Standard<\/li>\n<\/ul>\n<\/td>\n<\/tr>\n<\/tbody>\n<\/table>\n<\/div>\n\n    <div class=\"xs_social_share_widget xs_share_url after_content \t\tmain_content  wslu-style-1 wslu-share-box-shaped wslu-fill-colored wslu-none wslu-share-horizontal wslu-theme-font-no wslu-main_content\">\n\n\t\t\n        <ul>\n\t\t\t        <\/ul>\n    <\/div> \n","protected":false},"excerpt":{"rendered":"<p>CARACTER\u00cdSTICAS Guante fabricado en taslan, 100% nylon con polar fleece, palma de PU que otorga una excelente resistencia a la abrasi\u00f3n y nudillos protegidos con neopreno contra golpes. Guante respirable, durable y f\u00e1cil de lavar. Usos: Manipulaci\u00f3n general de cargas con riesgo de trabajo en fr\u00edo. Faenas como manejo de maquinarias, herramientas, inspecci\u00f3n, actividades deportivas [&hellip;]<\/p>\n","protected":false},"featured_media":21102,"comment_status":"open","ping_status":"closed","template":"","meta":{"jetpack_publicize_message":"","jetpack_publicize_feature_enabled":true,"jetpack_social_post_already_shared":true,"jetpack_social_options":{"image_generator_settings":{"template":"highway","enabled":false},"version":2}},"product_brand":[],"product_cat":[490],"product_tag":[1554,1555,830,1486,828],"class_list":{"0":"post-21101","1":"product","2":"type-product","3":"status-publish","4":"has-post-thumbnail","6":"product_cat-guantes","7":"product_tag-cold","8":"product_tag-extremo","9":"product_tag-frio","10":"product_tag-montana","11":"product_tag-termico","13":"first","14":"instock","15":"sale","16":"taxable","17":"shipping-taxable","18":"purchasable","19":"product-type-simple"},"jetpack_publicize_connections":[],"jetpack_sharing_enabled":true,"_links":{"self":[{"href":"https:\/\/bodegaoutdoor.cl\/store\/wp-json\/wp\/v2\/product\/21101","targetHints":{"allow":["GET"]}}],"collection":[{"href":"https:\/\/bodegaoutdoor.cl\/store\/wp-json\/wp\/v2\/product"}],"about":[{"href":"https:\/\/bodegaoutdoor.cl\/store\/wp-json\/wp\/v2\/types\/product"}],"replies":[{"embeddable":true,"href":"https:\/\/bodegaoutdoor.cl\/store\/wp-json\/wp\/v2\/comments?post=21101"}],"version-history":[{"count":2,"href":"https:\/\/bodegaoutdoor.cl\/store\/wp-json\/wp\/v2\/product\/21101\/revisions"}],"predecessor-version":[{"id":71139,"href":"https:\/\/bodegaoutdoor.cl\/store\/wp-json\/wp\/v2\/product\/21101\/revisions\/71139"}],"wp:featuredmedia":[{"embeddable":true,"href":"https:\/\/bodegaoutdoor.cl\/store\/wp-json\/wp\/v2\/media\/21102"}],"wp:attachment":[{"href":"https:\/\/bodegaoutdoor.cl\/store\/wp-json\/wp\/v2\/media?parent=21101"}],"wp:term":[{"taxonomy":"product_brand","embeddable":true,"href":"https:\/\/bodegaoutdoor.cl\/store\/wp-json\/wp\/v2\/product_brand?post=21101"},{"taxonomy":"product_cat","embeddable":true,"href":"https:\/\/bodegaoutdoor.cl\/store\/wp-json\/wp\/v2\/product_cat?post=21101"},{"taxonomy":"product_tag","embeddable":true,"href":"https:\/\/bodegaoutdoor.cl\/store\/wp-json\/wp\/v2\/product_tag?post=21101"}],"curies":[{"name":"wp","href":"https:\/\/api.w.org\/{rel}","templated":true}]}}