{"id":21223,"date":"2020-11-29T20:43:05","date_gmt":"2020-11-29T20:43:05","guid":{"rendered":"https:\/\/bodegaoutdoor.cl\/store\/?post_type=product&#038;p=21223"},"modified":"2023-05-04T19:19:11","modified_gmt":"2023-05-04T23:19:11","slug":"botin-outdoor-edelbrock-urban","status":"publish","type":"product","link":"https:\/\/bodegaoutdoor.cl\/store\/product\/botin-outdoor-edelbrock-urban\/","title":{"rendered":"Bot\u00edn Outdoor Edelbrock Urban"},"content":{"rendered":"<h3>CARACTER\u00cdSTICAS<\/h3>\n<div id=\"caracteristicas\">\n<table class=\"group Caracteristicas\" cellspacing=\"0\">\n<tbody>\n<tr>\n<td class=\"value-field Especificaciones\">\n<ul>\n<li>Aislante el\u00e9ctrico para tensiones inferiores a 600 volt<\/li>\n<li>Aislante T\u00e9rmico Thinsulate\u00ae<\/li>\n<li>Certificaci\u00f3n norma chilena oficial<\/li>\n<li>Cuello acolchado<\/li>\n<li>Cuero Nobuck hidrofugado<\/li>\n<li>Entresuela de EVA (Etil-Vinil_Acetato) para m\u00e1ximo confort<\/li>\n<li>Forro completo en split gamuzado<\/li>\n<li>Fuelle integrado<\/li>\n<li>Numeraci\u00f3n 34 al 46<\/li>\n<li>Pasa cordones y ganchos no met\u00e1licos<\/li>\n<li>Planta de caucho con Acrilo Nitrilo con Shock Absorber resistente a los derivados de los hidrocarbur<\/li>\n<li>Plantilla interior con Shock Absorber<\/li>\n<li>Plantilla interior intercambiable &#8211; Poron System PI 102<\/li>\n<\/ul>\n<\/td>\n<\/tr>\n<\/tbody>\n<\/table>\n<\/div>\n<p>&nbsp;<\/p>\n<p><img fetchpriority=\"high\" decoding=\"async\" class=\"alignnone size-full wp-image-21225\" src=\"https:\/\/bodegaoutdoor.cl\/store\/wp-content\/uploads\/2020\/11\/SharedScreenshot.jpg\" alt=\"\" width=\"791\" height=\"596\" srcset=\"https:\/\/bodegaoutdoor.cl\/store\/wp-content\/uploads\/2020\/11\/SharedScreenshot.jpg 791w, https:\/\/bodegaoutdoor.cl\/store\/wp-content\/uploads\/2020\/11\/SharedScreenshot-600x452.jpg 600w, https:\/\/bodegaoutdoor.cl\/store\/wp-content\/uploads\/2020\/11\/SharedScreenshot-768x579.jpg 768w\" sizes=\"(max-width: 791px) 100vw, 791px\" \/> <img decoding=\"async\" class=\"alignnone size-medium wp-image-21226\" src=\"https:\/\/bodegaoutdoor.cl\/store\/wp-content\/uploads\/2020\/11\/SharedScreenshot2.jpg\" alt=\"\" width=\"637\" height=\"651\" srcset=\"https:\/\/bodegaoutdoor.cl\/store\/wp-content\/uploads\/2020\/11\/SharedScreenshot2.jpg 637w, https:\/\/bodegaoutdoor.cl\/store\/wp-content\/uploads\/2020\/11\/SharedScreenshot2-600x613.jpg 600w\" sizes=\"(max-width: 637px) 100vw, 637px\" \/> <img decoding=\"async\" class=\"alignnone size-medium wp-image-21227\" src=\"https:\/\/bodegaoutdoor.cl\/store\/wp-content\/uploads\/2020\/11\/SharedScreenshot3.jpg\" alt=\"\" width=\"599\" height=\"482\" \/><\/p>\n\n    <div class=\"xs_social_share_widget xs_share_url after_content \t\tmain_content  wslu-style-1 wslu-share-box-shaped wslu-fill-colored wslu-none wslu-share-horizontal wslu-theme-font-no wslu-main_content\">\n\n\t\t\n        <ul>\n\t\t\t        <\/ul>\n    <\/div> \n","protected":false},"excerpt":{"rendered":"<p>CARACTER\u00cdSTICAS Aislante el\u00e9ctrico para tensiones inferiores a 600 volt Aislante T\u00e9rmico Thinsulate\u00ae Certificaci\u00f3n norma chilena oficial Cuello acolchado Cuero Nobuck hidrofugado Entresuela de EVA (Etil-Vinil_Acetato) para m\u00e1ximo confort Forro completo en split gamuzado Fuelle integrado Numeraci\u00f3n 34 al 46 Pasa cordones y ganchos no met\u00e1licos Planta de caucho con Acrilo Nitrilo con Shock Absorber resistente [&hellip;]<\/p>\n","protected":false},"featured_media":21224,"comment_status":"open","ping_status":"closed","template":"","meta":{"jetpack_publicize_message":"","jetpack_publicize_feature_enabled":true,"jetpack_social_post_already_shared":true,"jetpack_social_options":{"image_generator_settings":{"template":"highway","enabled":false},"version":2}},"product_brand":[],"product_cat":[41,43,42],"product_tag":[156,481,909],"class_list":{"0":"post-21223","1":"product","2":"type-product","3":"status-publish","4":"has-post-thumbnail","6":"product_cat-calzado","7":"product_cat-calzado-hombre","8":"product_cat-calzado-mujer","9":"product_tag-calzado","10":"product_tag-outdoor","11":"product_tag-trekking","13":"first","14":"instock","15":"sale","16":"taxable","17":"shipping-taxable","18":"purchasable","19":"product-type-variable"},"jetpack_publicize_connections":[],"jetpack_sharing_enabled":true,"_links":{"self":[{"href":"https:\/\/bodegaoutdoor.cl\/store\/wp-json\/wp\/v2\/product\/21223","targetHints":{"allow":["GET"]}}],"collection":[{"href":"https:\/\/bodegaoutdoor.cl\/store\/wp-json\/wp\/v2\/product"}],"about":[{"href":"https:\/\/bodegaoutdoor.cl\/store\/wp-json\/wp\/v2\/types\/product"}],"replies":[{"embeddable":true,"href":"https:\/\/bodegaoutdoor.cl\/store\/wp-json\/wp\/v2\/comments?post=21223"}],"version-history":[{"count":1,"href":"https:\/\/bodegaoutdoor.cl\/store\/wp-json\/wp\/v2\/product\/21223\/revisions"}],"predecessor-version":[{"id":71136,"href":"https:\/\/bodegaoutdoor.cl\/store\/wp-json\/wp\/v2\/product\/21223\/revisions\/71136"}],"wp:featuredmedia":[{"embeddable":true,"href":"https:\/\/bodegaoutdoor.cl\/store\/wp-json\/wp\/v2\/media\/21224"}],"wp:attachment":[{"href":"https:\/\/bodegaoutdoor.cl\/store\/wp-json\/wp\/v2\/media?parent=21223"}],"wp:term":[{"taxonomy":"product_brand","embeddable":true,"href":"https:\/\/bodegaoutdoor.cl\/store\/wp-json\/wp\/v2\/product_brand?post=21223"},{"taxonomy":"product_cat","embeddable":true,"href":"https:\/\/bodegaoutdoor.cl\/store\/wp-json\/wp\/v2\/product_cat?post=21223"},{"taxonomy":"product_tag","embeddable":true,"href":"https:\/\/bodegaoutdoor.cl\/store\/wp-json\/wp\/v2\/product_tag?post=21223"}],"curies":[{"name":"wp","href":"https:\/\/api.w.org\/{rel}","templated":true}]}}