{"id":21507,"date":"2020-12-08T00:33:33","date_gmt":"2020-12-08T00:33:33","guid":{"rendered":"https:\/\/bodegaoutdoor.cl\/store\/product\/boligrafo-tactico-militar-multifuncion-defensa-personal-aleacion-de-aluminio-interruptor-de-cristal-de-emergencia-herramienta-de-supervivencia-de-seguridad-edc-para-exteriores\/"},"modified":"2024-10-06T12:33:00","modified_gmt":"2024-10-06T15:33:00","slug":"boligrafo-tactico-militar-multifuncion-defensa-personal-aleacion-de-aluminioemergencia","status":"publish","type":"product","link":"https:\/\/bodegaoutdoor.cl\/store\/product\/boligrafo-tactico-militar-multifuncion-defensa-personal-aleacion-de-aluminioemergencia\/","title":{"rendered":"Lapiz Bol\u00edgrafo t\u00e1ctico militar, multifunci\u00f3n, defensa personal, aleaci\u00f3n de aluminio,emergencia"},"content":{"rendered":"<div>\n<div>\n<p><span style=\"font-size: 16px;\">&#8220;100% nueva calidad<\/span><br \/>\n<span style=\"font-size: 16px;\">El bol\u00edgrafo t\u00e1ctico de autodefensa est\u00e1 hecho de aluminio de aviaci\u00f3n por anodizado duro tipo III. En caso de emergencia, puede ser su herramienta ideal para defensa personal.<\/span><br \/>\n<span style=\"font-size: 16px;\">Proporciona hermosos instrumentos de escritura de alto rendimiento y protectores corporales en emergencias<\/span><br \/>\n<span style=\"font-size: 16px;\">Dise\u00f1o de alambre de diamante en el mango, con excelente capacidad antideslizante<\/span><br \/>\n<span style=\"font-size: 16px;\">Efecto de acci\u00f3n t\u00e1ctica, mejora el factor de seguridad<\/span><br \/>\n<span style=\"font-size: 16px;\">Potente cabeza de ataque y defensa para controlar eficazmente a los ladrones<\/span><br \/>\n<span style=\"font-size: 16px;\">Se puede utilizar como un dispositivo de vidrio roto, puede escapar r\u00e1pidamente cuando conduce en una emergencia<\/span><br \/>\n<span style=\"font-size: 16px;\">Portal\u00e1pices de acero al manganeso: dise\u00f1o ergon\u00f3mico, f\u00e1cil de colgar en mochilas, mochilas escolares, port\u00e1tiles<\/span><br \/>\n<span style=\"font-size: 16px;\">Hecho de aluminio de aviaci\u00f3n, duradero y pr\u00e1ctico<\/span><br \/>\n<span style=\"font-size: 16px;\">Pluma de negocios suave, punta redonda, c\u00f3moda y estable<\/span><br \/>\n<span style=\"font-size: 16px;\">Especificaci\u00f3n:<\/span><br \/>\n<span style=\"font-size: 16px;\">Material: de aluminio de la aviaci\u00f3n<\/span><br \/>\n<span style=\"font-size: 16px;\">Tama\u00f1o: aproximadamente 15,5*2cm (largo * D)<\/span><br \/>\n<span style=\"font-size: 16px;\">Color: negro, plata, oro, gris<\/span><br \/>\n<span style=\"font-size: 16px;\">Crisol de grafito mini horno de oro de la antorcha de fusi\u00f3n del metal:<\/span><br \/>\n<span style=\"font-size: 16px;\">1x bol\u00edgrafo t\u00e1ctico de autodefensa&#8221;<\/span><\/p>\n<p style=\"margin: 0; padding: 0;\"><img decoding=\"async\" title=\"Bol\u00edgrafo t\u00e1ctico militar, multifunci\u00f3n, defensa personal, aleaci\u00f3n de aluminio, interruptor de cristal de emergencia, herramienta de supervivencia de seguridad EDC para exteriores\" src=\"https:\/\/bodegaoutdoor.cl\/store\/wp-content\/uploads\/2020\/12\/21507-dimbru.jpg\" alt=\"Bol\u00edgrafo t\u00e1ctico militar, multifunci\u00f3n, defensa personal, aleaci\u00f3n de aluminio, interruptor de cristal de emergencia, herramienta de supervivencia de seguridad EDC para exteriores\" \/><\/p>\n<p style=\"margin: 0; padding: 0;\"><img decoding=\"async\" title=\"Bol\u00edgrafo t\u00e1ctico militar, multifunci\u00f3n, defensa personal, aleaci\u00f3n de aluminio, interruptor de cristal de emergencia, herramienta de supervivencia de seguridad EDC para exteriores\" src=\"https:\/\/bodegaoutdoor.cl\/store\/wp-content\/uploads\/2020\/12\/21507-qvtfrm.jpg\" alt=\"Bol\u00edgrafo t\u00e1ctico militar, multifunci\u00f3n, defensa personal, aleaci\u00f3n de aluminio, interruptor de cristal de emergencia, herramienta de supervivencia de seguridad EDC para exteriores\" \/><\/p>\n<p style=\"margin: 0; padding: 0;\"><img decoding=\"async\" title=\"Bol\u00edgrafo t\u00e1ctico militar, multifunci\u00f3n, defensa personal, aleaci\u00f3n de aluminio, interruptor de cristal de emergencia, herramienta de supervivencia de seguridad EDC para exteriores\" src=\"https:\/\/bodegaoutdoor.cl\/store\/wp-content\/uploads\/2020\/12\/21507-mjqf1p.jpg\" alt=\"Bol\u00edgrafo t\u00e1ctico militar, multifunci\u00f3n, defensa personal, aleaci\u00f3n de aluminio, interruptor de cristal de emergencia, herramienta de supervivencia de seguridad EDC para exteriores\" \/><\/p>\n<p style=\"margin: 0; padding: 0;\"><img decoding=\"async\" title=\"Bol\u00edgrafo t\u00e1ctico militar, multifunci\u00f3n, defensa personal, aleaci\u00f3n de aluminio, interruptor de cristal de emergencia, herramienta de supervivencia de seguridad EDC para exteriores\" src=\"https:\/\/bodegaoutdoor.cl\/store\/wp-content\/uploads\/2020\/12\/21507-ukxpf6.jpg\" alt=\"Bol\u00edgrafo t\u00e1ctico militar, multifunci\u00f3n, defensa personal, aleaci\u00f3n de aluminio, interruptor de cristal de emergencia, herramienta de supervivencia de seguridad EDC para exteriores\" \/><\/p>\n<p style=\"margin: 0; padding: 0;\"><img decoding=\"async\" title=\"Bol\u00edgrafo t\u00e1ctico militar, multifunci\u00f3n, defensa personal, aleaci\u00f3n de aluminio, interruptor de cristal de emergencia, herramienta de supervivencia de seguridad EDC para exteriores\" src=\"https:\/\/bodegaoutdoor.cl\/store\/wp-content\/uploads\/2020\/12\/21507-k7fqw4.jpg\" alt=\"Bol\u00edgrafo t\u00e1ctico militar, multifunci\u00f3n, defensa personal, aleaci\u00f3n de aluminio, interruptor de cristal de emergencia, herramienta de supervivencia de seguridad EDC para exteriores\" \/><\/p>\n<p style=\"margin: 0; padding: 0;\"><img decoding=\"async\" title=\"Bol\u00edgrafo t\u00e1ctico militar, multifunci\u00f3n, defensa personal, aleaci\u00f3n de aluminio, interruptor de cristal de emergencia, herramienta de supervivencia de seguridad EDC para exteriores\" src=\"https:\/\/bodegaoutdoor.cl\/store\/wp-content\/uploads\/2020\/12\/21507-4xjpip.jpg\" alt=\"Bol\u00edgrafo t\u00e1ctico militar, multifunci\u00f3n, defensa personal, aleaci\u00f3n de aluminio, interruptor de cristal de emergencia, herramienta de supervivencia de seguridad EDC para exteriores\" \/><\/p>\n<p style=\"margin: 0; padding: 0;\"><img decoding=\"async\" title=\"Bol\u00edgrafo t\u00e1ctico militar, multifunci\u00f3n, defensa personal, aleaci\u00f3n de aluminio, interruptor de cristal de emergencia, herramienta de supervivencia de seguridad EDC para exteriores\" src=\"https:\/\/bodegaoutdoor.cl\/store\/wp-content\/uploads\/2020\/12\/21507-k0dj87.jpg\" alt=\"Bol\u00edgrafo t\u00e1ctico militar, multifunci\u00f3n, defensa personal, aleaci\u00f3n de aluminio, interruptor de cristal de emergencia, herramienta de supervivencia de seguridad EDC para exteriores\" \/><\/p>\n<p style=\"margin: 0; padding: 0;\"><img decoding=\"async\" title=\"Bol\u00edgrafo t\u00e1ctico militar, multifunci\u00f3n, defensa personal, aleaci\u00f3n de aluminio, interruptor de cristal de emergencia, herramienta de supervivencia de seguridad EDC para exteriores\" src=\"https:\/\/bodegaoutdoor.cl\/store\/wp-content\/uploads\/2020\/12\/21507-2z1hnx.jpg\" alt=\"Bol\u00edgrafo t\u00e1ctico militar, multifunci\u00f3n, defensa personal, aleaci\u00f3n de aluminio, interruptor de cristal de emergencia, herramienta de supervivencia de seguridad EDC para exteriores\" \/><\/p>\n<p>&nbsp;<\/p>\n<\/div>\n<\/div>\n\n    <div class=\"xs_social_share_widget xs_share_url after_content \t\tmain_content  wslu-style-1 wslu-share-box-shaped wslu-fill-colored wslu-none wslu-share-horizontal wslu-theme-font-no wslu-main_content\">\n\n\t\t\n        <ul>\n\t\t\t        <\/ul>\n    <\/div> \n","protected":false},"excerpt":{"rendered":"<p>&#8220;100% nueva calidad El bol\u00edgrafo t\u00e1ctico de autodefensa est\u00e1 hecho de aluminio de aviaci\u00f3n por anodizado duro tipo III. En caso de emergencia, puede ser su herramienta ideal para defensa personal. Proporciona hermosos instrumentos de escritura de alto rendimiento y protectores corporales en emergencias Dise\u00f1o de alambre de diamante en el mango, con excelente capacidad [&hellip;]<\/p>\n","protected":false},"featured_media":21512,"comment_status":"open","ping_status":"closed","template":"","meta":{"jetpack_publicize_message":"","jetpack_publicize_feature_enabled":true,"jetpack_social_post_already_shared":true,"jetpack_social_options":{"image_generator_settings":{"template":"highway","enabled":false},"version":2}},"product_brand":[],"product_cat":[15,64,790],"product_tag":[],"class_list":{"0":"post-21507","1":"product","2":"type-product","3":"status-publish","4":"has-post-thumbnail","6":"product_cat-otros","7":"product_cat-accessories","8":"product_cat-autodefensa","10":"first","11":"instock","12":"taxable","13":"shipping-taxable","14":"purchasable","15":"product-type-variable"},"jetpack_publicize_connections":[],"jetpack_sharing_enabled":true,"_links":{"self":[{"href":"https:\/\/bodegaoutdoor.cl\/store\/wp-json\/wp\/v2\/product\/21507","targetHints":{"allow":["GET"]}}],"collection":[{"href":"https:\/\/bodegaoutdoor.cl\/store\/wp-json\/wp\/v2\/product"}],"about":[{"href":"https:\/\/bodegaoutdoor.cl\/store\/wp-json\/wp\/v2\/types\/product"}],"replies":[{"embeddable":true,"href":"https:\/\/bodegaoutdoor.cl\/store\/wp-json\/wp\/v2\/comments?post=21507"}],"version-history":[{"count":3,"href":"https:\/\/bodegaoutdoor.cl\/store\/wp-json\/wp\/v2\/product\/21507\/revisions"}],"predecessor-version":[{"id":85854,"href":"https:\/\/bodegaoutdoor.cl\/store\/wp-json\/wp\/v2\/product\/21507\/revisions\/85854"}],"wp:featuredmedia":[{"embeddable":true,"href":"https:\/\/bodegaoutdoor.cl\/store\/wp-json\/wp\/v2\/media\/21512"}],"wp:attachment":[{"href":"https:\/\/bodegaoutdoor.cl\/store\/wp-json\/wp\/v2\/media?parent=21507"}],"wp:term":[{"taxonomy":"product_brand","embeddable":true,"href":"https:\/\/bodegaoutdoor.cl\/store\/wp-json\/wp\/v2\/product_brand?post=21507"},{"taxonomy":"product_cat","embeddable":true,"href":"https:\/\/bodegaoutdoor.cl\/store\/wp-json\/wp\/v2\/product_cat?post=21507"},{"taxonomy":"product_tag","embeddable":true,"href":"https:\/\/bodegaoutdoor.cl\/store\/wp-json\/wp\/v2\/product_tag?post=21507"}],"curies":[{"name":"wp","href":"https:\/\/api.w.org\/{rel}","templated":true}]}}