{"id":21554,"date":"2020-12-08T00:38:33","date_gmt":"2020-12-08T00:38:33","guid":{"rendered":"https:\/\/bodegaoutdoor.cl\/store\/product\/crampones-de-escalada-antideslizantes-para-nieve-cubrezapatos-pinzas-de-hielo-para-hacer-senderismo-botas-de-exterior-de-acero-al-manganeso-para-invierno\/"},"modified":"2024-05-30T11:53:53","modified_gmt":"2024-05-30T15:53:53","slug":"crampones-de-escalada-antideslizantes-para-nieve-cubrezapatos-pinzas-de-hielo-para-hacer-senderismo-botas-de-exterior-de-acero-al-manganeso-para-invierno","status":"publish","type":"product","link":"https:\/\/bodegaoutdoor.cl\/store\/product\/crampones-de-escalada-antideslizantes-para-nieve-cubrezapatos-pinzas-de-hielo-para-hacer-senderismo-botas-de-exterior-de-acero-al-manganeso-para-invierno\/","title":{"rendered":"Crampones de escalada antideslizantes para nieve, cubrezapatos, pinzas de hielo para hacer senderismo, botas de exterior de acero al manganeso para invierno"},"content":{"rendered":"<div>\n<div>\n<div><\/div>\n<div style=\"line-height: 20px; border-bottom: 1px dashed #CCCCCC; border-top: 1px dashed #CCCCCC;\">Descripci\u00f3n<br \/>\n100% nuevo y de alta calidad<br \/>\nSe sujeta de forma segura a su calzado, se desliza, puede cavar en todo tipo de terreno, como hielo, nieve, rocas h\u00famedas, hormig\u00f3n y pur\u00e9.<br \/>\nCon 8 tachuelas, ofrecemos una tracci\u00f3n excelente y te ayuda a evitar voltear en el suelo helado plano y delgado o con nieve.<br \/>\nF\u00e1cil de poner\/Quitar para adaptarse a Botas, zapatillas deportivas, zapatos casuales, simplemente envuelve la parte delantera alrededor de tu dedo del pie, luego estira la espalda alrededor del tal\u00f3n.<br \/>\nReduce el riesgo de lesiones por deslizamiento y ca\u00edda cuando caminas sobre hielo, nieve, barro y hierba h\u00fameda u otras malas condiciones.<br \/>\nIdeal para los entusiastas de los deportes al aire libre de invierno, trabajadores, excursionistas, pescadores de hielo o aquellos que palan la nieve.Especificaciones:<br \/>\nColor: Naranja, Negro<br \/>\nMaterial: Acero al manganeso, TPE<br \/>\nCantidad de pernos: 8<br \/>\nTama\u00f1o del zapato adecuado: 35-43<br \/>\nPeso: aproximadamente 350g (1 par)<\/div>\n<p>El paquete incluye:<br \/>\n1 par de crampones<br \/>\n1 * bolsa de almacenamiento<\/p>\n<p>Nota:<br \/>\n1. Debido a la luz y a la diferencia de pantalla, el color del art\u00edculo puede ser ligeramente diferente al de las im\u00e1genes.<br \/>\n2. Permite una peque\u00f1a desviaci\u00f3n en los datos de medici\u00f3n y aseg\u00farate de que no te importa antes de hacer el pedido.<\/p>\n<p>\u00a1Gran calidad para ti!<\/p>\n<\/div>\n<div>\n<p><img decoding=\"async\" title=\"Crampones de escalada antideslizantes para nieve, cubrezapatos, pinzas de hielo para hacer senderismo, botas de exterior de acero al manganeso para invierno\" src=\"https:\/\/bodegaoutdoor.cl\/store\/wp-content\/uploads\/2020\/12\/21554-jlotxh.jpg\" alt=\"Crampones de escalada antideslizantes para nieve, cubrezapatos, pinzas de hielo para hacer senderismo, botas de exterior de acero al manganeso para invierno\" \/><img decoding=\"async\" title=\"Crampones de escalada antideslizantes para nieve, cubrezapatos, pinzas de hielo para hacer senderismo, botas de exterior de acero al manganeso para invierno\" src=\"https:\/\/bodegaoutdoor.cl\/store\/wp-content\/uploads\/2020\/12\/21554-y3kd6l.jpg\" alt=\"Crampones de escalada antideslizantes para nieve, cubrezapatos, pinzas de hielo para hacer senderismo, botas de exterior de acero al manganeso para invierno\" \/><img decoding=\"async\" title=\"Crampones de escalada antideslizantes para nieve, cubrezapatos, pinzas de hielo para hacer senderismo, botas de exterior de acero al manganeso para invierno\" src=\"https:\/\/bodegaoutdoor.cl\/store\/wp-content\/uploads\/2020\/12\/21554-evk0g6.jpg\" alt=\"Crampones de escalada antideslizantes para nieve, cubrezapatos, pinzas de hielo para hacer senderismo, botas de exterior de acero al manganeso para invierno\" \/><img decoding=\"async\" title=\"Crampones de escalada antideslizantes para nieve, cubrezapatos, pinzas de hielo para hacer senderismo, botas de exterior de acero al manganeso para invierno\" src=\"https:\/\/bodegaoutdoor.cl\/store\/wp-content\/uploads\/2020\/12\/21554-oqwftr.jpg\" alt=\"Crampones de escalada antideslizantes para nieve, cubrezapatos, pinzas de hielo para hacer senderismo, botas de exterior de acero al manganeso para invierno\" \/><img decoding=\"async\" title=\"Crampones de escalada antideslizantes para nieve, cubrezapatos, pinzas de hielo para hacer senderismo, botas de exterior de acero al manganeso para invierno\" src=\"https:\/\/bodegaoutdoor.cl\/store\/wp-content\/uploads\/2020\/12\/21554-fyo9da.jpg\" alt=\"Crampones de escalada antideslizantes para nieve, cubrezapatos, pinzas de hielo para hacer senderismo, botas de exterior de acero al manganeso para invierno\" \/><img decoding=\"async\" title=\"Crampones de escalada antideslizantes para nieve, cubrezapatos, pinzas de hielo para hacer senderismo, botas de exterior de acero al manganeso para invierno\" src=\"https:\/\/bodegaoutdoor.cl\/store\/wp-content\/uploads\/2020\/12\/21554-tcts1h.jpg\" alt=\"Crampones de escalada antideslizantes para nieve, cubrezapatos, pinzas de hielo para hacer senderismo, botas de exterior de acero al manganeso para invierno\" \/><img decoding=\"async\" title=\"Crampones de escalada antideslizantes para nieve, cubrezapatos, pinzas de hielo para hacer senderismo, botas de exterior de acero al manganeso para invierno\" src=\"https:\/\/bodegaoutdoor.cl\/store\/wp-content\/uploads\/2020\/12\/21554-b6frow.jpg\" alt=\"Crampones de escalada antideslizantes para nieve, cubrezapatos, pinzas de hielo para hacer senderismo, botas de exterior de acero al manganeso para invierno\" \/><img decoding=\"async\" title=\"Crampones de escalada antideslizantes para nieve, cubrezapatos, pinzas de hielo para hacer senderismo, botas de exterior de acero al manganeso para invierno\" src=\"https:\/\/bodegaoutdoor.cl\/store\/wp-content\/uploads\/2020\/12\/21554-jm3ajq.jpg\" alt=\"Crampones de escalada antideslizantes para nieve, cubrezapatos, pinzas de hielo para hacer senderismo, botas de exterior de acero al manganeso para invierno\" \/><img decoding=\"async\" title=\"Crampones de escalada antideslizantes para nieve, cubrezapatos, pinzas de hielo para hacer senderismo, botas de exterior de acero al manganeso para invierno\" src=\"https:\/\/bodegaoutdoor.cl\/store\/wp-content\/uploads\/2020\/12\/21554-yjjnfq.jpg\" alt=\"Crampones de escalada antideslizantes para nieve, cubrezapatos, pinzas de hielo para hacer senderismo, botas de exterior de acero al manganeso para invierno\" \/><\/p>\n<\/div>\n<div>\n<p>&nbsp;<\/p>\n<\/div>\n<\/div>\n<div><\/div>\n\n    <div class=\"xs_social_share_widget xs_share_url after_content \t\tmain_content  wslu-style-1 wslu-share-box-shaped wslu-fill-colored wslu-none wslu-share-horizontal wslu-theme-font-no wslu-main_content\">\n\n\t\t\n        <ul>\n\t\t\t        <\/ul>\n    <\/div> \n","protected":false},"excerpt":{"rendered":"<p>Descripci\u00f3n 100% nuevo y de alta calidad Se sujeta de forma segura a su calzado, se desliza, puede cavar en todo tipo de terreno, como hielo, nieve, rocas h\u00famedas, hormig\u00f3n y pur\u00e9. Con 8 tachuelas, ofrecemos una tracci\u00f3n excelente y te ayuda a evitar voltear en el suelo helado plano y delgado o con nieve. [&hellip;]<\/p>\n","protected":false},"featured_media":21574,"comment_status":"open","ping_status":"closed","template":"","meta":{"jetpack_publicize_message":"","jetpack_publicize_feature_enabled":true,"jetpack_social_post_already_shared":true,"jetpack_social_options":{"image_generator_settings":{"template":"highway","enabled":false},"version":2}},"product_brand":[],"product_cat":[15,304],"product_tag":[],"class_list":{"0":"post-21554","1":"product","2":"type-product","3":"status-publish","4":"has-post-thumbnail","6":"product_cat-otros","7":"product_cat-trekking","9":"first","10":"instock","11":"sale","12":"taxable","13":"shipping-taxable","14":"purchasable","15":"product-type-variable"},"jetpack_publicize_connections":[],"jetpack_sharing_enabled":true,"_links":{"self":[{"href":"https:\/\/bodegaoutdoor.cl\/store\/wp-json\/wp\/v2\/product\/21554","targetHints":{"allow":["GET"]}}],"collection":[{"href":"https:\/\/bodegaoutdoor.cl\/store\/wp-json\/wp\/v2\/product"}],"about":[{"href":"https:\/\/bodegaoutdoor.cl\/store\/wp-json\/wp\/v2\/types\/product"}],"replies":[{"embeddable":true,"href":"https:\/\/bodegaoutdoor.cl\/store\/wp-json\/wp\/v2\/comments?post=21554"}],"version-history":[{"count":3,"href":"https:\/\/bodegaoutdoor.cl\/store\/wp-json\/wp\/v2\/product\/21554\/revisions"}],"predecessor-version":[{"id":82922,"href":"https:\/\/bodegaoutdoor.cl\/store\/wp-json\/wp\/v2\/product\/21554\/revisions\/82922"}],"wp:featuredmedia":[{"embeddable":true,"href":"https:\/\/bodegaoutdoor.cl\/store\/wp-json\/wp\/v2\/media\/21574"}],"wp:attachment":[{"href":"https:\/\/bodegaoutdoor.cl\/store\/wp-json\/wp\/v2\/media?parent=21554"}],"wp:term":[{"taxonomy":"product_brand","embeddable":true,"href":"https:\/\/bodegaoutdoor.cl\/store\/wp-json\/wp\/v2\/product_brand?post=21554"},{"taxonomy":"product_cat","embeddable":true,"href":"https:\/\/bodegaoutdoor.cl\/store\/wp-json\/wp\/v2\/product_cat?post=21554"},{"taxonomy":"product_tag","embeddable":true,"href":"https:\/\/bodegaoutdoor.cl\/store\/wp-json\/wp\/v2\/product_tag?post=21554"}],"curies":[{"name":"wp","href":"https:\/\/api.w.org\/{rel}","templated":true}]}}