{"id":21562,"date":"2020-12-08T00:38:50","date_gmt":"2020-12-08T00:38:50","guid":{"rendered":"https:\/\/bodegaoutdoor.cl\/store\/product\/cinturon-de-seguridad-para-montanismo-equipo-de-proteccion-de-trabajo-aereo-de-descenso-expansion-al-aire-libre-rappel-cinturon-de-escalada-arnes-de-cuerpo-completo\/"},"modified":"2023-05-04T19:19:10","modified_gmt":"2023-05-04T23:19:10","slug":"cinturon-de-seguridad-para-montanismo-equipo-de-proteccion-de-trabajo-aereo-de-descenso-expansion-al-aire-libre-rappel-cinturon-de-escalada-arnes-de-cuerpo-completo","status":"publish","type":"product","link":"https:\/\/bodegaoutdoor.cl\/store\/product\/cinturon-de-seguridad-para-montanismo-equipo-de-proteccion-de-trabajo-aereo-de-descenso-expansion-al-aire-libre-rappel-cinturon-de-escalada-arnes-de-cuerpo-completo\/","title":{"rendered":"Cintur\u00f3n de seguridad para monta\u00f1ismo, equipo de protecci\u00f3n de trabajo a\u00e9reo de descenso, expansi\u00f3n al aire libre, rappel, cintur\u00f3n de escalada, arn\u00e9s de cuerpo completo"},"content":{"rendered":"<div>\n<div>\n<div>\n<div>\n<div>\n<div>\n<div>\n<div>\n<div>\n<div>\n<div>\n<div>\n<div>\n<div>\n<div>\n<div><\/div>\n<\/div>\n<div><\/div>\n<div>\n<div><\/div>\n<\/div>\n<\/div>\n<\/div>\n<h2><span style=\"color: #c0392b;\"><strong>Caracter\u00edsticas:<\/strong><\/span><\/h2>\n<p><span style=\"font-size: 16px;\"><span style=\"font-family: Arial,Helvetica,sans-serif;\">* Tela: tela perforada transpirable en la cintura y las piernas, c\u00f3moda de usar.<\/span><\/span><\/p>\n<p>* Desmontable: la correa superior del hombro se puede quitar y desmontar y montar entre el arn\u00e9s de cuerpo completo y el arn\u00e9s de medio cuerpo para diferentes ocasiones.<\/p>\n<p>* Anillo de equipo: tubo de goma integrado, costura de poli\u00e9ster multicapa externa, puede soportar 5kg<\/p>\n<p>* Almohadilla trasera: almohadilla protectora extra gruesa, cintura s\u00e1ndwich, transpirable y c\u00f3moda<\/p>\n<p>* Conexi\u00f3n: solo se utiliza la cerradura principal de 22kN entre la correa de hombro y el cintur\u00f3n de seguridad de media longitud, que es firme y estable, y la costura es apretada y delicada.<\/p>\n<p>* Detr\u00e1s: con un anillo de conexi\u00f3n en la parte posterior de la correa de hombro, el peso del material de metal forjado se puede utilizar como cojinete de protecci\u00f3n trasera.<\/p>\n<p>* Accesorios de aluminio de aviaci\u00f3n m\u00e1s firmes y ligeros.<\/p>\n<p>* Aleaci\u00f3n de aluminio ouch fuerza de tracci\u00f3n accesible 22KN.<\/p>\n<p>* La hebilla de ajuste est\u00e1 hecha de metal forjado. No dude en ajustar la banda el\u00e1stica. Ajustable una talla m\u00e1s<\/p>\n<h2><span style=\"color: #c0392b;\"><strong>Especificaci\u00f3n:<\/strong><\/span><\/h2>\n<p><span style=\"font-size: 16px;\"><span style=\"font-family: Arial,Helvetica,sans-serif;\">Material: poli\u00e9ster de alta resistencia, aleaci\u00f3n de aluminio<\/span><\/span><\/p>\n<p>Per\u00edmetro de la cintura: aprox. 80 &#8211; 140cm\/31,5-55,1 pulgadas<\/p>\n<p>Per\u00edmetro de la pierna: aprox. 60- 75cm\/23,6-29,5 pulgadas<\/p>\n<p>Color: negro, rojo y amarillo.<\/p>\n<p>Certificaci\u00f3n: certificaci\u00f3n CE<\/p>\n<h2><span style=\"color: #c0392b;\"><strong>Embalaje incluido:<\/strong><\/span><\/h2>\n<p><span style=\"font-size: 16px;\"><span style=\"font-family: Arial,Helvetica,sans-serif;\">1 * cintur\u00f3n de seguridad de cuerpo entero<\/span><\/span><\/p>\n<h2><span style=\"color: #c0392b;\"><strong>Nota:<\/strong><\/span><\/h2>\n<p><span style=\"font-size: 16px;\"><span style=\"font-family: Arial,Helvetica,sans-serif;\">1. Permite una diferencia de 1-3cm (0,4-1,18 &#8220;) debido a la medici\u00f3n manual y ligeras variaciones de color para diferentes ajustes de pantalla.<\/span><\/span><\/p>\n<p>2. Debido a la luz y a la diferencia de pantalla, el color del art\u00edculo puede ser ligeramente diferente al de las im\u00e1genes. Por favor entiende<\/p>\n<div style=\"text-align: center;\">\n<p>&nbsp;<\/p>\n<p style=\"margin: 0; width: 100%;\"><img decoding=\"async\" title=\"Cintur\u00f3n de seguridad para monta\u00f1ismo, equipo de protecci\u00f3n de trabajo a\u00e9reo de descenso, expansi\u00f3n al aire libre, rappel, cintur\u00f3n de escalada, arn\u00e9s de cuerpo completo\" src=\"https:\/\/bodegaoutdoor.cl\/store\/wp-content\/uploads\/2020\/12\/21562-neanci.jpg\" alt=\"Cintur\u00f3n de seguridad para monta\u00f1ismo, equipo de protecci\u00f3n de trabajo a\u00e9reo de descenso, expansi\u00f3n al aire libre, rappel, cintur\u00f3n de escalada, arn\u00e9s de cuerpo completo\" \/><br \/>\n<img decoding=\"async\" title=\"Cintur\u00f3n de seguridad para monta\u00f1ismo, equipo de protecci\u00f3n de trabajo a\u00e9reo de descenso, expansi\u00f3n al aire libre, rappel, cintur\u00f3n de escalada, arn\u00e9s de cuerpo completo\" src=\"https:\/\/bodegaoutdoor.cl\/store\/wp-content\/uploads\/2020\/12\/21562-qfzdnn.jpg\" alt=\"Cintur\u00f3n de seguridad para monta\u00f1ismo, equipo de protecci\u00f3n de trabajo a\u00e9reo de descenso, expansi\u00f3n al aire libre, rappel, cintur\u00f3n de escalada, arn\u00e9s de cuerpo completo\" \/><img decoding=\"async\" title=\"Cintur\u00f3n de seguridad para monta\u00f1ismo, equipo de protecci\u00f3n de trabajo a\u00e9reo de descenso, expansi\u00f3n al aire libre, rappel, cintur\u00f3n de escalada, arn\u00e9s de cuerpo completo\" src=\"https:\/\/bodegaoutdoor.cl\/store\/wp-content\/uploads\/2020\/12\/21562-dluj7h.jpg\" alt=\"Cintur\u00f3n de seguridad para monta\u00f1ismo, equipo de protecci\u00f3n de trabajo a\u00e9reo de descenso, expansi\u00f3n al aire libre, rappel, cintur\u00f3n de escalada, arn\u00e9s de cuerpo completo\" \/><img decoding=\"async\" title=\"Cintur\u00f3n de seguridad para monta\u00f1ismo, equipo de protecci\u00f3n de trabajo a\u00e9reo de descenso, expansi\u00f3n al aire libre, rappel, cintur\u00f3n de escalada, arn\u00e9s de cuerpo completo\" src=\"https:\/\/bodegaoutdoor.cl\/store\/wp-content\/uploads\/2020\/12\/21562-fqz2mm.jpg\" alt=\"Cintur\u00f3n de seguridad para monta\u00f1ismo, equipo de protecci\u00f3n de trabajo a\u00e9reo de descenso, expansi\u00f3n al aire libre, rappel, cintur\u00f3n de escalada, arn\u00e9s de cuerpo completo\" \/><img decoding=\"async\" title=\"Cintur\u00f3n de seguridad para monta\u00f1ismo, equipo de protecci\u00f3n de trabajo a\u00e9reo de descenso, expansi\u00f3n al aire libre, rappel, cintur\u00f3n de escalada, arn\u00e9s de cuerpo completo\" src=\"https:\/\/bodegaoutdoor.cl\/store\/wp-content\/uploads\/2020\/12\/21562-jbkbtu.jpg\" alt=\"Cintur\u00f3n de seguridad para monta\u00f1ismo, equipo de protecci\u00f3n de trabajo a\u00e9reo de descenso, expansi\u00f3n al aire libre, rappel, cintur\u00f3n de escalada, arn\u00e9s de cuerpo completo\" \/><img decoding=\"async\" title=\"Cintur\u00f3n de seguridad para monta\u00f1ismo, equipo de protecci\u00f3n de trabajo a\u00e9reo de descenso, expansi\u00f3n al aire libre, rappel, cintur\u00f3n de escalada, arn\u00e9s de cuerpo completo\" src=\"https:\/\/bodegaoutdoor.cl\/store\/wp-content\/uploads\/2020\/12\/21562-hcou4c.jpg\" alt=\"Cintur\u00f3n de seguridad para monta\u00f1ismo, equipo de protecci\u00f3n de trabajo a\u00e9reo de descenso, expansi\u00f3n al aire libre, rappel, cintur\u00f3n de escalada, arn\u00e9s de cuerpo completo\" \/><img decoding=\"async\" title=\"Cintur\u00f3n de seguridad para monta\u00f1ismo, equipo de protecci\u00f3n de trabajo a\u00e9reo de descenso, expansi\u00f3n al aire libre, rappel, cintur\u00f3n de escalada, arn\u00e9s de cuerpo completo\" src=\"https:\/\/bodegaoutdoor.cl\/store\/wp-content\/uploads\/2020\/12\/21562-c2z62l.jpg\" alt=\"Cintur\u00f3n de seguridad para monta\u00f1ismo, equipo de protecci\u00f3n de trabajo a\u00e9reo de descenso, expansi\u00f3n al aire libre, rappel, cintur\u00f3n de escalada, arn\u00e9s de cuerpo completo\" \/><img decoding=\"async\" title=\"Cintur\u00f3n de seguridad para monta\u00f1ismo, equipo de protecci\u00f3n de trabajo a\u00e9reo de descenso, expansi\u00f3n al aire libre, rappel, cintur\u00f3n de escalada, arn\u00e9s de cuerpo completo\" src=\"https:\/\/bodegaoutdoor.cl\/store\/wp-content\/uploads\/2020\/12\/21562-nrp7ab.jpg\" alt=\"Cintur\u00f3n de seguridad para monta\u00f1ismo, equipo de protecci\u00f3n de trabajo a\u00e9reo de descenso, expansi\u00f3n al aire libre, rappel, cintur\u00f3n de escalada, arn\u00e9s de cuerpo completo\" \/><img decoding=\"async\" title=\"Cintur\u00f3n de seguridad para monta\u00f1ismo, equipo de protecci\u00f3n de trabajo a\u00e9reo de descenso, expansi\u00f3n al aire libre, rappel, cintur\u00f3n de escalada, arn\u00e9s de cuerpo completo\" src=\"https:\/\/bodegaoutdoor.cl\/store\/wp-content\/uploads\/2020\/12\/21562-qro0wi.jpg\" alt=\"Cintur\u00f3n de seguridad para monta\u00f1ismo, equipo de protecci\u00f3n de trabajo a\u00e9reo de descenso, expansi\u00f3n al aire libre, rappel, cintur\u00f3n de escalada, arn\u00e9s de cuerpo completo\" \/><img decoding=\"async\" title=\"Cintur\u00f3n de seguridad para monta\u00f1ismo, equipo de protecci\u00f3n de trabajo a\u00e9reo de descenso, expansi\u00f3n al aire libre, rappel, cintur\u00f3n de escalada, arn\u00e9s de cuerpo completo\" src=\"https:\/\/bodegaoutdoor.cl\/store\/wp-content\/uploads\/2020\/12\/21562-rkzgt7.jpg\" alt=\"Cintur\u00f3n de seguridad para monta\u00f1ismo, equipo de protecci\u00f3n de trabajo a\u00e9reo de descenso, expansi\u00f3n al aire libre, rappel, cintur\u00f3n de escalada, arn\u00e9s de cuerpo completo\" \/><img decoding=\"async\" title=\"Cintur\u00f3n de seguridad para monta\u00f1ismo, equipo de protecci\u00f3n de trabajo a\u00e9reo de descenso, expansi\u00f3n al aire libre, rappel, cintur\u00f3n de escalada, arn\u00e9s de cuerpo completo\" src=\"https:\/\/bodegaoutdoor.cl\/store\/wp-content\/uploads\/2020\/12\/21562-dk9yhk.jpg\" alt=\"Cintur\u00f3n de seguridad para monta\u00f1ismo, equipo de protecci\u00f3n de trabajo a\u00e9reo de descenso, expansi\u00f3n al aire libre, rappel, cintur\u00f3n de escalada, arn\u00e9s de cuerpo completo\" \/><img decoding=\"async\" title=\"Cintur\u00f3n de seguridad para monta\u00f1ismo, equipo de protecci\u00f3n de trabajo a\u00e9reo de descenso, expansi\u00f3n al aire libre, rappel, cintur\u00f3n de escalada, arn\u00e9s de cuerpo completo\" src=\"https:\/\/bodegaoutdoor.cl\/store\/wp-content\/uploads\/2020\/12\/21562-adu5fb.jpg\" alt=\"Cintur\u00f3n de seguridad para monta\u00f1ismo, equipo de protecci\u00f3n de trabajo a\u00e9reo de descenso, expansi\u00f3n al aire libre, rappel, cintur\u00f3n de escalada, arn\u00e9s de cuerpo completo\" \/><img decoding=\"async\" title=\"Cintur\u00f3n de seguridad para monta\u00f1ismo, equipo de protecci\u00f3n de trabajo a\u00e9reo de descenso, expansi\u00f3n al aire libre, rappel, cintur\u00f3n de escalada, arn\u00e9s de cuerpo completo\" src=\"https:\/\/bodegaoutdoor.cl\/store\/wp-content\/uploads\/2020\/12\/21562-xi9iyk.jpg\" alt=\"Cintur\u00f3n de seguridad para monta\u00f1ismo, equipo de protecci\u00f3n de trabajo a\u00e9reo de descenso, expansi\u00f3n al aire libre, rappel, cintur\u00f3n de escalada, arn\u00e9s de cuerpo completo\" \/><img decoding=\"async\" title=\"Cintur\u00f3n de seguridad para monta\u00f1ismo, equipo de protecci\u00f3n de trabajo a\u00e9reo de descenso, expansi\u00f3n al aire libre, rappel, cintur\u00f3n de escalada, arn\u00e9s de cuerpo completo\" src=\"https:\/\/bodegaoutdoor.cl\/store\/wp-content\/uploads\/2020\/12\/21562-w9qmoo.jpg\" alt=\"Cintur\u00f3n de seguridad para monta\u00f1ismo, equipo de protecci\u00f3n de trabajo a\u00e9reo de descenso, expansi\u00f3n al aire libre, rappel, cintur\u00f3n de escalada, arn\u00e9s de cuerpo completo\" \/><img decoding=\"async\" title=\"Cintur\u00f3n de seguridad para monta\u00f1ismo, equipo de protecci\u00f3n de trabajo a\u00e9reo de descenso, expansi\u00f3n al aire libre, rappel, cintur\u00f3n de escalada, arn\u00e9s de cuerpo completo\" src=\"https:\/\/bodegaoutdoor.cl\/store\/wp-content\/uploads\/2020\/12\/21562-uiwgf3.jpg\" alt=\"Cintur\u00f3n de seguridad para monta\u00f1ismo, equipo de protecci\u00f3n de trabajo a\u00e9reo de descenso, expansi\u00f3n al aire libre, rappel, cintur\u00f3n de escalada, arn\u00e9s de cuerpo completo\" \/><img decoding=\"async\" title=\"Cintur\u00f3n de seguridad para monta\u00f1ismo, equipo de protecci\u00f3n de trabajo a\u00e9reo de descenso, expansi\u00f3n al aire libre, rappel, cintur\u00f3n de escalada, arn\u00e9s de cuerpo completo\" src=\"https:\/\/bodegaoutdoor.cl\/store\/wp-content\/uploads\/2020\/12\/21562-qcb6es.jpg\" alt=\"Cintur\u00f3n de seguridad para monta\u00f1ismo, equipo de protecci\u00f3n de trabajo a\u00e9reo de descenso, expansi\u00f3n al aire libre, rappel, cintur\u00f3n de escalada, arn\u00e9s de cuerpo completo\" \/><img decoding=\"async\" title=\"Cintur\u00f3n de seguridad para monta\u00f1ismo, equipo de protecci\u00f3n de trabajo a\u00e9reo de descenso, expansi\u00f3n al aire libre, rappel, cintur\u00f3n de escalada, arn\u00e9s de cuerpo completo\" src=\"https:\/\/bodegaoutdoor.cl\/store\/wp-content\/uploads\/2020\/12\/21562-15kyct.jpg\" alt=\"Cintur\u00f3n de seguridad para monta\u00f1ismo, equipo de protecci\u00f3n de trabajo a\u00e9reo de descenso, expansi\u00f3n al aire libre, rappel, cintur\u00f3n de escalada, arn\u00e9s de cuerpo completo\" \/><img decoding=\"async\" title=\"Cintur\u00f3n de seguridad para monta\u00f1ismo, equipo de protecci\u00f3n de trabajo a\u00e9reo de descenso, expansi\u00f3n al aire libre, rappel, cintur\u00f3n de escalada, arn\u00e9s de cuerpo completo\" src=\"https:\/\/bodegaoutdoor.cl\/store\/wp-content\/uploads\/2020\/12\/21562-6uzkuk.jpg\" alt=\"Cintur\u00f3n de seguridad para monta\u00f1ismo, equipo de protecci\u00f3n de trabajo a\u00e9reo de descenso, expansi\u00f3n al aire libre, rappel, cintur\u00f3n de escalada, arn\u00e9s de cuerpo completo\" \/><img decoding=\"async\" title=\"Cintur\u00f3n de seguridad para monta\u00f1ismo, equipo de protecci\u00f3n de trabajo a\u00e9reo de descenso, expansi\u00f3n al aire libre, rappel, cintur\u00f3n de escalada, arn\u00e9s de cuerpo completo\" src=\"https:\/\/bodegaoutdoor.cl\/store\/wp-content\/uploads\/2020\/12\/21562-vxirsl.jpg\" alt=\"Cintur\u00f3n de seguridad para monta\u00f1ismo, equipo de protecci\u00f3n de trabajo a\u00e9reo de descenso, expansi\u00f3n al aire libre, rappel, cintur\u00f3n de escalada, arn\u00e9s de cuerpo completo\" \/><img decoding=\"async\" title=\"Cintur\u00f3n de seguridad para monta\u00f1ismo, equipo de protecci\u00f3n de trabajo a\u00e9reo de descenso, expansi\u00f3n al aire libre, rappel, cintur\u00f3n de escalada, arn\u00e9s de cuerpo completo\" src=\"https:\/\/bodegaoutdoor.cl\/store\/wp-content\/uploads\/2020\/12\/21562-diu8ow.jpg\" alt=\"Cintur\u00f3n de seguridad para monta\u00f1ismo, equipo de protecci\u00f3n de trabajo a\u00e9reo de descenso, expansi\u00f3n al aire libre, rappel, cintur\u00f3n de escalada, arn\u00e9s de cuerpo completo\" \/><img decoding=\"async\" title=\"Cintur\u00f3n de seguridad para monta\u00f1ismo, equipo de protecci\u00f3n de trabajo a\u00e9reo de descenso, expansi\u00f3n al aire libre, rappel, cintur\u00f3n de escalada, arn\u00e9s de cuerpo completo\" src=\"https:\/\/bodegaoutdoor.cl\/store\/wp-content\/uploads\/2020\/12\/21562-ihkibc.jpg\" alt=\"Cintur\u00f3n de seguridad para monta\u00f1ismo, equipo de protecci\u00f3n de trabajo a\u00e9reo de descenso, expansi\u00f3n al aire libre, rappel, cintur\u00f3n de escalada, arn\u00e9s de cuerpo completo\" \/><img decoding=\"async\" title=\"Cintur\u00f3n de seguridad para monta\u00f1ismo, equipo de protecci\u00f3n de trabajo a\u00e9reo de descenso, expansi\u00f3n al aire libre, rappel, cintur\u00f3n de escalada, arn\u00e9s de cuerpo completo\" src=\"https:\/\/bodegaoutdoor.cl\/store\/wp-content\/uploads\/2020\/12\/21562-kphmfo.jpg\" alt=\"Cintur\u00f3n de seguridad para monta\u00f1ismo, equipo de protecci\u00f3n de trabajo a\u00e9reo de descenso, expansi\u00f3n al aire libre, rappel, cintur\u00f3n de escalada, arn\u00e9s de cuerpo completo\" \/><img decoding=\"async\" title=\"Cintur\u00f3n de seguridad para monta\u00f1ismo, equipo de protecci\u00f3n de trabajo a\u00e9reo de descenso, expansi\u00f3n al aire libre, rappel, cintur\u00f3n de escalada, arn\u00e9s de cuerpo completo\" src=\"https:\/\/bodegaoutdoor.cl\/store\/wp-content\/uploads\/2020\/12\/21562-ivuzrr.jpg\" alt=\"Cintur\u00f3n de seguridad para monta\u00f1ismo, equipo de protecci\u00f3n de trabajo a\u00e9reo de descenso, expansi\u00f3n al aire libre, rappel, cintur\u00f3n de escalada, arn\u00e9s de cuerpo completo\" \/><img decoding=\"async\" title=\"Cintur\u00f3n de seguridad para monta\u00f1ismo, equipo de protecci\u00f3n de trabajo a\u00e9reo de descenso, expansi\u00f3n al aire libre, rappel, cintur\u00f3n de escalada, arn\u00e9s de cuerpo completo\" src=\"https:\/\/bodegaoutdoor.cl\/store\/wp-content\/uploads\/2020\/12\/21562-achnae.jpg\" alt=\"Cintur\u00f3n de seguridad para monta\u00f1ismo, equipo de protecci\u00f3n de trabajo a\u00e9reo de descenso, expansi\u00f3n al aire libre, rappel, cintur\u00f3n de escalada, arn\u00e9s de cuerpo completo\" \/><img decoding=\"async\" title=\"Cintur\u00f3n de seguridad para monta\u00f1ismo, equipo de protecci\u00f3n de trabajo a\u00e9reo de descenso, expansi\u00f3n al aire libre, rappel, cintur\u00f3n de escalada, arn\u00e9s de cuerpo completo\" src=\"https:\/\/bodegaoutdoor.cl\/store\/wp-content\/uploads\/2020\/12\/21562-t4ka2b.jpg\" alt=\"Cintur\u00f3n de seguridad para monta\u00f1ismo, equipo de protecci\u00f3n de trabajo a\u00e9reo de descenso, expansi\u00f3n al aire libre, rappel, cintur\u00f3n de escalada, arn\u00e9s de cuerpo completo\" \/><img decoding=\"async\" title=\"Cintur\u00f3n de seguridad para monta\u00f1ismo, equipo de protecci\u00f3n de trabajo a\u00e9reo de descenso, expansi\u00f3n al aire libre, rappel, cintur\u00f3n de escalada, arn\u00e9s de cuerpo completo\" src=\"https:\/\/bodegaoutdoor.cl\/store\/wp-content\/uploads\/2020\/12\/21562-os8one.jpg\" alt=\"Cintur\u00f3n de seguridad para monta\u00f1ismo, equipo de protecci\u00f3n de trabajo a\u00e9reo de descenso, expansi\u00f3n al aire libre, rappel, cintur\u00f3n de escalada, arn\u00e9s de cuerpo completo\" \/><img decoding=\"async\" title=\"Cintur\u00f3n de seguridad para monta\u00f1ismo, equipo de protecci\u00f3n de trabajo a\u00e9reo de descenso, expansi\u00f3n al aire libre, rappel, cintur\u00f3n de escalada, arn\u00e9s de cuerpo completo\" src=\"https:\/\/bodegaoutdoor.cl\/store\/wp-content\/uploads\/2020\/12\/21562-mfvxf0.jpg\" alt=\"Cintur\u00f3n de seguridad para monta\u00f1ismo, equipo de protecci\u00f3n de trabajo a\u00e9reo de descenso, expansi\u00f3n al aire libre, rappel, cintur\u00f3n de escalada, arn\u00e9s de cuerpo completo\" \/><\/p>\n<div>\n<div>\n<div>\n<div><\/div>\n<\/div>\n<div><\/div>\n<div>\n<div><\/div>\n<\/div>\n<\/div>\n<\/div>\n<p>&nbsp;<\/p>\n<\/div>\n<\/div>\n<\/div>\n<\/div>\n<\/div>\n<\/div>\n<\/div>\n<\/div>\n<\/div>\n<\/div>\n<\/div>\n<\/div>\n<\/div>\n\n    <div class=\"xs_social_share_widget xs_share_url after_content \t\tmain_content  wslu-style-1 wslu-share-box-shaped wslu-fill-colored wslu-none wslu-share-horizontal wslu-theme-font-no wslu-main_content\">\n\n\t\t\n        <ul>\n\t\t\t        <\/ul>\n    <\/div> \n","protected":false},"excerpt":{"rendered":"<p><span style=\"color: #ff0000;\"><strong>SOLO ENVIO INTERNACIONAL<\/strong><\/span><\/p>\n","protected":false},"featured_media":21597,"comment_status":"open","ping_status":"closed","template":"","meta":{"jetpack_publicize_message":"","jetpack_publicize_feature_enabled":true,"jetpack_social_post_already_shared":true,"jetpack_social_options":{"image_generator_settings":{"template":"highway","enabled":false},"version":2}},"product_brand":[],"product_cat":[15,1608],"product_tag":[],"class_list":{"0":"post-21562","1":"product","2":"type-product","3":"status-publish","4":"has-post-thumbnail","6":"product_cat-otros","7":"product_cat-trabajo-seguridad","9":"first","10":"instock","11":"sale","12":"taxable","13":"shipping-taxable","14":"purchasable","15":"product-type-variable"},"jetpack_publicize_connections":[],"jetpack_sharing_enabled":true,"_links":{"self":[{"href":"https:\/\/bodegaoutdoor.cl\/store\/wp-json\/wp\/v2\/product\/21562","targetHints":{"allow":["GET"]}}],"collection":[{"href":"https:\/\/bodegaoutdoor.cl\/store\/wp-json\/wp\/v2\/product"}],"about":[{"href":"https:\/\/bodegaoutdoor.cl\/store\/wp-json\/wp\/v2\/types\/product"}],"replies":[{"embeddable":true,"href":"https:\/\/bodegaoutdoor.cl\/store\/wp-json\/wp\/v2\/comments?post=21562"}],"version-history":[{"count":1,"href":"https:\/\/bodegaoutdoor.cl\/store\/wp-json\/wp\/v2\/product\/21562\/revisions"}],"predecessor-version":[{"id":71129,"href":"https:\/\/bodegaoutdoor.cl\/store\/wp-json\/wp\/v2\/product\/21562\/revisions\/71129"}],"wp:featuredmedia":[{"embeddable":true,"href":"https:\/\/bodegaoutdoor.cl\/store\/wp-json\/wp\/v2\/media\/21597"}],"wp:attachment":[{"href":"https:\/\/bodegaoutdoor.cl\/store\/wp-json\/wp\/v2\/media?parent=21562"}],"wp:term":[{"taxonomy":"product_brand","embeddable":true,"href":"https:\/\/bodegaoutdoor.cl\/store\/wp-json\/wp\/v2\/product_brand?post=21562"},{"taxonomy":"product_cat","embeddable":true,"href":"https:\/\/bodegaoutdoor.cl\/store\/wp-json\/wp\/v2\/product_cat?post=21562"},{"taxonomy":"product_tag","embeddable":true,"href":"https:\/\/bodegaoutdoor.cl\/store\/wp-json\/wp\/v2\/product_tag?post=21562"}],"curies":[{"name":"wp","href":"https:\/\/api.w.org\/{rel}","templated":true}]}}