{"id":21614,"date":"2020-12-08T00:41:05","date_gmt":"2020-12-08T00:41:05","guid":{"rendered":"https:\/\/bodegaoutdoor.cl\/store\/product\/cinta-adhesiva-de-camuflaje-para-acampar-en-el-exterior-cinta-de-camuflaje-para-envolver-la-caza-005-m-x-10m-2-pulgadas-x-390-pulgadas-10-metros\/"},"modified":"2023-05-04T19:19:10","modified_gmt":"2023-05-04T23:19:10","slug":"cinta-adhesiva-de-camuflaje-para-acampar-en-el-exterior-cinta-de-camuflaje-para-envolver-la-caza-005-m-x-10m-2-pulgadas-x-390-pulgadas-10-metros","status":"publish","type":"product","link":"https:\/\/bodegaoutdoor.cl\/store\/product\/cinta-adhesiva-de-camuflaje-para-acampar-en-el-exterior-cinta-de-camuflaje-para-envolver-la-caza-005-m-x-10m-2-pulgadas-x-390-pulgadas-10-metros\/","title":{"rendered":"Cinta adhesiva de camuflaje para acampar en el exterior cinta de camuflaje para envolver la caza, 0,05 m x 10m\/2 pulgadas x 390 pulgadas, 10 metros"},"content":{"rendered":"<div>\n<div>\n<p><span style=\"font-size: 12.0px;\"><span style=\"font-family: verdana , geneva , sans-serif;\"><strong>Conducto de camuflaje al aire libre de RIFLE de caza Camo impermeable de sigilo del vendaje de la cinta de 0,05 m x 10m\/2 pulgadas x 390 pulgadas<\/strong><\/span><\/span><\/p>\n<p><span style=\"font-size: 12.0px;\"><span style=\"font-family: verdana , geneva , sans-serif;\">Caracter\u00edsticas:<\/span><\/span><\/p>\n<div><span style=\"font-size: 12.0px;\"><span style=\"font-family: verdana , geneva , sans-serif;\">Cinta de camuflaje para caza y acampada<\/span><\/span><\/div>\n<div><span style=\"font-size: 12.0px;\"><span style=\"font-family: verdana , geneva , sans-serif;\">Proporciona aislamiento contra superficies fr\u00edas (extremadamente \u00fatil en superficies met\u00e1licas)<\/span><\/span><\/div>\n<div><span style=\"font-size: 12.0px;\"><span style=\"font-family: verdana , geneva , sans-serif;\">Excelente como ayuda de ocultamiento<\/span><\/span><\/div>\n<div><span style=\"font-size: 12.0px;\"><span style=\"font-family: verdana , geneva , sans-serif;\">Puede reducir cualquier reflejo o brillo del objeto<\/span><\/span><\/div>\n<div><span style=\"font-size: 12.0px;\"><span style=\"font-family: verdana , geneva , sans-serif;\">Material: poli\u00e9ster, telas de conducto<\/span><\/span><\/div>\n<div><span style=\"font-size: 12.0px;\"><span style=\"font-family: verdana , geneva , sans-serif;\">Color: como en la imagen<\/span><\/span><\/div>\n<div><span style=\"font-size: 12.0px;\"><span style=\"font-family: verdana , geneva , sans-serif;\">Ideal para armas, miras, binoculares, linternas, mangos de cuchillo y fundas, clips de munici\u00f3n, cantinas y m\u00e1s<\/span><\/span><\/div>\n<div><span style=\"font-size: 12.0px;\"><span style=\"font-family: verdana , geneva , sans-serif;\">Utilizado para cubrir art\u00edculos b\u00e1sicos, incluyendo kits de revestimiento de armas, cuadernos<\/span><\/span><\/div>\n<div><span style=\"font-size: 12.0px;\"><span style=\"font-family: verdana , geneva , sans-serif;\">Utilizado para el equipo de camuflaje, incluyendo armas, antorchas, frascos<\/span><\/span><\/div>\n<div><span style=\"font-size: 12.0px;\"><span style=\"font-family: verdana , geneva , sans-serif;\">Utilizado para reparaciones menores en equipos<\/span><\/span><\/div>\n<div><span style=\"font-size: 12.0px;\"><span style=\"font-family: verdana , geneva , sans-serif;\">Utilizado como ayuda de ocultamiento<\/span><\/span><\/div>\n<div><span style=\"font-size: 12.0px;\"><span style=\"font-family: verdana , geneva , sans-serif;\">La cinta no solo es \u00fatil para los militares, sino que tambi\u00e9n es excelente para cualquier persona que trabaja al aire libre<\/span><\/span><\/div>\n<div><\/div>\n<div><span style=\"font-size: 12.0px;\"><span style=\"font-family: verdana , geneva , sans-serif;\">Especificaci\u00f3n:<\/span><\/span><\/div>\n<div><\/div>\n<div><span style=\"font-size: 12.0px;\"><span style=\"font-family: verdana , geneva , sans-serif;\">Ancho: 5cm<\/span><\/span><\/div>\n<div><span style=\"font-size: 12.0px;\"><span style=\"font-family: verdana , geneva , sans-serif;\">Longitud: 10m<\/span><\/span><\/div>\n<div><span style=\"font-size: 12.0px;\"><span style=\"font-family: verdana , geneva , sans-serif;\">Material de respaldo: tela de algod\u00f3n<\/span><\/span><\/div>\n<div><span style=\"font-size: 12.0px;\"><span style=\"font-family: verdana , geneva , sans-serif;\">Tipo de cinta adhesiva: termofusible<\/span><\/span><\/div>\n<div><span style=\"font-size: 12.0px;\"><span style=\"font-family: verdana , geneva , sans-serif;\">Tachuela inicial: \u2265 13 #<\/span><\/span><\/div>\n<div><span style=\"font-size: 12.0px;\"><span style=\"font-family: verdana , geneva , sans-serif;\">Potencia de sujeci\u00f3n (HORA):\u2265 4<\/span><\/span><\/div>\n<div><span style=\"font-size: 12.0px;\"><span style=\"font-family: verdana , geneva , sans-serif;\">Adhesi\u00f3n al acero (N\/25mm):\u2265 10<\/span><\/span><\/div>\n<div><span style=\"font-size: 12.0px;\"><span style=\"font-family: verdana , geneva , sans-serif;\">Resistencia a la tracci\u00f3n (N\/25mm):\u2265 300<\/span><\/span><\/div>\n<div><\/div>\n<div><span style=\"font-size: 12.0px;\"><span style=\"font-family: verdana , geneva , sans-serif;\">Contenido del paquete:<\/span><\/span><\/div>\n<div><span style=\"font-size: 12.0px;\"><span style=\"font-family: verdana , geneva , sans-serif;\">1x cinta de camuflaje de 10m<\/span><\/span><\/div>\n<div><\/div>\n<div><\/div>\n<div><\/div>\n<div><span style=\"font-size: 12.0px;\"><span style=\"font-family: verdana , geneva , sans-serif;\"><img decoding=\"async\" title=\"Cinta adhesiva de camuflaje para acampar en el exterior cinta de camuflaje para envolver la caza, 0,05 m x 10m\/2 pulgadas x 390 pulgadas, 10 metros\" src=\"https:\/\/bodegaoutdoor.cl\/store\/wp-content\/uploads\/2020\/12\/21614-gkivcl.jpg\" alt=\"Cinta adhesiva de camuflaje para acampar en el exterior cinta de camuflaje para envolver la caza, 0,05 m x 10m\/2 pulgadas x 390 pulgadas, 10 metros\" \/><\/span><\/span><\/div>\n<div><\/div>\n<div>&#8212;&#8212;&#8212;&#8212;&#8212;&#8212;&#8212;&#8212;&#8212;&#8212;&#8212;&#8212;&#8212;&#8212;&#8212;&#8212;&#8212;&#8212;&#8212;&#8212;&#8212;&#8212;&#8212;&#8212;&#8212;&#8212;&#8212;&#8212;&#8212;&#8212;&#8212;&#8212;&#8212;&#8212;&#8212;&#8212;&#8212;&#8212;&#8212;&#8212;&#8212;&#8212;&#8212;&#8212;&#8212;&#8212;&#8212;&#8212;&#8212;&#8212;&#8212;&#8212;&#8212;&#8212;&#8212;&#8212;&#8212;&#8212;&#8212;&#8212;&#8212;&#8212;&#8212;&#8212;&#8212;&#8212;&#8211;<\/div>\n<div><img decoding=\"async\" title=\"Cinta adhesiva de camuflaje para acampar en el exterior cinta de camuflaje para envolver la caza, 0,05 m x 10m\/2 pulgadas x 390 pulgadas, 10 metros\" src=\"https:\/\/bodegaoutdoor.cl\/store\/wp-content\/uploads\/2020\/12\/21614-4abdit.jpg\" alt=\"Cinta adhesiva de camuflaje para acampar en el exterior cinta de camuflaje para envolver la caza, 0,05 m x 10m\/2 pulgadas x 390 pulgadas, 10 metros\" \/><\/div>\n<div><\/div>\n<div>&#8212;&#8212;&#8212;&#8212;&#8212;&#8212;&#8212;&#8212;&#8212;&#8212;&#8212;&#8212;&#8212;&#8212;&#8212;&#8212;&#8212;&#8212;&#8212;&#8212;&#8212;&#8212;&#8212;&#8212;&#8212;&#8212;&#8212;&#8212;&#8212;&#8212;&#8212;&#8212;&#8212;&#8212;&#8212;&#8212;&#8212;&#8212;&#8212;&#8212;&#8212;&#8212;&#8212;&#8212;&#8212;&#8212;&#8212;&#8212;&#8212;&#8212;&#8212;&#8212;&#8212;&#8212;&#8212;&#8212;&#8212;&#8212;&#8212;&#8212;&#8212;&#8212;&#8212;&#8212;&#8212;&#8212;&#8211;<\/div>\n<div><img decoding=\"async\" title=\"Cinta adhesiva de camuflaje para acampar en el exterior cinta de camuflaje para envolver la caza, 0,05 m x 10m\/2 pulgadas x 390 pulgadas, 10 metros\" src=\"https:\/\/bodegaoutdoor.cl\/store\/wp-content\/uploads\/2020\/12\/21614-feqkja.jpg\" alt=\"Cinta adhesiva de camuflaje para acampar en el exterior cinta de camuflaje para envolver la caza, 0,05 m x 10m\/2 pulgadas x 390 pulgadas, 10 metros\" \/><\/div>\n<div><\/div>\n<div>&#8212;&#8212;&#8212;&#8212;&#8212;&#8212;&#8212;&#8212;&#8212;&#8212;&#8212;&#8212;&#8212;&#8212;&#8212;&#8212;&#8212;&#8212;&#8212;&#8212;&#8212;&#8212;&#8212;&#8212;&#8212;&#8212;&#8212;&#8212;&#8212;&#8212;&#8212;&#8212;&#8212;&#8212;&#8212;&#8212;&#8212;&#8212;&#8212;&#8212;&#8212;&#8212;&#8212;&#8212;&#8212;&#8212;&#8212;&#8212;&#8212;&#8212;&#8212;&#8212;&#8212;&#8212;&#8212;&#8212;&#8212;&#8212;&#8212;&#8212;&#8212;&#8212;&#8212;&#8212;&#8212;&#8212;&#8211;<img decoding=\"async\" title=\"Cinta adhesiva de camuflaje para acampar en el exterior cinta de camuflaje para envolver la caza, 0,05 m x 10m\/2 pulgadas x 390 pulgadas, 10 metros\" src=\"https:\/\/bodegaoutdoor.cl\/store\/wp-content\/uploads\/2020\/12\/21614-fqfhaw.jpg\" alt=\"Cinta adhesiva de camuflaje para acampar en el exterior cinta de camuflaje para envolver la caza, 0,05 m x 10m\/2 pulgadas x 390 pulgadas, 10 metros\" \/><\/div>\n<div>&#8212;&#8212;&#8212;&#8212;&#8212;&#8212;&#8212;&#8212;&#8212;&#8212;&#8212;&#8212;&#8212;&#8212;&#8212;&#8212;&#8212;&#8212;&#8212;&#8212;&#8212;&#8212;&#8212;&#8212;&#8212;&#8212;&#8212;&#8212;&#8212;&#8212;&#8212;&#8212;&#8212;&#8212;&#8212;&#8212;&#8212;&#8212;&#8212;&#8212;&#8212;&#8212;&#8212;&#8212;&#8212;&#8212;&#8212;&#8212;&#8212;&#8212;&#8212;&#8212;&#8212;&#8212;&#8212;&#8212;&#8212;&#8212;&#8212;&#8212;&#8212;&#8212;&#8212;&#8212;&#8212;&#8212;&#8211;<\/div>\n<div><\/div>\n<div><img decoding=\"async\" title=\"Cinta adhesiva de camuflaje para acampar en el exterior cinta de camuflaje para envolver la caza, 0,05 m x 10m\/2 pulgadas x 390 pulgadas, 10 metros\" src=\"https:\/\/bodegaoutdoor.cl\/store\/wp-content\/uploads\/2020\/12\/21614-hft914.jpg\" alt=\"Cinta adhesiva de camuflaje para acampar en el exterior cinta de camuflaje para envolver la caza, 0,05 m x 10m\/2 pulgadas x 390 pulgadas, 10 metros\" \/><\/div>\n<div><\/div>\n<div><\/div>\n<div><\/div>\n<div><\/div>\n<div><\/div>\n<\/div>\n<\/div>\n\n    <div class=\"xs_social_share_widget xs_share_url after_content \t\tmain_content  wslu-style-1 wslu-share-box-shaped wslu-fill-colored wslu-none wslu-share-horizontal wslu-theme-font-no wslu-main_content\">\n\n\t\t\n        <ul>\n\t\t\t        <\/ul>\n    <\/div> \n","protected":false},"excerpt":{"rendered":"<p>Conducto de camuflaje al aire libre de RIFLE de caza Camo impermeable de sigilo del vendaje de la cinta de 0,05 m x 10m\/2 pulgadas x 390 pulgadas Caracter\u00edsticas: Cinta de camuflaje para caza y acampada Proporciona aislamiento contra superficies fr\u00edas (extremadamente \u00fatil en superficies met\u00e1licas) Excelente como ayuda de ocultamiento Puede reducir cualquier reflejo [&hellip;]<\/p>\n","protected":false},"featured_media":21689,"comment_status":"open","ping_status":"closed","template":"","meta":{"jetpack_publicize_message":"","jetpack_publicize_feature_enabled":true,"jetpack_social_post_already_shared":true,"jetpack_social_options":{"image_generator_settings":{"template":"highway","enabled":false},"version":2}},"product_brand":[],"product_cat":[15,64,487],"product_tag":[],"class_list":{"0":"post-21614","1":"product","2":"type-product","3":"status-publish","4":"has-post-thumbnail","6":"product_cat-otros","7":"product_cat-accessories","8":"product_cat-airsoft","10":"first","11":"instock","12":"sale","13":"taxable","14":"shipping-taxable","15":"purchasable","16":"product-type-variable"},"jetpack_publicize_connections":[],"jetpack_sharing_enabled":true,"_links":{"self":[{"href":"https:\/\/bodegaoutdoor.cl\/store\/wp-json\/wp\/v2\/product\/21614","targetHints":{"allow":["GET"]}}],"collection":[{"href":"https:\/\/bodegaoutdoor.cl\/store\/wp-json\/wp\/v2\/product"}],"about":[{"href":"https:\/\/bodegaoutdoor.cl\/store\/wp-json\/wp\/v2\/types\/product"}],"replies":[{"embeddable":true,"href":"https:\/\/bodegaoutdoor.cl\/store\/wp-json\/wp\/v2\/comments?post=21614"}],"version-history":[{"count":1,"href":"https:\/\/bodegaoutdoor.cl\/store\/wp-json\/wp\/v2\/product\/21614\/revisions"}],"predecessor-version":[{"id":71128,"href":"https:\/\/bodegaoutdoor.cl\/store\/wp-json\/wp\/v2\/product\/21614\/revisions\/71128"}],"wp:featuredmedia":[{"embeddable":true,"href":"https:\/\/bodegaoutdoor.cl\/store\/wp-json\/wp\/v2\/media\/21689"}],"wp:attachment":[{"href":"https:\/\/bodegaoutdoor.cl\/store\/wp-json\/wp\/v2\/media?parent=21614"}],"wp:term":[{"taxonomy":"product_brand","embeddable":true,"href":"https:\/\/bodegaoutdoor.cl\/store\/wp-json\/wp\/v2\/product_brand?post=21614"},{"taxonomy":"product_cat","embeddable":true,"href":"https:\/\/bodegaoutdoor.cl\/store\/wp-json\/wp\/v2\/product_cat?post=21614"},{"taxonomy":"product_tag","embeddable":true,"href":"https:\/\/bodegaoutdoor.cl\/store\/wp-json\/wp\/v2\/product_tag?post=21614"}],"curies":[{"name":"wp","href":"https:\/\/api.w.org\/{rel}","templated":true}]}}