{"id":21745,"date":"2020-12-09T12:57:32","date_gmt":"2020-12-09T12:57:32","guid":{"rendered":"https:\/\/bodegaoutdoor.cl\/store\/product\/wosawe-bolsa-impermeable-para-motocicleta-mochila-para-senderismo-bolsa-para-sillin-trasero-para-moto-paquete-trasero-para-casco-30l-de-capacidad\/"},"modified":"2023-05-04T19:19:10","modified_gmt":"2023-05-04T23:19:10","slug":"bolsa-impermeable-para-motocicleta-mochila-para-senderismo-bolsa-para-sillin-trasero-para-moto-paquete-trasero-para-casco-30l-de-capacidad","status":"publish","type":"product","link":"https:\/\/bodegaoutdoor.cl\/store\/product\/bolsa-impermeable-para-motocicleta-mochila-para-senderismo-bolsa-para-sillin-trasero-para-moto-paquete-trasero-para-casco-30l-de-capacidad\/","title":{"rendered":"Bolsa impermeable para motocicleta, mochila para senderismo, bolsa para SILL\u00cdN trasero para Moto, paquete trasero para casco, 30L de capacidad"},"content":{"rendered":"<div>\n<div>\n<div><\/div>\n<div>\n<p style=\"font-size: 16px; font-family: sans-serif; text-transform: none; font-weight: 400; color: #000000; font-style: normal; margin: 5px 0px; letter-spacing: normal; text-indent: 0px;\"><span style=\"font-family: arial, helvetica, sans-serif;\"><strong>Descripci\u00f3n:<\/strong><\/span><\/p>\n<p style=\"font-size: 16px; font-family: sans-serif; text-transform: none; font-weight: 400; color: #000000; font-style: normal; margin: 5px 0px; letter-spacing: normal; text-indent: 0px;\">Dise\u00f1o impermeable de gran capacidad, sin miedo a la lluvia, adecuado para todo tipo de ocasiones, es un Equipo Impermeable de viaje de larga distancia muy pr\u00e1ctico.<\/p>\n<p style=\"font-size: 16px; font-family: sans-serif; text-transform: none; font-weight: 400; color: #000000; font-style: normal; margin: 5px 0px; letter-spacing: normal; text-indent: 0px;\"><span style=\"font-family: arial, helvetica, sans-serif;\"><strong>Caracter\u00edsticas del producto:<\/strong><\/span><\/p>\n<ul style=\"font-size: 16px; font-family: sans-serif; text-transform: none; font-weight: 400; color: #000000; font-style: normal; letter-spacing: normal; text-indent: 0px;\">\n<li>\n<p style=\"margin: 5px 0px;\">Resistente al agua<\/p>\n<\/li>\n<li>\n<p style=\"margin: 5px 0px;\">De gran capacidad<\/p>\n<\/li>\n<li>\n<p style=\"margin: 5px 0px;\">La correa de hombro es ajustable libremente<\/p>\n<\/li>\n<li>\n<p style=\"margin: 5px 0px;\">Resistente al desgaste para deportes al aire libre de alta intensidad.<\/p>\n<\/li>\n<li>\n<p style=\"margin: 5px 0px;\">Dise\u00f1o de v\u00e1lvula para un almacenamiento m\u00e1s r\u00e1pido.<\/p>\n<\/li>\n<li>\n<p style=\"margin: 5px 0px;\">Bolsa impermeable paraDe emergencia de tarjeta de identificaci\u00f3n<\/p>\n<\/li>\n<li>\n<p style=\"margin: 5px 0px;\">Tira reflectante para un viaje m\u00e1s seguro<\/p>\n<\/li>\n<\/ul>\n<p style=\"font-size: 16px; font-family: sans-serif; color: #000000; margin: 5px 0px;\"><strong><span style=\"font-family: arial, helvetica, sans-serif;\">Especificaci\u00f3n:<\/span><\/strong><\/p>\n<p style=\"font-size: 16px; font-family: sans-serif; color: #000000; margin: 5px 0px;\"><span style=\"font-family: arial, helvetica, sans-serif;\">Nombre: mochila impermeable<\/span><\/p>\n<p style=\"font-size: 16px; font-family: sans-serif; color: #000000; margin: 5px 0px;\"><span style=\"font-family: arial, helvetica, sans-serif;\">Marca: WOSAWE<\/span><\/p>\n<p style=\"font-size: 16px; font-family: sans-serif; color: #000000; margin: 5px 0px;\"><span style=\"font-family: arial, helvetica, sans-serif;\">Modelo: MB04<\/span><\/p>\n<p style=\"font-size: 16px; font-family: sans-serif; color: #000000; margin: 5px 0px;\"><span style=\"font-family: arial, helvetica, sans-serif;\">Tama\u00f1o: 29*18*53cm\/11,4*7*28,7 pulgadas<\/span><\/p>\n<p style=\"font-size: 16px; font-family: sans-serif; color: #000000; margin: 5px 0px;\"><span style=\"font-family: arial, helvetica, sans-serif;\">Capacidad: 30L<\/span><\/p>\n<p style=\"font-size: 16px; font-family: sans-serif; color: #000000; margin: 5px 0px;\"><span style=\"font-family: arial, helvetica, sans-serif;\">Color: Negro<\/span><\/p>\n<p style=\"font-size: 16px; font-family: sans-serif; color: #000000; margin: 5px 0px;\"><span style=\"font-family: arial, helvetica, sans-serif;\">Peso: 1227g\/ 2.7lb<\/span><\/p>\n<p style=\"font-size: 16px; font-family: sans-serif; text-transform: none; font-weight: 400; color: #000000; font-style: normal; margin: 5px 0px; letter-spacing: normal; text-indent: 0px;\"><strong>El paquete incluye<span style=\"font-family: arial, helvetica, sans-serif;\">:<\/span><\/strong><span style=\"font-family: arial, helvetica, sans-serif;\">1 x mochila impermeable<\/span><\/p>\n<p><span style=\"font-family: arial, helvetica, sans-serif;\"><img decoding=\"async\" style=\"width: 1000px;\" src=\"\/\/ae01.alicdn.com\/kf\/HTB1Tf45Tq6qK1RjSZFmq6x0PFXac.jpg\" \/><\/span><\/p>\n<p><span style=\"font-family: arial, helvetica, sans-serif;\"><img decoding=\"async\" style=\"width: 1000px;\" src=\"\/\/ae01.alicdn.com\/kf\/HTB1gDpRTwTqK1RjSZPhq6xfOFXa3.jpg\" \/><\/span><\/p>\n<p><span style=\"font-family: arial, helvetica, sans-serif;\"><img decoding=\"async\" style=\"width: 1000px;\" src=\"\/\/ae01.alicdn.com\/kf\/HTB15VWXTxjaK1RjSZFAq6zdLFXay.jpg\" \/><\/span><\/p>\n<p><span style=\"font-family: arial, helvetica, sans-serif;\"><img decoding=\"async\" style=\"width: 1000px;\" src=\"\/\/ae01.alicdn.com\/kf\/HTB1Z9J0TxTpK1RjSZFKq6y2wXXaR.jpg\" \/><\/span><\/p>\n<p><span style=\"font-family: arial, helvetica, sans-serif;\"><img decoding=\"async\" style=\"width: 1000px;\" src=\"\/\/ae01.alicdn.com\/kf\/HTB1LOlYTr2pK1RjSZFsq6yNlXXao.jpg\" \/><\/span><\/p>\n<p><span style=\"font-family: arial, helvetica, sans-serif;\"><img decoding=\"async\" style=\"width: 1000px;\" src=\"\/\/ae01.alicdn.com\/kf\/HTB13et2TAvoK1RjSZFDq6xY3pXah.jpg\" \/><\/span><\/p>\n<p><span style=\"font-family: arial, helvetica, sans-serif;\"><img decoding=\"async\" style=\"width: 1000px;\" src=\"\/\/ae01.alicdn.com\/kf\/HTB1rHp4TzTpK1RjSZKPq6y3UpXac.jpg\" \/><\/span><\/p>\n<p>&nbsp;<\/p>\n<\/div>\n<div><\/div>\n<div>\n<p>&nbsp;<\/p>\n<\/div>\n<\/div>\n<\/div>\n\n    <div class=\"xs_social_share_widget xs_share_url after_content \t\tmain_content  wslu-style-1 wslu-share-box-shaped wslu-fill-colored wslu-none wslu-share-horizontal wslu-theme-font-no wslu-main_content\">\n\n\t\t\n        <ul>\n\t\t\t        <\/ul>\n    <\/div> \n","protected":false},"excerpt":{"rendered":"<p>Descripci\u00f3n: Dise\u00f1o impermeable de gran capacidad, sin miedo a la lluvia, adecuado para todo tipo de ocasiones, es un Equipo Impermeable de viaje de larga distancia muy pr\u00e1ctico. Caracter\u00edsticas del producto: Resistente al agua De gran capacidad La correa de hombro es ajustable libremente Resistente al desgaste para deportes al aire libre de alta intensidad. [&hellip;]<\/p>\n","protected":false},"featured_media":21746,"comment_status":"open","ping_status":"closed","template":"","meta":{"jetpack_publicize_message":"","jetpack_publicize_feature_enabled":true,"jetpack_social_post_already_shared":true,"jetpack_social_options":{"image_generator_settings":{"template":"highway","enabled":false},"version":2}},"product_brand":[],"product_cat":[195,273],"product_tag":[1607,1399,1606],"class_list":{"0":"post-21745","1":"product","2":"type-product","3":"status-publish","4":"has-post-thumbnail","6":"product_cat-mochilas","7":"product_cat-mochilas-30-60-litros","8":"product_tag-bolso","9":"product_tag-mochila","10":"product_tag-moto","12":"first","13":"instock","14":"sale","15":"taxable","16":"shipping-taxable","17":"purchasable","18":"product-type-simple"},"jetpack_publicize_connections":[],"jetpack_sharing_enabled":true,"_links":{"self":[{"href":"https:\/\/bodegaoutdoor.cl\/store\/wp-json\/wp\/v2\/product\/21745","targetHints":{"allow":["GET"]}}],"collection":[{"href":"https:\/\/bodegaoutdoor.cl\/store\/wp-json\/wp\/v2\/product"}],"about":[{"href":"https:\/\/bodegaoutdoor.cl\/store\/wp-json\/wp\/v2\/types\/product"}],"replies":[{"embeddable":true,"href":"https:\/\/bodegaoutdoor.cl\/store\/wp-json\/wp\/v2\/comments?post=21745"}],"version-history":[{"count":1,"href":"https:\/\/bodegaoutdoor.cl\/store\/wp-json\/wp\/v2\/product\/21745\/revisions"}],"predecessor-version":[{"id":71127,"href":"https:\/\/bodegaoutdoor.cl\/store\/wp-json\/wp\/v2\/product\/21745\/revisions\/71127"}],"wp:featuredmedia":[{"embeddable":true,"href":"https:\/\/bodegaoutdoor.cl\/store\/wp-json\/wp\/v2\/media\/21746"}],"wp:attachment":[{"href":"https:\/\/bodegaoutdoor.cl\/store\/wp-json\/wp\/v2\/media?parent=21745"}],"wp:term":[{"taxonomy":"product_brand","embeddable":true,"href":"https:\/\/bodegaoutdoor.cl\/store\/wp-json\/wp\/v2\/product_brand?post=21745"},{"taxonomy":"product_cat","embeddable":true,"href":"https:\/\/bodegaoutdoor.cl\/store\/wp-json\/wp\/v2\/product_cat?post=21745"},{"taxonomy":"product_tag","embeddable":true,"href":"https:\/\/bodegaoutdoor.cl\/store\/wp-json\/wp\/v2\/product_tag?post=21745"}],"curies":[{"name":"wp","href":"https:\/\/api.w.org\/{rel}","templated":true}]}}