{"id":22064,"date":"2020-12-11T13:52:03","date_gmt":"2020-12-11T13:52:03","guid":{"rendered":"https:\/\/bodegaoutdoor.cl\/store\/product\/mosqueton-con-bloqueo-de-escalada-mochila-fija-hebilla-colgante-herramienta-de-supervivencia-para-acampar-llavero-al-aire-libre-gancho-de-bloqueo-de-tornillo\/"},"modified":"2023-05-04T19:19:10","modified_gmt":"2023-05-04T23:19:10","slug":"mosqueton-con-bloqueo-de-escalada-mochila-fija-hebilla-colgante-herramienta-de-supervivencia-para-acampar-llavero-al-aire-libre-gancho-de-bloqueo-de-tornillo","status":"publish","type":"product","link":"https:\/\/bodegaoutdoor.cl\/store\/product\/mosqueton-con-bloqueo-de-escalada-mochila-fija-hebilla-colgante-herramienta-de-supervivencia-para-acampar-llavero-al-aire-libre-gancho-de-bloqueo-de-tornillo\/","title":{"rendered":"Mosquet\u00f3n con bloqueo de escalada, mochila fija, hebilla colgante, herramienta de supervivencia para acampar, llavero al aire libre, gancho de bloqueo de tornillo"},"content":{"rendered":"<div>\n<p style=\"font-family: 'OpenSans'; color: #000; font-weight: 900; font-size: 20px; line-height: 28px; margin-bottom: 12px;\">Mosquet\u00f3n de mochila EDC multifuncional, llavero exterior, camping, senderismo, aleaci\u00f3n de aluminio, anillo en D, clip de bloqueo, hebilla, gancho, herramienta de escalada<\/p>\n<p style=\"font-family: 'OpenSans'; color: #000; font-weight: 300; font-size: 14px; line-height: 20px; margin-bottom: 12px;\">Caracter\u00edsticas:<br \/>\nSe puede colgar en mochilas, llaveros, botellas de agua y todos los art\u00edculos que necesite.<br \/>\nTambi\u00e9n se puede utilizar para conectar tiendas de campa\u00f1a, cuerdas, etc., tanto a la moda como a la pr\u00e1ctica.<br \/>\nPulido con aleaci\u00f3n de aluminio duro tipo D, resistente al agua, resistente al desgaste, alta resistencia, fuerte y duradero.<\/p>\n<p>Especificaci\u00f3n:<br \/>\nMaterial: aleaci\u00f3n de aluminio duro de alta resistencia<br \/>\nColor: plata mate<br \/>\nTama\u00f1o: 8x4xcm<br \/>\nPeso \u00fanico: 22g<br \/>\nAplicaci\u00f3n: bicicleta, monta\u00f1ismo, mochilero, camping, etc.<\/p>\n<p>Nota:<br \/>\n1. Debido a la influencia del monitor y la luz, el color real del proyecto puede ser ligeramente diferente al color que se muestra en la imagen. \u00a1Gracias!<br \/>\n2. Debido a la medici\u00f3n manual, puede haber una desviaci\u00f3n de 1-3mm en la medici\u00f3n.<\/p>\n<p><img decoding=\"async\" title=\"Mosquet\u00f3n con bloqueo de escalada, mochila fija, hebilla colgante, herramienta de supervivencia para acampar, llavero al aire libre, gancho de bloqueo de tornillo\" src=\"https:\/\/bodegaoutdoor.cl\/store\/wp-content\/uploads\/2020\/12\/22064-dcmw58.jpg\" alt=\"Mosquet\u00f3n con bloqueo de escalada, mochila fija, hebilla colgante, herramienta de supervivencia para acampar, llavero al aire libre, gancho de bloqueo de tornillo\" \/><img decoding=\"async\" title=\"Mosquet\u00f3n con bloqueo de escalada, mochila fija, hebilla colgante, herramienta de supervivencia para acampar, llavero al aire libre, gancho de bloqueo de tornillo\" src=\"https:\/\/bodegaoutdoor.cl\/store\/wp-content\/uploads\/2020\/12\/22064-mg9wpb.jpg\" alt=\"Mosquet\u00f3n con bloqueo de escalada, mochila fija, hebilla colgante, herramienta de supervivencia para acampar, llavero al aire libre, gancho de bloqueo de tornillo\" \/><img decoding=\"async\" title=\"Mosquet\u00f3n con bloqueo de escalada, mochila fija, hebilla colgante, herramienta de supervivencia para acampar, llavero al aire libre, gancho de bloqueo de tornillo\" src=\"https:\/\/bodegaoutdoor.cl\/store\/wp-content\/uploads\/2020\/12\/22064-zccodj.jpg\" alt=\"Mosquet\u00f3n con bloqueo de escalada, mochila fija, hebilla colgante, herramienta de supervivencia para acampar, llavero al aire libre, gancho de bloqueo de tornillo\" \/><img decoding=\"async\" title=\"Mosquet\u00f3n con bloqueo de escalada, mochila fija, hebilla colgante, herramienta de supervivencia para acampar, llavero al aire libre, gancho de bloqueo de tornillo\" src=\"https:\/\/bodegaoutdoor.cl\/store\/wp-content\/uploads\/2020\/12\/22064-ech3uo.jpg\" alt=\"Mosquet\u00f3n con bloqueo de escalada, mochila fija, hebilla colgante, herramienta de supervivencia para acampar, llavero al aire libre, gancho de bloqueo de tornillo\" \/><img decoding=\"async\" title=\"Mosquet\u00f3n con bloqueo de escalada, mochila fija, hebilla colgante, herramienta de supervivencia para acampar, llavero al aire libre, gancho de bloqueo de tornillo\" src=\"https:\/\/bodegaoutdoor.cl\/store\/wp-content\/uploads\/2020\/12\/22064-8y8oe5.jpg\" alt=\"Mosquet\u00f3n con bloqueo de escalada, mochila fija, hebilla colgante, herramienta de supervivencia para acampar, llavero al aire libre, gancho de bloqueo de tornillo\" \/><img decoding=\"async\" title=\"Mosquet\u00f3n con bloqueo de escalada, mochila fija, hebilla colgante, herramienta de supervivencia para acampar, llavero al aire libre, gancho de bloqueo de tornillo\" src=\"https:\/\/bodegaoutdoor.cl\/store\/wp-content\/uploads\/2020\/12\/22064-egc88c.jpg\" alt=\"Mosquet\u00f3n con bloqueo de escalada, mochila fija, hebilla colgante, herramienta de supervivencia para acampar, llavero al aire libre, gancho de bloqueo de tornillo\" \/><img decoding=\"async\" title=\"Mosquet\u00f3n con bloqueo de escalada, mochila fija, hebilla colgante, herramienta de supervivencia para acampar, llavero al aire libre, gancho de bloqueo de tornillo\" src=\"https:\/\/bodegaoutdoor.cl\/store\/wp-content\/uploads\/2020\/12\/22064-cuhyuw.jpg\" alt=\"Mosquet\u00f3n con bloqueo de escalada, mochila fija, hebilla colgante, herramienta de supervivencia para acampar, llavero al aire libre, gancho de bloqueo de tornillo\" \/><img decoding=\"async\" title=\"Mosquet\u00f3n con bloqueo de escalada, mochila fija, hebilla colgante, herramienta de supervivencia para acampar, llavero al aire libre, gancho de bloqueo de tornillo\" src=\"https:\/\/bodegaoutdoor.cl\/store\/wp-content\/uploads\/2020\/12\/22064-nrbsjm.jpg\" alt=\"Mosquet\u00f3n con bloqueo de escalada, mochila fija, hebilla colgante, herramienta de supervivencia para acampar, llavero al aire libre, gancho de bloqueo de tornillo\" \/><img decoding=\"async\" title=\"Mosquet\u00f3n con bloqueo de escalada, mochila fija, hebilla colgante, herramienta de supervivencia para acampar, llavero al aire libre, gancho de bloqueo de tornillo\" src=\"https:\/\/bodegaoutdoor.cl\/store\/wp-content\/uploads\/2020\/12\/22064-v1ma0a.jpg\" alt=\"Mosquet\u00f3n con bloqueo de escalada, mochila fija, hebilla colgante, herramienta de supervivencia para acampar, llavero al aire libre, gancho de bloqueo de tornillo\" \/><img decoding=\"async\" title=\"Mosquet\u00f3n con bloqueo de escalada, mochila fija, hebilla colgante, herramienta de supervivencia para acampar, llavero al aire libre, gancho de bloqueo de tornillo\" src=\"https:\/\/bodegaoutdoor.cl\/store\/wp-content\/uploads\/2020\/12\/22064-ft8ljr.jpg\" alt=\"Mosquet\u00f3n con bloqueo de escalada, mochila fija, hebilla colgante, herramienta de supervivencia para acampar, llavero al aire libre, gancho de bloqueo de tornillo\" \/><img decoding=\"async\" title=\"Mosquet\u00f3n con bloqueo de escalada, mochila fija, hebilla colgante, herramienta de supervivencia para acampar, llavero al aire libre, gancho de bloqueo de tornillo\" src=\"https:\/\/bodegaoutdoor.cl\/store\/wp-content\/uploads\/2020\/12\/22064-sqxcfz.jpg\" alt=\"Mosquet\u00f3n con bloqueo de escalada, mochila fija, hebilla colgante, herramienta de supervivencia para acampar, llavero al aire libre, gancho de bloqueo de tornillo\" \/><img decoding=\"async\" title=\"Mosquet\u00f3n con bloqueo de escalada, mochila fija, hebilla colgante, herramienta de supervivencia para acampar, llavero al aire libre, gancho de bloqueo de tornillo\" src=\"https:\/\/bodegaoutdoor.cl\/store\/wp-content\/uploads\/2020\/12\/22064-g2f6cy.jpg\" alt=\"Mosquet\u00f3n con bloqueo de escalada, mochila fija, hebilla colgante, herramienta de supervivencia para acampar, llavero al aire libre, gancho de bloqueo de tornillo\" \/><img decoding=\"async\" title=\"Mosquet\u00f3n con bloqueo de escalada, mochila fija, hebilla colgante, herramienta de supervivencia para acampar, llavero al aire libre, gancho de bloqueo de tornillo\" src=\"https:\/\/bodegaoutdoor.cl\/store\/wp-content\/uploads\/2020\/12\/22064-1y2dei.jpg\" alt=\"Mosquet\u00f3n con bloqueo de escalada, mochila fija, hebilla colgante, herramienta de supervivencia para acampar, llavero al aire libre, gancho de bloqueo de tornillo\" \/><img decoding=\"async\" title=\"Mosquet\u00f3n con bloqueo de escalada, mochila fija, hebilla colgante, herramienta de supervivencia para acampar, llavero al aire libre, gancho de bloqueo de tornillo\" src=\"https:\/\/bodegaoutdoor.cl\/store\/wp-content\/uploads\/2020\/12\/22064-miao8l.jpg\" alt=\"Mosquet\u00f3n con bloqueo de escalada, mochila fija, hebilla colgante, herramienta de supervivencia para acampar, llavero al aire libre, gancho de bloqueo de tornillo\" \/><img decoding=\"async\" title=\"Mosquet\u00f3n con bloqueo de escalada, mochila fija, hebilla colgante, herramienta de supervivencia para acampar, llavero al aire libre, gancho de bloqueo de tornillo\" src=\"https:\/\/bodegaoutdoor.cl\/store\/wp-content\/uploads\/2020\/12\/22064-ajgs1d.jpg\" alt=\"Mosquet\u00f3n con bloqueo de escalada, mochila fija, hebilla colgante, herramienta de supervivencia para acampar, llavero al aire libre, gancho de bloqueo de tornillo\" \/><\/p>\n<\/div>\n\n    <div class=\"xs_social_share_widget xs_share_url after_content \t\tmain_content  wslu-style-1 wslu-share-box-shaped wslu-fill-colored wslu-none wslu-share-horizontal wslu-theme-font-no wslu-main_content\">\n\n\t\t\n        <ul>\n\t\t\t        <\/ul>\n    <\/div> \n","protected":false},"excerpt":{"rendered":"<p>Mosquet\u00f3n de mochila EDC multifuncional, llavero exterior, camping, senderismo, aleaci\u00f3n de aluminio, anillo en D, clip de bloqueo, hebilla, gancho, herramienta de escalada Caracter\u00edsticas: Se puede colgar en mochilas, llaveros, botellas de agua y todos los art\u00edculos que necesite. Tambi\u00e9n se puede utilizar para conectar tiendas de campa\u00f1a, cuerdas, etc., tanto a la moda como [&hellip;]<\/p>\n","protected":false},"featured_media":22068,"comment_status":"open","ping_status":"closed","template":"","meta":{"jetpack_publicize_message":"","jetpack_publicize_feature_enabled":true,"jetpack_social_post_already_shared":true,"jetpack_social_options":{"image_generator_settings":{"template":"highway","enabled":false},"version":2}},"product_brand":[],"product_cat":[64],"product_tag":[],"class_list":{"0":"post-22064","1":"product","2":"type-product","3":"status-publish","4":"has-post-thumbnail","6":"product_cat-accessories","8":"first","9":"instock","10":"taxable","11":"shipping-taxable","12":"purchasable","13":"product-type-variable"},"jetpack_publicize_connections":[],"jetpack_sharing_enabled":true,"_links":{"self":[{"href":"https:\/\/bodegaoutdoor.cl\/store\/wp-json\/wp\/v2\/product\/22064","targetHints":{"allow":["GET"]}}],"collection":[{"href":"https:\/\/bodegaoutdoor.cl\/store\/wp-json\/wp\/v2\/product"}],"about":[{"href":"https:\/\/bodegaoutdoor.cl\/store\/wp-json\/wp\/v2\/types\/product"}],"replies":[{"embeddable":true,"href":"https:\/\/bodegaoutdoor.cl\/store\/wp-json\/wp\/v2\/comments?post=22064"}],"version-history":[{"count":1,"href":"https:\/\/bodegaoutdoor.cl\/store\/wp-json\/wp\/v2\/product\/22064\/revisions"}],"predecessor-version":[{"id":71121,"href":"https:\/\/bodegaoutdoor.cl\/store\/wp-json\/wp\/v2\/product\/22064\/revisions\/71121"}],"wp:featuredmedia":[{"embeddable":true,"href":"https:\/\/bodegaoutdoor.cl\/store\/wp-json\/wp\/v2\/media\/22068"}],"wp:attachment":[{"href":"https:\/\/bodegaoutdoor.cl\/store\/wp-json\/wp\/v2\/media?parent=22064"}],"wp:term":[{"taxonomy":"product_brand","embeddable":true,"href":"https:\/\/bodegaoutdoor.cl\/store\/wp-json\/wp\/v2\/product_brand?post=22064"},{"taxonomy":"product_cat","embeddable":true,"href":"https:\/\/bodegaoutdoor.cl\/store\/wp-json\/wp\/v2\/product_cat?post=22064"},{"taxonomy":"product_tag","embeddable":true,"href":"https:\/\/bodegaoutdoor.cl\/store\/wp-json\/wp\/v2\/product_tag?post=22064"}],"curies":[{"name":"wp","href":"https:\/\/api.w.org\/{rel}","templated":true}]}}