{"id":22093,"date":"2020-12-11T23:24:39","date_gmt":"2020-12-11T23:24:39","guid":{"rendered":"https:\/\/bodegaoutdoor.cl\/store\/product\/yosyo-soporte-cinturon-de-sujecion-corrector-postura-espalda-ajustable-clavicula-columna-vertebral-hombro-correccion-postura-lumbar\/"},"modified":"2023-05-04T19:19:10","modified_gmt":"2023-05-04T23:19:10","slug":"cinturon-corrector-postura-espalda-ajustable-clavicula-columna-vertebral-correccion-postura-lumbar","status":"publish","type":"product","link":"https:\/\/bodegaoutdoor.cl\/store\/product\/cinturon-corrector-postura-espalda-ajustable-clavicula-columna-vertebral-correccion-postura-lumbar\/","title":{"rendered":"Cintur\u00f3n Corrector postura espalda ajustable clav\u00edcula columna vertebral correcci\u00f3n postura Lumbar"},"content":{"rendered":"<p style=\"text-align: center;\"><video style=\"max-width: 100%;\" src=\"\/\/cloud.video.taobao.com\/play\/u\/2938686151\/p\/1\/e\/6\/t\/10301\/233691362896.mp4\" poster=\"https:\/\/ae01.alicdn.com\/kf\/Hba90fd842d37477da32798bd2aab4aa9t\/YOSYO-soporte-Cintur-n-de-sujeci-n-Corrector-postura-espalda-ajustable-clav-cula-columna-vertebral-hombro.jpg,https:\/\/ae01.alicdn.com\/kf\/Hdc2b375d606c462a9adb94d35f8bab8eX\/YOSYO-soporte-Cintur-n-de-sujeci-n-Corrector-postura-espalda-ajustable-clav-cula-columna-vertebral-hombro.jpg,https:\/\/ae01.alicdn.com\/kf\/HTB1XCi5XOLxK1Rjy0Ffq6zYdVXaL\/YOSYO-soporte-Cintur-n-de-sujeci-n-Corrector-postura-espalda-ajustable-clav-cula-columna-vertebral-hombro.jpg,https:\/\/ae01.alicdn.com\/kf\/HTB17B9_XULrK1Rjy0Fjq6zYXFXat\/YOSYO-soporte-Cintur-n-de-sujeci-n-Corrector-postura-espalda-ajustable-clav-cula-columna-vertebral-hombro.jpg,https:\/\/ae01.alicdn.com\/kf\/HTB1lgO8XUzrK1RjSspmq6AOdFXaQ\/YOSYO-soporte-Cintur-n-de-sujeci-n-Corrector-postura-espalda-ajustable-clav-cula-columna-vertebral-hombro.jpg,https:\/\/ae01.alicdn.com\/kf\/HTB1psi9XUrrK1RkSne1q6ArVVXa2\/YOSYO-soporte-Cintur-n-de-sujeci-n-Corrector-postura-espalda-ajustable-clav-cula-columna-vertebral-hombro.jpg\" preload=\"auto\" controls=\"controls\" width=\"100%\" height=\"100%\"><\/video><\/p>\n<p><span style=\"color: #c00000;\"><strong><span style=\"font-size: 20.0px;\"><span style=\"font-family: georgia , serif; font-style: inherit; font-weight: inherit;\">Descripci\u00f3n<\/span><\/span><\/strong><\/span><\/p>\n<div style=\"margin: 0.0px; padding: 0.0px; border: 0.0px; font-size: 13.0px; line-height: inherit; font-family: arial , helvetica , sans-serif; vertical-align: baseline; color: #000000;\">\n<div style=\"margin: 0.0px; padding: 0.0px; border: 0.0px; font-style: inherit; font-weight: inherit; font-size: inherit; line-height: inherit; vertical-align: baseline;\">\n<div style=\"margin: 0.0px; padding: 0.0px; border: 0.0px; font-style: inherit; font-weight: inherit; font-size: inherit; line-height: inherit; vertical-align: baseline;\">\n<ul>\n<li><span style=\"margin: 0.0px; padding: 0.0px; border: 0.0px; font-style: inherit; font-weight: inherit; font-size: 18.0px; line-height: inherit; vertical-align: baseline;\"><span style=\"margin: 0.0px; padding: 0.0px; border: 0.0px; font-style: inherit; font-weight: inherit; font-size: inherit; line-height: inherit; font-family: georgia , serif; vertical-align: baseline;\">CORRECTOR de postura: es una forma simple y no quir\u00fargica de corregir la espalda joroba, mejorar la postura correcta y ayudarte a aliviar el dolor en el hombro y la espalda<\/span><\/span><\/li>\n<li><span style=\"margin: 0.0px; padding: 0.0px; border: 0.0px; font-style: inherit; font-weight: inherit; font-size: 18.0px; line-height: inherit; vertical-align: baseline;\"><span style=\"margin: 0.0px; padding: 0.0px; border: 0.0px; font-style: inherit; font-weight: inherit; font-size: inherit; line-height: inherit; font-family: georgia , serif; vertical-align: baseline;\">Aplicable A una variedad de entornos: se puede utilizar en casa, oficina, gimnasio, sala de yoga y al aire libre. Se puede poner directamente en la ropa, la irritaci\u00f3n de la piel no ser\u00eda causado por la banda de soporte<\/span><\/span><\/li>\n<li><span style=\"margin: 0.0px; padding: 0.0px; border: 0.0px; font-style: inherit; font-weight: inherit; font-size: 18.0px; line-height: inherit; vertical-align: baseline;\"><span style=\"margin: 0.0px; padding: 0.0px; border: 0.0px; font-style: inherit; font-weight: inherit; font-size: inherit; line-height: inherit; font-family: georgia , serif; vertical-align: baseline;\">Dise\u00f1o de perforaci\u00f3n, transpirable, c\u00f3modo: el cintur\u00f3n de correcci\u00f3n postural est\u00e1 hecho de tela compuesta muy suave y cinta de nailon, y los agujeros transpirables se utilizan en la espalda y las correas del hombro. La disipaci\u00f3n del calor y la permeabilidad se han mejorado para mejorar la comodidad de uso<\/span><\/span><\/li>\n<li><span style=\"margin: 0.0px; padding: 0.0px; border: 0.0px; font-style: inherit; font-weight: inherit; font-size: 18.0px; line-height: inherit; vertical-align: baseline;\"><span style=\"margin: 0.0px; padding: 0.0px; border: 0.0px; font-style: inherit; font-weight: inherit; font-size: inherit; line-height: inherit; font-family: georgia , serif; vertical-align: baseline;\">Pasta m\u00e1gica de alta calidad y ajuste gratuito: los \u00e1ngulos necesarios para el correce son diferentes, el dise\u00f1o de la correa de correcci\u00f3n puede adoptar la correa ajustable de nylon con la pasta m\u00e1gica de alta calidad de modo que pueda ser ajustada libremente a trav\u00e9s de la correa del hombro<\/span><\/span><\/li>\n<li><span style=\"margin: 0.0px; padding: 0.0px; border: 0.0px; font-style: inherit; font-weight: inherit; font-size: 18.0px; line-height: inherit; vertical-align: baseline;\"><span style=\"margin: 0.0px; padding: 0.0px; border: 0.0px; font-style: inherit; font-weight: inherit; font-size: inherit; line-height: inherit; font-family: georgia , serif; vertical-align: baseline;\">Mejora de posici\u00f3n de sentado: aplicable a hombres, mujeres y j\u00f3venes (adolescentes). Una postura poco saludable puede provocar dolor de espalda a largo plazo, dolor muscular, miop\u00eda y otros problemas m\u00e9dicos. Usar un corrector de espalda puede desarrollar la memoria muscular durante un per\u00edodo de tiempo, y puedes mantenerte recto incluso si no usas un dispositivo de correcci\u00f3n de postura<\/span><\/span><\/li>\n<\/ul>\n<\/div>\n<\/div>\n<\/div>\n<p style=\"margin: 0.0px; padding: 0.0px; border: 0.0px; font-size: 13.0px; line-height: inherit; font-family: arial , helvetica , sans-serif; vertical-align: baseline; color: #000000;\"><span style=\"color: #c00000;\"><span style=\"margin: 0.0px; padding: 0.0px; border: 0.0px; font-style: inherit; font-weight: inherit; font-size: 22.0px; line-height: inherit; vertical-align: baseline;\"><span style=\"margin: 0.0px; padding: 0.0px; border: 0.0px; font-style: inherit; font-weight: inherit; font-size: inherit; line-height: inherit; font-family: georgia , serif; vertical-align: baseline;\"><span style=\"font-weight: bold;\">Funciones:<\/span><\/span><\/span><\/span><\/p>\n<p style=\"margin: 0.0px; padding: 0.0px; border: 0.0px; font-size: 13.0px; line-height: inherit; font-family: arial , helvetica , sans-serif; vertical-align: baseline; color: #000000;\"><span style=\"margin: 0.0px; padding: 0.0px; border: 0.0px; font-style: inherit; font-weight: inherit; font-size: 18.0px; line-height: inherit; vertical-align: baseline;\"><span style=\"margin: 0.0px; padding: 0.0px; border: 0.0px; font-style: inherit; font-weight: inherit; font-size: inherit; line-height: inherit; font-family: georgia , serif; vertical-align: baseline;\"><span style=\"font-weight: bold;\">El alivio del dolor muscular<\/span><br \/>\nLa secci\u00f3n coronal y de madera del plano frontal mantiene el equilibrio de gravedad del cuerpo, reduce la carga sobre los m\u00fasculos, corrige y alivia el dolor, y las malas posturas causar\u00e1n dolor de cuello y hombros, Y dolores de cabeza<\/span><\/span><\/p>\n<p><span style=\"font-weight: bold;\">El papel de la protecci\u00f3n<\/span><br \/>\nEl uso es c\u00f3modo y transpirable, puede ser aplicable a todos, incluyendo hombres y mujeres, j\u00f3venes y mayores, puede jugar un buen papel en la correcci\u00f3n de la espalda. Aplicable a aquellos trabajadores con dolor en la espalda y el hombro debido al largo tiempo de pie, sentado o mantener la misma postura<\/p>\n<p><span style=\"font-weight: bold;\">F\u00e1cil de ajustar y de llevar<\/span><br \/>\nTama\u00f1o Universal, f\u00e1cil de usar, sin ninguna ayuda, puedes quitar y usar un corrector de postura t\u00fa mismo<\/p>\n<p><span style=\"color: #c00000;\"><strong>Crisol de grafito mini horno de oro de la antorcha de fusi\u00f3n del metal:<\/strong><\/span><\/p>\n<p style=\"margin: 0.0px; padding: 0.0px; border: 0.0px; font-size: 13.0px; line-height: inherit; font-family: arial , helvetica , sans-serif; vertical-align: baseline; color: #000000;\"><span style=\"margin: 0.0px; padding: 0.0px; border: 0.0px; font-style: inherit; font-weight: inherit; font-size: 18.0px; line-height: inherit; vertical-align: baseline;\"><span style=\"margin: 0.0px; padding: 0.0px; border: 0.0px; font-style: inherit; font-weight: inherit; font-size: inherit; line-height: inherit; font-family: georgia , serif; vertical-align: baseline;\">1 *<\/span><\/span><span style=\"font-family: georgia , serif; font-size: 18.0px;\">CORRECTOR de postura<\/span><\/p>\n<p style=\"margin: 0.0px; padding: 0.0px; border: 0.0px; font-size: 13.0px; line-height: inherit; font-family: arial , helvetica , sans-serif; vertical-align: baseline; color: #000000;\"><span style=\"font-family: georgia , serif; font-size: 18.0px;\">1 * instrucci\u00f3n en ingl\u00e9s<\/span><\/p>\n<p style=\"margin: 0.0px; padding: 0.0px; border: 0.0px; font-size: 13.0px; line-height: inherit; font-family: arial , helvetica , sans-serif; vertical-align: baseline; color: #000000;\"><span style=\"font-family: georgia , serif; font-size: 18.0px;\"><img decoding=\"async\" title=\"YOSYO soporte, Cintur\u00f3n de sujeci\u00f3n Corrector postura espalda ajustable clav\u00edcula columna vertebral hombro correcci\u00f3n postura Lumbar\" src=\"https:\/\/bodegaoutdoor.cl\/store\/wp-content\/uploads\/2020\/12\/22093-q4qc1r.jpg\" alt=\"YOSYO soporte, Cintur\u00f3n de sujeci\u00f3n Corrector postura espalda ajustable clav\u00edcula columna vertebral hombro correcci\u00f3n postura Lumbar\" \/><\/span><\/p>\n<p style=\"margin: 0.0px; padding: 0.0px; border: 0.0px; font-size: 13.0px; line-height: inherit; font-family: arial , helvetica , sans-serif; vertical-align: baseline; color: #000000;\"><span style=\"font-family: georgia , serif; font-size: 18.0px;\"><img decoding=\"async\" title=\"YOSYO soporte, Cintur\u00f3n de sujeci\u00f3n Corrector postura espalda ajustable clav\u00edcula columna vertebral hombro correcci\u00f3n postura Lumbar\" src=\"https:\/\/bodegaoutdoor.cl\/store\/wp-content\/uploads\/2020\/12\/22093-30awuz.jpg\" alt=\"YOSYO soporte, Cintur\u00f3n de sujeci\u00f3n Corrector postura espalda ajustable clav\u00edcula columna vertebral hombro correcci\u00f3n postura Lumbar\" \/><img decoding=\"async\" title=\"YOSYO soporte, Cintur\u00f3n de sujeci\u00f3n Corrector postura espalda ajustable clav\u00edcula columna vertebral hombro correcci\u00f3n postura Lumbar\" src=\"https:\/\/bodegaoutdoor.cl\/store\/wp-content\/uploads\/2020\/12\/22093-w4howv.jpg\" alt=\"YOSYO soporte, Cintur\u00f3n de sujeci\u00f3n Corrector postura espalda ajustable clav\u00edcula columna vertebral hombro correcci\u00f3n postura Lumbar\" \/><img decoding=\"async\" title=\"YOSYO soporte, Cintur\u00f3n de sujeci\u00f3n Corrector postura espalda ajustable clav\u00edcula columna vertebral hombro correcci\u00f3n postura Lumbar\" src=\"https:\/\/bodegaoutdoor.cl\/store\/wp-content\/uploads\/2020\/12\/22093-gnal03.jpg\" alt=\"YOSYO soporte, Cintur\u00f3n de sujeci\u00f3n Corrector postura espalda ajustable clav\u00edcula columna vertebral hombro correcci\u00f3n postura Lumbar\" \/><img decoding=\"async\" title=\"YOSYO soporte, Cintur\u00f3n de sujeci\u00f3n Corrector postura espalda ajustable clav\u00edcula columna vertebral hombro correcci\u00f3n postura Lumbar\" src=\"https:\/\/bodegaoutdoor.cl\/store\/wp-content\/uploads\/2020\/12\/22093-8yguhr.jpg\" alt=\"YOSYO soporte, Cintur\u00f3n de sujeci\u00f3n Corrector postura espalda ajustable clav\u00edcula columna vertebral hombro correcci\u00f3n postura Lumbar\" \/><img decoding=\"async\" title=\"YOSYO soporte, Cintur\u00f3n de sujeci\u00f3n Corrector postura espalda ajustable clav\u00edcula columna vertebral hombro correcci\u00f3n postura Lumbar\" src=\"https:\/\/bodegaoutdoor.cl\/store\/wp-content\/uploads\/2020\/12\/22093-d1j1gb.jpg\" alt=\"YOSYO soporte, Cintur\u00f3n de sujeci\u00f3n Corrector postura espalda ajustable clav\u00edcula columna vertebral hombro correcci\u00f3n postura Lumbar\" \/><img decoding=\"async\" title=\"YOSYO soporte, Cintur\u00f3n de sujeci\u00f3n Corrector postura espalda ajustable clav\u00edcula columna vertebral hombro correcci\u00f3n postura Lumbar\" src=\"https:\/\/bodegaoutdoor.cl\/store\/wp-content\/uploads\/2020\/12\/22093-gdysxb.jpg\" alt=\"YOSYO soporte, Cintur\u00f3n de sujeci\u00f3n Corrector postura espalda ajustable clav\u00edcula columna vertebral hombro correcci\u00f3n postura Lumbar\" \/><img decoding=\"async\" title=\"YOSYO soporte, Cintur\u00f3n de sujeci\u00f3n Corrector postura espalda ajustable clav\u00edcula columna vertebral hombro correcci\u00f3n postura Lumbar\" src=\"https:\/\/bodegaoutdoor.cl\/store\/wp-content\/uploads\/2020\/12\/22093-sjdxu0.jpg\" alt=\"YOSYO soporte, Cintur\u00f3n de sujeci\u00f3n Corrector postura espalda ajustable clav\u00edcula columna vertebral hombro correcci\u00f3n postura Lumbar\" \/><\/span><\/p>\n\n    <div class=\"xs_social_share_widget xs_share_url after_content \t\tmain_content  wslu-style-1 wslu-share-box-shaped wslu-fill-colored wslu-none wslu-share-horizontal wslu-theme-font-no wslu-main_content\">\n\n\t\t\n        <ul>\n\t\t\t        <\/ul>\n    <\/div> \n","protected":false},"excerpt":{"rendered":"<p><span style=\"color: #ff0000;\"><strong>Stock Local\u00a0 &#8211; <\/strong><\/span><span style=\"color: #ff0000;\"><strong>Envios Rapidos a todo Chile<\/strong><\/span><\/p>\n","protected":false},"featured_media":22097,"comment_status":"open","ping_status":"closed","template":"","meta":{"jetpack_publicize_message":"","jetpack_publicize_feature_enabled":true,"jetpack_social_post_already_shared":true,"jetpack_social_options":{"image_generator_settings":{"template":"highway","enabled":false},"version":2}},"product_brand":[],"product_cat":[1502],"product_tag":[],"class_list":{"0":"post-22093","1":"product","2":"type-product","3":"status-publish","4":"has-post-thumbnail","6":"product_cat-hortopedicos","8":"first","9":"instock","10":"sale","11":"taxable","12":"shipping-taxable","13":"purchasable","14":"product-type-variable"},"jetpack_publicize_connections":[],"jetpack_sharing_enabled":true,"_links":{"self":[{"href":"https:\/\/bodegaoutdoor.cl\/store\/wp-json\/wp\/v2\/product\/22093","targetHints":{"allow":["GET"]}}],"collection":[{"href":"https:\/\/bodegaoutdoor.cl\/store\/wp-json\/wp\/v2\/product"}],"about":[{"href":"https:\/\/bodegaoutdoor.cl\/store\/wp-json\/wp\/v2\/types\/product"}],"replies":[{"embeddable":true,"href":"https:\/\/bodegaoutdoor.cl\/store\/wp-json\/wp\/v2\/comments?post=22093"}],"version-history":[{"count":1,"href":"https:\/\/bodegaoutdoor.cl\/store\/wp-json\/wp\/v2\/product\/22093\/revisions"}],"predecessor-version":[{"id":71120,"href":"https:\/\/bodegaoutdoor.cl\/store\/wp-json\/wp\/v2\/product\/22093\/revisions\/71120"}],"wp:featuredmedia":[{"embeddable":true,"href":"https:\/\/bodegaoutdoor.cl\/store\/wp-json\/wp\/v2\/media\/22097"}],"wp:attachment":[{"href":"https:\/\/bodegaoutdoor.cl\/store\/wp-json\/wp\/v2\/media?parent=22093"}],"wp:term":[{"taxonomy":"product_brand","embeddable":true,"href":"https:\/\/bodegaoutdoor.cl\/store\/wp-json\/wp\/v2\/product_brand?post=22093"},{"taxonomy":"product_cat","embeddable":true,"href":"https:\/\/bodegaoutdoor.cl\/store\/wp-json\/wp\/v2\/product_cat?post=22093"},{"taxonomy":"product_tag","embeddable":true,"href":"https:\/\/bodegaoutdoor.cl\/store\/wp-json\/wp\/v2\/product_tag?post=22093"}],"curies":[{"name":"wp","href":"https:\/\/api.w.org\/{rel}","templated":true}]}}