{"id":22116,"date":"2020-12-12T22:00:04","date_gmt":"2020-12-12T22:00:04","guid":{"rendered":"https:\/\/bodegaoutdoor.cl\/store\/product\/rueda-de-4-ruedas-para-ejercicio-muscular-equipo-de-fitness-para-el-hogar-rodillo-para-gimnasio-equipo-de-entrenamiento\/"},"modified":"2023-05-04T19:19:10","modified_gmt":"2023-05-04T23:19:10","slug":"rueda-de-4-ruedas-para-ejercicio-muscular-equipo-de-fitness-para-el-hogar-rodillo-para-gimnasio-equipo-de-entrenamiento","status":"publish","type":"product","link":"https:\/\/bodegaoutdoor.cl\/store\/product\/rueda-de-4-ruedas-para-ejercicio-muscular-equipo-de-fitness-para-el-hogar-rodillo-para-gimnasio-equipo-de-entrenamiento\/","title":{"rendered":"Rodillo para gimnasio, equipo de entrenamiento 4 ruedas Fitness hogar"},"content":{"rendered":"<p style=\"text-align: center;\"><video style=\"max-width: 100%;\" src=\"\/\/cloud.video.taobao.com\/play\/u\/2206761848973\/p\/1\/e\/6\/t\/10301\/280829982693.mp4\" poster=\"https:\/\/ae01.alicdn.com\/kf\/H7c33e31e085e43a4b0291d5d57beba41P\/Rueda-de-4-ruedas-para-ejercicio-muscular-equipo-de-Fitness-para-el-hogar-rodillo-para-gimnasio.jpg,https:\/\/ae01.alicdn.com\/kf\/H82c4ddde23df45d7a99e898b02d40c024\/Rueda-de-4-ruedas-para-ejercicio-muscular-equipo-de-Fitness-para-el-hogar-rodillo-para-gimnasio.jpg,https:\/\/ae01.alicdn.com\/kf\/H360fe766a9ff4234994ea49e8cfd2cceG\/Rueda-de-4-ruedas-para-ejercicio-muscular-equipo-de-Fitness-para-el-hogar-rodillo-para-gimnasio.jpg,https:\/\/ae01.alicdn.com\/kf\/H7450215ac8414e7c8993324c644facd9T\/Rueda-de-4-ruedas-para-ejercicio-muscular-equipo-de-Fitness-para-el-hogar-rodillo-para-gimnasio.jpg,https:\/\/ae01.alicdn.com\/kf\/H3d0650380b7749249fa68cfb172bda5dv\/Rueda-de-4-ruedas-para-ejercicio-muscular-equipo-de-Fitness-para-el-hogar-rodillo-para-gimnasio.jpg,https:\/\/ae01.alicdn.com\/kf\/He5fd556522a346eb818bc32e5f15ce08i\/Rueda-de-4-ruedas-para-ejercicio-muscular-equipo-de-Fitness-para-el-hogar-rodillo-para-gimnasio.jpg\" preload=\"auto\" controls=\"controls\" width=\"100%\" height=\"100%\"><\/video><\/p>\n<div style=\"margin: 10px auto 0; max-width: 100%;\">\n<p>&nbsp;<\/p>\n<div style=\"margin-top: -74.46%;\">\n<div style=\"margin-left: 25.0%; margin-top: -37.23%; width: 25.0%;\"><\/div>\n<div style=\"margin-left: 50.0%; margin-top: -37.23%; width: 25.0%;\"><a href=\"\/\/www.aliexpress.com\/item\/detail\/4000336605655.html\" target=\"_blank\" rel=\"noopener noreferrer\"><img decoding=\"async\" style=\"width: 233px; height: 347px;\" src=\"\/\/ae01.alicdn.com\/kf\/H5ccc5d0c623f47d98535bfa6128e4d19b.png?width=233&amp;height=347&amp;hash=580\" \/><\/a><\/div>\n<div style=\"margin-left: 75.0%; margin-top: -37.23%; width: 25.0%;\"><a href=\"\/\/www.aliexpress.com\/item\/detail\/1005001509994036.html\" target=\"_blank\" rel=\"noopener noreferrer\"><img decoding=\"async\" style=\"width: 233px; height: 347px;\" src=\"\/\/ae01.alicdn.com\/kf\/H5ccc5d0c623f47d98535bfa6128e4d19b.png?width=233&amp;height=347&amp;hash=580\" \/><\/a><\/div>\n<div style=\"margin-left: 0.0%; margin-top: 0.0%; width: 25.0%;\"><\/div>\n<div style=\"margin-left: 25.0%; margin-top: -37.23%; width: 25.0%;\"><a href=\"\/\/www.aliexpress.com\/item\/detail\/1005001429234818.html\" target=\"_blank\" rel=\"noopener noreferrer\"><img decoding=\"async\" style=\"width: 233px; height: 347px;\" src=\"\/\/ae01.alicdn.com\/kf\/H5ccc5d0c623f47d98535bfa6128e4d19b.png?width=233&amp;height=347&amp;hash=580\" \/><\/a><\/div>\n<div style=\"margin-left: 50.0%; margin-top: -37.23%; width: 25.0%;\"><a href=\"\/\/www.aliexpress.com\/item\/detail\/4000416561009.html\" target=\"_blank\" rel=\"noopener noreferrer\"><img decoding=\"async\" style=\"width: 233px; height: 347px;\" src=\"\/\/ae01.alicdn.com\/kf\/H5ccc5d0c623f47d98535bfa6128e4d19b.png?width=233&amp;height=347&amp;hash=580\" \/><\/a><\/div>\n<div style=\"margin-left: 75.0%; margin-top: -37.23%; width: 25.0%;\"><a href=\"\/\/www.aliexpress.com\/item\/detail\/1005001603844153.html\" target=\"_blank\" rel=\"noopener noreferrer\"><img decoding=\"async\" style=\"width: 233px; height: 347px;\" src=\"\/\/ae01.alicdn.com\/kf\/H5ccc5d0c623f47d98535bfa6128e4d19b.png?width=233&amp;height=347&amp;hash=580\" \/><\/a><\/div>\n<\/div>\n<\/div>\n<div><\/div>\n<div>\n<div>\n<div id=\"offer-template-0\">\n<p style=\"text-align: left;\"><span style=\"font-size: 18.0pt;\">Nota: En el proceso de entrenamiento de espalda con la rueda del vientre saludable, las partes de la cadera y la pierna deben estar bastante fijas, es decir, el grupo muscular central debe estar aislado sin fuerza, Y solo la parte superior del cuerpo se mueve hacia arriba y abajo con el brazo en todo el proceso.<\/span><\/p>\n<p style=\"text-align: left;\"><span style=\"font-size: 18.0pt;\">La rueda Abdominal es un tipo de empujador peque\u00f1o que puede ejercitar los m\u00fasculos y las articulaciones y perder peso. El material es generalmente pl\u00e1stico de ingenier\u00eda de alta calidad, que es de dise\u00f1o simple, hermoso en apariencia, fuerte y duradero y f\u00e1cil de usar. Se utiliza para ejercitar la carne loca de varias partes del cuerpo, como el abdomen, la cintura y las caderas, los brazos, etc.<\/span><\/p>\n<p style=\"text-align: left;\"><span style=\"font-size: 18.0pt;\">La rueda abdominal puede ejercitar los m\u00fasculos abdominales. La rueda de abdominis es un peque\u00f1o accesorio que puede ejercitar los m\u00fasculos, las articulaciones y perder peso. Se utiliza para ejercitar el abdomen, la cintura, las nalgas, los brazos y otras partes de la grasa corporal, porque el ejercicio necesita un lugar simple, f\u00e1cil de usar en casa.<\/span><\/p>\n<p style=\"text-align: left;\"><span style=\"font-size: 18.0pt;\">Y el uso de rueda abdominal saludable varios m\u00e9todos de ejercicio son capaces de ejercitar todos los m\u00fasculos abdominales, incluyendo rectus abdominis, m\u00fasculo abdominal oblicuo, m\u00fasculo espinal vertical, por lo tanto, para el ejercicio muscular abdominal tambi\u00e9n es un mejor efecto.<\/span><\/p>\n<p style=\"text-align: left;\"><span style=\"font-size: 18.0pt;\">C\u00f3mo usar la rueda abdominal:<\/span><\/p>\n<p style=\"text-align: left;\"><span style=\"font-size: 18.0pt;\">M\u00e9todo 1: En la postura de rodillas est\u00e1ndar, pon la rodilla sobre la almohadilla de rodillas, sujeta el mango de la rueda del vientre saludable firmemente con ambas manos, empuja la rueda del vientre saludable hacia adelante hasta que el cuerpo est\u00e9 al nivel con el suelo, y luego vuelva a su posici\u00f3n original, y opere varias veces.<\/span><\/p>\n<p style=\"text-align: left;\"><span style=\"font-size: 18.0pt;\">M\u00e9todo 2: colocarlo en el suelo horizontal con ambos pies juntos, sujeta el mango de la rueda del vientre saludable firmemente con ambas manos, empuja la rueda del vientre saludable hacia adelante hasta que el cuerpo est\u00e9 al nivel con el suelo, y luego vuelva a su posici\u00f3n original y opere varias veces.<\/span><\/p>\n<p style=\"text-align: left;\"><span style=\"font-size: 18.0pt;\">M\u00e9todo 3: practicar la pantorrilla sentado en una silla, colocar ambos pies en el mango de la rueda abdominal, empujar la rueda abdominal con el pie, extenderla hacia delante, luego recuperar y devolver, repetidamente operando<\/span><\/p>\n<\/div>\n<p style=\"text-align: center;\"><img fetchpriority=\"high\" decoding=\"async\" src=\"\/\/ae01.alicdn.com\/kf\/H76208a9348c64858aef9712acf5df6a8N.jpg\" width=\"790\" height=\"790\" \/><\/p>\n<p><img decoding=\"async\" src=\"\/\/ae01.alicdn.com\/kf\/Ha58e334975134892aed2257cffad14d8o.jpg\" width=\"790\" height=\"790\" \/><\/p>\n<p><img decoding=\"async\" src=\"\/\/ae01.alicdn.com\/kf\/Heaeae2ff92034b3fbd2732007f61bebbS.jpg\" width=\"790\" height=\"790\" \/><\/p>\n<p><img loading=\"lazy\" decoding=\"async\" src=\"\/\/ae01.alicdn.com\/kf\/H7071162c40894236b02195856f53b4010.jpg\" width=\"790\" height=\"790\" \/><\/p>\n<p><img loading=\"lazy\" decoding=\"async\" src=\"\/\/ae01.alicdn.com\/kf\/H6f66686acdf441188f17aae9eca82dcaV.jpg\" width=\"790\" height=\"790\" \/><\/p>\n<p><img loading=\"lazy\" decoding=\"async\" src=\"\/\/ae01.alicdn.com\/kf\/H5934c0729df740a69b2edbcdd5bc224ft.jpg\" width=\"790\" height=\"790\" \/><\/p>\n<p><img loading=\"lazy\" decoding=\"async\" src=\"\/\/ae01.alicdn.com\/kf\/Hbd3a4287f7734c4ea4d572deea7bcf13A.jpg\" width=\"790\" height=\"790\" \/><\/p>\n<p><img loading=\"lazy\" decoding=\"async\" src=\"\/\/ae01.alicdn.com\/kf\/H656847bace3242748d2de9d67c362296g.jpg\" width=\"790\" height=\"790\" \/><\/p>\n<p><img loading=\"lazy\" decoding=\"async\" src=\"\/\/ae01.alicdn.com\/kf\/H5b97477ded8e4821ae6c085d5d70c5bbf.jpeg\" width=\"790\" height=\"790\" \/><\/p>\n<p><span style=\"font-size: 24.0pt;\">Producto en vivo de<\/span><\/p>\n<p style=\"text-align: center;\"><span style=\"font-size: 24.0pt;\"><img loading=\"lazy\" decoding=\"async\" src=\"\/\/ae01.alicdn.com\/kf\/H1de2d5d90f46441eac6f966c97ee80bfT.jpg?width=800&amp;height=800&amp;hash=1600\" width=\"790\" height=\"790\" \/><\/span><\/p>\n<p><img loading=\"lazy\" decoding=\"async\" src=\"\/\/ae01.alicdn.com\/kf\/Hd0d26796df214e6689b7d4dd543b84ccw.jpg?width=800&amp;height=800&amp;hash=1600\" width=\"790\" height=\"790\" \/><\/p>\n<p><img loading=\"lazy\" decoding=\"async\" src=\"\/\/ae01.alicdn.com\/kf\/H891f90e1f9234ae5b474342c84724389q.jpg?width=800&amp;height=800&amp;hash=1600\" width=\"790\" height=\"790\" \/><\/p>\n<p><img loading=\"lazy\" decoding=\"async\" src=\"\/\/ae01.alicdn.com\/kf\/H2e8a4e7bb84f4154b102d81a669e39cfH.jpg?width=800&amp;height=800&amp;hash=1600\" width=\"790\" height=\"790\" \/><\/p>\n<p><img loading=\"lazy\" decoding=\"async\" src=\"\/\/ae01.alicdn.com\/kf\/H0152a8a7c5cb4ae2a4703bba7bb1d18dU.jpg?width=800&amp;height=800&amp;hash=1600\" width=\"790\" height=\"790\" \/><\/p>\n<p><img loading=\"lazy\" decoding=\"async\" src=\"\/\/ae01.alicdn.com\/kf\/H9e805d7ddc584e648b6e2c6b6db7ba473.jpg?width=800&amp;height=800&amp;hash=1600\" width=\"790\" height=\"790\" \/><\/p>\n<p><img loading=\"lazy\" decoding=\"async\" src=\"\/\/ae01.alicdn.com\/kf\/Hb95391c564304464b793712cbd76acbfV.jpg?width=800&amp;height=800&amp;hash=1600\" width=\"790\" height=\"790\" \/><\/p>\n<p><img loading=\"lazy\" decoding=\"async\" src=\"\/\/ae01.alicdn.com\/kf\/H4176042b002d40db8d91088360071d30G.jpg?width=800&amp;height=800&amp;hash=1600\" width=\"790\" height=\"790\" \/><\/p>\n<p><img loading=\"lazy\" decoding=\"async\" src=\"\/\/ae01.alicdn.com\/kf\/H7f0b9095b77048d49f64f86b88b2ff86k.jpg?width=800&amp;height=800&amp;hash=1600\" width=\"790\" height=\"790\" \/><\/p>\n<p><img loading=\"lazy\" decoding=\"async\" src=\"\/\/ae01.alicdn.com\/kf\/H1930d11701ea488ca3a916ca535e3720n.jpg\" width=\"790\" height=\"790\" \/><\/p>\n<p style=\"text-align: left;\">\n<\/div>\n<\/div>\n\n    <div class=\"xs_social_share_widget xs_share_url after_content \t\tmain_content  wslu-style-1 wslu-share-box-shaped wslu-fill-colored wslu-none wslu-share-horizontal wslu-theme-font-no wslu-main_content\">\n\n\t\t\n        <ul>\n\t\t\t        <\/ul>\n    <\/div> \n","protected":false},"excerpt":{"rendered":"<p>&nbsp; Nota: En el proceso de entrenamiento de espalda con la rueda del vientre saludable, las partes de la cadera y la pierna deben estar bastante fijas, es decir, el grupo muscular central debe estar aislado sin fuerza, Y solo la parte superior del cuerpo se mueve hacia arriba y abajo con el brazo en [&hellip;]<\/p>\n","protected":false},"featured_media":22137,"comment_status":"open","ping_status":"closed","template":"","meta":{"jetpack_publicize_message":"","jetpack_publicize_feature_enabled":true,"jetpack_social_post_already_shared":true,"jetpack_social_options":{"image_generator_settings":{"template":"highway","enabled":false},"version":2}},"product_brand":[],"product_cat":[15,64],"product_tag":[1648,1649,1650],"class_list":{"0":"post-22116","1":"product","2":"type-product","3":"status-publish","4":"has-post-thumbnail","6":"product_cat-otros","7":"product_cat-accessories","8":"product_tag-fitness","9":"product_tag-hogar","10":"product_tag-rueda-ejercicios","12":"first","13":"instock","14":"sale","15":"taxable","16":"shipping-taxable","17":"purchasable","18":"product-type-variable"},"jetpack_publicize_connections":[],"jetpack_sharing_enabled":true,"_links":{"self":[{"href":"https:\/\/bodegaoutdoor.cl\/store\/wp-json\/wp\/v2\/product\/22116","targetHints":{"allow":["GET"]}}],"collection":[{"href":"https:\/\/bodegaoutdoor.cl\/store\/wp-json\/wp\/v2\/product"}],"about":[{"href":"https:\/\/bodegaoutdoor.cl\/store\/wp-json\/wp\/v2\/types\/product"}],"replies":[{"embeddable":true,"href":"https:\/\/bodegaoutdoor.cl\/store\/wp-json\/wp\/v2\/comments?post=22116"}],"version-history":[{"count":2,"href":"https:\/\/bodegaoutdoor.cl\/store\/wp-json\/wp\/v2\/product\/22116\/revisions"}],"predecessor-version":[{"id":71119,"href":"https:\/\/bodegaoutdoor.cl\/store\/wp-json\/wp\/v2\/product\/22116\/revisions\/71119"}],"wp:featuredmedia":[{"embeddable":true,"href":"https:\/\/bodegaoutdoor.cl\/store\/wp-json\/wp\/v2\/media\/22137"}],"wp:attachment":[{"href":"https:\/\/bodegaoutdoor.cl\/store\/wp-json\/wp\/v2\/media?parent=22116"}],"wp:term":[{"taxonomy":"product_brand","embeddable":true,"href":"https:\/\/bodegaoutdoor.cl\/store\/wp-json\/wp\/v2\/product_brand?post=22116"},{"taxonomy":"product_cat","embeddable":true,"href":"https:\/\/bodegaoutdoor.cl\/store\/wp-json\/wp\/v2\/product_cat?post=22116"},{"taxonomy":"product_tag","embeddable":true,"href":"https:\/\/bodegaoutdoor.cl\/store\/wp-json\/wp\/v2\/product_tag?post=22116"}],"curies":[{"name":"wp","href":"https:\/\/api.w.org\/{rel}","templated":true}]}}