{"id":22331,"date":"2020-12-13T19:32:21","date_gmt":"2020-12-13T19:32:21","guid":{"rendered":"https:\/\/bodegaoutdoor.cl\/store\/product\/k9-tactico-militar-1000d-nylon-molle-system-entrenamiento-arnes-de-perro-caza-perro-chaleco-ropa-s-xl\/"},"modified":"2023-05-04T19:19:09","modified_gmt":"2023-05-04T23:19:09","slug":"k9-tactico-militar-1000d-nylon-molle-system-entrenamiento-arnes-de-perro-caza-perro-chaleco-ropa-s-xl","status":"publish","type":"product","link":"https:\/\/bodegaoutdoor.cl\/store\/product\/k9-tactico-militar-1000d-nylon-molle-system-entrenamiento-arnes-de-perro-caza-perro-chaleco-ropa-s-xl\/","title":{"rendered":"K9 t\u00e1ctico militar 1000D Nylon Molle System entrenamiento, arn\u00e9s de perro  S-XL"},"content":{"rendered":"<div style=\"margin: 10px auto 0; max-width: 100%;\">\n<div style=\"margin-top: -66.52%;\">\n<div style=\"margin-left: 25.0%; margin-top: -33.26%; width: 25.0%;\"><a href=\"\/\/www.aliexpress.com\/item\/detail\/32995232751.html\" target=\"_blank\" rel=\"noopener noreferrer\"><img decoding=\"async\" style=\"width: 233px; height: 310px;\" src=\"\/\/ae01.alicdn.com\/kf\/H9e9bdda4323c444d9b70e9384597e4843.png?width=233&amp;height=312&amp;hash=545\" \/><\/a><\/div>\n<div style=\"margin-left: 50.0%; margin-top: -33.26%; width: 25.0%;\"><\/div>\n<div style=\"margin-left: 75.0%; margin-top: -33.26%; width: 25.0%;\"><a href=\"\/\/www.aliexpress.com\/item\/detail\/4000479237112.html\" target=\"_blank\" rel=\"noopener noreferrer\"><img decoding=\"async\" style=\"width: 233px; height: 310px;\" src=\"\/\/ae01.alicdn.com\/kf\/H9e9bdda4323c444d9b70e9384597e4843.png?width=233&amp;height=312&amp;hash=545\" \/><\/a><\/div>\n<div style=\"margin-left: 0.0%; margin-top: 0.0%; width: 25.0%;\"><a href=\"\/\/www.aliexpress.com\/item\/detail\/4000965568942.html\" target=\"_blank\" rel=\"noopener noreferrer\"><img decoding=\"async\" style=\"width: 233px; height: 310px;\" src=\"\/\/ae01.alicdn.com\/kf\/H9e9bdda4323c444d9b70e9384597e4843.png?width=233&amp;height=312&amp;hash=545\" \/><\/a><\/div>\n<div style=\"margin-left: 25.0%; margin-top: -33.26%; width: 25.0%;\"><a href=\"\/\/www.aliexpress.com\/item\/detail\/4000970209638.html\" target=\"_blank\" rel=\"noopener noreferrer\"><img decoding=\"async\" style=\"width: 233px; height: 310px;\" src=\"\/\/ae01.alicdn.com\/kf\/H9e9bdda4323c444d9b70e9384597e4843.png?width=233&amp;height=312&amp;hash=545\" \/><\/a><\/div>\n<div style=\"margin-left: 50.0%; margin-top: -33.26%; width: 25.0%;\"><\/div>\n<div style=\"margin-left: 75.0%; margin-top: -33.26%; width: 25.0%;\"><a href=\"\/\/www.aliexpress.com\/item\/detail\/4001030621895.html\" target=\"_blank\" rel=\"noopener noreferrer\"><img decoding=\"async\" style=\"width: 233px; height: 310px;\" src=\"\/\/ae01.alicdn.com\/kf\/H9e9bdda4323c444d9b70e9384597e4843.png?width=233&amp;height=312&amp;hash=545\" \/><\/a><\/div>\n<\/div>\n<\/div>\n<div>\n<div>\n<div>\n<div>\n<div>\n<div><\/div>\n<\/div>\n<div><\/div>\n<\/div>\n<div><\/div>\n<\/div>\n<div><\/div>\n<\/div>\n<div>\n<div>\n<div><\/div>\n<\/div>\n<\/div>\n<div>\n<div><\/div>\n<div>\n<div><\/div>\n<div>\n<div><\/div>\n<div>\n<div>\n<div style=\"clear: both;\">\n<div><img decoding=\"async\" src=\"\/\/ae01.alicdn.com\/kf\/HTB1MpyeajzuK1RjSspeq6ziHVXam.jpg?width=930&amp;height=71&amp;hash=1001\" \/><br \/>\n<img decoding=\"async\" src=\"\/\/ae01.alicdn.com\/kf\/HTB10YmcaoLrK1Rjy1zbq6AenFXa6.jpg?width=930&amp;height=35&amp;hash=965\" \/><\/div>\n<div>\n<div>\n<div><span style=\"font-size: 20.0px;\">K9 t\u00e1ctico militar 1000D Nylon Molle System Dog entrenamiento, perro arn\u00e9s caza perro chaleco ropa S-XL<\/span><\/div>\n<div><\/div>\n<div><strong><span style=\"font-size: 18.0px;\">Descripci\u00f3n:<\/span><\/strong><\/div>\n<div><span style=\"font-size: 18.0px;\">100% nuevo y de alta calidad.<\/span><\/div>\n<div><span style=\"font-size: 18.0px;\">Chalecos t\u00e1cticos para perros del ej\u00e9rcito ropa de perro militar al aire libre rodamiento de carga.<\/span><\/div>\n<div><span style=\"font-size: 18.0px;\">Arn\u00e9s t\u00e1ctico para entrenamiento de perros, chaleco molle, ropa de arn\u00e9s.<\/span><\/div>\n<div><span style=\"font-size: 18.0px;\">Material de alta calidad, perfecto para entrenar a tus perros.<\/span><\/div>\n<div><\/div>\n<div><strong><span style=\"font-size: 18.0px;\">Especificaciones:<\/span><\/strong><\/div>\n<div><span style=\"font-size: 18.0px;\">Material: Material de nylon<\/span><\/div>\n<div><span style=\"font-size: 18.0px;\">Colores: negro, arena, verde, multicam<\/span><\/div>\n<div><span style=\"font-size: 18.0px;\">Tama\u00f1o: M, L y XL<\/span><\/div>\n<div><span style=\"font-size: 18.0px;\">Tama\u00f1o<\/span><\/div>\n<div><span style=\"font-size: 18.0px;\">XS = 27*28,5 cm<\/span><\/div>\n<div><span style=\"font-size: 18.0px;\">S = 30*33cm<\/span><\/div>\n<div><span style=\"font-size: 18.0px;\">M = * 34,5*41cm<\/span><\/div>\n<div><span style=\"font-size: 18.0px;\">L = 38*48cm<\/span><\/div>\n<div><span style=\"font-size: 18.0px;\">XL = 43,6*53cm<\/span><\/div>\n<div><span style=\"font-size: 18.0px;\">Paquete: 1 Chaleco con tres bolsas<\/span><\/div>\n<div><span style=\"font-size: 18.0px;\">Por favor permita una tolerancia de 1-3cm, gracias<\/span><\/div>\n<div><\/div>\n<div><strong><span style=\"font-size: 18.0px;\">Paquete:<\/span><\/strong><\/div>\n<div><span style=\"font-size: 18.0px;\"><strong>Singe chaleco<\/strong>: Solo un chaleco para perro<\/span><\/div>\n<div><\/div>\n<\/div>\n<div>\n<p><img decoding=\"async\" src=\"\/\/ae01.alicdn.com\/kf\/HTB18asei4SYBuNjSsphq6zGvVXag.jpg\" \/><\/p>\n<p><img decoding=\"async\" src=\"\/\/ae01.alicdn.com\/kf\/H83dd3555da39449e8f45687e2b61d217h.jpg?width=800&amp;height=800&amp;hash=1600\" \/><\/p>\n<p><span style=\"font-size: 18px;\"><img decoding=\"async\" src=\"\/\/ae01.alicdn.com\/kf\/Hb1d84cc44fa94179be1a0d5ef4f0b2a2J.jpg?width=800&amp;height=308&amp;hash=1108\" \/><\/span><br \/>\n<img decoding=\"async\" src=\"\/\/ae01.alicdn.com\/kf\/H30d5580d3a21405b8d39620fa40ac98c9.jpg?width=800&amp;height=800&amp;hash=1600\" \/><br \/>\n<img decoding=\"async\" src=\"\/\/ae01.alicdn.com\/kf\/HTB1aqcOi41YBuNjy1zcq6zNcXXaa.jpg\" \/><br \/>\n<img decoding=\"async\" src=\"\/\/ae01.alicdn.com\/kf\/HTB1Mn7ti7OWBuNjSsppq6xPgpXa8.jpg\" \/><br \/>\n<img decoding=\"async\" style=\"width: 800.0px;\" src=\"\/\/ae01.alicdn.com\/kf\/HTB1PJYFVNnaK1RjSZFtq6zC2VXaU.jpg?width=800&amp;height=800&amp;hash=1600\" \/><br \/>\n<img decoding=\"async\" style=\"width: 800.0px;\" src=\"\/\/ae01.alicdn.com\/kf\/HTB1CQzaVHvpK1RjSZPiq6zmwXXaR.jpg?width=800&amp;height=800&amp;hash=1600\" \/><br \/>\n<img decoding=\"async\" style=\"width: 800.0px;\" src=\"\/\/ae01.alicdn.com\/kf\/HTB1QI7zcLc3T1VjSZLeq6zZsVXa4.jpg?width=800&amp;height=800&amp;hash=1600\" \/><br \/>\n<img decoding=\"async\" style=\"width: 800.0px;\" src=\"\/\/ae01.alicdn.com\/kf\/HTB1nd9.VHPpK1RjSZFFq6y5PpXap.jpg?width=800&amp;height=800&amp;hash=1600\" \/><br \/>\n<img decoding=\"async\" style=\"width: 800.0px;\" src=\"\/\/ae01.alicdn.com\/kf\/HTB10ebfVPTpK1RjSZKPq6y3UpXaB.jpg?width=800&amp;height=800&amp;hash=1600\" \/><br \/>\n<img decoding=\"async\" style=\"width: 800.0px;\" src=\"\/\/ae01.alicdn.com\/kf\/HTB15q5EVSzqK1RjSZPcq6zTepXam.jpg?width=800&amp;height=800&amp;hash=1600\" \/><br \/>\n<img decoding=\"async\" style=\"width: 800.0px;\" src=\"\/\/ae01.alicdn.com\/kf\/HTB1FGy9VSzqK1RjSZPxq6A4tVXaM.jpg?width=800&amp;height=800&amp;hash=1600\" \/><br \/>\n<img decoding=\"async\" style=\"width: 800.0px;\" src=\"\/\/ae01.alicdn.com\/kf\/HTB1k0bbVSzqK1RjSZFjq6zlCFXaC.jpg?width=800&amp;height=800&amp;hash=1600\" \/><br \/>\n<img decoding=\"async\" style=\"width: 800.0px;\" src=\"\/\/ae01.alicdn.com\/kf\/HTB1oeLfVSzqK1RjSZFpq6ykSXXaO.jpg?width=800&amp;height=800&amp;hash=1600\" \/><br \/>\n<img decoding=\"async\" style=\"width: 800.0px;\" src=\"\/\/ae01.alicdn.com\/kf\/HTB13U2cVHvpK1RjSZFqq6AXUVXaM.jpg?width=800&amp;height=800&amp;hash=1600\" \/><\/p>\n<\/div>\n<div><img decoding=\"async\" src=\"\/\/ae01.alicdn.com\/kf\/HTB1lsdzcrwrBKNjSZPcq6xpapXac.jpg\" \/><br \/>\n<img decoding=\"async\" src=\"\/\/ae01.alicdn.com\/kf\/HTB1RbmdcpkoBKNjSZFkq6z4tFXa6.jpg\" \/><br \/>\n<img decoding=\"async\" src=\"\/\/ae01.alicdn.com\/kf\/HTB1Ks8djf5TBuNjSspmq6yDRVXaz.jpg\" \/><\/div>\n<\/div>\n<\/div>\n<\/div>\n<div style=\"clear: both;\">\n<div>\n<div style=\"margin-bottom: 6.0px; margin-top: 6.0px;\">\n<div style=\"text-align: center;\">\n<div style=\"text-align: left;\">\n<div><\/div>\n<\/div>\n<\/div>\n<\/div>\n<\/div>\n<div>\n<div>\n<div>\n<div>\n<div><\/div>\n<\/div>\n<\/div>\n<\/div>\n<\/div>\n<\/div>\n<\/div>\n<\/div>\n<\/div>\n<\/div>\n<\/div>\n\n    <div class=\"xs_social_share_widget xs_share_url after_content \t\tmain_content  wslu-style-1 wslu-share-box-shaped wslu-fill-colored wslu-none wslu-share-horizontal wslu-theme-font-no wslu-main_content\">\n\n\t\t\n        <ul>\n\t\t\t        <\/ul>\n    <\/div> \n","protected":false},"excerpt":{"rendered":"<p>K9 t\u00e1ctico militar 1000D Nylon Molle System Dog entrenamiento, perro arn\u00e9s caza perro chaleco ropa S-XL Descripci\u00f3n: 100% nuevo y de alta calidad. Chalecos t\u00e1cticos para perros del ej\u00e9rcito ropa de perro militar al aire libre rodamiento de carga. Arn\u00e9s t\u00e1ctico para entrenamiento de perros, chaleco molle, ropa de arn\u00e9s. Material de alta calidad, perfecto [&hellip;]<\/p>\n","protected":false},"featured_media":22376,"comment_status":"open","ping_status":"closed","template":"","meta":{"jetpack_publicize_message":"","jetpack_publicize_feature_enabled":true,"jetpack_social_post_already_shared":true,"jetpack_social_options":{"image_generator_settings":{"template":"highway","enabled":false},"version":2}},"product_brand":[],"product_cat":[64],"product_tag":[],"class_list":{"0":"post-22331","1":"product","2":"type-product","3":"status-publish","4":"has-post-thumbnail","6":"product_cat-accessories","8":"first","9":"instock","10":"sale","11":"taxable","12":"shipping-taxable","13":"purchasable","14":"product-type-variable"},"jetpack_publicize_connections":[],"jetpack_sharing_enabled":true,"_links":{"self":[{"href":"https:\/\/bodegaoutdoor.cl\/store\/wp-json\/wp\/v2\/product\/22331","targetHints":{"allow":["GET"]}}],"collection":[{"href":"https:\/\/bodegaoutdoor.cl\/store\/wp-json\/wp\/v2\/product"}],"about":[{"href":"https:\/\/bodegaoutdoor.cl\/store\/wp-json\/wp\/v2\/types\/product"}],"replies":[{"embeddable":true,"href":"https:\/\/bodegaoutdoor.cl\/store\/wp-json\/wp\/v2\/comments?post=22331"}],"version-history":[{"count":2,"href":"https:\/\/bodegaoutdoor.cl\/store\/wp-json\/wp\/v2\/product\/22331\/revisions"}],"predecessor-version":[{"id":71114,"href":"https:\/\/bodegaoutdoor.cl\/store\/wp-json\/wp\/v2\/product\/22331\/revisions\/71114"}],"wp:featuredmedia":[{"embeddable":true,"href":"https:\/\/bodegaoutdoor.cl\/store\/wp-json\/wp\/v2\/media\/22376"}],"wp:attachment":[{"href":"https:\/\/bodegaoutdoor.cl\/store\/wp-json\/wp\/v2\/media?parent=22331"}],"wp:term":[{"taxonomy":"product_brand","embeddable":true,"href":"https:\/\/bodegaoutdoor.cl\/store\/wp-json\/wp\/v2\/product_brand?post=22331"},{"taxonomy":"product_cat","embeddable":true,"href":"https:\/\/bodegaoutdoor.cl\/store\/wp-json\/wp\/v2\/product_cat?post=22331"},{"taxonomy":"product_tag","embeddable":true,"href":"https:\/\/bodegaoutdoor.cl\/store\/wp-json\/wp\/v2\/product_tag?post=22331"}],"curies":[{"name":"wp","href":"https:\/\/api.w.org\/{rel}","templated":true}]}}