{"id":22425,"date":"2020-12-13T22:07:49","date_gmt":"2020-12-13T22:07:49","guid":{"rendered":"https:\/\/bodegaoutdoor.cl\/store\/product\/chaleco-tactico-para-perro-del-ejercito-militar-1000d-nailon-molle-chaleco-de-combate-para-entrenamiento-de-perros-ropa-para-perros-de-caza\/"},"modified":"2023-05-04T19:19:09","modified_gmt":"2023-05-04T23:19:09","slug":"chaleco-tactico-1000d-nailon-molle-entrenamiento-de-perros","status":"publish","type":"product","link":"https:\/\/bodegaoutdoor.cl\/store\/product\/chaleco-tactico-1000d-nailon-molle-entrenamiento-de-perros\/","title":{"rendered":"Chaleco t\u00e1ctico 1000D, nailon, Molle, entrenamiento de perros"},"content":{"rendered":"<div style=\"margin: 0.0px; padding: 0.0px; border: 0.0px; line-height: inherit; font-family: arial , helvetica , sans-serif; vertical-align: baseline; color: #000000;\"><span style=\"margin: 0.0px; padding: 0.0px; border: 0.0px; font-style: inherit; font-weight: inherit; font-size: 16.0px; line-height: inherit; vertical-align: baseline;\"><span style=\"font-weight: bold;\">Descripci\u00f3n:<\/span><\/span><\/div>\n<div style=\"margin: 0.0px; padding: 0.0px; border: 0.0px; line-height: inherit; font-family: arial , helvetica , sans-serif; vertical-align: baseline; color: #000000;\"><span style=\"margin: 0.0px; padding: 0.0px; border: 0.0px; font-style: inherit; font-weight: inherit; font-size: 16.0px; line-height: inherit; vertical-align: baseline;\">100% nuevo y de alta calidad.<\/span><\/div>\n<div style=\"margin: 0.0px; padding: 0.0px; border: 0.0px; line-height: inherit; font-family: arial , helvetica , sans-serif; vertical-align: baseline; color: #000000;\"><span style=\"margin: 0.0px; padding: 0.0px; border: 0.0px; font-style: inherit; font-weight: inherit; font-size: 16.0px; line-height: inherit; vertical-align: baseline;\">Chalecos t\u00e1cticos para perros del ej\u00e9rcito ropa de perro militar al aire libre rodamiento de carga.<\/span><\/div>\n<div style=\"margin: 0.0px; padding: 0.0px; border: 0.0px; line-height: inherit; font-family: arial , helvetica , sans-serif; vertical-align: baseline; color: #000000;\"><span style=\"margin: 0.0px; padding: 0.0px; border: 0.0px; font-style: inherit; font-weight: inherit; font-size: 16.0px; line-height: inherit; vertical-align: baseline;\">Arn\u00e9s t\u00e1ctico para entrenamiento de perros, chaleco molle, ropa de arn\u00e9s.<\/span><\/div>\n<div style=\"margin: 0.0px; padding: 0.0px; border: 0.0px; line-height: inherit; font-family: arial , helvetica , sans-serif; vertical-align: baseline; color: #000000;\"><span style=\"margin: 0.0px; padding: 0.0px; border: 0.0px; font-style: inherit; font-weight: inherit; font-size: 16.0px; line-height: inherit; vertical-align: baseline;\">Material de alta calidad, perfecto para entrenar a tus perros.<\/span><\/div>\n<div style=\"margin: 0.0px; padding: 0.0px; border: 0.0px; line-height: inherit; font-family: arial , helvetica , sans-serif; vertical-align: baseline; color: #000000;\"><\/div>\n<div style=\"margin: 0.0px; padding: 0.0px; border: 0.0px; line-height: inherit; font-family: arial , helvetica , sans-serif; vertical-align: baseline; color: #000000;\"><span style=\"margin: 0.0px; padding: 0.0px; border: 0.0px; font-style: inherit; font-weight: inherit; font-size: 16.0px; line-height: inherit; vertical-align: baseline;\"><span style=\"font-weight: bold;\">Especificaciones:<\/span><\/span><\/div>\n<div style=\"margin: 0.0px; padding: 0.0px; border: 0.0px; line-height: inherit; font-family: arial , helvetica , sans-serif; vertical-align: baseline; color: #000000;\"><span style=\"margin: 0.0px; padding: 0.0px; border: 0.0px; font-style: inherit; font-weight: inherit; font-size: 16.0px; line-height: inherit; vertical-align: baseline;\">Material: Material de nylon<\/span><\/div>\n<div style=\"margin: 0.0px; padding: 0.0px; border: 0.0px; line-height: inherit; font-family: arial , helvetica , sans-serif; vertical-align: baseline; color: #000000;\"><span style=\"margin: 0.0px; padding: 0.0px; border: 0.0px; font-style: inherit; font-weight: inherit; font-size: 16.0px; line-height: inherit; vertical-align: baseline;\">Colores: negro, arena, verde, multicam<\/span><\/div>\n<div style=\"margin: 0.0px; padding: 0.0px; border: 0.0px; line-height: inherit; font-family: arial , helvetica , sans-serif; vertical-align: baseline; color: #000000;\"><span style=\"margin: 0.0px; padding: 0.0px; border: 0.0px; font-style: inherit; font-weight: inherit; font-size: 16.0px; line-height: inherit; vertical-align: baseline;\"><span style=\"font-weight: bold;\">Paquete:<\/span><\/span><\/div>\n<div style=\"margin: 0.0px; padding: 0.0px; border: 0.0px; line-height: inherit; font-family: arial , helvetica , sans-serif; vertical-align: baseline; color: #000000;\"><span style=\"margin: 0.0px; padding: 0.0px; border: 0.0px; font-style: inherit; font-weight: inherit; font-size: 16.0px; line-height: inherit; vertical-align: baseline;\"><span style=\"font-weight: bold;\">Singe chaleco<\/span>: Solo un chaleco para perro<\/span><\/div>\n<div style=\"margin: 0.0px; padding: 0.0px; border: 0.0px; line-height: inherit; font-family: arial , helvetica , sans-serif; vertical-align: baseline; color: #000000;\"><img decoding=\"async\" title=\"Chaleco t\u00e1ctico para perro del ej\u00e9rcito militar, 1000D, nailon, Molle, chaleco de combate para entrenamiento de perros, ropa para perros de caza\" src=\"https:\/\/bodegaoutdoor.cl\/store\/wp-content\/uploads\/2020\/12\/22425-mmxelk.jpg\" alt=\"Chaleco t\u00e1ctico para perro del ej\u00e9rcito militar, 1000D, nailon, Molle, chaleco de combate para entrenamiento de perros, ropa para perros de caza\" \/><br \/>\n<img decoding=\"async\" title=\"Chaleco t\u00e1ctico para perro del ej\u00e9rcito militar, 1000D, nailon, Molle, chaleco de combate para entrenamiento de perros, ropa para perros de caza\" src=\"https:\/\/bodegaoutdoor.cl\/store\/wp-content\/uploads\/2020\/12\/22425-afqjt0.jpg\" alt=\"Chaleco t\u00e1ctico para perro del ej\u00e9rcito militar, 1000D, nailon, Molle, chaleco de combate para entrenamiento de perros, ropa para perros de caza\" \/><br \/>\n<img decoding=\"async\" title=\"Chaleco t\u00e1ctico para perro del ej\u00e9rcito militar, 1000D, nailon, Molle, chaleco de combate para entrenamiento de perros, ropa para perros de caza\" src=\"https:\/\/bodegaoutdoor.cl\/store\/wp-content\/uploads\/2020\/12\/22425-mczgmf.jpg\" alt=\"Chaleco t\u00e1ctico para perro del ej\u00e9rcito militar, 1000D, nailon, Molle, chaleco de combate para entrenamiento de perros, ropa para perros de caza\" \/><br \/>\n<img decoding=\"async\" title=\"Chaleco t\u00e1ctico para perro del ej\u00e9rcito militar, 1000D, nailon, Molle, chaleco de combate para entrenamiento de perros, ropa para perros de caza\" src=\"https:\/\/bodegaoutdoor.cl\/store\/wp-content\/uploads\/2020\/12\/22425-exynxv.jpg\" alt=\"Chaleco t\u00e1ctico para perro del ej\u00e9rcito militar, 1000D, nailon, Molle, chaleco de combate para entrenamiento de perros, ropa para perros de caza\" \/><br \/>\n<img decoding=\"async\" title=\"Chaleco t\u00e1ctico para perro del ej\u00e9rcito militar, 1000D, nailon, Molle, chaleco de combate para entrenamiento de perros, ropa para perros de caza\" src=\"https:\/\/bodegaoutdoor.cl\/store\/wp-content\/uploads\/2020\/12\/22425-l8onac.jpg\" alt=\"Chaleco t\u00e1ctico para perro del ej\u00e9rcito militar, 1000D, nailon, Molle, chaleco de combate para entrenamiento de perros, ropa para perros de caza\" \/><br \/>\n<img decoding=\"async\" title=\"Chaleco t\u00e1ctico para perro del ej\u00e9rcito militar, 1000D, nailon, Molle, chaleco de combate para entrenamiento de perros, ropa para perros de caza\" src=\"https:\/\/bodegaoutdoor.cl\/store\/wp-content\/uploads\/2020\/12\/22425-byjqkj.jpg\" alt=\"Chaleco t\u00e1ctico para perro del ej\u00e9rcito militar, 1000D, nailon, Molle, chaleco de combate para entrenamiento de perros, ropa para perros de caza\" \/><br \/>\n<img decoding=\"async\" title=\"Chaleco t\u00e1ctico para perro del ej\u00e9rcito militar, 1000D, nailon, Molle, chaleco de combate para entrenamiento de perros, ropa para perros de caza\" src=\"https:\/\/bodegaoutdoor.cl\/store\/wp-content\/uploads\/2020\/12\/22425-ptvdi8.jpg\" alt=\"Chaleco t\u00e1ctico para perro del ej\u00e9rcito militar, 1000D, nailon, Molle, chaleco de combate para entrenamiento de perros, ropa para perros de caza\" \/><\/div>\n<p>&nbsp;<\/p>\n\n    <div class=\"xs_social_share_widget xs_share_url after_content \t\tmain_content  wslu-style-1 wslu-share-box-shaped wslu-fill-colored wslu-none wslu-share-horizontal wslu-theme-font-no wslu-main_content\">\n\n\t\t\n        <ul>\n\t\t\t        <\/ul>\n    <\/div> \n","protected":false},"excerpt":{"rendered":"<p>Descripci\u00f3n: 100% nuevo y de alta calidad. Chalecos t\u00e1cticos para perros del ej\u00e9rcito ropa de perro militar al aire libre rodamiento de carga. Arn\u00e9s t\u00e1ctico para entrenamiento de perros, chaleco molle, ropa de arn\u00e9s. Material de alta calidad, perfecto para entrenar a tus perros. Especificaciones: Material: Material de nylon Colores: negro, arena, verde, multicam Paquete: [&hellip;]<\/p>\n","protected":false},"featured_media":22432,"comment_status":"open","ping_status":"closed","template":"","meta":{"jetpack_publicize_message":"","jetpack_publicize_feature_enabled":true,"jetpack_social_post_already_shared":true,"jetpack_social_options":{"image_generator_settings":{"template":"highway","enabled":false},"version":2}},"product_brand":[],"product_cat":[64],"product_tag":[],"class_list":{"0":"post-22425","1":"product","2":"type-product","3":"status-publish","4":"has-post-thumbnail","6":"product_cat-accessories","8":"first","9":"instock","10":"sale","11":"taxable","12":"shipping-taxable","13":"purchasable","14":"product-type-variable"},"jetpack_publicize_connections":[],"jetpack_sharing_enabled":true,"_links":{"self":[{"href":"https:\/\/bodegaoutdoor.cl\/store\/wp-json\/wp\/v2\/product\/22425","targetHints":{"allow":["GET"]}}],"collection":[{"href":"https:\/\/bodegaoutdoor.cl\/store\/wp-json\/wp\/v2\/product"}],"about":[{"href":"https:\/\/bodegaoutdoor.cl\/store\/wp-json\/wp\/v2\/types\/product"}],"replies":[{"embeddable":true,"href":"https:\/\/bodegaoutdoor.cl\/store\/wp-json\/wp\/v2\/comments?post=22425"}],"version-history":[{"count":2,"href":"https:\/\/bodegaoutdoor.cl\/store\/wp-json\/wp\/v2\/product\/22425\/revisions"}],"predecessor-version":[{"id":71113,"href":"https:\/\/bodegaoutdoor.cl\/store\/wp-json\/wp\/v2\/product\/22425\/revisions\/71113"}],"wp:featuredmedia":[{"embeddable":true,"href":"https:\/\/bodegaoutdoor.cl\/store\/wp-json\/wp\/v2\/media\/22432"}],"wp:attachment":[{"href":"https:\/\/bodegaoutdoor.cl\/store\/wp-json\/wp\/v2\/media?parent=22425"}],"wp:term":[{"taxonomy":"product_brand","embeddable":true,"href":"https:\/\/bodegaoutdoor.cl\/store\/wp-json\/wp\/v2\/product_brand?post=22425"},{"taxonomy":"product_cat","embeddable":true,"href":"https:\/\/bodegaoutdoor.cl\/store\/wp-json\/wp\/v2\/product_cat?post=22425"},{"taxonomy":"product_tag","embeddable":true,"href":"https:\/\/bodegaoutdoor.cl\/store\/wp-json\/wp\/v2\/product_tag?post=22425"}],"curies":[{"name":"wp","href":"https:\/\/api.w.org\/{rel}","templated":true}]}}