{"id":22687,"date":"2020-12-13T22:12:47","date_gmt":"2020-12-13T22:12:47","guid":{"rendered":"https:\/\/bodegaoutdoor.cl\/store\/product\/guantes-militares-tacticos-para-paintball-airsoft-combate-goma-para-bicicleta-antideslizantes-dedo-completo\/"},"modified":"2023-05-04T19:19:09","modified_gmt":"2023-05-04T23:19:09","slug":"guantes-militares-tacticos-para-paintball-airsoft-combate-goma-para-bicicleta-antideslizantes","status":"publish","type":"product","link":"https:\/\/bodegaoutdoor.cl\/store\/product\/guantes-militares-tacticos-para-paintball-airsoft-combate-goma-para-bicicleta-antideslizantes\/","title":{"rendered":"Guantes militares t\u00e1cticos para Paintball, Airsoft, combate, goma para bicicleta, antideslizantes"},"content":{"rendered":"<p style=\"text-align: center;\"><video style=\"max-width: 100%;\" src=\"\/\/cloud.video.taobao.com\/play\/u\/1673994298\/p\/1\/e\/6\/t\/10301\/285915814465.mp4\" poster=\"https:\/\/ae01.alicdn.com\/kf\/H999191cb6a5741ffa33d0f43c1af1acbp\/Guantes-militares-t-cticos-para-Paintball-Airsoft-combate-goma-para-bicicleta-antideslizantes-dedo-completo.jpg,https:\/\/ae01.alicdn.com\/kf\/H71f274b939844135a9d825283829ad2fr\/Guantes-militares-t-cticos-para-Paintball-Airsoft-combate-goma-para-bicicleta-antideslizantes-dedo-completo.jpg,https:\/\/ae01.alicdn.com\/kf\/Hc6265a2f72204ecf958c03f2af550df2F\/Guantes-militares-t-cticos-para-Paintball-Airsoft-combate-goma-para-bicicleta-antideslizantes-dedo-completo.jpg,https:\/\/ae01.alicdn.com\/kf\/H775f4cbccab14259a0e4bdd8f77f2014B\/Guantes-militares-t-cticos-para-Paintball-Airsoft-combate-goma-para-bicicleta-antideslizantes-dedo-completo.jpg,https:\/\/ae01.alicdn.com\/kf\/H1d0c012cc8e74235bac7a3278fae743fL\/Guantes-militares-t-cticos-para-Paintball-Airsoft-combate-goma-para-bicicleta-antideslizantes-dedo-completo.jpg,https:\/\/ae01.alicdn.com\/kf\/H76bc781c4a074eacb45325a6cdc7a799U\/Guantes-militares-t-cticos-para-Paintball-Airsoft-combate-goma-para-bicicleta-antideslizantes-dedo-completo.jpg\" preload=\"auto\" controls=\"controls\" width=\"100%\" height=\"100%\"><\/video><\/p>\n<div>\n<div>\n<p style=\"margin: 0; width: 100%;\">\n<\/div>\n<div>\n<div>\n<div>\n<div>\n<div>\n<div>\n<div>\n<div>\n<div>\n<div>\n<div>\n<div>\n<div>\n<div><\/div>\n<\/div>\n<\/div>\n<\/div>\n<\/div>\n<\/div>\n<\/div>\n<\/div>\n<\/div>\n<\/div>\n<\/div>\n<\/div>\n<\/div>\n<\/div>\n<div>\n<div style=\"text-align: center;\"><span style=\"font-size: 22px;\"><span style=\"background-color: #e74c3c;\">El comprador Real mostrar<\/span><\/span><\/div>\n<div>\n<div>\n<div>\n<div>\n<div>\n<p style=\"text-align: left; margin: 0;\"><img decoding=\"async\" title=\"Guantes militares t\u00e1cticos para Paintball, Airsoft, combate, goma para bicicleta, antideslizantes, dedo completo\" src=\"https:\/\/bodegaoutdoor.cl\/store\/wp-content\/uploads\/2020\/12\/22687-l9cqin.jpg\" alt=\"Guantes militares t\u00e1cticos para Paintball, Airsoft, combate, goma para bicicleta, antideslizantes, dedo completo\" \/><\/p>\n<p><strong><span style=\"font-size: 16px;\"><span style=\"font-family: Verdana,Geneva,sans-serif;\">Guantes t\u00e1cticos para pantalla t\u00e1ctil JIUSUYI<\/span><\/span><\/strong><\/p>\n<ul>\n<li><span style=\"font-size: 16px;\"><span style=\"font-family: Verdana,Geneva,sans-serif;\">Guantes t\u00e1cticos para proteger tus manos de la abrasi\u00f3n y los ara\u00f1azos en deportes y actividades que requieren protecci\u00f3n y destreza.<\/span><\/span><\/li>\n<li><span style=\"font-size: 16px;\"><span style=\"font-family: Verdana,Geneva,sans-serif;\">Se ajusta perfectamente a la palma y a todos los dedos, se envuelve firmemente alrededor de la mu\u00f1eca con hebilla de mu\u00f1eca ajustable, no r\u00edgida, no voluminosa, permite el movimiento y la destreza.<\/span><\/span><\/li>\n<li><span style=\"font-size: 16px;\"><span style=\"font-family: Verdana,Geneva,sans-serif;\">Comodidad transpirable gracias a materiales transpirables sin olores y dise\u00f1o de ventilaci\u00f3n funcional, c\u00f3modos de usar en climas c\u00e1lidos, as\u00ed como en temporadas de invierno suaves.<\/span><\/span><\/li>\n<\/ul>\n<p><span style=\"font-size: 16px;\"><span style=\"font-family: Verdana,Geneva,sans-serif;\"><strong>Las especificaciones<\/strong><br \/>\nColores disponibles: negro, marr\u00f3n, verde, Multicam, CP<br \/>\nMaterial: microfibra<\/span><\/span><br \/>\n<span style=\"font-size: 16px;\"><span style=\"font-family: Verdana,Geneva,sans-serif;\">El paquete incluye: 1 par de guantes<\/span><\/span><br \/>\n<span style=\"font-size: 16px;\"><span style=\"font-family: Verdana,Geneva,sans-serif;\">Tama\u00f1o: S\/M\/L\/XL<\/span><\/span><br \/>\n<span style=\"font-size: 16px;\"><span style=\"font-family: Verdana,Geneva,sans-serif;\">Tama\u00f1o (circunferencia de La Palma)<\/span><\/span><br \/>\n<span style=\"font-size: 16px;\"><span style=\"font-family: Verdana,Geneva,sans-serif;\">Peque\u00f1o: 16-18CM\/6,3 &#8221;-7,09&#8221; pulgadas<br \/>\nMediano: 19-20 CM\/7,48 &#8221;-7,87&#8221; pulgadas<br \/>\nGrande: 21-22 CM\/8,27 &#8221;-8,66&#8221; pulgadas<br \/>\nX-large: 23-24 CM\/9,06 &#8221;-9,45&#8221; pulgadas<\/span><\/span><br \/>\n<strong><span style=\"color: #c0392b;\"><span style=\"font-size: 18px;\">Nota: El \u00fanico env\u00edo desde el almac\u00e9n de China viene con mosquet\u00f3n, el env\u00edo desde el almac\u00e9n de Rusia no tiene mosquet\u00f3n, gracias.<\/span><\/span><\/strong><\/p>\n<p style=\"text-align: left; margin: 0;\"><img decoding=\"async\" title=\"Guantes militares t\u00e1cticos para Paintball, Airsoft, combate, goma para bicicleta, antideslizantes, dedo completo\" src=\"https:\/\/bodegaoutdoor.cl\/store\/wp-content\/uploads\/2020\/12\/22687-tl6dbi.jpg\" alt=\"Guantes militares t\u00e1cticos para Paintball, Airsoft, combate, goma para bicicleta, antideslizantes, dedo completo\" \/><\/p>\n<p><span style=\"font-size: 16.0px;\"><span style=\"margin: 0.0px; padding: 0.0px; border: 0.0px; font-style: inherit; font-weight: inherit; line-height: inherit; vertical-align: baseline;\"><span style=\"margin: 0.0px; padding: 0.0px; border: 0.0px; font-style: inherit; font-weight: inherit; line-height: inherit; vertical-align: baseline; color: #333333;\"><span style=\"margin: 0.0px; padding: 0.0px; border: 0.0px; font-style: inherit; font-weight: inherit; line-height: inherit; font-family: arial , sans-serif; vertical-align: baseline;\"><img decoding=\"async\" title=\"Guantes militares t\u00e1cticos para Paintball, Airsoft, combate, goma para bicicleta, antideslizantes, dedo completo\" src=\"https:\/\/bodegaoutdoor.cl\/store\/wp-content\/uploads\/2020\/12\/22687-1zn7mi.jpg\" alt=\"Guantes militares t\u00e1cticos para Paintball, Airsoft, combate, goma para bicicleta, antideslizantes, dedo completo\" \/><img decoding=\"async\" title=\"Guantes militares t\u00e1cticos para Paintball, Airsoft, combate, goma para bicicleta, antideslizantes, dedo completo\" src=\"https:\/\/bodegaoutdoor.cl\/store\/wp-content\/uploads\/2020\/12\/22687-tmuvmq.jpg\" alt=\"Guantes militares t\u00e1cticos para Paintball, Airsoft, combate, goma para bicicleta, antideslizantes, dedo completo\" \/><br \/>\n<img decoding=\"async\" title=\"Guantes militares t\u00e1cticos para Paintball, Airsoft, combate, goma para bicicleta, antideslizantes, dedo completo\" src=\"https:\/\/bodegaoutdoor.cl\/store\/wp-content\/uploads\/2020\/12\/22687-ve7oeg.jpg\" alt=\"Guantes militares t\u00e1cticos para Paintball, Airsoft, combate, goma para bicicleta, antideslizantes, dedo completo\" \/><img decoding=\"async\" title=\"Guantes militares t\u00e1cticos para Paintball, Airsoft, combate, goma para bicicleta, antideslizantes, dedo completo\" src=\"https:\/\/bodegaoutdoor.cl\/store\/wp-content\/uploads\/2020\/12\/22687-oicglp.jpg\" alt=\"Guantes militares t\u00e1cticos para Paintball, Airsoft, combate, goma para bicicleta, antideslizantes, dedo completo\" \/><\/span><\/span><\/span><\/span><\/p>\n<div style=\"text-align: center;\"><span style=\"font-family: verdana, geneva, sans-serif;\"><span style=\"font-size: 20.0px;\"><span style=\"color: #333333;\">El protector de goma de Asalto proporciona resistencia al impacto.<\/span><\/span><\/span><\/div>\n<div style=\"margin: 0px; text-align: center;\"><img decoding=\"async\" title=\"Guantes militares t\u00e1cticos para Paintball, Airsoft, combate, goma para bicicleta, antideslizantes, dedo completo\" src=\"https:\/\/bodegaoutdoor.cl\/store\/wp-content\/uploads\/2020\/12\/22687-3oqzbe.jpg\" alt=\"Guantes militares t\u00e1cticos para Paintball, Airsoft, combate, goma para bicicleta, antideslizantes, dedo completo\" \/><\/div>\n<p style=\"margin: 0px; padding: 0px; border: 0px; font-size: 13px; line-height: inherit; font-family: arial, helvetica, sans-serif; vertical-align: baseline; text-align: center;\"><span style=\"font-size: 20px;\"><span style=\"font-family: verdana, geneva, sans-serif;\"><span style=\"color: #333333;\">El refuerzo de Palma de material de microfibra proporciona mayor durabilidad.<\/span> <\/span><\/span><\/p>\n<p style=\"text-align: left; margin: 0;\"><img decoding=\"async\" title=\"Guantes militares t\u00e1cticos para Paintball, Airsoft, combate, goma para bicicleta, antideslizantes, dedo completo\" src=\"https:\/\/bodegaoutdoor.cl\/store\/wp-content\/uploads\/2020\/12\/22687-tm1b18.jpg\" alt=\"Guantes militares t\u00e1cticos para Paintball, Airsoft, combate, goma para bicicleta, antideslizantes, dedo completo\" \/><\/p>\n<p style=\"margin: 0.0px; padding: 0.0px; border: 0.0px; font-size: 13.0px; line-height: inherit; font-family: arial , helvetica , sans-serif; vertical-align: baseline; color: #000000; text-align: center;\"><span style=\"font-family: verdana, geneva, sans-serif;\"><span style=\"font-size: 20.0px;\"><span style=\"color: #333333;\">Tecnolog\u00eda de sastrer\u00eda de precisi\u00f3n, hace que los guantes sean m\u00e1s duraderos<\/span><\/span><\/span><\/p>\n<p style=\"text-align: left; margin: 0;\"><img decoding=\"async\" title=\"Guantes militares t\u00e1cticos para Paintball, Airsoft, combate, goma para bicicleta, antideslizantes, dedo completo\" src=\"https:\/\/bodegaoutdoor.cl\/store\/wp-content\/uploads\/2020\/12\/22687-qynoxj.jpg\" alt=\"Guantes militares t\u00e1cticos para Paintball, Airsoft, combate, goma para bicicleta, antideslizantes, dedo completo\" \/><\/p>\n<div>\n<p style=\"margin: 0.0px; padding: 0.0px; border: 0.0px; font-size: 13.0px; line-height: inherit; font-family: arial , helvetica , sans-serif; vertical-align: baseline; color: #000000; text-align: center;\"><span style=\"font-family: verdana, geneva, sans-serif;\"><span style=\"font-size: 20.0px;\"><span style=\"margin: 0.0px; padding: 0.0px; border: 0.0px; font-style: inherit; font-weight: inherit; line-height: inherit; vertical-align: baseline;\">Se puede ajustar la hebilla de la mu\u00f1eca. F\u00e1cil de llevar y quitar. No es f\u00e1cil caerse.<\/span><\/span><\/span><\/p>\n<div>\n<p style=\"text-align: left; margin: 0;\"><img decoding=\"async\" title=\"Guantes militares t\u00e1cticos para Paintball, Airsoft, combate, goma para bicicleta, antideslizantes, dedo completo\" src=\"https:\/\/bodegaoutdoor.cl\/store\/wp-content\/uploads\/2020\/12\/22687-e7sv8f.jpg\" alt=\"Guantes militares t\u00e1cticos para Paintball, Airsoft, combate, goma para bicicleta, antideslizantes, dedo completo\" \/><\/p>\n<p><img decoding=\"async\" title=\"Guantes militares t\u00e1cticos para Paintball, Airsoft, combate, goma para bicicleta, antideslizantes, dedo completo\" src=\"https:\/\/bodegaoutdoor.cl\/store\/wp-content\/uploads\/2020\/12\/22687-zybsqg.jpg\" alt=\"Guantes militares t\u00e1cticos para Paintball, Airsoft, combate, goma para bicicleta, antideslizantes, dedo completo\" \/><img decoding=\"async\" title=\"Guantes militares t\u00e1cticos para Paintball, Airsoft, combate, goma para bicicleta, antideslizantes, dedo completo\" src=\"https:\/\/bodegaoutdoor.cl\/store\/wp-content\/uploads\/2020\/12\/22687-ejyzpl.jpg\" alt=\"Guantes militares t\u00e1cticos para Paintball, Airsoft, combate, goma para bicicleta, antideslizantes, dedo completo\" \/><\/p>\n<\/div>\n<\/div>\n<p style=\"text-align: left; margin: 0;\"><img decoding=\"async\" title=\"Guantes militares t\u00e1cticos para Paintball, Airsoft, combate, goma para bicicleta, antideslizantes, dedo completo\" src=\"https:\/\/bodegaoutdoor.cl\/store\/wp-content\/uploads\/2020\/12\/22687-l3h7j2.jpg\" alt=\"Guantes militares t\u00e1cticos para Paintball, Airsoft, combate, goma para bicicleta, antideslizantes, dedo completo\" \/><img decoding=\"async\" title=\"Guantes militares t\u00e1cticos para Paintball, Airsoft, combate, goma para bicicleta, antideslizantes, dedo completo\" src=\"https:\/\/bodegaoutdoor.cl\/store\/wp-content\/uploads\/2020\/12\/22687-0ts0w1.jpg\" alt=\"Guantes militares t\u00e1cticos para Paintball, Airsoft, combate, goma para bicicleta, antideslizantes, dedo completo\" \/><img decoding=\"async\" title=\"Guantes militares t\u00e1cticos para Paintball, Airsoft, combate, goma para bicicleta, antideslizantes, dedo completo\" src=\"https:\/\/bodegaoutdoor.cl\/store\/wp-content\/uploads\/2020\/12\/22687-tmsc9q.jpg\" alt=\"Guantes militares t\u00e1cticos para Paintball, Airsoft, combate, goma para bicicleta, antideslizantes, dedo completo\" \/><img decoding=\"async\" title=\"Guantes militares t\u00e1cticos para Paintball, Airsoft, combate, goma para bicicleta, antideslizantes, dedo completo\" src=\"https:\/\/bodegaoutdoor.cl\/store\/wp-content\/uploads\/2020\/12\/22687-zcucdu.jpg\" alt=\"Guantes militares t\u00e1cticos para Paintball, Airsoft, combate, goma para bicicleta, antideslizantes, dedo completo\" \/><img decoding=\"async\" title=\"Guantes militares t\u00e1cticos para Paintball, Airsoft, combate, goma para bicicleta, antideslizantes, dedo completo\" src=\"https:\/\/bodegaoutdoor.cl\/store\/wp-content\/uploads\/2020\/12\/22687-1oehq5.jpg\" alt=\"Guantes militares t\u00e1cticos para Paintball, Airsoft, combate, goma para bicicleta, antideslizantes, dedo completo\" \/><img decoding=\"async\" title=\"Guantes militares t\u00e1cticos para Paintball, Airsoft, combate, goma para bicicleta, antideslizantes, dedo completo\" src=\"https:\/\/bodegaoutdoor.cl\/store\/wp-content\/uploads\/2020\/12\/22687-nunlfr.jpg\" alt=\"Guantes militares t\u00e1cticos para Paintball, Airsoft, combate, goma para bicicleta, antideslizantes, dedo completo\" \/><img decoding=\"async\" title=\"Guantes militares t\u00e1cticos para Paintball, Airsoft, combate, goma para bicicleta, antideslizantes, dedo completo\" src=\"https:\/\/bodegaoutdoor.cl\/store\/wp-content\/uploads\/2020\/12\/22687-xisoqc.jpg\" alt=\"Guantes militares t\u00e1cticos para Paintball, Airsoft, combate, goma para bicicleta, antideslizantes, dedo completo\" \/><img decoding=\"async\" title=\"Guantes militares t\u00e1cticos para Paintball, Airsoft, combate, goma para bicicleta, antideslizantes, dedo completo\" src=\"https:\/\/bodegaoutdoor.cl\/store\/wp-content\/uploads\/2020\/12\/22687-7b5jyi.jpg\" alt=\"Guantes militares t\u00e1cticos para Paintball, Airsoft, combate, goma para bicicleta, antideslizantes, dedo completo\" \/><img decoding=\"async\" title=\"Guantes militares t\u00e1cticos para Paintball, Airsoft, combate, goma para bicicleta, antideslizantes, dedo completo\" src=\"https:\/\/bodegaoutdoor.cl\/store\/wp-content\/uploads\/2020\/12\/22687-guvuzz.jpg\" alt=\"Guantes militares t\u00e1cticos para Paintball, Airsoft, combate, goma para bicicleta, antideslizantes, dedo completo\" \/><img decoding=\"async\" title=\"Guantes militares t\u00e1cticos para Paintball, Airsoft, combate, goma para bicicleta, antideslizantes, dedo completo\" src=\"https:\/\/bodegaoutdoor.cl\/store\/wp-content\/uploads\/2020\/12\/22687-ppf1wr.jpg\" alt=\"Guantes militares t\u00e1cticos para Paintball, Airsoft, combate, goma para bicicleta, antideslizantes, dedo completo\" \/><img decoding=\"async\" title=\"Guantes militares t\u00e1cticos para Paintball, Airsoft, combate, goma para bicicleta, antideslizantes, dedo completo\" src=\"https:\/\/bodegaoutdoor.cl\/store\/wp-content\/uploads\/2020\/12\/22687-ohiiwf.jpg\" alt=\"Guantes militares t\u00e1cticos para Paintball, Airsoft, combate, goma para bicicleta, antideslizantes, dedo completo\" \/><img decoding=\"async\" title=\"Guantes militares t\u00e1cticos para Paintball, Airsoft, combate, goma para bicicleta, antideslizantes, dedo completo\" src=\"https:\/\/bodegaoutdoor.cl\/store\/wp-content\/uploads\/2020\/12\/22687-vxlz3e.jpg\" alt=\"Guantes militares t\u00e1cticos para Paintball, Airsoft, combate, goma para bicicleta, antideslizantes, dedo completo\" \/><img decoding=\"async\" title=\"Guantes militares t\u00e1cticos para Paintball, Airsoft, combate, goma para bicicleta, antideslizantes, dedo completo\" src=\"https:\/\/bodegaoutdoor.cl\/store\/wp-content\/uploads\/2020\/12\/22687-6wjuwn.jpg\" alt=\"Guantes militares t\u00e1cticos para Paintball, Airsoft, combate, goma para bicicleta, antideslizantes, dedo completo\" \/><\/p>\n<\/div>\n<\/div>\n<\/div>\n<\/div>\n<\/div>\n<\/div>\n<\/div>\n<div style=\"margin: 0 auto; max-width: 1000px;\">\n<p style=\"overflow: hidden; height: 1px; padding: 0; margin: 0;\">RM3408898368368181<\/p>\n<p>&nbsp;<\/p>\n<\/div>\n\n    <div class=\"xs_social_share_widget xs_share_url after_content \t\tmain_content  wslu-style-1 wslu-share-box-shaped wslu-fill-colored wslu-none wslu-share-horizontal wslu-theme-font-no wslu-main_content\">\n\n\t\t\n        <ul>\n\t\t\t        <\/ul>\n    <\/div> \n","protected":false},"excerpt":{"rendered":"<p>El comprador Real mostrar Guantes t\u00e1cticos para pantalla t\u00e1ctil JIUSUYI Guantes t\u00e1cticos para proteger tus manos de la abrasi\u00f3n y los ara\u00f1azos en deportes y actividades que requieren protecci\u00f3n y destreza. Se ajusta perfectamente a la palma y a todos los dedos, se envuelve firmemente alrededor de la mu\u00f1eca con hebilla de mu\u00f1eca ajustable, no [&hellip;]<\/p>\n","protected":false},"featured_media":23580,"comment_status":"open","ping_status":"closed","template":"","meta":{"jetpack_publicize_message":"","jetpack_publicize_feature_enabled":true,"jetpack_social_post_already_shared":true,"jetpack_social_options":{"image_generator_settings":{"template":"highway","enabled":false},"version":2}},"product_brand":[],"product_cat":[490],"product_tag":[],"class_list":{"0":"post-22687","1":"product","2":"type-product","3":"status-publish","4":"has-post-thumbnail","6":"product_cat-guantes","8":"first","9":"instock","10":"sale","11":"taxable","12":"shipping-taxable","13":"purchasable","14":"product-type-variable"},"jetpack_publicize_connections":[],"jetpack_sharing_enabled":true,"_links":{"self":[{"href":"https:\/\/bodegaoutdoor.cl\/store\/wp-json\/wp\/v2\/product\/22687","targetHints":{"allow":["GET"]}}],"collection":[{"href":"https:\/\/bodegaoutdoor.cl\/store\/wp-json\/wp\/v2\/product"}],"about":[{"href":"https:\/\/bodegaoutdoor.cl\/store\/wp-json\/wp\/v2\/types\/product"}],"replies":[{"embeddable":true,"href":"https:\/\/bodegaoutdoor.cl\/store\/wp-json\/wp\/v2\/comments?post=22687"}],"version-history":[{"count":2,"href":"https:\/\/bodegaoutdoor.cl\/store\/wp-json\/wp\/v2\/product\/22687\/revisions"}],"predecessor-version":[{"id":71110,"href":"https:\/\/bodegaoutdoor.cl\/store\/wp-json\/wp\/v2\/product\/22687\/revisions\/71110"}],"wp:featuredmedia":[{"embeddable":true,"href":"https:\/\/bodegaoutdoor.cl\/store\/wp-json\/wp\/v2\/media\/23580"}],"wp:attachment":[{"href":"https:\/\/bodegaoutdoor.cl\/store\/wp-json\/wp\/v2\/media?parent=22687"}],"wp:term":[{"taxonomy":"product_brand","embeddable":true,"href":"https:\/\/bodegaoutdoor.cl\/store\/wp-json\/wp\/v2\/product_brand?post=22687"},{"taxonomy":"product_cat","embeddable":true,"href":"https:\/\/bodegaoutdoor.cl\/store\/wp-json\/wp\/v2\/product_cat?post=22687"},{"taxonomy":"product_tag","embeddable":true,"href":"https:\/\/bodegaoutdoor.cl\/store\/wp-json\/wp\/v2\/product_tag?post=22687"}],"curies":[{"name":"wp","href":"https:\/\/api.w.org\/{rel}","templated":true}]}}