{"id":23128,"date":"2020-12-13T22:22:38","date_gmt":"2020-12-13T22:22:38","guid":{"rendered":"https:\/\/bodegaoutdoor.cl\/store\/product\/ropa-interior-termica-para-hombre-con-calefaccion-de-invierno-pantalones-calefactables-lana-senderismo-camisetas-usb-impermeable-traje-electrico-para-motocicleta\/"},"modified":"2023-05-04T19:19:08","modified_gmt":"2023-05-04T23:19:08","slug":"primera-capa-termica-para-hombre-con-calefaccion-de-invierno-usb-impermeable-traje-termico","status":"publish","type":"product","link":"https:\/\/bodegaoutdoor.cl\/store\/product\/primera-capa-termica-para-hombre-con-calefaccion-de-invierno-usb-impermeable-traje-termico\/","title":{"rendered":"Primera capa t\u00e9rmica para hombre con calefacci\u00f3n de invierno, USB, impermeable, traje termico"},"content":{"rendered":"<div>\n<div>\n<table border=\"0\" cellspacing=\"0\" cellpadding=\"0\">\n<tbody>\n<tr>\n<td style=\"vertical-align: top;\"><img decoding=\"async\" title=\"Ropa interior t\u00e9rmica para hombre con calefacci\u00f3n de invierno, pantalones calefactables, lana, senderismo, camisetas, USB, impermeable, traje el\u00e9ctrico para motocicleta\" src=\"https:\/\/bodegaoutdoor.cl\/store\/wp-content\/uploads\/2020\/12\/23128-3nsfhn.jpg\" alt=\"Ropa interior t\u00e9rmica para hombre con calefacci\u00f3n de invierno, pantalones calefactables, lana, senderismo, camisetas, USB, impermeable, traje el\u00e9ctrico para motocicleta\" \/><\/td>\n<\/tr>\n<\/tbody>\n<\/table>\n<\/div>\n<\/div>\n<div>\n<div>\n<p>Especificaciones:<\/p>\n<p>Nombre: ropa interior t\u00e9rmica climatizada<\/p>\n<p style=\"font-size: 14px; line-height: inherit; font-family: Arial;\">Color: negro, gris<br style=\"font-family: Arial; font-size: 14px; margin: 0px;\" \/>G\u00e9nero: hombres<br style=\"font-family: Arial; font-size: 14px; margin: 0px;\" \/>Material: 95% algod\u00f3n + 5% Spandex, alambre de fibra de carbono<br style=\"font-family: Arial; font-size: 14px; margin: 0px;\" \/>Temperatura de calentamiento: LED rojo 50 \u2103, LED azul 40 \u2103, LED verde 30 \u2103<br style=\"font-family: Arial; font-size: 14px; margin: 0px;\" \/>Fuente de alimentaci\u00f3n: Banco de energ\u00eda USB (no incluida, la bater\u00eda externa de 10000mah se puede calentar durante aproximadamente 6-7 horas)<br style=\"font-family: Arial; font-size: 14px; margin: 0px;\" \/>Tama\u00f1o: S \u3001 M \u3001 L \u3001 XL 2XL \u3001 3XL \u3001 4XL \u3001 5XL<br style=\"font-family: Arial; font-size: 14px; margin: 0px;\" \/>Temporada: invierno<\/p>\n<p style=\"font-size: 14px; line-height: inherit; font-family: Arial;\"><strong><span style=\"font-size: 18px;\">Caracter\u00edsticas:<\/span><\/strong><br style=\"margin: 0px;\" \/>Control de temperatura inteligente, calentado con rodillas, espalda y cintura.<br style=\"margin: 0px;\" \/>Alimentado por cualquier cargador port\u00e1til USB de 5V \/ 2A, el enchufe USB es compatible con la mayor\u00eda de cargadores port\u00e1tiles del mercado.<br style=\"margin: 0px;\" \/>Que puede comenzar a calentarse en 30 segundos, larga duraci\u00f3n y largo tiempo de calentamiento.<br style=\"margin: 0px;\" \/>Temperatura ajustable de 3 niveles con luz indicadora para ajustar la temperatura requerida.<br style=\"margin: 0px;\" \/>Dise\u00f1o de aislamiento de seguridad, m\u00f3dulo de protecci\u00f3n t\u00e9rmica integrado, VOLTAJE DE SEGURIDAD DE 5V, una vez sobrecalentado, dejar\u00e1 de funcionar hasta que el calor vuelva a la temperatura est\u00e1ndar.<br style=\"margin: 0px;\" \/>Admite lavado manual\/a m\u00e1quina. La funci\u00f3n de protecci\u00f3n de seguridad garantiza que la m\u00e1quina no se da\u00f1e durante el lavado.<br style=\"margin: 0px;\" \/>La ropa interior t\u00e9rmica ayuda a mejorar la circulaci\u00f3n sangu\u00ednea, mejora el metabolismo, que es muy adecuado para personas que tienen miedo del fr\u00edo, la enfermedad de Raynaud, la artritis, la mala circulaci\u00f3n sangu\u00ednea y las articulaciones r\u00edgidas.<br style=\"margin: 0px;\" \/>La mejor soluci\u00f3n para diversas actividades al aire libre, como esqu\u00ed, pesca, jogging, caza, ciclismo, senderismo, protecci\u00f3n para perros, carreras, eliminaci\u00f3n de nieve, etc.<\/p>\n<p style=\"font-size: 14px; line-height: inherit; font-family: Arial;\">Lista de paquetes:<\/p>\n<p style=\"font-size: 14px; line-height: inherit; font-family: Arial;\">1 x Tops de ropa interior t\u00e9rmica con calefacci\u00f3n<br style=\"margin: 0px;\" \/>1 x pantalones de ropa interior t\u00e9rmica con calefacci\u00f3n<\/p>\n<p style=\"font-size: 14px; line-height: inherit; font-family: Arial;\"><br style=\"margin: 0px;\" \/>C\u00f3mo usar:<br style=\"margin: 0px;\" \/>Carga: carga completamente el cargador, antes de usarlo.<br style=\"margin: 0px;\" \/>Tipo de enchufe: Conecta la bater\u00eda a un enchufe situado en el bolsillo.<br style=\"margin: 0px;\" \/>Mant\u00e9n presionado el bot\u00f3n On \/ off durante tres segundos. La temperatura inicial es de aproximadamente 50 grados (LED rojo), la temperatura intermedia es de aproximadamente 40 grados (LED azul) y la m\u00e1s baja es de aproximadamente 30 grados (LED verde).<\/p>\n<p style=\"font-size: 14px; line-height: inherit; font-family: Arial;\"><br style=\"margin: 0px;\" \/>Limpieza y mantenimiento:<br style=\"margin: 0px;\" \/>Lavar a m\u00e1quina al lavar, quitar la bater\u00eda externa.<br style=\"margin: 0px;\" \/>En el caso de lavado a m\u00e1quina, lavar la ropa en una bolsa de lavander\u00eda.<br style=\"margin: 0px;\" \/>Para garantizar la longevidad de la ropa, intente evitar un lavado pesado y un secado normal.<\/p>\n<p>&nbsp;<\/p>\n<\/div>\n<\/div>\n<div>\n<div>\n<table border=\"0\" cellspacing=\"0\" cellpadding=\"0\">\n<tbody>\n<tr>\n<td style=\"vertical-align: top;\"><img decoding=\"async\" title=\"Ropa interior t\u00e9rmica para hombre con calefacci\u00f3n de invierno, pantalones calefactables, lana, senderismo, camisetas, USB, impermeable, traje el\u00e9ctrico para motocicleta\" src=\"https:\/\/bodegaoutdoor.cl\/store\/wp-content\/uploads\/2020\/12\/23128-rydwxt.jpg\" alt=\"Ropa interior t\u00e9rmica para hombre con calefacci\u00f3n de invierno, pantalones calefactables, lana, senderismo, camisetas, USB, impermeable, traje el\u00e9ctrico para motocicleta\" \/><\/td>\n<\/tr>\n<\/tbody>\n<\/table>\n<\/div>\n<\/div>\n<div>\n<div>\n<table border=\"0\" cellspacing=\"0\" cellpadding=\"0\">\n<tbody>\n<tr>\n<td style=\"vertical-align: top;\"><img decoding=\"async\" title=\"Ropa interior t\u00e9rmica para hombre con calefacci\u00f3n de invierno, pantalones calefactables, lana, senderismo, camisetas, USB, impermeable, traje el\u00e9ctrico para motocicleta\" src=\"https:\/\/bodegaoutdoor.cl\/store\/wp-content\/uploads\/2020\/12\/23128-najllc.jpg\" alt=\"Ropa interior t\u00e9rmica para hombre con calefacci\u00f3n de invierno, pantalones calefactables, lana, senderismo, camisetas, USB, impermeable, traje el\u00e9ctrico para motocicleta\" \/><\/td>\n<\/tr>\n<\/tbody>\n<\/table>\n<\/div>\n<\/div>\n<div>\n<div>\n<table border=\"0\" cellspacing=\"0\" cellpadding=\"0\">\n<tbody>\n<tr>\n<td style=\"vertical-align: top;\"><img decoding=\"async\" title=\"Ropa interior t\u00e9rmica para hombre con calefacci\u00f3n de invierno, pantalones calefactables, lana, senderismo, camisetas, USB, impermeable, traje el\u00e9ctrico para motocicleta\" src=\"https:\/\/bodegaoutdoor.cl\/store\/wp-content\/uploads\/2020\/12\/23128-iltomf.jpg\" alt=\"Ropa interior t\u00e9rmica para hombre con calefacci\u00f3n de invierno, pantalones calefactables, lana, senderismo, camisetas, USB, impermeable, traje el\u00e9ctrico para motocicleta\" \/><\/td>\n<\/tr>\n<\/tbody>\n<\/table>\n<\/div>\n<\/div>\n<div>\n<div>\n<table border=\"0\" cellspacing=\"0\" cellpadding=\"0\">\n<tbody>\n<tr>\n<td style=\"vertical-align: top;\"><img decoding=\"async\" title=\"Ropa interior t\u00e9rmica para hombre con calefacci\u00f3n de invierno, pantalones calefactables, lana, senderismo, camisetas, USB, impermeable, traje el\u00e9ctrico para motocicleta\" src=\"https:\/\/bodegaoutdoor.cl\/store\/wp-content\/uploads\/2020\/12\/23128-bqovqx.jpg\" alt=\"Ropa interior t\u00e9rmica para hombre con calefacci\u00f3n de invierno, pantalones calefactables, lana, senderismo, camisetas, USB, impermeable, traje el\u00e9ctrico para motocicleta\" \/><\/td>\n<\/tr>\n<\/tbody>\n<\/table>\n<\/div>\n<\/div>\n<div>\n<div>\n<table border=\"0\" cellspacing=\"0\" cellpadding=\"0\">\n<tbody>\n<tr>\n<td style=\"vertical-align: top;\"><img decoding=\"async\" title=\"Ropa interior t\u00e9rmica para hombre con calefacci\u00f3n de invierno, pantalones calefactables, lana, senderismo, camisetas, USB, impermeable, traje el\u00e9ctrico para motocicleta\" src=\"https:\/\/bodegaoutdoor.cl\/store\/wp-content\/uploads\/2020\/12\/23128-m76kmk.jpg\" alt=\"Ropa interior t\u00e9rmica para hombre con calefacci\u00f3n de invierno, pantalones calefactables, lana, senderismo, camisetas, USB, impermeable, traje el\u00e9ctrico para motocicleta\" \/><\/td>\n<\/tr>\n<\/tbody>\n<\/table>\n<\/div>\n<\/div>\n<div>\n<div>\n<table border=\"0\" cellspacing=\"0\" cellpadding=\"0\">\n<tbody>\n<tr>\n<td style=\"vertical-align: top;\"><img decoding=\"async\" title=\"Ropa interior t\u00e9rmica para hombre con calefacci\u00f3n de invierno, pantalones calefactables, lana, senderismo, camisetas, USB, impermeable, traje el\u00e9ctrico para motocicleta\" src=\"https:\/\/bodegaoutdoor.cl\/store\/wp-content\/uploads\/2020\/12\/23128-no6oho.jpg\" alt=\"Ropa interior t\u00e9rmica para hombre con calefacci\u00f3n de invierno, pantalones calefactables, lana, senderismo, camisetas, USB, impermeable, traje el\u00e9ctrico para motocicleta\" \/><\/td>\n<\/tr>\n<\/tbody>\n<\/table>\n<\/div>\n<\/div>\n<div>\n<div>\n<table border=\"0\" cellspacing=\"0\" cellpadding=\"0\">\n<tbody>\n<tr>\n<td style=\"vertical-align: top;\"><img decoding=\"async\" title=\"Ropa interior t\u00e9rmica para hombre con calefacci\u00f3n de invierno, pantalones calefactables, lana, senderismo, camisetas, USB, impermeable, traje el\u00e9ctrico para motocicleta\" src=\"https:\/\/bodegaoutdoor.cl\/store\/wp-content\/uploads\/2020\/12\/23128-9rfyav.jpg\" alt=\"Ropa interior t\u00e9rmica para hombre con calefacci\u00f3n de invierno, pantalones calefactables, lana, senderismo, camisetas, USB, impermeable, traje el\u00e9ctrico para motocicleta\" \/><\/td>\n<\/tr>\n<\/tbody>\n<\/table>\n<\/div>\n<\/div>\n<div>\n<div>\n<table border=\"0\" cellspacing=\"0\" cellpadding=\"0\">\n<tbody>\n<tr>\n<td style=\"vertical-align: top;\"><img decoding=\"async\" title=\"Ropa interior t\u00e9rmica para hombre con calefacci\u00f3n de invierno, pantalones calefactables, lana, senderismo, camisetas, USB, impermeable, traje el\u00e9ctrico para motocicleta\" src=\"https:\/\/bodegaoutdoor.cl\/store\/wp-content\/uploads\/2020\/12\/23128-ycsso4.jpg\" alt=\"Ropa interior t\u00e9rmica para hombre con calefacci\u00f3n de invierno, pantalones calefactables, lana, senderismo, camisetas, USB, impermeable, traje el\u00e9ctrico para motocicleta\" \/><\/td>\n<\/tr>\n<\/tbody>\n<\/table>\n<\/div>\n<\/div>\n<div>\n<div>\n<table border=\"0\" cellspacing=\"0\" cellpadding=\"0\">\n<tbody>\n<tr>\n<td style=\"vertical-align: top;\"><img decoding=\"async\" title=\"Ropa interior t\u00e9rmica para hombre con calefacci\u00f3n de invierno, pantalones calefactables, lana, senderismo, camisetas, USB, impermeable, traje el\u00e9ctrico para motocicleta\" src=\"https:\/\/bodegaoutdoor.cl\/store\/wp-content\/uploads\/2020\/12\/23128-lacx0l.jpg\" alt=\"Ropa interior t\u00e9rmica para hombre con calefacci\u00f3n de invierno, pantalones calefactables, lana, senderismo, camisetas, USB, impermeable, traje el\u00e9ctrico para motocicleta\" \/><\/td>\n<\/tr>\n<\/tbody>\n<\/table>\n<\/div>\n<\/div>\n<div>\n<div>\n<table border=\"0\" cellspacing=\"0\" cellpadding=\"0\">\n<tbody>\n<tr>\n<td style=\"vertical-align: top;\"><img decoding=\"async\" title=\"Ropa interior t\u00e9rmica para hombre con calefacci\u00f3n de invierno, pantalones calefactables, lana, senderismo, camisetas, USB, impermeable, traje el\u00e9ctrico para motocicleta\" src=\"https:\/\/bodegaoutdoor.cl\/store\/wp-content\/uploads\/2020\/12\/23128-ijhbxa.jpg\" alt=\"Ropa interior t\u00e9rmica para hombre con calefacci\u00f3n de invierno, pantalones calefactables, lana, senderismo, camisetas, USB, impermeable, traje el\u00e9ctrico para motocicleta\" \/><\/td>\n<\/tr>\n<\/tbody>\n<\/table>\n<\/div>\n<\/div>\n<div>\n<div>\n<table border=\"0\" cellspacing=\"0\" cellpadding=\"0\">\n<tbody>\n<tr>\n<td style=\"vertical-align: top;\"><img decoding=\"async\" title=\"Ropa interior t\u00e9rmica para hombre con calefacci\u00f3n de invierno, pantalones calefactables, lana, senderismo, camisetas, USB, impermeable, traje el\u00e9ctrico para motocicleta\" src=\"https:\/\/bodegaoutdoor.cl\/store\/wp-content\/uploads\/2020\/12\/23128-yfturh.jpg\" alt=\"Ropa interior t\u00e9rmica para hombre con calefacci\u00f3n de invierno, pantalones calefactables, lana, senderismo, camisetas, USB, impermeable, traje el\u00e9ctrico para motocicleta\" \/><\/td>\n<\/tr>\n<\/tbody>\n<\/table>\n<\/div>\n<\/div>\n<div>\n<div>\n<table border=\"0\" cellspacing=\"0\" cellpadding=\"0\">\n<tbody>\n<tr>\n<td style=\"vertical-align: top;\"><img decoding=\"async\" title=\"Ropa interior t\u00e9rmica para hombre con calefacci\u00f3n de invierno, pantalones calefactables, lana, senderismo, camisetas, USB, impermeable, traje el\u00e9ctrico para motocicleta\" src=\"https:\/\/bodegaoutdoor.cl\/store\/wp-content\/uploads\/2020\/12\/23128-pvtaao.jpg\" alt=\"Ropa interior t\u00e9rmica para hombre con calefacci\u00f3n de invierno, pantalones calefactables, lana, senderismo, camisetas, USB, impermeable, traje el\u00e9ctrico para motocicleta\" \/><\/td>\n<\/tr>\n<\/tbody>\n<\/table>\n<\/div>\n<\/div>\n<div>\n<div>\n<table border=\"0\" cellspacing=\"0\" cellpadding=\"0\">\n<tbody>\n<tr>\n<td style=\"vertical-align: top;\"><img decoding=\"async\" title=\"Ropa interior t\u00e9rmica para hombre con calefacci\u00f3n de invierno, pantalones calefactables, lana, senderismo, camisetas, USB, impermeable, traje el\u00e9ctrico para motocicleta\" src=\"https:\/\/bodegaoutdoor.cl\/store\/wp-content\/uploads\/2020\/12\/23128-8iejul.jpg\" alt=\"Ropa interior t\u00e9rmica para hombre con calefacci\u00f3n de invierno, pantalones calefactables, lana, senderismo, camisetas, USB, impermeable, traje el\u00e9ctrico para motocicleta\" \/><\/td>\n<\/tr>\n<\/tbody>\n<\/table>\n<\/div>\n<\/div>\n\n    <div class=\"xs_social_share_widget xs_share_url after_content \t\tmain_content  wslu-style-1 wslu-share-box-shaped wslu-fill-colored wslu-none wslu-share-horizontal wslu-theme-font-no wslu-main_content\">\n\n\t\t\n        <ul>\n\t\t\t        <\/ul>\n    <\/div> \n","protected":false},"excerpt":{"rendered":"<p><span style=\"color: #ff0000;\"><strong>SOLO ENV\u00cdO\u00a0 INTENRACIONAL (20 D\u00edas)<\/strong><\/span><\/p>\n","protected":false},"featured_media":23756,"comment_status":"open","ping_status":"closed","template":"","meta":{"jetpack_publicize_message":"","jetpack_publicize_feature_enabled":true,"jetpack_social_post_already_shared":true,"jetpack_social_options":{"image_generator_settings":{"template":"highway","enabled":false},"version":2}},"product_brand":[],"product_cat":[71,68,62,63],"product_tag":[],"class_list":{"0":"post-23128","1":"product","2":"type-product","3":"status-publish","4":"has-post-thumbnail","6":"product_cat-hombre-primera","7":"product_cat-mujer-primera","8":"product_cat-vestuario-hombre","9":"product_cat-vestuario-mujer","11":"first","12":"instock","13":"sale","14":"taxable","15":"shipping-taxable","16":"purchasable","17":"product-type-variable"},"jetpack_publicize_connections":[],"jetpack_sharing_enabled":true,"_links":{"self":[{"href":"https:\/\/bodegaoutdoor.cl\/store\/wp-json\/wp\/v2\/product\/23128","targetHints":{"allow":["GET"]}}],"collection":[{"href":"https:\/\/bodegaoutdoor.cl\/store\/wp-json\/wp\/v2\/product"}],"about":[{"href":"https:\/\/bodegaoutdoor.cl\/store\/wp-json\/wp\/v2\/types\/product"}],"replies":[{"embeddable":true,"href":"https:\/\/bodegaoutdoor.cl\/store\/wp-json\/wp\/v2\/comments?post=23128"}],"version-history":[{"count":2,"href":"https:\/\/bodegaoutdoor.cl\/store\/wp-json\/wp\/v2\/product\/23128\/revisions"}],"predecessor-version":[{"id":71108,"href":"https:\/\/bodegaoutdoor.cl\/store\/wp-json\/wp\/v2\/product\/23128\/revisions\/71108"}],"wp:featuredmedia":[{"embeddable":true,"href":"https:\/\/bodegaoutdoor.cl\/store\/wp-json\/wp\/v2\/media\/23756"}],"wp:attachment":[{"href":"https:\/\/bodegaoutdoor.cl\/store\/wp-json\/wp\/v2\/media?parent=23128"}],"wp:term":[{"taxonomy":"product_brand","embeddable":true,"href":"https:\/\/bodegaoutdoor.cl\/store\/wp-json\/wp\/v2\/product_brand?post=23128"},{"taxonomy":"product_cat","embeddable":true,"href":"https:\/\/bodegaoutdoor.cl\/store\/wp-json\/wp\/v2\/product_cat?post=23128"},{"taxonomy":"product_tag","embeddable":true,"href":"https:\/\/bodegaoutdoor.cl\/store\/wp-json\/wp\/v2\/product_tag?post=23128"}],"curies":[{"name":"wp","href":"https:\/\/api.w.org\/{rel}","templated":true}]}}