{"id":23182,"date":"2020-12-13T22:23:51","date_gmt":"2020-12-13T22:23:51","guid":{"rendered":"https:\/\/bodegaoutdoor.cl\/store\/product\/chaqueta-calefactora-con-capucha-para-hombre-chaleco-de-caza-electrico-con-usb-abrigo-calido-de-invierno-chaleco-de-calefaccion-termica-ropa-de-senderismo-tactica\/"},"modified":"2023-06-14T22:44:08","modified_gmt":"2023-06-15T02:44:08","slug":"chaqueta-calefactora-con-capucha-para-hombre-chaleco-de-caza-electrico-con-usb-abrigo-calido-de-invierno-chaleco-de-calefaccion-termica-ropa-de-senderismo-tactica","status":"publish","type":"product","link":"https:\/\/bodegaoutdoor.cl\/store\/product\/chaqueta-calefactora-con-capucha-para-hombre-chaleco-de-caza-electrico-con-usb-abrigo-calido-de-invierno-chaleco-de-calefaccion-termica-ropa-de-senderismo-tactica\/","title":{"rendered":"Chaqueta calefactora con capucha para hombre, chaleco de caza el\u00e9ctrico con USB, abrigo c\u00e1lido de invierno, chaleco de calefacci\u00f3n t\u00e9rmica, ropa de senderismo t\u00e1ctica"},"content":{"rendered":"<p style=\"text-align: center;\"><video style=\"max-width: 100%;\" src=\"\/\/cloud.video.taobao.com\/play\/u\/3368357401\/p\/1\/e\/6\/t\/10301\/284802351420.mp4\" poster=\"https:\/\/ae01.alicdn.com\/kf\/H14d370c2b54d4238849319aedfbdb7d8k\/Chaqueta-calefactora-con-capucha-para-hombre-chaleco-de-caza-el-ctrico-con-USB-abrigo-c-lido.jpg,https:\/\/ae01.alicdn.com\/kf\/H26a2b26f443747e99b0b3a8a794c2b54C\/Chaqueta-calefactora-con-capucha-para-hombre-chaleco-de-caza-el-ctrico-con-USB-abrigo-c-lido.jpg,https:\/\/ae01.alicdn.com\/kf\/He9d54fcd4b56459cb3c502b6498ecc77k\/Chaqueta-calefactora-con-capucha-para-hombre-chaleco-de-caza-el-ctrico-con-USB-abrigo-c-lido.jpg,https:\/\/ae01.alicdn.com\/kf\/H42d8ded82e7240ac94d2944337909c59e\/Chaqueta-calefactora-con-capucha-para-hombre-chaleco-de-caza-el-ctrico-con-USB-abrigo-c-lido.jpg,https:\/\/ae01.alicdn.com\/kf\/Hc92da992a6f7489b93a072997f603b3dU\/Chaqueta-calefactora-con-capucha-para-hombre-chaleco-de-caza-el-ctrico-con-USB-abrigo-c-lido.jpg,https:\/\/ae01.alicdn.com\/kf\/H6781f993e4744855ab7f6883c299b0160\/Chaqueta-calefactora-con-capucha-para-hombre-chaleco-de-caza-el-ctrico-con-USB-abrigo-c-lido.png\" preload=\"auto\" controls=\"controls\" width=\"100%\" height=\"100%\"><\/video><\/p>\n<div><img decoding=\"async\" title=\"Chaqueta calefactora con capucha para hombre, chaleco de caza el\u00e9ctrico con USB, abrigo c\u00e1lido de invierno, chaleco de calefacci\u00f3n t\u00e9rmica, ropa de senderismo t\u00e1ctica\" src=\"https:\/\/bodegaoutdoor.cl\/store\/wp-content\/uploads\/2020\/12\/23182-qdznuj.jpg\" alt=\"Chaqueta calefactora con capucha para hombre, chaleco de caza el\u00e9ctrico con USB, abrigo c\u00e1lido de invierno, chaleco de calefacci\u00f3n t\u00e9rmica, ropa de senderismo t\u00e1ctica\" \/><\/div>\n<div>\n<p style=\"font-family: 'OpenSans'; color: #000; font-weight: 300; font-size: 14px; line-height: 20px; margin-bottom: 12px;\">Especificaci\u00f3n:<br \/>\nTela: tela mezclada de fibra qu\u00edmica<br \/>\nFunci\u00f3n: transpirable, ultraligero, c\u00e1lido, resistente al desgaste, antiest\u00e1tico<br \/>\nESTILO: chaqueta<br \/>\nTemporada adecuada: invierno, primavera, oto\u00f1o<br \/>\nG\u00e9nero aplicable: hombre\/mujer<br \/>\nRELLENO: algod\u00f3n<br \/>\nPatr\u00f3n: color s\u00f3lido<br \/>\nDe edad aplicable:<br \/>\nCon capucha o no: con capucha<br \/>\nCuello sin Pelo: pelo<br \/>\nColor: negro, azul, rojo<br \/>\nTama\u00f1o: S M L XL XXL 3XL&#8230; 4XL<br \/>\nOcasi\u00f3n aplicable: escalada, esqu\u00ed, senderismo, camping, pesca, monta\u00f1ismo, viajes al aire libre.<br \/>\nDescripci\u00f3n:<br \/>\n1. Calentamiento seguro: voltaje no inductivo de 5V, solo el voltaje de 2 seco<br \/>\nLas bater\u00edas, el calentamiento continuo no da\u00f1ar\u00e1 la piel. Infrarrojos<br \/>\nCalentamiento, sin radiaci\u00f3n da\u00f1ina.<br \/>\n2. Dise\u00f1o de la pieza de calentamiento humanizado:<br \/>\nEl bloque de calentamiento est\u00e1 dise\u00f1ado para (abdomen\/est\u00f3mago\/cintura\/espalda\/hombro\/cuello).<br \/>\n3. F\u00e1cil lavado con agua: La potencia<br \/>\nLa interfaz est\u00e1 aislada e impermeable, y la lavadora puede ser<br \/>\nSe limpia libremente sin preocuparse por la limpieza de la ropa t\u00e9rmica.<br \/>\n4. control inteligente de temperatura: tres engranajes de calentamiento, 45 \u00b0 C para calentar<br \/>\nEngranaje, 35 \u00b0C para engranaje c\u00f3modo y 25 \u00b0C para engranaje ahorrador de energ\u00eda, que<br \/>\nSe puede cambiar a voluntad, con calefacci\u00f3n inteligente.<br \/>\nCalentamiento r\u00e1pido de 5,1 minutos: calentamiento durante un minuto puede alcanzar 20-30 \u2103 para mantenerse caliente.<br \/>\n6. Instrucciones de uso: Conecte el tesoro de carga, presione el bot\u00f3n de encendido<br \/>\nDurante 3 segundos, inicia el calentamiento y despu\u00e9s transfiere a temperatura media<br \/>\nCalentamiento, necesita conectar la energ\u00eda m\u00f3vil todo el tiempo.<br \/>\nCrisol de grafito mini horno de oro de la antorcha de fusi\u00f3n del metal:<br \/>\n1 * chaqueta climatizada<br \/>\nNota:<br \/>\n1. Este producto no est\u00e1 equipado con bater\u00eda port\u00e1til y debe ser proporcionado por usted mismo.<br \/>\n2. Instrucciones de limpieza: 1. Lavar a m\u00e1quina o a mano. 2. No secar a mano.<br \/>\n3. Permite un error de medici\u00f3n de 2-3cm (0,4-0.7in). Gracias por su comprensi\u00f3n.<\/p>\n<\/div>\n<div><img decoding=\"async\" title=\"Chaqueta calefactora con capucha para hombre, chaleco de caza el\u00e9ctrico con USB, abrigo c\u00e1lido de invierno, chaleco de calefacci\u00f3n t\u00e9rmica, ropa de senderismo t\u00e1ctica\" src=\"https:\/\/bodegaoutdoor.cl\/store\/wp-content\/uploads\/2020\/12\/23182-xnamsz.jpg\" alt=\"Chaqueta calefactora con capucha para hombre, chaleco de caza el\u00e9ctrico con USB, abrigo c\u00e1lido de invierno, chaleco de calefacci\u00f3n t\u00e9rmica, ropa de senderismo t\u00e1ctica\" \/><\/div>\n<div>\n<p style=\"font-family: 'OpenSans'; color: #000; font-weight: 900; font-size: 20px; line-height: 28px; margin-bottom: 12px;\">Somos tallas asi\u00e1ticas, 2-3 tallas m\u00e1s peque\u00f1as que las europeas, elige la talla adecuada seg\u00fan nuestra tabla de tallas y las recomendaciones de altura del peso<\/p>\n<\/div>\n<div><img decoding=\"async\" title=\"Chaqueta calefactora con capucha para hombre, chaleco de caza el\u00e9ctrico con USB, abrigo c\u00e1lido de invierno, chaleco de calefacci\u00f3n t\u00e9rmica, ropa de senderismo t\u00e1ctica\" src=\"https:\/\/bodegaoutdoor.cl\/store\/wp-content\/uploads\/2020\/12\/23182-cwupca.jpg\" alt=\"Chaqueta calefactora con capucha para hombre, chaleco de caza el\u00e9ctrico con USB, abrigo c\u00e1lido de invierno, chaleco de calefacci\u00f3n t\u00e9rmica, ropa de senderismo t\u00e1ctica\" \/><\/div>\n<div><img decoding=\"async\" title=\"Chaqueta calefactora con capucha para hombre, chaleco de caza el\u00e9ctrico con USB, abrigo c\u00e1lido de invierno, chaleco de calefacci\u00f3n t\u00e9rmica, ropa de senderismo t\u00e1ctica\" src=\"https:\/\/bodegaoutdoor.cl\/store\/wp-content\/uploads\/2020\/12\/23182-oefo8h.jpg\" alt=\"Chaqueta calefactora con capucha para hombre, chaleco de caza el\u00e9ctrico con USB, abrigo c\u00e1lido de invierno, chaleco de calefacci\u00f3n t\u00e9rmica, ropa de senderismo t\u00e1ctica\" \/><\/div>\n<div><img decoding=\"async\" title=\"Chaqueta calefactora con capucha para hombre, chaleco de caza el\u00e9ctrico con USB, abrigo c\u00e1lido de invierno, chaleco de calefacci\u00f3n t\u00e9rmica, ropa de senderismo t\u00e1ctica\" src=\"https:\/\/bodegaoutdoor.cl\/store\/wp-content\/uploads\/2020\/12\/23182-gkb19h.jpg\" alt=\"Chaqueta calefactora con capucha para hombre, chaleco de caza el\u00e9ctrico con USB, abrigo c\u00e1lido de invierno, chaleco de calefacci\u00f3n t\u00e9rmica, ropa de senderismo t\u00e1ctica\" \/><\/div>\n<div><img decoding=\"async\" title=\"Chaqueta calefactora con capucha para hombre, chaleco de caza el\u00e9ctrico con USB, abrigo c\u00e1lido de invierno, chaleco de calefacci\u00f3n t\u00e9rmica, ropa de senderismo t\u00e1ctica\" src=\"https:\/\/bodegaoutdoor.cl\/store\/wp-content\/uploads\/2020\/12\/23182-f08iv1.jpg\" alt=\"Chaqueta calefactora con capucha para hombre, chaleco de caza el\u00e9ctrico con USB, abrigo c\u00e1lido de invierno, chaleco de calefacci\u00f3n t\u00e9rmica, ropa de senderismo t\u00e1ctica\" \/><\/div>\n<div><img decoding=\"async\" title=\"Chaqueta calefactora con capucha para hombre, chaleco de caza el\u00e9ctrico con USB, abrigo c\u00e1lido de invierno, chaleco de calefacci\u00f3n t\u00e9rmica, ropa de senderismo t\u00e1ctica\" src=\"https:\/\/bodegaoutdoor.cl\/store\/wp-content\/uploads\/2020\/12\/23182-cwl7gf.jpg\" alt=\"Chaqueta calefactora con capucha para hombre, chaleco de caza el\u00e9ctrico con USB, abrigo c\u00e1lido de invierno, chaleco de calefacci\u00f3n t\u00e9rmica, ropa de senderismo t\u00e1ctica\" \/><\/div>\n<div><img decoding=\"async\" title=\"Chaqueta calefactora con capucha para hombre, chaleco de caza el\u00e9ctrico con USB, abrigo c\u00e1lido de invierno, chaleco de calefacci\u00f3n t\u00e9rmica, ropa de senderismo t\u00e1ctica\" src=\"https:\/\/bodegaoutdoor.cl\/store\/wp-content\/uploads\/2020\/12\/23182-7ulyfd.jpg\" alt=\"Chaqueta calefactora con capucha para hombre, chaleco de caza el\u00e9ctrico con USB, abrigo c\u00e1lido de invierno, chaleco de calefacci\u00f3n t\u00e9rmica, ropa de senderismo t\u00e1ctica\" \/><\/div>\n<div><img decoding=\"async\" title=\"Chaqueta calefactora con capucha para hombre, chaleco de caza el\u00e9ctrico con USB, abrigo c\u00e1lido de invierno, chaleco de calefacci\u00f3n t\u00e9rmica, ropa de senderismo t\u00e1ctica\" src=\"https:\/\/bodegaoutdoor.cl\/store\/wp-content\/uploads\/2020\/12\/23182-ddyabi.jpg\" alt=\"Chaqueta calefactora con capucha para hombre, chaleco de caza el\u00e9ctrico con USB, abrigo c\u00e1lido de invierno, chaleco de calefacci\u00f3n t\u00e9rmica, ropa de senderismo t\u00e1ctica\" \/><\/div>\n<div><img decoding=\"async\" title=\"Chaqueta calefactora con capucha para hombre, chaleco de caza el\u00e9ctrico con USB, abrigo c\u00e1lido de invierno, chaleco de calefacci\u00f3n t\u00e9rmica, ropa de senderismo t\u00e1ctica\" src=\"https:\/\/bodegaoutdoor.cl\/store\/wp-content\/uploads\/2020\/12\/23182-ccujgi.jpg\" alt=\"Chaqueta calefactora con capucha para hombre, chaleco de caza el\u00e9ctrico con USB, abrigo c\u00e1lido de invierno, chaleco de calefacci\u00f3n t\u00e9rmica, ropa de senderismo t\u00e1ctica\" \/><\/div>\n<div><img decoding=\"async\" title=\"Chaqueta calefactora con capucha para hombre, chaleco de caza el\u00e9ctrico con USB, abrigo c\u00e1lido de invierno, chaleco de calefacci\u00f3n t\u00e9rmica, ropa de senderismo t\u00e1ctica\" src=\"https:\/\/bodegaoutdoor.cl\/store\/wp-content\/uploads\/2020\/12\/23182-mh8nmk.jpg\" alt=\"Chaqueta calefactora con capucha para hombre, chaleco de caza el\u00e9ctrico con USB, abrigo c\u00e1lido de invierno, chaleco de calefacci\u00f3n t\u00e9rmica, ropa de senderismo t\u00e1ctica\" \/><\/div>\n<div><img decoding=\"async\" title=\"Chaqueta calefactora con capucha para hombre, chaleco de caza el\u00e9ctrico con USB, abrigo c\u00e1lido de invierno, chaleco de calefacci\u00f3n t\u00e9rmica, ropa de senderismo t\u00e1ctica\" src=\"https:\/\/bodegaoutdoor.cl\/store\/wp-content\/uploads\/2020\/12\/23182-qrmekc.jpg\" alt=\"Chaqueta calefactora con capucha para hombre, chaleco de caza el\u00e9ctrico con USB, abrigo c\u00e1lido de invierno, chaleco de calefacci\u00f3n t\u00e9rmica, ropa de senderismo t\u00e1ctica\" \/><\/div>\n<div><img decoding=\"async\" title=\"Chaqueta calefactora con capucha para hombre, chaleco de caza el\u00e9ctrico con USB, abrigo c\u00e1lido de invierno, chaleco de calefacci\u00f3n t\u00e9rmica, ropa de senderismo t\u00e1ctica\" src=\"https:\/\/bodegaoutdoor.cl\/store\/wp-content\/uploads\/2020\/12\/23182-5bfhmh.jpg\" alt=\"Chaqueta calefactora con capucha para hombre, chaleco de caza el\u00e9ctrico con USB, abrigo c\u00e1lido de invierno, chaleco de calefacci\u00f3n t\u00e9rmica, ropa de senderismo t\u00e1ctica\" \/><\/div>\n<div><img decoding=\"async\" title=\"Chaqueta calefactora con capucha para hombre, chaleco de caza el\u00e9ctrico con USB, abrigo c\u00e1lido de invierno, chaleco de calefacci\u00f3n t\u00e9rmica, ropa de senderismo t\u00e1ctica\" src=\"https:\/\/bodegaoutdoor.cl\/store\/wp-content\/uploads\/2020\/12\/23182-mghh1k.jpg\" alt=\"Chaqueta calefactora con capucha para hombre, chaleco de caza el\u00e9ctrico con USB, abrigo c\u00e1lido de invierno, chaleco de calefacci\u00f3n t\u00e9rmica, ropa de senderismo t\u00e1ctica\" \/><\/div>\n\n    <div class=\"xs_social_share_widget xs_share_url after_content \t\tmain_content  wslu-style-1 wslu-share-box-shaped wslu-fill-colored wslu-none wslu-share-horizontal wslu-theme-font-no wslu-main_content\">\n\n\t\t\n        <ul>\n\t\t\t        <\/ul>\n    <\/div> \n","protected":false},"excerpt":{"rendered":"<p>Especificaci\u00f3n: Tela: tela mezclada de fibra qu\u00edmica Funci\u00f3n: transpirable, ultraligero, c\u00e1lido, resistente al desgaste, antiest\u00e1tico ESTILO: chaqueta Temporada adecuada: invierno, primavera, oto\u00f1o G\u00e9nero aplicable: hombre\/mujer RELLENO: algod\u00f3n Patr\u00f3n: color s\u00f3lido De edad aplicable: Con capucha o no: con capucha Cuello sin Pelo: pelo Color: negro, azul, rojo Tama\u00f1o: S M L XL XXL 3XL&#8230; 4XL [&hellip;]<\/p>\n","protected":false},"featured_media":23781,"comment_status":"open","ping_status":"closed","template":"","meta":{"jetpack_publicize_message":"","jetpack_publicize_feature_enabled":true,"jetpack_social_post_already_shared":true,"jetpack_social_options":{"image_generator_settings":{"template":"highway","enabled":false},"version":2}},"product_brand":[],"product_cat":[73,62],"product_tag":[],"class_list":{"0":"post-23182","1":"product","2":"type-product","3":"status-publish","4":"has-post-thumbnail","6":"product_cat-hombre-tercera","7":"product_cat-vestuario-hombre","9":"first","10":"instock","11":"sale","12":"taxable","13":"shipping-taxable","14":"purchasable","15":"product-type-variable"},"jetpack_publicize_connections":[],"jetpack_sharing_enabled":true,"_links":{"self":[{"href":"https:\/\/bodegaoutdoor.cl\/store\/wp-json\/wp\/v2\/product\/23182","targetHints":{"allow":["GET"]}}],"collection":[{"href":"https:\/\/bodegaoutdoor.cl\/store\/wp-json\/wp\/v2\/product"}],"about":[{"href":"https:\/\/bodegaoutdoor.cl\/store\/wp-json\/wp\/v2\/types\/product"}],"replies":[{"embeddable":true,"href":"https:\/\/bodegaoutdoor.cl\/store\/wp-json\/wp\/v2\/comments?post=23182"}],"version-history":[{"count":1,"href":"https:\/\/bodegaoutdoor.cl\/store\/wp-json\/wp\/v2\/product\/23182\/revisions"}],"predecessor-version":[{"id":71107,"href":"https:\/\/bodegaoutdoor.cl\/store\/wp-json\/wp\/v2\/product\/23182\/revisions\/71107"}],"wp:featuredmedia":[{"embeddable":true,"href":"https:\/\/bodegaoutdoor.cl\/store\/wp-json\/wp\/v2\/media\/23781"}],"wp:attachment":[{"href":"https:\/\/bodegaoutdoor.cl\/store\/wp-json\/wp\/v2\/media?parent=23182"}],"wp:term":[{"taxonomy":"product_brand","embeddable":true,"href":"https:\/\/bodegaoutdoor.cl\/store\/wp-json\/wp\/v2\/product_brand?post=23182"},{"taxonomy":"product_cat","embeddable":true,"href":"https:\/\/bodegaoutdoor.cl\/store\/wp-json\/wp\/v2\/product_cat?post=23182"},{"taxonomy":"product_tag","embeddable":true,"href":"https:\/\/bodegaoutdoor.cl\/store\/wp-json\/wp\/v2\/product_tag?post=23182"}],"curies":[{"name":"wp","href":"https:\/\/api.w.org\/{rel}","templated":true}]}}