{"id":23368,"date":"2020-12-13T22:33:09","date_gmt":"2020-12-13T22:33:09","guid":{"rendered":"https:\/\/bodegaoutdoor.cl\/store\/product\/idogear-mini-bolsa-de-hidratacion-mochila-de-hidratacion-bolsa-molle-de-asalto-bolsas-tacticas-militares-para-agua-deportiva-al-aire-libre-3530\/"},"modified":"2023-05-04T19:19:08","modified_gmt":"2023-05-04T23:19:08","slug":"idogear-mini-bolsa-de-hidratacion-mochila-de-hidratacion-bolsa-molle-de-asalto-bolsas-tacticas-militares-para-agua-deportiva-al-aire-libre-3530","status":"publish","type":"product","link":"https:\/\/bodegaoutdoor.cl\/store\/product\/idogear-mini-bolsa-de-hidratacion-mochila-de-hidratacion-bolsa-molle-de-asalto-bolsas-tacticas-militares-para-agua-deportiva-al-aire-libre-3530\/","title":{"rendered":"Bolso mochila de hidrataci\u00f3n, Molle deportiva Outdoor"},"content":{"rendered":"<div>\n<div>\n<div>\n<div>\n<div><\/div>\n<\/div>\n<div><\/div>\n<div>\n<div>\n<div>\n<p><img decoding=\"async\" title=\"IDOGEAR-Mini bolsa de hidrataci\u00f3n, mochila de hidrataci\u00f3n, bolsa Molle de asalto, bolsas t\u00e1cticas militares para agua deportiva al aire libre, 3530\" src=\"https:\/\/bodegaoutdoor.cl\/store\/wp-content\/uploads\/2020\/12\/23368-ovem9o.jpg\" alt=\"IDOGEAR-Mini bolsa de hidrataci\u00f3n, mochila de hidrataci\u00f3n, bolsa Molle de asalto, bolsas t\u00e1cticas militares para agua deportiva al aire libre, 3530\" width=\"400\" \/><\/p>\n<p><span style=\"font-size: 14px;\">Mochila de hidrataci\u00f3n IDOGEAR, mochila de asalto Molle, Mini t\u00e1ctica militar<\/span><\/p>\n<p align=\"left\"><img decoding=\"async\" title=\"IDOGEAR-Mini bolsa de hidrataci\u00f3n, mochila de hidrataci\u00f3n, bolsa Molle de asalto, bolsas t\u00e1cticas militares para agua deportiva al aire libre, 3530\" src=\"https:\/\/bodegaoutdoor.cl\/store\/wp-content\/uploads\/2020\/12\/23368-4wzqnc.jpg\" alt=\"IDOGEAR-Mini bolsa de hidrataci\u00f3n, mochila de hidrataci\u00f3n, bolsa Molle de asalto, bolsas t\u00e1cticas militares para agua deportiva al aire libre, 3530\" width=\"400\" \/><\/p>\n<div id=\"pastingspan1\" style=\";text-transform: none; ;letter-spacing: normal;\"><span style=\"font-size: 14px;\">Material: Hecho de nailon 500D de alta calidad<br \/>\nPeso: 0,3 kg<br \/>\nTama\u00f1o: 28cm (altura) * 16cm (ancho) * 9cm (espesor)<br \/>\nPaquete: mini bolsa de hidrataci\u00f3n x 1<br \/>\nColor:Multicam,Multicam negro, Coyote marr\u00f3n, negro<\/span><\/div>\n<p align=\"left\"><span style=\"font-size: 18px; color: #ff0000;\"><img decoding=\"async\" title=\"IDOGEAR-Mini bolsa de hidrataci\u00f3n, mochila de hidrataci\u00f3n, bolsa Molle de asalto, bolsas t\u00e1cticas militares para agua deportiva al aire libre, 3530\" src=\"https:\/\/bodegaoutdoor.cl\/store\/wp-content\/uploads\/2020\/12\/23368-g3yiym.jpg\" alt=\"IDOGEAR-Mini bolsa de hidrataci\u00f3n, mochila de hidrataci\u00f3n, bolsa Molle de asalto, bolsas t\u00e1cticas militares para agua deportiva al aire libre, 3530\" width=\"400\" \/> <\/span><\/p>\n<div id=\"pastingspan1\" style=\";text-transform: none; ;letter-spacing: normal;\"><span style=\"font-size: 14px;\">Con correas molle en la parte posterior y en ambos lados para unir bolsas y accesorios<br \/>\nCon tama\u00f1o Peque\u00f1o y peso ligero que es f\u00e1cil de llevar<br \/>\nOcasi\u00f3n: senderismo, viajes, ciclismo<br \/>\nFabricado con nailon 500D de alta calidad<br \/>\nMaterial resistente al agua incre\u00edblemente duradero<br \/>\nPlataforma de bucle Extra para parches<br \/>\nDos bolsillos con cremallera YKK (un bolsillo de almacenamiento de tama\u00f1o mini y un bolsillo principal)<br \/>\nCon correa ajustable para fijar objetos en el interior<br \/>\nBolsillo principal con un mini bolsillo<br \/>\nPlataforma de bucle en el bolsillo principal<br \/>\nCompatible con todos los soportes de placas Molle.<\/span><\/div>\n<p><span style=\"font-size: 14px;\"><img decoding=\"async\" title=\"IDOGEAR-Mini bolsa de hidrataci\u00f3n, mochila de hidrataci\u00f3n, bolsa Molle de asalto, bolsas t\u00e1cticas militares para agua deportiva al aire libre, 3530\" src=\"https:\/\/bodegaoutdoor.cl\/store\/wp-content\/uploads\/2020\/12\/23368-carlhs.jpg\" alt=\"IDOGEAR-Mini bolsa de hidrataci\u00f3n, mochila de hidrataci\u00f3n, bolsa Molle de asalto, bolsas t\u00e1cticas militares para agua deportiva al aire libre, 3530\" width=\"400\" \/><\/span><\/p>\n<p><img decoding=\"async\" style=\"width: 800px;\" title=\"IDOGEAR-Mini bolsa de hidrataci\u00f3n, mochila de hidrataci\u00f3n, bolsa Molle de asalto, bolsas t\u00e1cticas militares para agua deportiva al aire libre, 3530\" src=\"https:\/\/bodegaoutdoor.cl\/store\/wp-content\/uploads\/2020\/12\/23368-l239aj.jpg\" alt=\"IDOGEAR-Mini bolsa de hidrataci\u00f3n, mochila de hidrataci\u00f3n, bolsa Molle de asalto, bolsas t\u00e1cticas militares para agua deportiva al aire libre, 3530\" \/><\/p>\n<p><img decoding=\"async\" style=\"width: 800px;\" title=\"IDOGEAR-Mini bolsa de hidrataci\u00f3n, mochila de hidrataci\u00f3n, bolsa Molle de asalto, bolsas t\u00e1cticas militares para agua deportiva al aire libre, 3530\" src=\"https:\/\/bodegaoutdoor.cl\/store\/wp-content\/uploads\/2020\/12\/23368-y1dpch.jpg\" alt=\"IDOGEAR-Mini bolsa de hidrataci\u00f3n, mochila de hidrataci\u00f3n, bolsa Molle de asalto, bolsas t\u00e1cticas militares para agua deportiva al aire libre, 3530\" \/><\/p>\n<p><img decoding=\"async\" style=\"width: 800px;\" title=\"IDOGEAR-Mini bolsa de hidrataci\u00f3n, mochila de hidrataci\u00f3n, bolsa Molle de asalto, bolsas t\u00e1cticas militares para agua deportiva al aire libre, 3530\" src=\"https:\/\/bodegaoutdoor.cl\/store\/wp-content\/uploads\/2020\/12\/23368-tcprrd.jpg\" alt=\"IDOGEAR-Mini bolsa de hidrataci\u00f3n, mochila de hidrataci\u00f3n, bolsa Molle de asalto, bolsas t\u00e1cticas militares para agua deportiva al aire libre, 3530\" \/><\/p>\n<p><img decoding=\"async\" style=\"width: 800px;\" title=\"IDOGEAR-Mini bolsa de hidrataci\u00f3n, mochila de hidrataci\u00f3n, bolsa Molle de asalto, bolsas t\u00e1cticas militares para agua deportiva al aire libre, 3530\" src=\"https:\/\/bodegaoutdoor.cl\/store\/wp-content\/uploads\/2020\/12\/23368-6sc3kv.jpg\" alt=\"IDOGEAR-Mini bolsa de hidrataci\u00f3n, mochila de hidrataci\u00f3n, bolsa Molle de asalto, bolsas t\u00e1cticas militares para agua deportiva al aire libre, 3530\" \/><\/p>\n<p><img decoding=\"async\" style=\"width: 800px;\" title=\"IDOGEAR-Mini bolsa de hidrataci\u00f3n, mochila de hidrataci\u00f3n, bolsa Molle de asalto, bolsas t\u00e1cticas militares para agua deportiva al aire libre, 3530\" src=\"https:\/\/bodegaoutdoor.cl\/store\/wp-content\/uploads\/2020\/12\/23368-bempev.jpg\" alt=\"IDOGEAR-Mini bolsa de hidrataci\u00f3n, mochila de hidrataci\u00f3n, bolsa Molle de asalto, bolsas t\u00e1cticas militares para agua deportiva al aire libre, 3530\" \/><\/p>\n<p><img decoding=\"async\" style=\"width: 800px;\" title=\"IDOGEAR-Mini bolsa de hidrataci\u00f3n, mochila de hidrataci\u00f3n, bolsa Molle de asalto, bolsas t\u00e1cticas militares para agua deportiva al aire libre, 3530\" src=\"https:\/\/bodegaoutdoor.cl\/store\/wp-content\/uploads\/2020\/12\/23368-auvucl.jpg\" alt=\"IDOGEAR-Mini bolsa de hidrataci\u00f3n, mochila de hidrataci\u00f3n, bolsa Molle de asalto, bolsas t\u00e1cticas militares para agua deportiva al aire libre, 3530\" \/><\/p>\n<p><img decoding=\"async\" style=\"width: 800px;\" title=\"IDOGEAR-Mini bolsa de hidrataci\u00f3n, mochila de hidrataci\u00f3n, bolsa Molle de asalto, bolsas t\u00e1cticas militares para agua deportiva al aire libre, 3530\" src=\"https:\/\/bodegaoutdoor.cl\/store\/wp-content\/uploads\/2020\/12\/23368-mx6zz7.jpg\" alt=\"IDOGEAR-Mini bolsa de hidrataci\u00f3n, mochila de hidrataci\u00f3n, bolsa Molle de asalto, bolsas t\u00e1cticas militares para agua deportiva al aire libre, 3530\" \/><\/p>\n<p><img decoding=\"async\" style=\"width: 800px;\" title=\"IDOGEAR-Mini bolsa de hidrataci\u00f3n, mochila de hidrataci\u00f3n, bolsa Molle de asalto, bolsas t\u00e1cticas militares para agua deportiva al aire libre, 3530\" src=\"https:\/\/bodegaoutdoor.cl\/store\/wp-content\/uploads\/2020\/12\/23368-4yhwik.jpg\" alt=\"IDOGEAR-Mini bolsa de hidrataci\u00f3n, mochila de hidrataci\u00f3n, bolsa Molle de asalto, bolsas t\u00e1cticas militares para agua deportiva al aire libre, 3530\" \/><\/p>\n<p><img decoding=\"async\" style=\"width: 800px;\" title=\"IDOGEAR-Mini bolsa de hidrataci\u00f3n, mochila de hidrataci\u00f3n, bolsa Molle de asalto, bolsas t\u00e1cticas militares para agua deportiva al aire libre, 3530\" src=\"https:\/\/bodegaoutdoor.cl\/store\/wp-content\/uploads\/2020\/12\/23368-bdli56.jpg\" alt=\"IDOGEAR-Mini bolsa de hidrataci\u00f3n, mochila de hidrataci\u00f3n, bolsa Molle de asalto, bolsas t\u00e1cticas militares para agua deportiva al aire libre, 3530\" \/><\/p>\n<p><img decoding=\"async\" style=\"width: 800px;\" title=\"IDOGEAR-Mini bolsa de hidrataci\u00f3n, mochila de hidrataci\u00f3n, bolsa Molle de asalto, bolsas t\u00e1cticas militares para agua deportiva al aire libre, 3530\" src=\"https:\/\/bodegaoutdoor.cl\/store\/wp-content\/uploads\/2020\/12\/23368-v2h7lb.jpg\" alt=\"IDOGEAR-Mini bolsa de hidrataci\u00f3n, mochila de hidrataci\u00f3n, bolsa Molle de asalto, bolsas t\u00e1cticas militares para agua deportiva al aire libre, 3530\" \/><\/p>\n<p><img decoding=\"async\" style=\"width: 800px;\" title=\"IDOGEAR-Mini bolsa de hidrataci\u00f3n, mochila de hidrataci\u00f3n, bolsa Molle de asalto, bolsas t\u00e1cticas militares para agua deportiva al aire libre, 3530\" src=\"https:\/\/bodegaoutdoor.cl\/store\/wp-content\/uploads\/2020\/12\/23368-acywdi.jpg\" alt=\"IDOGEAR-Mini bolsa de hidrataci\u00f3n, mochila de hidrataci\u00f3n, bolsa Molle de asalto, bolsas t\u00e1cticas militares para agua deportiva al aire libre, 3530\" \/><\/p>\n<p><img decoding=\"async\" style=\"width: 800px;\" title=\"IDOGEAR-Mini bolsa de hidrataci\u00f3n, mochila de hidrataci\u00f3n, bolsa Molle de asalto, bolsas t\u00e1cticas militares para agua deportiva al aire libre, 3530\" src=\"https:\/\/bodegaoutdoor.cl\/store\/wp-content\/uploads\/2020\/12\/23368-j1b9o7.jpg\" alt=\"IDOGEAR-Mini bolsa de hidrataci\u00f3n, mochila de hidrataci\u00f3n, bolsa Molle de asalto, bolsas t\u00e1cticas militares para agua deportiva al aire libre, 3530\" \/><\/p>\n<p><img decoding=\"async\" style=\"width: 800px;\" title=\"IDOGEAR-Mini bolsa de hidrataci\u00f3n, mochila de hidrataci\u00f3n, bolsa Molle de asalto, bolsas t\u00e1cticas militares para agua deportiva al aire libre, 3530\" src=\"https:\/\/bodegaoutdoor.cl\/store\/wp-content\/uploads\/2020\/12\/23368-jiafaa.jpg\" alt=\"IDOGEAR-Mini bolsa de hidrataci\u00f3n, mochila de hidrataci\u00f3n, bolsa Molle de asalto, bolsas t\u00e1cticas militares para agua deportiva al aire libre, 3530\" \/><\/p>\n<p>&nbsp;<\/p>\n<\/div>\n<div><\/div>\n<\/div>\n<\/div>\n<div><\/div>\n<div>\n<div><\/div>\n<div>\n<p>&nbsp;<\/p>\n<p>&nbsp;<\/p>\n<p>&nbsp;<\/p>\n<p>&nbsp;<\/p>\n<p>&nbsp;<\/p>\n<\/div>\n<\/div>\n<\/div>\n<\/div>\n<\/div>\n\n    <div class=\"xs_social_share_widget xs_share_url after_content \t\tmain_content  wslu-style-1 wslu-share-box-shaped wslu-fill-colored wslu-none wslu-share-horizontal wslu-theme-font-no wslu-main_content\">\n\n\t\t\n        <ul>\n\t\t\t        <\/ul>\n    <\/div> \n","protected":false},"excerpt":{"rendered":"<p>Mochila de hidrataci\u00f3n IDOGEAR, mochila de asalto Molle, Mini t\u00e1ctica militar Material: Hecho de nailon 500D de alta calidad Peso: 0,3 kg Tama\u00f1o: 28cm (altura) * 16cm (ancho) * 9cm (espesor) Paquete: mini bolsa de hidrataci\u00f3n x 1 Color:Multicam,Multicam negro, Coyote marr\u00f3n, negro Con correas molle en la parte posterior y en ambos lados para [&hellip;]<\/p>\n","protected":false},"featured_media":23813,"comment_status":"open","ping_status":"closed","template":"","meta":{"jetpack_publicize_message":"","jetpack_publicize_feature_enabled":true,"jetpack_social_post_already_shared":true,"jetpack_social_options":{"image_generator_settings":{"template":"highway","enabled":false},"version":2}},"product_brand":[],"product_cat":[274,195,238],"product_tag":[],"class_list":{"0":"post-23368","1":"product","2":"type-product","3":"status-publish","4":"has-post-thumbnail","6":"product_cat-bananos-otros","7":"product_cat-mochilas","8":"product_cat-mochilas-10-30-litros","10":"first","11":"instock","12":"sale","13":"taxable","14":"shipping-taxable","15":"purchasable","16":"product-type-variable"},"jetpack_publicize_connections":[],"jetpack_sharing_enabled":true,"_links":{"self":[{"href":"https:\/\/bodegaoutdoor.cl\/store\/wp-json\/wp\/v2\/product\/23368","targetHints":{"allow":["GET"]}}],"collection":[{"href":"https:\/\/bodegaoutdoor.cl\/store\/wp-json\/wp\/v2\/product"}],"about":[{"href":"https:\/\/bodegaoutdoor.cl\/store\/wp-json\/wp\/v2\/types\/product"}],"replies":[{"embeddable":true,"href":"https:\/\/bodegaoutdoor.cl\/store\/wp-json\/wp\/v2\/comments?post=23368"}],"version-history":[{"count":2,"href":"https:\/\/bodegaoutdoor.cl\/store\/wp-json\/wp\/v2\/product\/23368\/revisions"}],"predecessor-version":[{"id":71106,"href":"https:\/\/bodegaoutdoor.cl\/store\/wp-json\/wp\/v2\/product\/23368\/revisions\/71106"}],"wp:featuredmedia":[{"embeddable":true,"href":"https:\/\/bodegaoutdoor.cl\/store\/wp-json\/wp\/v2\/media\/23813"}],"wp:attachment":[{"href":"https:\/\/bodegaoutdoor.cl\/store\/wp-json\/wp\/v2\/media?parent=23368"}],"wp:term":[{"taxonomy":"product_brand","embeddable":true,"href":"https:\/\/bodegaoutdoor.cl\/store\/wp-json\/wp\/v2\/product_brand?post=23368"},{"taxonomy":"product_cat","embeddable":true,"href":"https:\/\/bodegaoutdoor.cl\/store\/wp-json\/wp\/v2\/product_cat?post=23368"},{"taxonomy":"product_tag","embeddable":true,"href":"https:\/\/bodegaoutdoor.cl\/store\/wp-json\/wp\/v2\/product_tag?post=23368"}],"curies":[{"name":"wp","href":"https:\/\/api.w.org\/{rel}","templated":true}]}}