{"id":23382,"date":"2020-12-13T22:33:12","date_gmt":"2020-12-13T22:33:12","guid":{"rendered":"https:\/\/bodegaoutdoor.cl\/store\/product\/bolso-militar-para-portatil-molle-de-15-pulgadas-mochila-tactica-para-ordenador-bolsa-de-mensajero-cinturon-de-hombro-para-acampar-deportes-al-aire-libre-xa672wa\/"},"modified":"2023-05-04T19:19:08","modified_gmt":"2023-05-04T23:19:08","slug":"bolso-militar-para-portatil-molle-de-15-pulgadas-mochila-tactica-para-ordenador-bolsa-de-mensajero-cinturon-de-hombro","status":"publish","type":"product","link":"https:\/\/bodegaoutdoor.cl\/store\/product\/bolso-militar-para-portatil-molle-de-15-pulgadas-mochila-tactica-para-ordenador-bolsa-de-mensajero-cinturon-de-hombro\/","title":{"rendered":"Bolso militar para port\u00e1til Molle de 15 pulgadas, mochila t\u00e1ctica para ordenador, bolsa de mensajero, cintur\u00f3n de hombro"},"content":{"rendered":"<p style=\"text-align: center;\"><video style=\"max-width: 100%;\" src=\"\/\/cloud.video.taobao.com\/play\/u\/1609885269\/p\/1\/e\/6\/t\/10301\/210267213811.mp4\" poster=\"https:\/\/ae01.alicdn.com\/kf\/Hed25cfc698fa4103b5f9199f741c43bde\/Bolso-militar-para-port-til-Molle-de-15-pulgadas-mochila-t-ctica-para-ordenador-bolsa-de.jpg,https:\/\/ae01.alicdn.com\/kf\/HTB1cnTFXjzuK1RjSsppq6xz0XXaV\/Bolso-militar-para-port-til-Molle-de-15-pulgadas-mochila-t-ctica-para-ordenador-bolsa-de.jpg,https:\/\/ae01.alicdn.com\/kf\/HTB1KOzFXcfrK1Rjy0Fmq6xhEXXaN\/Bolso-militar-para-port-til-Molle-de-15-pulgadas-mochila-t-ctica-para-ordenador-bolsa-de.jpg,https:\/\/ae01.alicdn.com\/kf\/HTB1XTTFXjzuK1RjSsppq6xz0XXaE\/Bolso-militar-para-port-til-Molle-de-15-pulgadas-mochila-t-ctica-para-ordenador-bolsa-de.jpg,https:\/\/ae01.alicdn.com\/kf\/HTB1NlHEXcfrK1RjSszcq6xGGFXaY\/Bolso-militar-para-port-til-Molle-de-15-pulgadas-mochila-t-ctica-para-ordenador-bolsa-de.jpg,https:\/\/ae01.alicdn.com\/kf\/HTB1fnDFXiLrK1Rjy1zdq6ynnpXaa\/Bolso-militar-para-port-til-Molle-de-15-pulgadas-mochila-t-ctica-para-ordenador-bolsa-de.jpg\" preload=\"auto\" controls=\"controls\" width=\"100%\" height=\"100%\"><\/video><\/p>\n<div><\/div>\n<div>\n<div>\n<p><img decoding=\"async\" title=\"Bolso militar para port\u00e1til Molle de 15 pulgadas, mochila t\u00e1ctica para ordenador, bolsa de mensajero, cintur\u00f3n de hombro, para acampar, deportes al aire libre, XA672WA\" src=\"https:\/\/bodegaoutdoor.cl\/store\/wp-content\/uploads\/2020\/12\/23382-nj1lm4.jpg\" alt=\"Bolso militar para port\u00e1til Molle de 15 pulgadas, mochila t\u00e1ctica para ordenador, bolsa de mensajero, cintur\u00f3n de hombro, para acampar, deportes al aire libre, XA672WA\" width=\"957\" height=\"34\" \/><\/p>\n<div style=\"margin: 0.0px; padding: 0.0px; border: 0.0px; font-family: arial , helvetica;\"><span style=\"color: #000000; font-family: arial , helvetica , sans-serif; font-size: 16.0px;\">Material: nailon resistente al agua<\/span><\/div>\n<div style=\"margin: 0.0px; padding: 0.0px; border: 0.0px; font-family: arial , helvetica;\"><span style=\"font-size: 16.0px;\"><span style=\"font-family: arial , helvetica , sans-serif;\"><span style=\"color: #000000;\">Forro de poli\u00e9ster: Poli\u00e9ster<\/span><\/span><\/span><\/div>\n<div style=\"margin: 0.0px; padding: 0.0px; border: 0.0px; font-family: arial , helvetica;\"><span style=\"font-size: 16.0px;\"><span style=\"font-family: arial , helvetica , sans-serif;\"><span style=\"color: #000000;\">Color: negro, Wo34<\/span><\/span><\/span><br \/>\n<span style=\"font-family: arial , helvetica , sans-serif; font-size: 16.0px;\">40 cmX15 cm(HXLXW)<\/span><\/div>\n<div style=\"margin: 0.0px; padding: 0.0px; border: 0.0px; font-family: arial , helvetica;\"><img decoding=\"async\" title=\"Bolso militar para port\u00e1til Molle de 15 pulgadas, mochila t\u00e1ctica para ordenador, bolsa de mensajero, cintur\u00f3n de hombro, para acampar, deportes al aire libre, XA672WA\" src=\"https:\/\/bodegaoutdoor.cl\/store\/wp-content\/uploads\/2020\/12\/23382-d0bbtw.jpg\" alt=\"Bolso militar para port\u00e1til Molle de 15 pulgadas, mochila t\u00e1ctica para ordenador, bolsa de mensajero, cintur\u00f3n de hombro, para acampar, deportes al aire libre, XA672WA\" \/><\/div>\n<p style=\"margin: 0.0px; padding: 0.0px; border: 0.0px; font-family: arial , helvetica;\"><span style=\"font-size: 16.0px;\"><span style=\"font-family: arial , helvetica , sans-serif;\"><span style=\"color: #ff0000;\">Nota: Debido al impacto de la iluminaci\u00f3n y a las diferentes pantallas que se muestran, el color es un poco diferente, pero es como<\/span><\/span><\/span><\/p>\n<p><span style=\"font-size: 16.0px;\"><span style=\"font-family: arial , helvetica , sans-serif;\"><span style=\"color: #ff0000;\">Puede haber una diferencia de 1-2cm debido a la medici\u00f3n manual. Gracias.<\/span><\/span><\/span><\/p>\n<p><img decoding=\"async\" title=\"Bolso militar para port\u00e1til Molle de 15 pulgadas, mochila t\u00e1ctica para ordenador, bolsa de mensajero, cintur\u00f3n de hombro, para acampar, deportes al aire libre, XA672WA\" src=\"https:\/\/bodegaoutdoor.cl\/store\/wp-content\/uploads\/2020\/12\/23382-qi7flc.jpg\" alt=\"Bolso militar para port\u00e1til Molle de 15 pulgadas, mochila t\u00e1ctica para ordenador, bolsa de mensajero, cintur\u00f3n de hombro, para acampar, deportes al aire libre, XA672WA\" width=\"957\" height=\"34\" \/><\/p>\n<p><img decoding=\"async\" title=\"Bolso militar para port\u00e1til Molle de 15 pulgadas, mochila t\u00e1ctica para ordenador, bolsa de mensajero, cintur\u00f3n de hombro, para acampar, deportes al aire libre, XA672WA\" src=\"https:\/\/bodegaoutdoor.cl\/store\/wp-content\/uploads\/2020\/12\/23382-wk2ryh.jpg\" alt=\"Bolso militar para port\u00e1til Molle de 15 pulgadas, mochila t\u00e1ctica para ordenador, bolsa de mensajero, cintur\u00f3n de hombro, para acampar, deportes al aire libre, XA672WA\" \/><img decoding=\"async\" title=\"Bolso militar para port\u00e1til Molle de 15 pulgadas, mochila t\u00e1ctica para ordenador, bolsa de mensajero, cintur\u00f3n de hombro, para acampar, deportes al aire libre, XA672WA\" src=\"https:\/\/bodegaoutdoor.cl\/store\/wp-content\/uploads\/2020\/12\/23382-z2kcox.jpg\" alt=\"Bolso militar para port\u00e1til Molle de 15 pulgadas, mochila t\u00e1ctica para ordenador, bolsa de mensajero, cintur\u00f3n de hombro, para acampar, deportes al aire libre, XA672WA\" \/><img decoding=\"async\" title=\"Bolso militar para port\u00e1til Molle de 15 pulgadas, mochila t\u00e1ctica para ordenador, bolsa de mensajero, cintur\u00f3n de hombro, para acampar, deportes al aire libre, XA672WA\" src=\"https:\/\/bodegaoutdoor.cl\/store\/wp-content\/uploads\/2020\/12\/23382-oeyktq.jpg\" alt=\"Bolso militar para port\u00e1til Molle de 15 pulgadas, mochila t\u00e1ctica para ordenador, bolsa de mensajero, cintur\u00f3n de hombro, para acampar, deportes al aire libre, XA672WA\" \/><img decoding=\"async\" title=\"Bolso militar para port\u00e1til Molle de 15 pulgadas, mochila t\u00e1ctica para ordenador, bolsa de mensajero, cintur\u00f3n de hombro, para acampar, deportes al aire libre, XA672WA\" src=\"https:\/\/bodegaoutdoor.cl\/store\/wp-content\/uploads\/2020\/12\/23382-hqc24l.jpg\" alt=\"Bolso militar para port\u00e1til Molle de 15 pulgadas, mochila t\u00e1ctica para ordenador, bolsa de mensajero, cintur\u00f3n de hombro, para acampar, deportes al aire libre, XA672WA\" \/><img decoding=\"async\" title=\"Bolso militar para port\u00e1til Molle de 15 pulgadas, mochila t\u00e1ctica para ordenador, bolsa de mensajero, cintur\u00f3n de hombro, para acampar, deportes al aire libre, XA672WA\" src=\"https:\/\/bodegaoutdoor.cl\/store\/wp-content\/uploads\/2020\/12\/23382-k0hhd7.jpg\" alt=\"Bolso militar para port\u00e1til Molle de 15 pulgadas, mochila t\u00e1ctica para ordenador, bolsa de mensajero, cintur\u00f3n de hombro, para acampar, deportes al aire libre, XA672WA\" \/><img decoding=\"async\" title=\"Bolso militar para port\u00e1til Molle de 15 pulgadas, mochila t\u00e1ctica para ordenador, bolsa de mensajero, cintur\u00f3n de hombro, para acampar, deportes al aire libre, XA672WA\" src=\"https:\/\/bodegaoutdoor.cl\/store\/wp-content\/uploads\/2020\/12\/23382-ufpojx.jpg\" alt=\"Bolso militar para port\u00e1til Molle de 15 pulgadas, mochila t\u00e1ctica para ordenador, bolsa de mensajero, cintur\u00f3n de hombro, para acampar, deportes al aire libre, XA672WA\" \/><img decoding=\"async\" title=\"Bolso militar para port\u00e1til Molle de 15 pulgadas, mochila t\u00e1ctica para ordenador, bolsa de mensajero, cintur\u00f3n de hombro, para acampar, deportes al aire libre, XA672WA\" src=\"https:\/\/bodegaoutdoor.cl\/store\/wp-content\/uploads\/2020\/12\/23382-rppavj.jpg\" alt=\"Bolso militar para port\u00e1til Molle de 15 pulgadas, mochila t\u00e1ctica para ordenador, bolsa de mensajero, cintur\u00f3n de hombro, para acampar, deportes al aire libre, XA672WA\" \/><img decoding=\"async\" title=\"Bolso militar para port\u00e1til Molle de 15 pulgadas, mochila t\u00e1ctica para ordenador, bolsa de mensajero, cintur\u00f3n de hombro, para acampar, deportes al aire libre, XA672WA\" src=\"https:\/\/bodegaoutdoor.cl\/store\/wp-content\/uploads\/2020\/12\/23382-z4fkyh.jpg\" alt=\"Bolso militar para port\u00e1til Molle de 15 pulgadas, mochila t\u00e1ctica para ordenador, bolsa de mensajero, cintur\u00f3n de hombro, para acampar, deportes al aire libre, XA672WA\" \/><img decoding=\"async\" title=\"Bolso militar para port\u00e1til Molle de 15 pulgadas, mochila t\u00e1ctica para ordenador, bolsa de mensajero, cintur\u00f3n de hombro, para acampar, deportes al aire libre, XA672WA\" src=\"https:\/\/bodegaoutdoor.cl\/store\/wp-content\/uploads\/2020\/12\/23382-1zun3l.jpg\" alt=\"Bolso militar para port\u00e1til Molle de 15 pulgadas, mochila t\u00e1ctica para ordenador, bolsa de mensajero, cintur\u00f3n de hombro, para acampar, deportes al aire libre, XA672WA\" \/><img decoding=\"async\" title=\"Bolso militar para port\u00e1til Molle de 15 pulgadas, mochila t\u00e1ctica para ordenador, bolsa de mensajero, cintur\u00f3n de hombro, para acampar, deportes al aire libre, XA672WA\" src=\"https:\/\/bodegaoutdoor.cl\/store\/wp-content\/uploads\/2020\/12\/23382-owmv5y.jpg\" alt=\"Bolso militar para port\u00e1til Molle de 15 pulgadas, mochila t\u00e1ctica para ordenador, bolsa de mensajero, cintur\u00f3n de hombro, para acampar, deportes al aire libre, XA672WA\" \/><img decoding=\"async\" title=\"Bolso militar para port\u00e1til Molle de 15 pulgadas, mochila t\u00e1ctica para ordenador, bolsa de mensajero, cintur\u00f3n de hombro, para acampar, deportes al aire libre, XA672WA\" src=\"https:\/\/bodegaoutdoor.cl\/store\/wp-content\/uploads\/2020\/12\/23382-r7f0bj.jpg\" alt=\"Bolso militar para port\u00e1til Molle de 15 pulgadas, mochila t\u00e1ctica para ordenador, bolsa de mensajero, cintur\u00f3n de hombro, para acampar, deportes al aire libre, XA672WA\" \/><img decoding=\"async\" title=\"Bolso militar para port\u00e1til Molle de 15 pulgadas, mochila t\u00e1ctica para ordenador, bolsa de mensajero, cintur\u00f3n de hombro, para acampar, deportes al aire libre, XA672WA\" src=\"https:\/\/bodegaoutdoor.cl\/store\/wp-content\/uploads\/2020\/12\/23382-ddux3b.jpg\" alt=\"Bolso militar para port\u00e1til Molle de 15 pulgadas, mochila t\u00e1ctica para ordenador, bolsa de mensajero, cintur\u00f3n de hombro, para acampar, deportes al aire libre, XA672WA\" \/><img decoding=\"async\" title=\"Bolso militar para port\u00e1til Molle de 15 pulgadas, mochila t\u00e1ctica para ordenador, bolsa de mensajero, cintur\u00f3n de hombro, para acampar, deportes al aire libre, XA672WA\" src=\"https:\/\/bodegaoutdoor.cl\/store\/wp-content\/uploads\/2020\/12\/23382-bbukpt.jpg\" alt=\"Bolso militar para port\u00e1til Molle de 15 pulgadas, mochila t\u00e1ctica para ordenador, bolsa de mensajero, cintur\u00f3n de hombro, para acampar, deportes al aire libre, XA672WA\" \/><img decoding=\"async\" title=\"Bolso militar para port\u00e1til Molle de 15 pulgadas, mochila t\u00e1ctica para ordenador, bolsa de mensajero, cintur\u00f3n de hombro, para acampar, deportes al aire libre, XA672WA\" src=\"https:\/\/bodegaoutdoor.cl\/store\/wp-content\/uploads\/2020\/12\/23382-z0kkl2.jpg\" alt=\"Bolso militar para port\u00e1til Molle de 15 pulgadas, mochila t\u00e1ctica para ordenador, bolsa de mensajero, cintur\u00f3n de hombro, para acampar, deportes al aire libre, XA672WA\" \/><\/p>\n<\/div>\n<\/div>\n<div><\/div>\n\n    <div class=\"xs_social_share_widget xs_share_url after_content \t\tmain_content  wslu-style-1 wslu-share-box-shaped wslu-fill-colored wslu-none wslu-share-horizontal wslu-theme-font-no wslu-main_content\">\n\n\t\t\n        <ul>\n\t\t\t        <\/ul>\n    <\/div> \n","protected":false},"excerpt":{"rendered":"<p>Material: nailon resistente al agua Forro de poli\u00e9ster: Poli\u00e9ster Color: negro, Wo34 40 cmX15 cm(HXLXW) Nota: Debido al impacto de la iluminaci\u00f3n y a las diferentes pantallas que se muestran, el color es un poco diferente, pero es como Puede haber una diferencia de 1-2cm debido a la medici\u00f3n manual. Gracias.<\/p>\n","protected":false},"featured_media":23840,"comment_status":"open","ping_status":"closed","template":"","meta":{"jetpack_publicize_message":"","jetpack_publicize_feature_enabled":true,"jetpack_social_post_already_shared":true,"jetpack_social_options":{"image_generator_settings":{"template":"highway","enabled":false},"version":2}},"product_brand":[],"product_cat":[274,195],"product_tag":[],"class_list":{"0":"post-23382","1":"product","2":"type-product","3":"status-publish","4":"has-post-thumbnail","6":"product_cat-bananos-otros","7":"product_cat-mochilas","9":"first","10":"instock","11":"sale","12":"taxable","13":"shipping-taxable","14":"purchasable","15":"product-type-variable"},"jetpack_publicize_connections":[],"jetpack_sharing_enabled":true,"_links":{"self":[{"href":"https:\/\/bodegaoutdoor.cl\/store\/wp-json\/wp\/v2\/product\/23382","targetHints":{"allow":["GET"]}}],"collection":[{"href":"https:\/\/bodegaoutdoor.cl\/store\/wp-json\/wp\/v2\/product"}],"about":[{"href":"https:\/\/bodegaoutdoor.cl\/store\/wp-json\/wp\/v2\/types\/product"}],"replies":[{"embeddable":true,"href":"https:\/\/bodegaoutdoor.cl\/store\/wp-json\/wp\/v2\/comments?post=23382"}],"version-history":[{"count":2,"href":"https:\/\/bodegaoutdoor.cl\/store\/wp-json\/wp\/v2\/product\/23382\/revisions"}],"predecessor-version":[{"id":71105,"href":"https:\/\/bodegaoutdoor.cl\/store\/wp-json\/wp\/v2\/product\/23382\/revisions\/71105"}],"wp:featuredmedia":[{"embeddable":true,"href":"https:\/\/bodegaoutdoor.cl\/store\/wp-json\/wp\/v2\/media\/23840"}],"wp:attachment":[{"href":"https:\/\/bodegaoutdoor.cl\/store\/wp-json\/wp\/v2\/media?parent=23382"}],"wp:term":[{"taxonomy":"product_brand","embeddable":true,"href":"https:\/\/bodegaoutdoor.cl\/store\/wp-json\/wp\/v2\/product_brand?post=23382"},{"taxonomy":"product_cat","embeddable":true,"href":"https:\/\/bodegaoutdoor.cl\/store\/wp-json\/wp\/v2\/product_cat?post=23382"},{"taxonomy":"product_tag","embeddable":true,"href":"https:\/\/bodegaoutdoor.cl\/store\/wp-json\/wp\/v2\/product_tag?post=23382"}],"curies":[{"name":"wp","href":"https:\/\/api.w.org\/{rel}","templated":true}]}}