{"id":23949,"date":"2020-12-13T23:53:55","date_gmt":"2020-12-13T23:53:55","guid":{"rendered":"https:\/\/bodegaoutdoor.cl\/store\/product\/mochila-deportiva-de-8l-para-hombre-y-mujer-chaleco-de-hidratacion-para-correr-senderismo-maraton-opcion-de-bolsa-de-agua\/"},"modified":"2023-05-04T19:19:08","modified_gmt":"2023-05-04T23:19:08","slug":"lentes-polarizados-diseno-camuflaje-pesca-con-lentes-intercambiables","status":"publish","type":"product","link":"https:\/\/bodegaoutdoor.cl\/store\/product\/lentes-polarizados-diseno-camuflaje-pesca-con-lentes-intercambiables\/","title":{"rendered":"Lentes polarizados dise\u00f1o Camuflaje pesca con lentes intercambiables"},"content":{"rendered":"<p style=\"text-align: center;\"><video style=\"max-width: 100%;\" src=\"\/\/cloud.video.taobao.com\/play\/u\/3105083374\/p\/1\/e\/6\/t\/10301\/226122092549.mp4\" poster=\"https:\/\/ae01.alicdn.com\/kf\/H3b36e4ac5b034d3baef5a0385126d8dau\/Mochila-deportiva-de-8L-para-hombre-y-mujer-chaleco-de-hidrataci-n-para-correr-senderismo-Marat.jpg,https:\/\/ae01.alicdn.com\/kf\/HTB1vh6BV7voK1RjSZFwq6AiCFXaj\/Mochila-deportiva-de-8L-para-hombre-y-mujer-chaleco-de-hidrataci-n-para-correr-senderismo-Marat.jpg,https:\/\/ae01.alicdn.com\/kf\/HTB1LRLuXlKw3KVjSZTEq6AuRpXac\/Mochila-deportiva-de-8L-para-hombre-y-mujer-chaleco-de-hidrataci-n-para-correr-senderismo-Marat.jpg,https:\/\/ae01.alicdn.com\/kf\/HTB1auPjV3TqK1RjSZPhq6xfOFXaX\/Mochila-deportiva-de-8L-para-hombre-y-mujer-chaleco-de-hidrataci-n-para-correr-senderismo-Marat.jpg,https:\/\/ae01.alicdn.com\/kf\/HTB1Kh_lV9zqK1RjSZPxq6A4tVXa8\/Mochila-deportiva-de-8L-para-hombre-y-mujer-chaleco-de-hidrataci-n-para-correr-senderismo-Marat.jpg,https:\/\/ae01.alicdn.com\/kf\/HTB1xtnpV4TpK1RjSZR0q6zEwXXa3\/Mochila-deportiva-de-8L-para-hombre-y-mujer-chaleco-de-hidrataci-n-para-correr-senderismo-Marat.jpg\" preload=\"auto\" controls=\"controls\" width=\"100%\" height=\"100%\"><\/video><\/p>\n<div><\/div>\n<div><\/div>\n<div>\n<p style=\"font-family: 'OpenSans'; color: #000; font-weight: 900; font-size: 20px; line-height: 28px; margin-bottom: 12px;\">\u00bfQu\u00e9 lentes polarizadas de color son las mejores para pescar?<\/p>\n<p style=\"font-family: 'OpenSans'; color: #000; font-weight: 300; font-size: 14px; line-height: 20px; margin-bottom: 12px;\">Las condiciones de luz cambian constantemente. Para sacar el m\u00e1ximo partido a las lentes polarizadas, es importante elegir el color correcto. Ofrecemos seis colores de lente que van desde luz baja como el amanecer hasta luz extremadamente brillante con brillo cegador.<\/p>\n<p>Para alta mar, el espejo azul es el camino a seguir. Para agua dulce e Interior, el espejo verde y el \u00e1mbar son excelentes opciones. Para luz baja al amanecer o al atardecer, el color amarillo del amanecer es perfecto. Las lentes grises son la mejor opci\u00f3n para las actividades diarias. Por supuesto, la mejor manera para que decidas es considerar tu entorno.<\/p>\n<\/div>\n<div><img decoding=\"async\" style=\"margin-bottom: 10px;\" title=\"Mochila deportiva de 8L para hombre y mujer, chaleco de hidrataci\u00f3n para correr, senderismo, Marat\u00f3n, opci\u00f3n de bolsa de agua\" src=\"https:\/\/bodegaoutdoor.cl\/store\/wp-content\/uploads\/2020\/12\/23949-n0h8qf.jpg\" alt=\"Mochila deportiva de 8L para hombre y mujer, chaleco de hidrataci\u00f3n para correr, senderismo, Marat\u00f3n, opci\u00f3n de bolsa de agua\" \/><\/div>\n<div>\n<p style=\"font-family: 'OpenSans'; color: #000; font-weight: 300; font-size: 14px; line-height: 20px; margin-bottom: 12px;\">Caracter\u00edsticas:<\/p>\n<p>El marco est\u00e1 hecho de material de PC, uno de los mejores materiales para montura de gafas deportivas.<br \/>\nTodos los cristales de colores est\u00e1n polarizados. UV400 protecci\u00f3n<\/p>\n<p>Paquete 4 opciones<br \/>\nOpci\u00f3n 1:<br \/>\n1 x gafas de sol polarizadas (cristales polarizados grises)<br \/>\n1 * tarjeta de prueba polarizada<br \/>\n1 * gafas cuerda<br \/>\n1 * caja de vidrios<br \/>\n1 * bolsa de gafas<\/p>\n<p>Opci\u00f3n 2:<br \/>\n1 * cristales polarizados azules<\/p>\n<p>Opci\u00f3n 3:<br \/>\n1 * cristales polarizados naranjas<\/p>\n<p>Opci\u00f3n 4:<br \/>\n1 * cristales polarizados verdes<\/p>\n<p>Opci\u00f3n 5:<br \/>\n1 x gafas de sol polarizadas (cristales polarizados grises)<br \/>\n1 * tarjeta de prueba polarizada<br \/>\n1 * gafas cuerda<br \/>\n1 * caja de vidrios<br \/>\n1 * bolsa de gafas<br \/>\n1 * cristales polarizados naranjas<br \/>\n1 * cristales polarizados azules<br \/>\n1 * cristales polarizados verdes<\/p>\n<\/div>\n<div>\n<p style=\"font-family: 'OpenSans'; color: #000; font-weight: 900; font-size: 20px; line-height: 28px; margin-bottom: 12px;\">6 pares lente polarizado HD<\/p>\n<p style=\"font-family: 'OpenSans'; color: #000; font-weight: 300; font-size: 14px; line-height: 20px; margin-bottom: 12px;\">Adecuado para diferentes climas y condiciones<\/p>\n<\/div>\n<div><img decoding=\"async\" style=\"margin-bottom: 10px;\" title=\"Mochila deportiva de 8L para hombre y mujer, chaleco de hidrataci\u00f3n para correr, senderismo, Marat\u00f3n, opci\u00f3n de bolsa de agua\" src=\"https:\/\/bodegaoutdoor.cl\/store\/wp-content\/uploads\/2020\/12\/23949-fqj6uf.jpg\" alt=\"Mochila deportiva de 8L para hombre y mujer, chaleco de hidrataci\u00f3n para correr, senderismo, Marat\u00f3n, opci\u00f3n de bolsa de agua\" \/><\/div>\n<div>\n<p style=\"font-family: 'OpenSans'; color: #000; font-weight: 900; font-size: 20px; line-height: 28px; margin-bottom: 12px;\">La pesca es a menudo dif\u00edcil e ingrata.<\/p>\n<p style=\"font-family: 'OpenSans'; color: #000; font-weight: 300; font-size: 14px; line-height: 20px; margin-bottom: 12px;\">Nos gustar\u00eda ser un buen parter para usted y puede disfrutar de la pesca. Es f\u00e1cil para ti hacer los cambios.<br \/>\nSigue en el cableado;<br \/>\nEl comportamiento del cebo en el agua;<br \/>\nVer obst\u00e1culos en la parte inferior;<br \/>\nObserva que los peces est\u00e1n al acecho bajo la corteza.<\/p>\n<\/div>\n<div><img decoding=\"async\" title=\"Mochila deportiva de 8L para hombre y mujer, chaleco de hidrataci\u00f3n para correr, senderismo, Marat\u00f3n, opci\u00f3n de bolsa de agua\" src=\"https:\/\/bodegaoutdoor.cl\/store\/wp-content\/uploads\/2020\/12\/23949-fcxkyn.jpg\" alt=\"Mochila deportiva de 8L para hombre y mujer, chaleco de hidrataci\u00f3n para correr, senderismo, Marat\u00f3n, opci\u00f3n de bolsa de agua\" \/><\/div>\n<div><img decoding=\"async\" style=\"margin-bottom: 10px;\" title=\"Mochila deportiva de 8L para hombre y mujer, chaleco de hidrataci\u00f3n para correr, senderismo, Marat\u00f3n, opci\u00f3n de bolsa de agua\" src=\"https:\/\/bodegaoutdoor.cl\/store\/wp-content\/uploads\/2020\/12\/23949-glunfg.jpg\" alt=\"Mochila deportiva de 8L para hombre y mujer, chaleco de hidrataci\u00f3n para correr, senderismo, Marat\u00f3n, opci\u00f3n de bolsa de agua\" \/><\/div>\n<div>\n<p style=\"font-family: 'OpenSans'; color: #000; font-weight: 900; font-size: 20px; line-height: 28px; margin-bottom: 12px;\">\u00bfQu\u00e9 es la lente de PC?<\/p>\n<p style=\"font-family: 'OpenSans'; color: #000; font-weight: 300; font-size: 14px; line-height: 20px; margin-bottom: 12px;\">El marco de policarbonato fundido s\u00f3lido, que incluye caucho, tiene un alto grado de resistencia a los impactos, neutral al impacto mec\u00e1nico. 20 veces m\u00e1s flexibilidad que los cristales normales. Y es f\u00e1cil cambiar la lente.<\/p>\n<\/div>\n<div><img decoding=\"async\" style=\"margin-bottom: 10px;\" title=\"Mochila deportiva de 8L para hombre y mujer, chaleco de hidrataci\u00f3n para correr, senderismo, Marat\u00f3n, opci\u00f3n de bolsa de agua\" src=\"https:\/\/bodegaoutdoor.cl\/store\/wp-content\/uploads\/2020\/12\/23949-m2ve9q.jpg\" alt=\"Mochila deportiva de 8L para hombre y mujer, chaleco de hidrataci\u00f3n para correr, senderismo, Marat\u00f3n, opci\u00f3n de bolsa de agua\" \/><\/div>\n<div>\n<p style=\"font-family: 'OpenSans'; color: #000; font-weight: 900; font-size: 20px; line-height: 28px; margin-bottom: 12px;\">\u00bfEs apto para mi cara?<\/p>\n<p style=\"font-family: 'OpenSans'; color: #000; font-weight: 300; font-size: 14px; line-height: 20px; margin-bottom: 12px;\">El marco de material de PC es flexible y apto para diferentes tipos de cara<\/p>\n<\/div>\n<div><img decoding=\"async\" style=\"margin-bottom: 10px;\" title=\"Mochila deportiva de 8L para hombre y mujer, chaleco de hidrataci\u00f3n para correr, senderismo, Marat\u00f3n, opci\u00f3n de bolsa de agua\" src=\"https:\/\/bodegaoutdoor.cl\/store\/wp-content\/uploads\/2020\/12\/23949-vpekgr.jpg\" alt=\"Mochila deportiva de 8L para hombre y mujer, chaleco de hidrataci\u00f3n para correr, senderismo, Marat\u00f3n, opci\u00f3n de bolsa de agua\" \/><\/div>\n<div><img decoding=\"async\" title=\"Mochila deportiva de 8L para hombre y mujer, chaleco de hidrataci\u00f3n para correr, senderismo, Marat\u00f3n, opci\u00f3n de bolsa de agua\" src=\"https:\/\/bodegaoutdoor.cl\/store\/wp-content\/uploads\/2020\/12\/23949-dkkpys.jpg\" alt=\"Mochila deportiva de 8L para hombre y mujer, chaleco de hidrataci\u00f3n para correr, senderismo, Marat\u00f3n, opci\u00f3n de bolsa de agua\" \/><\/div>\n<div><img decoding=\"async\" title=\"Mochila deportiva de 8L para hombre y mujer, chaleco de hidrataci\u00f3n para correr, senderismo, Marat\u00f3n, opci\u00f3n de bolsa de agua\" src=\"https:\/\/bodegaoutdoor.cl\/store\/wp-content\/uploads\/2020\/12\/23949-qr12nw.jpg\" alt=\"Mochila deportiva de 8L para hombre y mujer, chaleco de hidrataci\u00f3n para correr, senderismo, Marat\u00f3n, opci\u00f3n de bolsa de agua\" \/><\/div>\n<div><img decoding=\"async\" title=\"Mochila deportiva de 8L para hombre y mujer, chaleco de hidrataci\u00f3n para correr, senderismo, Marat\u00f3n, opci\u00f3n de bolsa de agua\" src=\"https:\/\/bodegaoutdoor.cl\/store\/wp-content\/uploads\/2020\/12\/23949-1go9ou.jpg\" alt=\"Mochila deportiva de 8L para hombre y mujer, chaleco de hidrataci\u00f3n para correr, senderismo, Marat\u00f3n, opci\u00f3n de bolsa de agua\" \/><\/div>\n<div><img decoding=\"async\" title=\"Mochila deportiva de 8L para hombre y mujer, chaleco de hidrataci\u00f3n para correr, senderismo, Marat\u00f3n, opci\u00f3n de bolsa de agua\" src=\"https:\/\/bodegaoutdoor.cl\/store\/wp-content\/uploads\/2020\/12\/23949-7ji33c.jpg\" alt=\"Mochila deportiva de 8L para hombre y mujer, chaleco de hidrataci\u00f3n para correr, senderismo, Marat\u00f3n, opci\u00f3n de bolsa de agua\" \/><\/div>\n<div><img decoding=\"async\" title=\"Mochila deportiva de 8L para hombre y mujer, chaleco de hidrataci\u00f3n para correr, senderismo, Marat\u00f3n, opci\u00f3n de bolsa de agua\" src=\"https:\/\/bodegaoutdoor.cl\/store\/wp-content\/uploads\/2020\/12\/23949-a6dibn.jpg\" alt=\"Mochila deportiva de 8L para hombre y mujer, chaleco de hidrataci\u00f3n para correr, senderismo, Marat\u00f3n, opci\u00f3n de bolsa de agua\" \/><\/div>\n<div><img decoding=\"async\" title=\"Mochila deportiva de 8L para hombre y mujer, chaleco de hidrataci\u00f3n para correr, senderismo, Marat\u00f3n, opci\u00f3n de bolsa de agua\" src=\"https:\/\/bodegaoutdoor.cl\/store\/wp-content\/uploads\/2020\/12\/23949-oykac9.jpg\" alt=\"Mochila deportiva de 8L para hombre y mujer, chaleco de hidrataci\u00f3n para correr, senderismo, Marat\u00f3n, opci\u00f3n de bolsa de agua\" \/><\/div>\n<div><img decoding=\"async\" title=\"Mochila deportiva de 8L para hombre y mujer, chaleco de hidrataci\u00f3n para correr, senderismo, Marat\u00f3n, opci\u00f3n de bolsa de agua\" src=\"https:\/\/bodegaoutdoor.cl\/store\/wp-content\/uploads\/2020\/12\/23949-rbmtvu.jpg\" alt=\"Mochila deportiva de 8L para hombre y mujer, chaleco de hidrataci\u00f3n para correr, senderismo, Marat\u00f3n, opci\u00f3n de bolsa de agua\" \/><\/div>\n<div><img decoding=\"async\" title=\"Mochila deportiva de 8L para hombre y mujer, chaleco de hidrataci\u00f3n para correr, senderismo, Marat\u00f3n, opci\u00f3n de bolsa de agua\" src=\"https:\/\/bodegaoutdoor.cl\/store\/wp-content\/uploads\/2020\/12\/23949-7a8yfq.jpg\" alt=\"Mochila deportiva de 8L para hombre y mujer, chaleco de hidrataci\u00f3n para correr, senderismo, Marat\u00f3n, opci\u00f3n de bolsa de agua\" \/><\/div>\n<div><img decoding=\"async\" title=\"Mochila deportiva de 8L para hombre y mujer, chaleco de hidrataci\u00f3n para correr, senderismo, Marat\u00f3n, opci\u00f3n de bolsa de agua\" src=\"https:\/\/bodegaoutdoor.cl\/store\/wp-content\/uploads\/2020\/12\/23949-0bizig.jpg\" alt=\"Mochila deportiva de 8L para hombre y mujer, chaleco de hidrataci\u00f3n para correr, senderismo, Marat\u00f3n, opci\u00f3n de bolsa de agua\" \/><\/div>\n<div><img decoding=\"async\" title=\"Mochila deportiva de 8L para hombre y mujer, chaleco de hidrataci\u00f3n para correr, senderismo, Marat\u00f3n, opci\u00f3n de bolsa de agua\" src=\"https:\/\/bodegaoutdoor.cl\/store\/wp-content\/uploads\/2020\/12\/23949-a4yujr.jpg\" alt=\"Mochila deportiva de 8L para hombre y mujer, chaleco de hidrataci\u00f3n para correr, senderismo, Marat\u00f3n, opci\u00f3n de bolsa de agua\" \/><\/div>\n<div><img decoding=\"async\" title=\"Mochila deportiva de 8L para hombre y mujer, chaleco de hidrataci\u00f3n para correr, senderismo, Marat\u00f3n, opci\u00f3n de bolsa de agua\" src=\"https:\/\/bodegaoutdoor.cl\/store\/wp-content\/uploads\/2020\/12\/23949-k433ln.jpg\" alt=\"Mochila deportiva de 8L para hombre y mujer, chaleco de hidrataci\u00f3n para correr, senderismo, Marat\u00f3n, opci\u00f3n de bolsa de agua\" \/><\/div>\n<div><img decoding=\"async\" title=\"Mochila deportiva de 8L para hombre y mujer, chaleco de hidrataci\u00f3n para correr, senderismo, Marat\u00f3n, opci\u00f3n de bolsa de agua\" src=\"https:\/\/bodegaoutdoor.cl\/store\/wp-content\/uploads\/2020\/12\/23949-im9y4e.jpg\" alt=\"Mochila deportiva de 8L para hombre y mujer, chaleco de hidrataci\u00f3n para correr, senderismo, Marat\u00f3n, opci\u00f3n de bolsa de agua\" \/><\/div>\n<div><img decoding=\"async\" title=\"Mochila deportiva de 8L para hombre y mujer, chaleco de hidrataci\u00f3n para correr, senderismo, Marat\u00f3n, opci\u00f3n de bolsa de agua\" src=\"https:\/\/bodegaoutdoor.cl\/store\/wp-content\/uploads\/2020\/12\/23949-a6ckuk.jpg\" alt=\"Mochila deportiva de 8L para hombre y mujer, chaleco de hidrataci\u00f3n para correr, senderismo, Marat\u00f3n, opci\u00f3n de bolsa de agua\" \/><\/div>\n<div><img decoding=\"async\" title=\"Mochila deportiva de 8L para hombre y mujer, chaleco de hidrataci\u00f3n para correr, senderismo, Marat\u00f3n, opci\u00f3n de bolsa de agua\" src=\"https:\/\/bodegaoutdoor.cl\/store\/wp-content\/uploads\/2020\/12\/23949-red2xb.jpg\" alt=\"Mochila deportiva de 8L para hombre y mujer, chaleco de hidrataci\u00f3n para correr, senderismo, Marat\u00f3n, opci\u00f3n de bolsa de agua\" \/><\/div>\n<div><img decoding=\"async\" title=\"Mochila deportiva de 8L para hombre y mujer, chaleco de hidrataci\u00f3n para correr, senderismo, Marat\u00f3n, opci\u00f3n de bolsa de agua\" src=\"https:\/\/bodegaoutdoor.cl\/store\/wp-content\/uploads\/2020\/12\/23949-ippybi.jpg\" alt=\"Mochila deportiva de 8L para hombre y mujer, chaleco de hidrataci\u00f3n para correr, senderismo, Marat\u00f3n, opci\u00f3n de bolsa de agua\" \/><\/div>\n<div><\/div>\n<div><\/div>\n\n    <div class=\"xs_social_share_widget xs_share_url after_content \t\tmain_content  wslu-style-1 wslu-share-box-shaped wslu-fill-colored wslu-none wslu-share-horizontal wslu-theme-font-no wslu-main_content\">\n\n\t\t\n        <ul>\n\t\t\t        <\/ul>\n    <\/div> \n","protected":false},"excerpt":{"rendered":"<p>\u00bfQu\u00e9 lentes polarizadas de color son las mejores para pescar? Las condiciones de luz cambian constantemente. Para sacar el m\u00e1ximo partido a las lentes polarizadas, es importante elegir el color correcto. Ofrecemos seis colores de lente que van desde luz baja como el amanecer hasta luz extremadamente brillante con brillo cegador. Para alta mar, el [&hellip;]<\/p>\n","protected":false},"featured_media":24365,"comment_status":"open","ping_status":"closed","template":"","meta":{"jetpack_publicize_message":"","jetpack_publicize_feature_enabled":true,"jetpack_social_post_already_shared":true,"jetpack_social_options":{"image_generator_settings":{"template":"highway","enabled":false},"version":2}},"product_brand":[],"product_cat":[15,38],"product_tag":[],"class_list":{"0":"post-23949","1":"product","2":"type-product","3":"status-publish","4":"has-post-thumbnail","6":"product_cat-otros","7":"product_cat-lentes","9":"first","10":"instock","11":"sale","12":"taxable","13":"shipping-taxable","14":"purchasable","15":"product-type-variable"},"jetpack_publicize_connections":[],"jetpack_sharing_enabled":true,"_links":{"self":[{"href":"https:\/\/bodegaoutdoor.cl\/store\/wp-json\/wp\/v2\/product\/23949","targetHints":{"allow":["GET"]}}],"collection":[{"href":"https:\/\/bodegaoutdoor.cl\/store\/wp-json\/wp\/v2\/product"}],"about":[{"href":"https:\/\/bodegaoutdoor.cl\/store\/wp-json\/wp\/v2\/types\/product"}],"replies":[{"embeddable":true,"href":"https:\/\/bodegaoutdoor.cl\/store\/wp-json\/wp\/v2\/comments?post=23949"}],"version-history":[{"count":1,"href":"https:\/\/bodegaoutdoor.cl\/store\/wp-json\/wp\/v2\/product\/23949\/revisions"}],"predecessor-version":[{"id":71103,"href":"https:\/\/bodegaoutdoor.cl\/store\/wp-json\/wp\/v2\/product\/23949\/revisions\/71103"}],"wp:featuredmedia":[{"embeddable":true,"href":"https:\/\/bodegaoutdoor.cl\/store\/wp-json\/wp\/v2\/media\/24365"}],"wp:attachment":[{"href":"https:\/\/bodegaoutdoor.cl\/store\/wp-json\/wp\/v2\/media?parent=23949"}],"wp:term":[{"taxonomy":"product_brand","embeddable":true,"href":"https:\/\/bodegaoutdoor.cl\/store\/wp-json\/wp\/v2\/product_brand?post=23949"},{"taxonomy":"product_cat","embeddable":true,"href":"https:\/\/bodegaoutdoor.cl\/store\/wp-json\/wp\/v2\/product_cat?post=23949"},{"taxonomy":"product_tag","embeddable":true,"href":"https:\/\/bodegaoutdoor.cl\/store\/wp-json\/wp\/v2\/product_tag?post=23949"}],"curies":[{"name":"wp","href":"https:\/\/api.w.org\/{rel}","templated":true}]}}