{"id":24004,"date":"2020-12-13T23:54:09","date_gmt":"2020-12-13T23:54:09","guid":{"rendered":"https:\/\/bodegaoutdoor.cl\/store\/product\/trail-running-mochila-ultraligera-de-5l-chaleco-de-hidratacion-para-correr-maraton-bicicleta-bolsa-de-agua-con-botella-de-frasco-blando-de-500ml\/"},"modified":"2023-05-04T19:19:08","modified_gmt":"2023-05-04T23:19:08","slug":"mochila-ultraligera-de-5l-chaleco-de-hidratacion-para-correr-maraton-bicicleta","status":"publish","type":"product","link":"https:\/\/bodegaoutdoor.cl\/store\/product\/mochila-ultraligera-de-5l-chaleco-de-hidratacion-para-correr-maraton-bicicleta\/","title":{"rendered":"Mochila ultraligera de 5L, chaleco de hidrataci\u00f3n para correr, Marat\u00f3n, bicicleta"},"content":{"rendered":"<p style=\"text-align: center;\"><video style=\"max-width: 100%;\" src=\"\/\/cloud.video.taobao.com\/play\/u\/2206908498444\/p\/1\/e\/6\/t\/10301\/278052867146.mp4\" poster=\"https:\/\/ae01.alicdn.com\/kf\/He1fe1a1a9bdc43ecb7298e8e6043e2e8n\/Trail-Running-mochila-ultraligera-de-5L-chaleco-de-hidrataci-n-para-correr-Marat-n-bicicleta-bolsa.jpg,https:\/\/ae01.alicdn.com\/kf\/Hadef34429f614f2e886579d74368d8eeS\/Trail-Running-mochila-ultraligera-de-5L-chaleco-de-hidrataci-n-para-correr-Marat-n-bicicleta-bolsa.jpg,https:\/\/ae01.alicdn.com\/kf\/H09b71037d3eb4d1bbc5716a61934e7f78\/Trail-Running-mochila-ultraligera-de-5L-chaleco-de-hidrataci-n-para-correr-Marat-n-bicicleta-bolsa.jpg,https:\/\/ae01.alicdn.com\/kf\/H987ae6ee2b0b4182b82f1926d261aa5fg\/Trail-Running-mochila-ultraligera-de-5L-chaleco-de-hidrataci-n-para-correr-Marat-n-bicicleta-bolsa.jpg,https:\/\/ae01.alicdn.com\/kf\/Hc4ef990193f34122a969edadace4e060R\/Trail-Running-mochila-ultraligera-de-5L-chaleco-de-hidrataci-n-para-correr-Marat-n-bicicleta-bolsa.jpg,https:\/\/ae01.alicdn.com\/kf\/H293d26d71cbd4809bf745e067a0e1c2cF\/Trail-Running-mochila-ultraligera-de-5L-chaleco-de-hidrataci-n-para-correr-Marat-n-bicicleta-bolsa.jpg\" preload=\"auto\" controls=\"controls\" width=\"100%\" height=\"100%\"><\/video><\/p>\n<div><\/div>\n<div>\n<div>\n<div id=\"277603325783\" data-previewurl=\"\/\/img.alicdn.com\/imgextra\/i4\/6000000006923\/O1CN014KuYyY210maAtuBhE_!!6000000006923-0-tbvideo.jpg\"><\/div>\n<\/div>\n<\/div>\n<div>\n<p style=\"font-family: 'OpenSans'; color: #000; font-weight: 900; font-size: 20px; line-height: 28px; margin-bottom: 12px;\">1 sobre de la capacidad<\/p>\n<p style=\"font-family: 'OpenSans'; color: #000; font-weight: 300; font-size: 14px; line-height: 20px; margin-bottom: 12px;\">Gran capacidad de 5L: su volumen modesto y su gran capacidad de 5l le permiten llenar la bolsa de agua f\u00e1cilmente. Consiste en el bolsillo principal de la bolsa de agua, los bolsillos frontales de la botella de agua y el bolsillo del tel\u00e9fono inteligente de 5,5 pulgadas, tambi\u00e9n est\u00e1 equipado con bolsillos exteriores, que puede almacenar llaves, efectivo, etc.<\/p>\n<p><img decoding=\"async\" title=\"Trail Running-mochila ultraligera de 5L, chaleco de hidrataci\u00f3n para correr, Marat\u00f3n, bicicleta, bolsa de agua con botella de Frasco blando de 500ml\" src=\"https:\/\/bodegaoutdoor.cl\/store\/wp-content\/uploads\/2020\/12\/24004-hplkbq.jpg\" alt=\"Trail Running-mochila ultraligera de 5L, chaleco de hidrataci\u00f3n para correr, Marat\u00f3n, bicicleta, bolsa de agua con botella de Frasco blando de 500ml\" \/><\/p>\n<\/div>\n<div>\n<p style=\"font-family: 'OpenSans'; color: #000; font-weight: 900; font-size: 20px; line-height: 28px; margin-bottom: 12px;\">2 sobre el material<\/p>\n<p style=\"font-family: 'OpenSans'; color: #000; font-weight: 300; font-size: 14px; line-height: 20px; margin-bottom: 12px;\">Hecho de nailon ultraligero resistente al agua y a las l\u00e1grimas, forro de poli\u00e9ster y malla transpirable.<\/p>\n<p><img decoding=\"async\" title=\"Trail Running-mochila ultraligera de 5L, chaleco de hidrataci\u00f3n para correr, Marat\u00f3n, bicicleta, bolsa de agua con botella de Frasco blando de 500ml\" src=\"https:\/\/bodegaoutdoor.cl\/store\/wp-content\/uploads\/2020\/12\/24004-onbs41.jpg\" alt=\"Trail Running-mochila ultraligera de 5L, chaleco de hidrataci\u00f3n para correr, Marat\u00f3n, bicicleta, bolsa de agua con botella de Frasco blando de 500ml\" \/><\/p>\n<\/div>\n<div>\n<p style=\"font-family: 'OpenSans'; color: #000; font-weight: 900; font-size: 20px; line-height: 28px; margin-bottom: 12px;\">3 sobre los detalles<\/p>\n<p style=\"font-family: 'OpenSans'; color: #000; font-weight: 300; font-size: 14px; line-height: 20px; margin-bottom: 12px;\">Viene con correa de cintura extensible y correa de pecho ajustable<br \/>\nDise\u00f1o de malla, transpirable y generador de calor<br \/>\nNuevo dise\u00f1o multicompartimiento, para satisfacer las necesidades de correr a larga distancia y correr a trav\u00e9s del pa\u00eds<br \/>\nHebilla y cremallera de alta calidad, s\u00f3lidas y duraderas<\/p>\n<p><img decoding=\"async\" title=\"Trail Running-mochila ultraligera de 5L, chaleco de hidrataci\u00f3n para correr, Marat\u00f3n, bicicleta, bolsa de agua con botella de Frasco blando de 500ml\" src=\"https:\/\/bodegaoutdoor.cl\/store\/wp-content\/uploads\/2020\/12\/24004-wt29c6.jpg\" alt=\"Trail Running-mochila ultraligera de 5L, chaleco de hidrataci\u00f3n para correr, Marat\u00f3n, bicicleta, bolsa de agua con botella de Frasco blando de 500ml\" \/><\/p>\n<\/div>\n<div>\n<p style=\"font-family: 'OpenSans'; color: #000; font-weight: 300; font-size: 14px; line-height: 20px; margin-bottom: 12px;\">Alta visibilidad para ser seguro: el material reflectante que es bastante luminoso en cualquier rayo de luz por la noche garantiza una carrera segura o ciclismo por la noche.<\/p>\n<p><img decoding=\"async\" title=\"Trail Running-mochila ultraligera de 5L, chaleco de hidrataci\u00f3n para correr, Marat\u00f3n, bicicleta, bolsa de agua con botella de Frasco blando de 500ml\" src=\"https:\/\/bodegaoutdoor.cl\/store\/wp-content\/uploads\/2020\/12\/24004-gosa05.jpg\" alt=\"Trail Running-mochila ultraligera de 5L, chaleco de hidrataci\u00f3n para correr, Marat\u00f3n, bicicleta, bolsa de agua con botella de Frasco blando de 500ml\" \/><\/p>\n<\/div>\n<div>\n<p style=\"font-family: 'OpenSans'; color: #000; font-weight: 900; font-size: 20px; line-height: 28px; margin-bottom: 12px;\">4 ampliamente utilizado<\/p>\n<p style=\"font-family: 'OpenSans'; color: #000; font-weight: 300; font-size: 14px; line-height: 20px; margin-bottom: 12px;\">Amplias aplicaciones: el chaleco impermeable y resistente para correr tiene como objetivo acompa\u00f1ar tu viaje de trote, correr, Marat\u00f3n, senderismo, escalada, ciclismo, caminar, mochilero, etc. Mochila de hidrataci\u00f3n NEWBOLER siempre est\u00e1 ah\u00ed para ti<\/p>\n<p><img decoding=\"async\" title=\"Trail Running-mochila ultraligera de 5L, chaleco de hidrataci\u00f3n para correr, Marat\u00f3n, bicicleta, bolsa de agua con botella de Frasco blando de 500ml\" src=\"https:\/\/bodegaoutdoor.cl\/store\/wp-content\/uploads\/2020\/12\/24004-mxjs65.jpg\" alt=\"Trail Running-mochila ultraligera de 5L, chaleco de hidrataci\u00f3n para correr, Marat\u00f3n, bicicleta, bolsa de agua con botella de Frasco blando de 500ml\" \/><\/p>\n<\/div>\n<div>\n<p style=\"font-family: 'OpenSans'; color: #000; font-weight: 900; font-size: 20px; line-height: 28px; margin-bottom: 12px;\">Sobre la bolsa de agua<\/p>\n<p style=\"font-family: 'OpenSans'; color: #000; font-weight: 300; font-size: 14px; line-height: 20px; margin-bottom: 12px;\">La bolsa de agua 2 L es opcional, pasa el SGS , SGS es la organizaci\u00f3n l\u00edder mundial de inspecci\u00f3n, verificaci\u00f3n, pruebas y certificaci\u00f3n y un punto de referencia mundialmente reconocido para la calidad y la integridad.<\/p>\n<p><img decoding=\"async\" title=\"Trail Running-mochila ultraligera de 5L, chaleco de hidrataci\u00f3n para correr, Marat\u00f3n, bicicleta, bolsa de agua con botella de Frasco blando de 500ml\" src=\"https:\/\/bodegaoutdoor.cl\/store\/wp-content\/uploads\/2020\/12\/24004-d96kg6.jpg\" alt=\"Trail Running-mochila ultraligera de 5L, chaleco de hidrataci\u00f3n para correr, Marat\u00f3n, bicicleta, bolsa de agua con botella de Frasco blando de 500ml\" \/><img decoding=\"async\" title=\"Trail Running-mochila ultraligera de 5L, chaleco de hidrataci\u00f3n para correr, Marat\u00f3n, bicicleta, bolsa de agua con botella de Frasco blando de 500ml\" src=\"https:\/\/bodegaoutdoor.cl\/store\/wp-content\/uploads\/2020\/12\/24004-au3ek4.jpg\" alt=\"Trail Running-mochila ultraligera de 5L, chaleco de hidrataci\u00f3n para correr, Marat\u00f3n, bicicleta, bolsa de agua con botella de Frasco blando de 500ml\" \/><img decoding=\"async\" title=\"Trail Running-mochila ultraligera de 5L, chaleco de hidrataci\u00f3n para correr, Marat\u00f3n, bicicleta, bolsa de agua con botella de Frasco blando de 500ml\" src=\"https:\/\/bodegaoutdoor.cl\/store\/wp-content\/uploads\/2020\/12\/24004-cgh2jy.jpg\" alt=\"Trail Running-mochila ultraligera de 5L, chaleco de hidrataci\u00f3n para correr, Marat\u00f3n, bicicleta, bolsa de agua con botella de Frasco blando de 500ml\" \/><\/p>\n<\/div>\n<div>\n<p style=\"font-family: 'OpenSans'; color: #000; font-weight: 900; font-size: 20px; line-height: 28px; margin-bottom: 12px;\">Bebida f\u00e1cil<\/p>\n<p style=\"font-family: 'OpenSans'; color: #000; font-weight: 300; font-size: 14px; line-height: 20px; margin-bottom: 12px;\">La ligera exfoliaci\u00f3n proporciona una gran hidrataci\u00f3n. Bebe agua con la pajita directamente o Ll\u00e9vatela f\u00e1cilmente sin quitar la mochila o Detener tus pasos. Botella de agua plegable conveniente para sus deportes al aire libre<\/p>\n<p><img decoding=\"async\" title=\"Trail Running-mochila ultraligera de 5L, chaleco de hidrataci\u00f3n para correr, Marat\u00f3n, bicicleta, bolsa de agua con botella de Frasco blando de 500ml\" src=\"https:\/\/bodegaoutdoor.cl\/store\/wp-content\/uploads\/2020\/12\/24004-qej4id.jpg\" alt=\"Trail Running-mochila ultraligera de 5L, chaleco de hidrataci\u00f3n para correr, Marat\u00f3n, bicicleta, bolsa de agua con botella de Frasco blando de 500ml\" \/><img decoding=\"async\" title=\"Trail Running-mochila ultraligera de 5L, chaleco de hidrataci\u00f3n para correr, Marat\u00f3n, bicicleta, bolsa de agua con botella de Frasco blando de 500ml\" src=\"https:\/\/bodegaoutdoor.cl\/store\/wp-content\/uploads\/2020\/12\/24004-qt7bcc.jpg\" alt=\"Trail Running-mochila ultraligera de 5L, chaleco de hidrataci\u00f3n para correr, Marat\u00f3n, bicicleta, bolsa de agua con botella de Frasco blando de 500ml\" \/><img decoding=\"async\" title=\"Trail Running-mochila ultraligera de 5L, chaleco de hidrataci\u00f3n para correr, Marat\u00f3n, bicicleta, bolsa de agua con botella de Frasco blando de 500ml\" src=\"https:\/\/bodegaoutdoor.cl\/store\/wp-content\/uploads\/2020\/12\/24004-k3dpzx.jpg\" alt=\"Trail Running-mochila ultraligera de 5L, chaleco de hidrataci\u00f3n para correr, Marat\u00f3n, bicicleta, bolsa de agua con botella de Frasco blando de 500ml\" \/><\/p>\n<\/div>\n<div>\n<p style=\"font-family: 'OpenSans'; color: #000; font-weight: 900; font-size: 20px; line-height: 28px; margin-bottom: 12px;\">Pr\u00e1ctico botellas de agua<\/p>\n<p style=\"font-family: 'OpenSans'; color: #000; font-weight: 300; font-size: 14px; line-height: 20px; margin-bottom: 12px;\">La botella de agua plegable con pajita\/boquilla se puede congelar y enfriar durante la noche, y recibe f\u00e1cilmente una bebida refrescante en el d\u00eda caluroso. Frasco especial de hidrataci\u00f3n suave dise\u00f1ado para uso diario y deportivo (temperatura recomendada: 0 &#8211; 40 \u2103)<\/p>\n<p><img decoding=\"async\" title=\"Trail Running-mochila ultraligera de 5L, chaleco de hidrataci\u00f3n para correr, Marat\u00f3n, bicicleta, bolsa de agua con botella de Frasco blando de 500ml\" src=\"https:\/\/bodegaoutdoor.cl\/store\/wp-content\/uploads\/2020\/12\/24004-k7omuj.jpg\" alt=\"Trail Running-mochila ultraligera de 5L, chaleco de hidrataci\u00f3n para correr, Marat\u00f3n, bicicleta, bolsa de agua con botella de Frasco blando de 500ml\" \/><img decoding=\"async\" title=\"Trail Running-mochila ultraligera de 5L, chaleco de hidrataci\u00f3n para correr, Marat\u00f3n, bicicleta, bolsa de agua con botella de Frasco blando de 500ml\" src=\"https:\/\/bodegaoutdoor.cl\/store\/wp-content\/uploads\/2020\/12\/24004-6mkduv.jpg\" alt=\"Trail Running-mochila ultraligera de 5L, chaleco de hidrataci\u00f3n para correr, Marat\u00f3n, bicicleta, bolsa de agua con botella de Frasco blando de 500ml\" \/><\/p>\n<\/div>\n<div>\n<p style=\"font-family: 'OpenSans'; color: #000; font-weight: 900; font-size: 20px; line-height: 28px; margin-bottom: 12px;\">5 sobre el color<\/p>\n<p style=\"font-family: 'OpenSans'; color: #000; font-weight: 300; font-size: 14px; line-height: 20px; margin-bottom: 12px;\">3 colores son opcionales<\/p>\n<p><img decoding=\"async\" title=\"Trail Running-mochila ultraligera de 5L, chaleco de hidrataci\u00f3n para correr, Marat\u00f3n, bicicleta, bolsa de agua con botella de Frasco blando de 500ml\" src=\"https:\/\/bodegaoutdoor.cl\/store\/wp-content\/uploads\/2020\/12\/24004-q3cgfr.jpg\" alt=\"Trail Running-mochila ultraligera de 5L, chaleco de hidrataci\u00f3n para correr, Marat\u00f3n, bicicleta, bolsa de agua con botella de Frasco blando de 500ml\" \/><\/p>\n<\/div>\n<div><img decoding=\"async\" title=\"Trail Running-mochila ultraligera de 5L, chaleco de hidrataci\u00f3n para correr, Marat\u00f3n, bicicleta, bolsa de agua con botella de Frasco blando de 500ml\" src=\"https:\/\/bodegaoutdoor.cl\/store\/wp-content\/uploads\/2020\/12\/24004-jzljj1.jpg\" alt=\"Trail Running-mochila ultraligera de 5L, chaleco de hidrataci\u00f3n para correr, Marat\u00f3n, bicicleta, bolsa de agua con botella de Frasco blando de 500ml\" \/><img decoding=\"async\" title=\"Trail Running-mochila ultraligera de 5L, chaleco de hidrataci\u00f3n para correr, Marat\u00f3n, bicicleta, bolsa de agua con botella de Frasco blando de 500ml\" src=\"https:\/\/bodegaoutdoor.cl\/store\/wp-content\/uploads\/2020\/12\/24004-j2bdpk.jpg\" alt=\"Trail Running-mochila ultraligera de 5L, chaleco de hidrataci\u00f3n para correr, Marat\u00f3n, bicicleta, bolsa de agua con botella de Frasco blando de 500ml\" \/><img decoding=\"async\" title=\"Trail Running-mochila ultraligera de 5L, chaleco de hidrataci\u00f3n para correr, Marat\u00f3n, bicicleta, bolsa de agua con botella de Frasco blando de 500ml\" src=\"https:\/\/bodegaoutdoor.cl\/store\/wp-content\/uploads\/2020\/12\/24004-03ctic.jpg\" alt=\"Trail Running-mochila ultraligera de 5L, chaleco de hidrataci\u00f3n para correr, Marat\u00f3n, bicicleta, bolsa de agua con botella de Frasco blando de 500ml\" \/><img decoding=\"async\" title=\"Trail Running-mochila ultraligera de 5L, chaleco de hidrataci\u00f3n para correr, Marat\u00f3n, bicicleta, bolsa de agua con botella de Frasco blando de 500ml\" src=\"https:\/\/bodegaoutdoor.cl\/store\/wp-content\/uploads\/2020\/12\/24004-c5lukq.jpg\" alt=\"Trail Running-mochila ultraligera de 5L, chaleco de hidrataci\u00f3n para correr, Marat\u00f3n, bicicleta, bolsa de agua con botella de Frasco blando de 500ml\" \/><\/div>\n\n    <div class=\"xs_social_share_widget xs_share_url after_content \t\tmain_content  wslu-style-1 wslu-share-box-shaped wslu-fill-colored wslu-none wslu-share-horizontal wslu-theme-font-no wslu-main_content\">\n\n\t\t\n        <ul>\n\t\t\t        <\/ul>\n    <\/div> \n","protected":false},"excerpt":{"rendered":"<p>1 sobre de la capacidad Gran capacidad de 5L: su volumen modesto y su gran capacidad de 5l le permiten llenar la bolsa de agua f\u00e1cilmente. Consiste en el bolsillo principal de la bolsa de agua, los bolsillos frontales de la botella de agua y el bolsillo del tel\u00e9fono inteligente de 5,5 pulgadas, tambi\u00e9n est\u00e1 [&hellip;]<\/p>\n","protected":false},"featured_media":24431,"comment_status":"open","ping_status":"closed","template":"","meta":{"jetpack_publicize_message":"","jetpack_publicize_feature_enabled":true,"jetpack_social_post_already_shared":true,"jetpack_social_options":{"image_generator_settings":{"template":"highway","enabled":false},"version":2}},"product_brand":[],"product_cat":[274,195],"product_tag":[],"class_list":{"0":"post-24004","1":"product","2":"type-product","3":"status-publish","4":"has-post-thumbnail","6":"product_cat-bananos-otros","7":"product_cat-mochilas","9":"first","10":"instock","11":"sale","12":"taxable","13":"shipping-taxable","14":"purchasable","15":"product-type-variable"},"jetpack_publicize_connections":[],"jetpack_sharing_enabled":true,"_links":{"self":[{"href":"https:\/\/bodegaoutdoor.cl\/store\/wp-json\/wp\/v2\/product\/24004","targetHints":{"allow":["GET"]}}],"collection":[{"href":"https:\/\/bodegaoutdoor.cl\/store\/wp-json\/wp\/v2\/product"}],"about":[{"href":"https:\/\/bodegaoutdoor.cl\/store\/wp-json\/wp\/v2\/types\/product"}],"replies":[{"embeddable":true,"href":"https:\/\/bodegaoutdoor.cl\/store\/wp-json\/wp\/v2\/comments?post=24004"}],"version-history":[{"count":2,"href":"https:\/\/bodegaoutdoor.cl\/store\/wp-json\/wp\/v2\/product\/24004\/revisions"}],"predecessor-version":[{"id":71102,"href":"https:\/\/bodegaoutdoor.cl\/store\/wp-json\/wp\/v2\/product\/24004\/revisions\/71102"}],"wp:featuredmedia":[{"embeddable":true,"href":"https:\/\/bodegaoutdoor.cl\/store\/wp-json\/wp\/v2\/media\/24431"}],"wp:attachment":[{"href":"https:\/\/bodegaoutdoor.cl\/store\/wp-json\/wp\/v2\/media?parent=24004"}],"wp:term":[{"taxonomy":"product_brand","embeddable":true,"href":"https:\/\/bodegaoutdoor.cl\/store\/wp-json\/wp\/v2\/product_brand?post=24004"},{"taxonomy":"product_cat","embeddable":true,"href":"https:\/\/bodegaoutdoor.cl\/store\/wp-json\/wp\/v2\/product_cat?post=24004"},{"taxonomy":"product_tag","embeddable":true,"href":"https:\/\/bodegaoutdoor.cl\/store\/wp-json\/wp\/v2\/product_tag?post=24004"}],"curies":[{"name":"wp","href":"https:\/\/api.w.org\/{rel}","templated":true}]}}