{"id":24452,"date":"2020-12-14T00:05:02","date_gmt":"2020-12-14T00:05:02","guid":{"rendered":"https:\/\/bodegaoutdoor.cl\/store\/product\/marathon-trail-rinonera-deportiva-para-hombre-y-mujer-corriendo-rinonera-para-telefono-botella-de-agua-pequeno-doble-rinonera-para-correr\/"},"modified":"2023-05-04T19:19:07","modified_gmt":"2023-05-04T23:19:07","slug":"marathon-trail-rinonera-deportiva-unissex-botella-de-agua-rinonera-para-correr","status":"publish","type":"product","link":"https:\/\/bodegaoutdoor.cl\/store\/product\/marathon-trail-rinonera-deportiva-unissex-botella-de-agua-rinonera-para-correr\/","title":{"rendered":"Marathon Trail-ri\u00f1onera deportiva Unissex, botella de agua, ri\u00f1onera para correr"},"content":{"rendered":"<div>\n<div>\n<table border=\"0\" cellspacing=\"0\" cellpadding=\"0\">\n<tbody>\n<tr>\n<td style=\"vertical-align: top;\"><img decoding=\"async\" title=\"Marathon Trail-ri\u00f1onera deportiva para hombre y mujer, Corriendo ri\u00f1onera para tel\u00e9fono, botella de agua, peque\u00f1o doble, ri\u00f1onera para correr\" src=\"https:\/\/bodegaoutdoor.cl\/store\/wp-content\/uploads\/2020\/12\/24452-bbcxaq.jpg\" alt=\"Marathon Trail-ri\u00f1onera deportiva para hombre y mujer, Corriendo ri\u00f1onera para tel\u00e9fono, botella de agua, peque\u00f1o doble, ri\u00f1onera para correr\" \/><\/td>\n<\/tr>\n<\/tbody>\n<\/table>\n<\/div>\n<\/div>\n<div>\n<div>\n<p><span style=\"font-family: arial, helvetica, sans-serif; font-size: 28px;\">Ri\u00f1onera deportiva para hombre\/mujer, Corriendo ri\u00f1onera de marat\u00f3n para tel\u00e9fono, ri\u00f1onera, peque\u00f1o doble, ri\u00f1onera para correr<\/span><\/p>\n<p>&nbsp;<\/p>\n<p style=\"line-height: 2em;\"><span style=\"font-family: arial, helvetica, sans-serif; font-size: 22px;\">Caracter\u00edsticas:<\/span><\/p>\n<p>&nbsp;<\/p>\n<ul style=\"width: 813.188px;\">\n<li>\n<p style=\"line-height: 2em;\"><span style=\"font-size: 20px;\">Material: material de Lycra<\/span><\/p>\n<p>&nbsp;<\/li>\n<li>\n<p style=\"line-height: 2em;\"><span style=\"font-size: 20px;\">Peso: 300g<\/span><\/p>\n<p>&nbsp;<\/li>\n<li><span style=\"font-size: 20px;\">Estructura: bolsa principal + ubicaci\u00f3n de 2 botellas<\/span>\n<p>&nbsp;<\/li>\n<li>\n<p style=\"line-height: 2em;\"><span style=\"font-size: 20px;\">Adecuado para: correr, caminar, trotar, Fitness, ciclismo<\/span><\/p>\n<p>&nbsp;<\/li>\n<\/ul>\n<p style=\"line-height: 2em;\"><span style=\"font-size: 20px;\">Nota:<\/span><\/p>\n<p>&nbsp;<\/p>\n<p>&nbsp;<\/p>\n<ul style=\"width: 813.188px;\">\n<li>\n<p style=\"line-height: 2em;\"><span style=\"font-size: 20px;\">Puede haber una diferencia de 1-3cm debido a la medici\u00f3n manual. Gracias.<\/span><\/p>\n<p>&nbsp;<\/li>\n<li>\n<p style=\"line-height: 2em;\"><span style=\"font-size: 20px;\">El color del art\u00edculo que se muestra en las fotos puede verse algo diferente en el monitor de tu ordenador, ya que los monitores no est\u00e1n calibrados del mismo modo<\/span><\/p>\n<\/li>\n<\/ul>\n<\/div>\n<\/div>\n<div><img decoding=\"async\" style=\"margin-bottom: 10px;\" title=\"Marathon Trail-ri\u00f1onera deportiva para hombre y mujer, Corriendo ri\u00f1onera para tel\u00e9fono, botella de agua, peque\u00f1o doble, ri\u00f1onera para correr\" src=\"https:\/\/bodegaoutdoor.cl\/store\/wp-content\/uploads\/2020\/12\/24452-tvksbo.jpg\" alt=\"Marathon Trail-ri\u00f1onera deportiva para hombre y mujer, Corriendo ri\u00f1onera para tel\u00e9fono, botella de agua, peque\u00f1o doble, ri\u00f1onera para correr\" \/><img decoding=\"async\" style=\"margin-bottom: 10px;\" title=\"Marathon Trail-ri\u00f1onera deportiva para hombre y mujer, Corriendo ri\u00f1onera para tel\u00e9fono, botella de agua, peque\u00f1o doble, ri\u00f1onera para correr\" src=\"https:\/\/bodegaoutdoor.cl\/store\/wp-content\/uploads\/2020\/12\/24452-1kgoq9.jpg\" alt=\"Marathon Trail-ri\u00f1onera deportiva para hombre y mujer, Corriendo ri\u00f1onera para tel\u00e9fono, botella de agua, peque\u00f1o doble, ri\u00f1onera para correr\" \/><img decoding=\"async\" style=\"margin-bottom: 10px;\" title=\"Marathon Trail-ri\u00f1onera deportiva para hombre y mujer, Corriendo ri\u00f1onera para tel\u00e9fono, botella de agua, peque\u00f1o doble, ri\u00f1onera para correr\" src=\"https:\/\/bodegaoutdoor.cl\/store\/wp-content\/uploads\/2020\/12\/24452-cypl4g.jpg\" alt=\"Marathon Trail-ri\u00f1onera deportiva para hombre y mujer, Corriendo ri\u00f1onera para tel\u00e9fono, botella de agua, peque\u00f1o doble, ri\u00f1onera para correr\" \/><img decoding=\"async\" style=\"margin-bottom: 10px;\" title=\"Marathon Trail-ri\u00f1onera deportiva para hombre y mujer, Corriendo ri\u00f1onera para tel\u00e9fono, botella de agua, peque\u00f1o doble, ri\u00f1onera para correr\" src=\"https:\/\/bodegaoutdoor.cl\/store\/wp-content\/uploads\/2020\/12\/24452-y3dfuz.jpg\" alt=\"Marathon Trail-ri\u00f1onera deportiva para hombre y mujer, Corriendo ri\u00f1onera para tel\u00e9fono, botella de agua, peque\u00f1o doble, ri\u00f1onera para correr\" \/><img decoding=\"async\" style=\"margin-bottom: 10px;\" title=\"Marathon Trail-ri\u00f1onera deportiva para hombre y mujer, Corriendo ri\u00f1onera para tel\u00e9fono, botella de agua, peque\u00f1o doble, ri\u00f1onera para correr\" src=\"https:\/\/bodegaoutdoor.cl\/store\/wp-content\/uploads\/2020\/12\/24452-nxsibt.jpg\" alt=\"Marathon Trail-ri\u00f1onera deportiva para hombre y mujer, Corriendo ri\u00f1onera para tel\u00e9fono, botella de agua, peque\u00f1o doble, ri\u00f1onera para correr\" \/><img decoding=\"async\" style=\"margin-bottom: 10px;\" title=\"Marathon Trail-ri\u00f1onera deportiva para hombre y mujer, Corriendo ri\u00f1onera para tel\u00e9fono, botella de agua, peque\u00f1o doble, ri\u00f1onera para correr\" src=\"https:\/\/bodegaoutdoor.cl\/store\/wp-content\/uploads\/2020\/12\/24452-lovp2s.jpg\" alt=\"Marathon Trail-ri\u00f1onera deportiva para hombre y mujer, Corriendo ri\u00f1onera para tel\u00e9fono, botella de agua, peque\u00f1o doble, ri\u00f1onera para correr\" \/><img decoding=\"async\" style=\"margin-bottom: 10px;\" title=\"Marathon Trail-ri\u00f1onera deportiva para hombre y mujer, Corriendo ri\u00f1onera para tel\u00e9fono, botella de agua, peque\u00f1o doble, ri\u00f1onera para correr\" src=\"https:\/\/bodegaoutdoor.cl\/store\/wp-content\/uploads\/2020\/12\/24452-yh66fm.jpg\" alt=\"Marathon Trail-ri\u00f1onera deportiva para hombre y mujer, Corriendo ri\u00f1onera para tel\u00e9fono, botella de agua, peque\u00f1o doble, ri\u00f1onera para correr\" \/><img decoding=\"async\" style=\"margin-bottom: 10px;\" title=\"Marathon Trail-ri\u00f1onera deportiva para hombre y mujer, Corriendo ri\u00f1onera para tel\u00e9fono, botella de agua, peque\u00f1o doble, ri\u00f1onera para correr\" src=\"https:\/\/bodegaoutdoor.cl\/store\/wp-content\/uploads\/2020\/12\/24452-p5lrct.jpg\" alt=\"Marathon Trail-ri\u00f1onera deportiva para hombre y mujer, Corriendo ri\u00f1onera para tel\u00e9fono, botella de agua, peque\u00f1o doble, ri\u00f1onera para correr\" \/><img decoding=\"async\" style=\"margin-bottom: 10px;\" title=\"Marathon Trail-ri\u00f1onera deportiva para hombre y mujer, Corriendo ri\u00f1onera para tel\u00e9fono, botella de agua, peque\u00f1o doble, ri\u00f1onera para correr\" src=\"https:\/\/bodegaoutdoor.cl\/store\/wp-content\/uploads\/2020\/12\/24452-bltdas.jpg\" alt=\"Marathon Trail-ri\u00f1onera deportiva para hombre y mujer, Corriendo ri\u00f1onera para tel\u00e9fono, botella de agua, peque\u00f1o doble, ri\u00f1onera para correr\" \/><img decoding=\"async\" style=\"margin-bottom: 10px;\" title=\"Marathon Trail-ri\u00f1onera deportiva para hombre y mujer, Corriendo ri\u00f1onera para tel\u00e9fono, botella de agua, peque\u00f1o doble, ri\u00f1onera para correr\" src=\"https:\/\/bodegaoutdoor.cl\/store\/wp-content\/uploads\/2020\/12\/24452-9qwri0.jpg\" alt=\"Marathon Trail-ri\u00f1onera deportiva para hombre y mujer, Corriendo ri\u00f1onera para tel\u00e9fono, botella de agua, peque\u00f1o doble, ri\u00f1onera para correr\" \/><img decoding=\"async\" style=\"margin-bottom: 10px;\" title=\"Marathon Trail-ri\u00f1onera deportiva para hombre y mujer, Corriendo ri\u00f1onera para tel\u00e9fono, botella de agua, peque\u00f1o doble, ri\u00f1onera para correr\" src=\"https:\/\/bodegaoutdoor.cl\/store\/wp-content\/uploads\/2020\/12\/24452-u0nmdx.jpg\" alt=\"Marathon Trail-ri\u00f1onera deportiva para hombre y mujer, Corriendo ri\u00f1onera para tel\u00e9fono, botella de agua, peque\u00f1o doble, ri\u00f1onera para correr\" \/><img decoding=\"async\" style=\"margin-bottom: 10px;\" title=\"Marathon Trail-ri\u00f1onera deportiva para hombre y mujer, Corriendo ri\u00f1onera para tel\u00e9fono, botella de agua, peque\u00f1o doble, ri\u00f1onera para correr\" src=\"https:\/\/bodegaoutdoor.cl\/store\/wp-content\/uploads\/2020\/12\/24452-f8f21v.jpg\" alt=\"Marathon Trail-ri\u00f1onera deportiva para hombre y mujer, Corriendo ri\u00f1onera para tel\u00e9fono, botella de agua, peque\u00f1o doble, ri\u00f1onera para correr\" \/><img decoding=\"async\" style=\"margin-bottom: 10px;\" title=\"Marathon Trail-ri\u00f1onera deportiva para hombre y mujer, Corriendo ri\u00f1onera para tel\u00e9fono, botella de agua, peque\u00f1o doble, ri\u00f1onera para correr\" src=\"https:\/\/bodegaoutdoor.cl\/store\/wp-content\/uploads\/2020\/12\/24452-hjr6h0.jpg\" alt=\"Marathon Trail-ri\u00f1onera deportiva para hombre y mujer, Corriendo ri\u00f1onera para tel\u00e9fono, botella de agua, peque\u00f1o doble, ri\u00f1onera para correr\" \/><img decoding=\"async\" style=\"margin-bottom: 10px;\" title=\"Marathon Trail-ri\u00f1onera deportiva para hombre y mujer, Corriendo ri\u00f1onera para tel\u00e9fono, botella de agua, peque\u00f1o doble, ri\u00f1onera para correr\" src=\"https:\/\/bodegaoutdoor.cl\/store\/wp-content\/uploads\/2020\/12\/24452-us2jvf.jpg\" alt=\"Marathon Trail-ri\u00f1onera deportiva para hombre y mujer, Corriendo ri\u00f1onera para tel\u00e9fono, botella de agua, peque\u00f1o doble, ri\u00f1onera para correr\" \/><img decoding=\"async\" style=\"margin-bottom: 10px;\" title=\"Marathon Trail-ri\u00f1onera deportiva para hombre y mujer, Corriendo ri\u00f1onera para tel\u00e9fono, botella de agua, peque\u00f1o doble, ri\u00f1onera para correr\" src=\"https:\/\/bodegaoutdoor.cl\/store\/wp-content\/uploads\/2020\/12\/24452-mpgi6e.jpg\" alt=\"Marathon Trail-ri\u00f1onera deportiva para hombre y mujer, Corriendo ri\u00f1onera para tel\u00e9fono, botella de agua, peque\u00f1o doble, ri\u00f1onera para correr\" \/><img decoding=\"async\" style=\"margin-bottom: 10px;\" title=\"Marathon Trail-ri\u00f1onera deportiva para hombre y mujer, Corriendo ri\u00f1onera para tel\u00e9fono, botella de agua, peque\u00f1o doble, ri\u00f1onera para correr\" src=\"https:\/\/bodegaoutdoor.cl\/store\/wp-content\/uploads\/2020\/12\/24452-y5hbqv.jpg\" alt=\"Marathon Trail-ri\u00f1onera deportiva para hombre y mujer, Corriendo ri\u00f1onera para tel\u00e9fono, botella de agua, peque\u00f1o doble, ri\u00f1onera para correr\" \/><img decoding=\"async\" style=\"margin-bottom: 10px;\" title=\"Marathon Trail-ri\u00f1onera deportiva para hombre y mujer, Corriendo ri\u00f1onera para tel\u00e9fono, botella de agua, peque\u00f1o doble, ri\u00f1onera para correr\" src=\"https:\/\/bodegaoutdoor.cl\/store\/wp-content\/uploads\/2020\/12\/24452-d1c5rk.jpg\" alt=\"Marathon Trail-ri\u00f1onera deportiva para hombre y mujer, Corriendo ri\u00f1onera para tel\u00e9fono, botella de agua, peque\u00f1o doble, ri\u00f1onera para correr\" \/><\/div>\n\n    <div class=\"xs_social_share_widget xs_share_url after_content \t\tmain_content  wslu-style-1 wslu-share-box-shaped wslu-fill-colored wslu-none wslu-share-horizontal wslu-theme-font-no wslu-main_content\">\n\n\t\t\n        <ul>\n\t\t\t        <\/ul>\n    <\/div> \n","protected":false},"excerpt":{"rendered":"<p>Ri\u00f1onera deportiva para hombre\/mujer, Corriendo ri\u00f1onera de marat\u00f3n para tel\u00e9fono, ri\u00f1onera, peque\u00f1o doble, ri\u00f1onera para correr &nbsp; Caracter\u00edsticas: &nbsp; Material: material de Lycra &nbsp; Peso: 300g &nbsp; Estructura: bolsa principal + ubicaci\u00f3n de 2 botellas &nbsp; Adecuado para: correr, caminar, trotar, Fitness, ciclismo &nbsp; Nota: &nbsp; &nbsp; Puede haber una diferencia de 1-3cm debido a [&hellip;]<\/p>\n","protected":false},"featured_media":24680,"comment_status":"open","ping_status":"closed","template":"","meta":{"jetpack_publicize_message":"","jetpack_publicize_feature_enabled":true,"jetpack_social_post_already_shared":true,"jetpack_social_options":{"image_generator_settings":{"template":"highway","enabled":false},"version":2}},"product_brand":[],"product_cat":[274,195],"product_tag":[],"class_list":{"0":"post-24452","1":"product","2":"type-product","3":"status-publish","4":"has-post-thumbnail","6":"product_cat-bananos-otros","7":"product_cat-mochilas","9":"first","10":"instock","11":"sale","12":"taxable","13":"shipping-taxable","14":"purchasable","15":"product-type-variable"},"jetpack_publicize_connections":[],"jetpack_sharing_enabled":true,"_links":{"self":[{"href":"https:\/\/bodegaoutdoor.cl\/store\/wp-json\/wp\/v2\/product\/24452","targetHints":{"allow":["GET"]}}],"collection":[{"href":"https:\/\/bodegaoutdoor.cl\/store\/wp-json\/wp\/v2\/product"}],"about":[{"href":"https:\/\/bodegaoutdoor.cl\/store\/wp-json\/wp\/v2\/types\/product"}],"replies":[{"embeddable":true,"href":"https:\/\/bodegaoutdoor.cl\/store\/wp-json\/wp\/v2\/comments?post=24452"}],"version-history":[{"count":1,"href":"https:\/\/bodegaoutdoor.cl\/store\/wp-json\/wp\/v2\/product\/24452\/revisions"}],"predecessor-version":[{"id":71100,"href":"https:\/\/bodegaoutdoor.cl\/store\/wp-json\/wp\/v2\/product\/24452\/revisions\/71100"}],"wp:featuredmedia":[{"embeddable":true,"href":"https:\/\/bodegaoutdoor.cl\/store\/wp-json\/wp\/v2\/media\/24680"}],"wp:attachment":[{"href":"https:\/\/bodegaoutdoor.cl\/store\/wp-json\/wp\/v2\/media?parent=24452"}],"wp:term":[{"taxonomy":"product_brand","embeddable":true,"href":"https:\/\/bodegaoutdoor.cl\/store\/wp-json\/wp\/v2\/product_brand?post=24452"},{"taxonomy":"product_cat","embeddable":true,"href":"https:\/\/bodegaoutdoor.cl\/store\/wp-json\/wp\/v2\/product_cat?post=24452"},{"taxonomy":"product_tag","embeddable":true,"href":"https:\/\/bodegaoutdoor.cl\/store\/wp-json\/wp\/v2\/product_tag?post=24452"}],"curies":[{"name":"wp","href":"https:\/\/api.w.org\/{rel}","templated":true}]}}