{"id":24823,"date":"2020-12-15T15:22:57","date_gmt":"2020-12-15T15:22:57","guid":{"rendered":"https:\/\/bodegaoutdoor.cl\/store\/product\/gafas-de-malla-de-metal-para-adultos-proteccion-para-ojos-tacticos-para-deportes-al-aire-libre-senderismo-caza-accesorios\/"},"modified":"2023-05-04T19:19:07","modified_gmt":"2023-05-04T23:19:07","slug":"gafas-de-malla-de-metal-proteccion-para-ojos-tacticos-para-deportes-outdoor","status":"publish","type":"product","link":"https:\/\/bodegaoutdoor.cl\/store\/product\/gafas-de-malla-de-metal-proteccion-para-ojos-tacticos-para-deportes-outdoor\/","title":{"rendered":"Gafas de malla de Metal, protecci\u00f3n para ojos t\u00e1cticos, para deportes outdoor"},"content":{"rendered":"<div style=\"width: 710.0px; font-family: tahoma , geneva , sans-serif;\">\n<div style=\"font-size: 20.0px; font-weight: bold; padding: 8.0px 10.0px; text-align: center;\"><\/div>\n<div>\n<table border=\"0\" width=\"100%\" cellspacing=\"0\" cellpadding=\"0\">\n<tbody>\n<tr>\n<td style=\"width: 130.0px; height: 25.0px; background-color: #126b62; padding-left: 10.0px; color: #ffffff; font-size: 14.0px; font-weight: bold; border-radius: 40.0px;\">Descripci\u00f3n<\/td>\n<td style=\"height: 25.0px; border-bottom: #126b62 solid 1.0px;\"><\/td>\n<\/tr>\n<\/tbody>\n<\/table>\n<\/div>\n<div style=\"padding: 15.0px; line-height: 1.6em; margin-bottom: 5.0px; overflow: hidden; height: 100.0%;\">\n<p><span style=\"color: #e53333;\"><strong>Introducci\u00f3n:<\/strong><\/span><br \/>\nEstas gafas de malla de Metal est\u00e1n hechas de malla de alambre de acero y PVC de alta calidad. Protege tus ojos de golpes por insectos y heridas por ramas de \u00e1rboles en bosques de campo. Es perfecto para disparar z\u00f3calo, esqu\u00ed, montar, actividades al aire libre, caza y uso militar.<\/p>\n<p><span style=\"color: #e53333;\"><strong>Caracter\u00edsticas:<\/strong><\/span><br \/>\n100% nuevo y de alta calidad<br \/>\nExcelente y especial apariencia t\u00e1ctica DL<br \/>\nPerfecto para disparar, esquiar, montar, actividades al aire libre, caza<br \/>\nCorrea el\u00e1stica ajustable<br \/>\nLentes y malla que elimina el problema de la niebla<br \/>\nEl marco interior est\u00e1 sentado con espuma suave para un uso c\u00f3modo<br \/>\nIdeal para juegos al aire libre como airsoft, swat, war game, etc.<br \/>\nDise\u00f1ado para uso a largo plazo y compatibilidad con casco<br \/>\nProtecci\u00f3n s\u00f3lida para sus ojos y le da una visi\u00f3n clara<\/p>\n<p><span style=\"color: #e53333;\"><strong>Especificaciones:<\/strong><\/span><br \/>\nTama\u00f1o: 25x25x11 cm x 3cm<br \/>\nPeso: 3,00 oz<br \/>\nColor como se muestra en las im\u00e1genes<\/p>\n<p>&nbsp;<\/p>\n<\/div>\n<div>\n<table border=\"0\" width=\"100%\" cellspacing=\"0\" cellpadding=\"0\">\n<tbody>\n<tr>\n<td style=\"width: 130.0px; height: 25.0px; background-color: #126b62; padding-left: 10.0px; color: #ffffff; font-size: 14.0px; font-weight: bold; border-radius: 40.0px;\">Crisol de grafito mini horno de oro de la antorcha de fusi\u00f3n del metal<\/td>\n<td style=\"height: 25.0px; border-bottom: #126b62 solid 1.0px;\"><\/td>\n<\/tr>\n<\/tbody>\n<\/table>\n<\/div>\n<div style=\"padding: 15.0px; line-height: 1.6em; margin-bottom: 5.0px; overflow: hidden; height: 100.0%;\">1 x gafas de malla met\u00e1lica<\/div>\n<div><img decoding=\"async\" style=\"border: solid 1.0px #999999; margin-bottom: 3.0px;\" title=\"Gafas de malla de Metal para adultos, protecci\u00f3n para ojos t\u00e1cticos, para deportes al aire libre, senderismo, caza, accesorios\" src=\"https:\/\/bodegaoutdoor.cl\/store\/wp-content\/uploads\/2020\/12\/24823-dn59tj.jpg\" alt=\"Gafas de malla de Metal para adultos, protecci\u00f3n para ojos t\u00e1cticos, para deportes al aire libre, senderismo, caza, accesorios\" \/><br \/>\n<img decoding=\"async\" style=\"border: solid 1.0px #999999; margin-bottom: 3.0px;\" title=\"Gafas de malla de Metal para adultos, protecci\u00f3n para ojos t\u00e1cticos, para deportes al aire libre, senderismo, caza, accesorios\" src=\"https:\/\/bodegaoutdoor.cl\/store\/wp-content\/uploads\/2020\/12\/24823-qfw6vc.jpg\" alt=\"Gafas de malla de Metal para adultos, protecci\u00f3n para ojos t\u00e1cticos, para deportes al aire libre, senderismo, caza, accesorios\" \/><br \/>\n<img decoding=\"async\" style=\"border: solid 1.0px #999999; margin-bottom: 3.0px;\" title=\"Gafas de malla de Metal para adultos, protecci\u00f3n para ojos t\u00e1cticos, para deportes al aire libre, senderismo, caza, accesorios\" src=\"https:\/\/bodegaoutdoor.cl\/store\/wp-content\/uploads\/2020\/12\/24823-r0zvyw.jpg\" alt=\"Gafas de malla de Metal para adultos, protecci\u00f3n para ojos t\u00e1cticos, para deportes al aire libre, senderismo, caza, accesorios\" \/><br \/>\n<img decoding=\"async\" style=\"border: solid 1.0px #999999; margin-bottom: 3.0px;\" title=\"Gafas de malla de Metal para adultos, protecci\u00f3n para ojos t\u00e1cticos, para deportes al aire libre, senderismo, caza, accesorios\" src=\"https:\/\/bodegaoutdoor.cl\/store\/wp-content\/uploads\/2020\/12\/24823-xc1awz.jpg\" alt=\"Gafas de malla de Metal para adultos, protecci\u00f3n para ojos t\u00e1cticos, para deportes al aire libre, senderismo, caza, accesorios\" \/><br \/>\n<img decoding=\"async\" style=\"border: solid 1.0px #999999; margin-bottom: 3.0px;\" title=\"Gafas de malla de Metal para adultos, protecci\u00f3n para ojos t\u00e1cticos, para deportes al aire libre, senderismo, caza, accesorios\" src=\"https:\/\/bodegaoutdoor.cl\/store\/wp-content\/uploads\/2020\/12\/24823-1rhuxv.jpg\" alt=\"Gafas de malla de Metal para adultos, protecci\u00f3n para ojos t\u00e1cticos, para deportes al aire libre, senderismo, caza, accesorios\" \/><br \/>\n<img decoding=\"async\" style=\"border: solid 1.0px #999999; margin-bottom: 3.0px;\" title=\"Gafas de malla de Metal para adultos, protecci\u00f3n para ojos t\u00e1cticos, para deportes al aire libre, senderismo, caza, accesorios\" src=\"https:\/\/bodegaoutdoor.cl\/store\/wp-content\/uploads\/2020\/12\/24823-vrog9z.jpg\" alt=\"Gafas de malla de Metal para adultos, protecci\u00f3n para ojos t\u00e1cticos, para deportes al aire libre, senderismo, caza, accesorios\" \/><br \/>\n<img decoding=\"async\" style=\"border: solid 1.0px #999999; margin-bottom: 3.0px;\" title=\"Gafas de malla de Metal para adultos, protecci\u00f3n para ojos t\u00e1cticos, para deportes al aire libre, senderismo, caza, accesorios\" src=\"https:\/\/bodegaoutdoor.cl\/store\/wp-content\/uploads\/2020\/12\/24823-ieqsrx.jpg\" alt=\"Gafas de malla de Metal para adultos, protecci\u00f3n para ojos t\u00e1cticos, para deportes al aire libre, senderismo, caza, accesorios\" \/><\/div>\n<div><\/div>\n<\/div>\n\n    <div class=\"xs_social_share_widget xs_share_url after_content \t\tmain_content  wslu-style-1 wslu-share-box-shaped wslu-fill-colored wslu-none wslu-share-horizontal wslu-theme-font-no wslu-main_content\">\n\n\t\t\n        <ul>\n\t\t\t        <\/ul>\n    <\/div> \n","protected":false},"excerpt":{"rendered":"<p>Descripci\u00f3n Introducci\u00f3n: Estas gafas de malla de Metal est\u00e1n hechas de malla de alambre de acero y PVC de alta calidad. Protege tus ojos de golpes por insectos y heridas por ramas de \u00e1rboles en bosques de campo. Es perfecto para disparar z\u00f3calo, esqu\u00ed, montar, actividades al aire libre, caza y uso militar. Caracter\u00edsticas: 100% [&hellip;]<\/p>\n","protected":false},"featured_media":24864,"comment_status":"open","ping_status":"closed","template":"","meta":{"jetpack_publicize_message":"","jetpack_publicize_feature_enabled":true,"jetpack_social_post_already_shared":true,"jetpack_social_options":{"image_generator_settings":{"template":"highway","enabled":false},"version":2}},"product_brand":[],"product_cat":[487,38],"product_tag":[],"class_list":{"0":"post-24823","1":"product","2":"type-product","3":"status-publish","4":"has-post-thumbnail","6":"product_cat-airsoft","7":"product_cat-lentes","9":"first","10":"instock","11":"sale","12":"taxable","13":"shipping-taxable","14":"purchasable","15":"product-type-variable"},"jetpack_publicize_connections":[],"jetpack_sharing_enabled":true,"_links":{"self":[{"href":"https:\/\/bodegaoutdoor.cl\/store\/wp-json\/wp\/v2\/product\/24823","targetHints":{"allow":["GET"]}}],"collection":[{"href":"https:\/\/bodegaoutdoor.cl\/store\/wp-json\/wp\/v2\/product"}],"about":[{"href":"https:\/\/bodegaoutdoor.cl\/store\/wp-json\/wp\/v2\/types\/product"}],"replies":[{"embeddable":true,"href":"https:\/\/bodegaoutdoor.cl\/store\/wp-json\/wp\/v2\/comments?post=24823"}],"version-history":[{"count":2,"href":"https:\/\/bodegaoutdoor.cl\/store\/wp-json\/wp\/v2\/product\/24823\/revisions"}],"predecessor-version":[{"id":71096,"href":"https:\/\/bodegaoutdoor.cl\/store\/wp-json\/wp\/v2\/product\/24823\/revisions\/71096"}],"wp:featuredmedia":[{"embeddable":true,"href":"https:\/\/bodegaoutdoor.cl\/store\/wp-json\/wp\/v2\/media\/24864"}],"wp:attachment":[{"href":"https:\/\/bodegaoutdoor.cl\/store\/wp-json\/wp\/v2\/media?parent=24823"}],"wp:term":[{"taxonomy":"product_brand","embeddable":true,"href":"https:\/\/bodegaoutdoor.cl\/store\/wp-json\/wp\/v2\/product_brand?post=24823"},{"taxonomy":"product_cat","embeddable":true,"href":"https:\/\/bodegaoutdoor.cl\/store\/wp-json\/wp\/v2\/product_cat?post=24823"},{"taxonomy":"product_tag","embeddable":true,"href":"https:\/\/bodegaoutdoor.cl\/store\/wp-json\/wp\/v2\/product_tag?post=24823"}],"curies":[{"name":"wp","href":"https:\/\/api.w.org\/{rel}","templated":true}]}}