{"id":24836,"date":"2020-12-15T15:23:49","date_gmt":"2020-12-15T15:23:49","guid":{"rendered":"https:\/\/bodegaoutdoor.cl\/store\/product\/molle-funda-de-transporte-tactica-para-gafas-estuche-de-gafas-de-sol-portatil-resistente-al-agua-a-prueba-de-golpes\/"},"modified":"2023-05-04T19:19:07","modified_gmt":"2023-05-04T23:19:07","slug":"molle-funda-de-transporte-tactica-para-gafas-resistente-al-agua-y-golpes","status":"publish","type":"product","link":"https:\/\/bodegaoutdoor.cl\/store\/product\/molle-funda-de-transporte-tactica-para-gafas-resistente-al-agua-y-golpes\/","title":{"rendered":"Molle-funda de transporte t\u00e1ctica para gafas, resistente al agua y golpes"},"content":{"rendered":"<div><\/div>\n<div>\n<div>\n<div><\/div>\n<div><\/div>\n<div><\/div>\n<div><span style=\"font-size: 20.0px;\">. Caracter\u00edstica.<\/span><\/div>\n<div><\/div>\n<ul>\n<li><span style=\"font-family: verdana , geneva , sans-serif;\"><span style=\"font-size: 16.0px;\">Material resistente al agua y al desgaste 600D de alta calidad, duradero y f\u00e1cil de cuidar.<\/span><\/span><\/li>\n<li><span style=\"font-family: verdana , geneva , sans-serif;\"><span style=\"font-size: 16.0px;\">Estructura semirr\u00edgida, muy resistente a la presi\u00f3n. Un revestimiento suave protege los cristales de las gafas de da\u00f1os.<\/span><\/span><\/li>\n<li><span style=\"font-family: verdana , geneva , sans-serif;\"><span style=\"font-size: 16.0px;\">El sistema molle se puede unir a otras bolsas, cinturones y chalecos t\u00e1cticos.<\/span><\/span><\/li>\n<li><span style=\"font-family: verdana , geneva , sans-serif;\"><span style=\"font-size: 16.0px;\">La hebilla de pl\u00e1stico se puede colgar en el anillo D para una f\u00e1cil de llevar. Tambi\u00e9n puede montar un mosquet\u00f3n en la caja de gafas.<\/span><\/span><\/li>\n<li><span style=\"font-family: verdana , geneva , sans-serif;\"><span style=\"font-size: 16.0px;\">Las cremalleras de la cuerda del paraguas lo hacen f\u00e1cil de usar, incluso t\u00fa usas guantes.<\/span><\/span><\/li>\n<li><span style=\"font-family: verdana , geneva , sans-serif;\"><span style=\"font-size: 16.0px;\">Accesorios de alta calidad, respetuosos con el medio ambiente y duraderos.<\/span><\/span><\/li>\n<li><span style=\"font-family: verdana , geneva , sans-serif;\"><span style=\"font-size: 16.0px;\">Perfecto para actividades al aire libre, como iking, unning, caza, ciclismo, etc.<\/span><\/span><\/li>\n<li><span style=\"font-family: verdana , geneva , sans-serif;\"><span style=\"font-size: 16.0px;\">3 colores a elegir. Se adapta a sus necesidades individuales.<\/span><\/span><\/li>\n<\/ul>\n<p>&nbsp;<\/p>\n<div><span style=\"font-size: 20.0px;\">. Las especificaciones.<\/span><\/div>\n<div><\/div>\n<div>\n<ul>\n<li><span style=\"font-family: verdana , geneva , sans-serif;\"><span style=\"font-size: 16.0px;\">Material: 600D de Nylon<\/span><\/span><\/li>\n<li><span style=\"font-family: verdana , geneva , sans-serif;\"><span style=\"font-size: 16.0px;\">Color: negro; Tostado; ACU<\/span><\/span><\/li>\n<li><span style=\"font-family: verdana , geneva , sans-serif;\"><span style=\"font-size: 16.0px;\">Tama\u00f1o: 16,5 cm * 7,5 cm * 4,5 cm<\/span><\/span><\/li>\n<li><span style=\"font-family: verdana , geneva , sans-serif;\"><span style=\"font-size: 16.0px;\">Peso: 150g<\/span><\/span><\/li>\n<\/ul>\n<p>&nbsp;<\/p>\n<\/div>\n<div style=\"text-align: center;\"><\/div>\n<div style=\"text-align: center;\"><\/div>\n<div style=\"text-align: center;\"><img decoding=\"async\" title=\"Molle-funda de transporte t\u00e1ctica para gafas, estuche de gafas de sol port\u00e1til, resistente al agua, a prueba de golpes\" src=\"https:\/\/bodegaoutdoor.cl\/store\/wp-content\/uploads\/2020\/12\/24836-v1myvx.jpg\" alt=\"Molle-funda de transporte t\u00e1ctica para gafas, estuche de gafas de sol port\u00e1til, resistente al agua, a prueba de golpes\" \/><br \/>\n<img decoding=\"async\" style=\"font-size: 12.0px;\" title=\"Molle-funda de transporte t\u00e1ctica para gafas, estuche de gafas de sol port\u00e1til, resistente al agua, a prueba de golpes\" src=\"https:\/\/bodegaoutdoor.cl\/store\/wp-content\/uploads\/2020\/12\/24836-yjyejj.jpg\" alt=\"Molle-funda de transporte t\u00e1ctica para gafas, estuche de gafas de sol port\u00e1til, resistente al agua, a prueba de golpes\" \/><br \/>\n<img decoding=\"async\" style=\"font-size: 12.0px;\" title=\"Molle-funda de transporte t\u00e1ctica para gafas, estuche de gafas de sol port\u00e1til, resistente al agua, a prueba de golpes\" src=\"https:\/\/bodegaoutdoor.cl\/store\/wp-content\/uploads\/2020\/12\/24836-mngmbr.jpg\" alt=\"Molle-funda de transporte t\u00e1ctica para gafas, estuche de gafas de sol port\u00e1til, resistente al agua, a prueba de golpes\" \/><br \/>\n<img decoding=\"async\" style=\"font-size: 12.0px;\" title=\"Molle-funda de transporte t\u00e1ctica para gafas, estuche de gafas de sol port\u00e1til, resistente al agua, a prueba de golpes\" src=\"https:\/\/bodegaoutdoor.cl\/store\/wp-content\/uploads\/2020\/12\/24836-fsurte.jpg\" alt=\"Molle-funda de transporte t\u00e1ctica para gafas, estuche de gafas de sol port\u00e1til, resistente al agua, a prueba de golpes\" \/><br \/>\n<img decoding=\"async\" style=\"font-size: 12.0px;\" title=\"Molle-funda de transporte t\u00e1ctica para gafas, estuche de gafas de sol port\u00e1til, resistente al agua, a prueba de golpes\" src=\"https:\/\/bodegaoutdoor.cl\/store\/wp-content\/uploads\/2020\/12\/24836-sectbu.jpg\" alt=\"Molle-funda de transporte t\u00e1ctica para gafas, estuche de gafas de sol port\u00e1til, resistente al agua, a prueba de golpes\" \/><br \/>\n<img decoding=\"async\" style=\"font-size: 12.0px;\" title=\"Molle-funda de transporte t\u00e1ctica para gafas, estuche de gafas de sol port\u00e1til, resistente al agua, a prueba de golpes\" src=\"https:\/\/bodegaoutdoor.cl\/store\/wp-content\/uploads\/2020\/12\/24836-3sgxbl.jpg\" alt=\"Molle-funda de transporte t\u00e1ctica para gafas, estuche de gafas de sol port\u00e1til, resistente al agua, a prueba de golpes\" \/><\/div>\n<div style=\"text-align: center;\"><\/div>\n<div style=\"text-align: center;\"><\/div>\n<div style=\"text-align: center;\"><\/div>\n<div style=\"text-align: center;\"><\/div>\n<div style=\"text-align: center;\"><\/div>\n<div style=\"text-align: center;\"><\/div>\n<div style=\"text-align: center;\"><\/div>\n<div style=\"text-align: center;\"><strong><span style=\"font-family: sans-serif;\"><span style=\"font-family: times new roman , times , serif;\"><span style=\"font-size: 26.0px;\">P R O D U C T S H O W<\/span><\/span><\/span><\/strong><\/div>\n<div style=\"text-align: center;\"><\/div>\n<div style=\"text-align: center;\"><\/div>\n<div style=\"text-align: center;\"><strong><span style=\"font-family: sans-serif;\"><span style=\"font-family: times new roman , times , serif;\"><span style=\"font-size: 26.0px;\"><img decoding=\"async\" title=\"Molle-funda de transporte t\u00e1ctica para gafas, estuche de gafas de sol port\u00e1til, resistente al agua, a prueba de golpes\" src=\"https:\/\/bodegaoutdoor.cl\/store\/wp-content\/uploads\/2020\/12\/24836-fmck6g.jpg\" alt=\"Molle-funda de transporte t\u00e1ctica para gafas, estuche de gafas de sol port\u00e1til, resistente al agua, a prueba de golpes\" \/><img decoding=\"async\" title=\"Molle-funda de transporte t\u00e1ctica para gafas, estuche de gafas de sol port\u00e1til, resistente al agua, a prueba de golpes\" src=\"https:\/\/bodegaoutdoor.cl\/store\/wp-content\/uploads\/2020\/12\/24836-tdy8q8.jpg\" alt=\"Molle-funda de transporte t\u00e1ctica para gafas, estuche de gafas de sol port\u00e1til, resistente al agua, a prueba de golpes\" \/><img decoding=\"async\" title=\"Molle-funda de transporte t\u00e1ctica para gafas, estuche de gafas de sol port\u00e1til, resistente al agua, a prueba de golpes\" src=\"https:\/\/bodegaoutdoor.cl\/store\/wp-content\/uploads\/2020\/12\/24836-noeyfw.jpg\" alt=\"Molle-funda de transporte t\u00e1ctica para gafas, estuche de gafas de sol port\u00e1til, resistente al agua, a prueba de golpes\" \/><img decoding=\"async\" title=\"Molle-funda de transporte t\u00e1ctica para gafas, estuche de gafas de sol port\u00e1til, resistente al agua, a prueba de golpes\" src=\"https:\/\/bodegaoutdoor.cl\/store\/wp-content\/uploads\/2020\/12\/24836-hvsend.jpg\" alt=\"Molle-funda de transporte t\u00e1ctica para gafas, estuche de gafas de sol port\u00e1til, resistente al agua, a prueba de golpes\" \/><\/span><\/span><\/span><\/strong><\/div>\n<div style=\"text-align: center;\"><strong><span style=\"font-family: sans-serif;\"><span style=\"font-family: times new roman , times , serif;\"><span style=\"font-size: 26.0px;\"><img decoding=\"async\" title=\"Molle-funda de transporte t\u00e1ctica para gafas, estuche de gafas de sol port\u00e1til, resistente al agua, a prueba de golpes\" src=\"https:\/\/bodegaoutdoor.cl\/store\/wp-content\/uploads\/2020\/12\/24836-xfjwmv.jpg\" alt=\"Molle-funda de transporte t\u00e1ctica para gafas, estuche de gafas de sol port\u00e1til, resistente al agua, a prueba de golpes\" \/><img decoding=\"async\" title=\"Molle-funda de transporte t\u00e1ctica para gafas, estuche de gafas de sol port\u00e1til, resistente al agua, a prueba de golpes\" src=\"https:\/\/bodegaoutdoor.cl\/store\/wp-content\/uploads\/2020\/12\/24836-dfquvi.jpg\" alt=\"Molle-funda de transporte t\u00e1ctica para gafas, estuche de gafas de sol port\u00e1til, resistente al agua, a prueba de golpes\" \/><\/span><\/span><\/span><\/strong><\/div>\n<div style=\"text-align: center;\"><\/div>\n<div style=\"text-align: center;\"><\/div>\n<div style=\"text-align: center;\"><strong><span style=\"font-family: sans-serif;\"><span style=\"font-family: times new roman , times , serif;\"><span style=\"font-size: 26.0px;\"><img decoding=\"async\" title=\"Molle-funda de transporte t\u00e1ctica para gafas, estuche de gafas de sol port\u00e1til, resistente al agua, a prueba de golpes\" src=\"https:\/\/bodegaoutdoor.cl\/store\/wp-content\/uploads\/2020\/12\/24836-e8pixf.jpg\" alt=\"Molle-funda de transporte t\u00e1ctica para gafas, estuche de gafas de sol port\u00e1til, resistente al agua, a prueba de golpes\" \/><img decoding=\"async\" title=\"Molle-funda de transporte t\u00e1ctica para gafas, estuche de gafas de sol port\u00e1til, resistente al agua, a prueba de golpes\" src=\"https:\/\/bodegaoutdoor.cl\/store\/wp-content\/uploads\/2020\/12\/24836-0frmkw.jpg\" alt=\"Molle-funda de transporte t\u00e1ctica para gafas, estuche de gafas de sol port\u00e1til, resistente al agua, a prueba de golpes\" \/><\/span><\/span><\/span><\/strong><\/div>\n<div style=\"text-align: center;\"><\/div>\n<div style=\"text-align: center;\"><strong><span style=\"font-family: sans-serif;\"><span style=\"font-family: times new roman , times , serif;\"><span style=\"font-size: 26.0px;\"><img decoding=\"async\" title=\"Molle-funda de transporte t\u00e1ctica para gafas, estuche de gafas de sol port\u00e1til, resistente al agua, a prueba de golpes\" src=\"https:\/\/bodegaoutdoor.cl\/store\/wp-content\/uploads\/2020\/12\/24836-o0lgvo.jpg\" alt=\"Molle-funda de transporte t\u00e1ctica para gafas, estuche de gafas de sol port\u00e1til, resistente al agua, a prueba de golpes\" \/><img decoding=\"async\" title=\"Molle-funda de transporte t\u00e1ctica para gafas, estuche de gafas de sol port\u00e1til, resistente al agua, a prueba de golpes\" src=\"https:\/\/bodegaoutdoor.cl\/store\/wp-content\/uploads\/2020\/12\/24836-uluzek.jpg\" alt=\"Molle-funda de transporte t\u00e1ctica para gafas, estuche de gafas de sol port\u00e1til, resistente al agua, a prueba de golpes\" \/><img decoding=\"async\" title=\"Molle-funda de transporte t\u00e1ctica para gafas, estuche de gafas de sol port\u00e1til, resistente al agua, a prueba de golpes\" src=\"https:\/\/bodegaoutdoor.cl\/store\/wp-content\/uploads\/2020\/12\/24836-kldndo.jpg\" alt=\"Molle-funda de transporte t\u00e1ctica para gafas, estuche de gafas de sol port\u00e1til, resistente al agua, a prueba de golpes\" \/><img decoding=\"async\" title=\"Molle-funda de transporte t\u00e1ctica para gafas, estuche de gafas de sol port\u00e1til, resistente al agua, a prueba de golpes\" src=\"https:\/\/bodegaoutdoor.cl\/store\/wp-content\/uploads\/2020\/12\/24836-ttvw6d.jpg\" alt=\"Molle-funda de transporte t\u00e1ctica para gafas, estuche de gafas de sol port\u00e1til, resistente al agua, a prueba de golpes\" \/><\/span><\/span><\/span><\/strong><\/div>\n<div style=\"text-align: center;\"><\/div>\n<div style=\"text-align: center;\"><\/div>\n<div style=\"text-align: center;\"><\/div>\n<div style=\"text-align: center;\"><\/div>\n<div style=\"text-align: center;\"><\/div>\n<div style=\"text-align: center;\"><\/div>\n<div style=\"text-align: center;\"><\/div>\n<div style=\"text-align: center;\"><span style=\"font-family: times new roman , times , serif;\"><span style=\"font-size: 26.0px;\"><strong>C O L O R<\/strong><\/span><\/span><\/div>\n<div style=\"text-align: center;\"><\/div>\n<div style=\"text-align: center;\"><\/div>\n<div style=\"text-align: center;\"><\/div>\n<div style=\"text-align: center;\"><\/div>\n<div style=\"text-align: center;\"><\/div>\n<div style=\"text-align: center;\"><\/div>\n<div style=\"text-align: center;\"><strong><span style=\"font-family: sans-serif;\"><span style=\"font-family: times new roman , times , serif;\"><span style=\"font-size: 26.0px;\"><img decoding=\"async\" title=\"Molle-funda de transporte t\u00e1ctica para gafas, estuche de gafas de sol port\u00e1til, resistente al agua, a prueba de golpes\" src=\"https:\/\/bodegaoutdoor.cl\/store\/wp-content\/uploads\/2020\/12\/24836-zaqp9l.jpg\" alt=\"Molle-funda de transporte t\u00e1ctica para gafas, estuche de gafas de sol port\u00e1til, resistente al agua, a prueba de golpes\" \/><\/span><\/span><\/span><\/strong><\/div>\n<div style=\"text-align: center;\"><img decoding=\"async\" title=\"Molle-funda de transporte t\u00e1ctica para gafas, estuche de gafas de sol port\u00e1til, resistente al agua, a prueba de golpes\" src=\"https:\/\/bodegaoutdoor.cl\/store\/wp-content\/uploads\/2020\/12\/24836-voes67.jpg\" alt=\"Molle-funda de transporte t\u00e1ctica para gafas, estuche de gafas de sol port\u00e1til, resistente al agua, a prueba de golpes\" \/><\/div>\n<\/div>\n<\/div>\n<div><\/div>\n\n    <div class=\"xs_social_share_widget xs_share_url after_content \t\tmain_content  wslu-style-1 wslu-share-box-shaped wslu-fill-colored wslu-none wslu-share-horizontal wslu-theme-font-no wslu-main_content\">\n\n\t\t\n        <ul>\n\t\t\t        <\/ul>\n    <\/div> \n","protected":false},"excerpt":{"rendered":"<p>. Caracter\u00edstica. Material resistente al agua y al desgaste 600D de alta calidad, duradero y f\u00e1cil de cuidar. Estructura semirr\u00edgida, muy resistente a la presi\u00f3n. Un revestimiento suave protege los cristales de las gafas de da\u00f1os. El sistema molle se puede unir a otras bolsas, cinturones y chalecos t\u00e1cticos. La hebilla de pl\u00e1stico se puede [&hellip;]<\/p>\n","protected":false},"featured_media":24879,"comment_status":"open","ping_status":"closed","template":"","meta":{"jetpack_publicize_message":"","jetpack_publicize_feature_enabled":true,"jetpack_social_post_already_shared":true,"jetpack_social_options":{"image_generator_settings":{"template":"highway","enabled":false},"version":2}},"product_brand":[],"product_cat":[38],"product_tag":[],"class_list":{"0":"post-24836","1":"product","2":"type-product","3":"status-publish","4":"has-post-thumbnail","6":"product_cat-lentes","8":"first","9":"instock","10":"sale","11":"taxable","12":"shipping-taxable","13":"purchasable","14":"product-type-variable"},"jetpack_publicize_connections":[],"jetpack_sharing_enabled":true,"_links":{"self":[{"href":"https:\/\/bodegaoutdoor.cl\/store\/wp-json\/wp\/v2\/product\/24836","targetHints":{"allow":["GET"]}}],"collection":[{"href":"https:\/\/bodegaoutdoor.cl\/store\/wp-json\/wp\/v2\/product"}],"about":[{"href":"https:\/\/bodegaoutdoor.cl\/store\/wp-json\/wp\/v2\/types\/product"}],"replies":[{"embeddable":true,"href":"https:\/\/bodegaoutdoor.cl\/store\/wp-json\/wp\/v2\/comments?post=24836"}],"version-history":[{"count":2,"href":"https:\/\/bodegaoutdoor.cl\/store\/wp-json\/wp\/v2\/product\/24836\/revisions"}],"predecessor-version":[{"id":63580,"href":"https:\/\/bodegaoutdoor.cl\/store\/wp-json\/wp\/v2\/product\/24836\/revisions\/63580"}],"wp:featuredmedia":[{"embeddable":true,"href":"https:\/\/bodegaoutdoor.cl\/store\/wp-json\/wp\/v2\/media\/24879"}],"wp:attachment":[{"href":"https:\/\/bodegaoutdoor.cl\/store\/wp-json\/wp\/v2\/media?parent=24836"}],"wp:term":[{"taxonomy":"product_brand","embeddable":true,"href":"https:\/\/bodegaoutdoor.cl\/store\/wp-json\/wp\/v2\/product_brand?post=24836"},{"taxonomy":"product_cat","embeddable":true,"href":"https:\/\/bodegaoutdoor.cl\/store\/wp-json\/wp\/v2\/product_cat?post=24836"},{"taxonomy":"product_tag","embeddable":true,"href":"https:\/\/bodegaoutdoor.cl\/store\/wp-json\/wp\/v2\/product_tag?post=24836"}],"curies":[{"name":"wp","href":"https:\/\/api.w.org\/{rel}","templated":true}]}}