{"id":24850,"date":"2020-12-15T15:24:45","date_gmt":"2020-12-15T15:24:45","guid":{"rendered":"https:\/\/bodegaoutdoor.cl\/store\/product\/usmc-gafas-tacticas-militares-airsoft-para-hombre-proteccion-para-paintball-uv400-gafas-para-balistica-gafas-de-sol-tacticas-para-tiro\/"},"modified":"2023-05-04T19:19:07","modified_gmt":"2023-05-04T23:19:07","slug":"gafas-tacticas-militares-airsoft-para-hombre-paintball-uv400-gafas-para-balistica","status":"publish","type":"product","link":"https:\/\/bodegaoutdoor.cl\/store\/product\/gafas-tacticas-militares-airsoft-para-hombre-paintball-uv400-gafas-para-balistica\/","title":{"rendered":"Gafas t\u00e1cticas militares Airsoft para hombre, Paintball, UV400, gafas para bal\u00edstica"},"content":{"rendered":"<div>\n<div>\n<p style=\"margin: 0px 0px 12px; font-size: 20px; line-height: 28px; font-weight: 900; font-style: normal; letter-spacing: normal; text-align: start; text-indent: 0px; text-transform: none; font-family: OpenSans;\" data-spm-anchor-id=\"a2g0o.detail.1000023.i0.e80b7821OnWKbS\"><span style=\"color: #2980b9;\">USMC Airsoft militar gafas t\u00e1cticas UV400 protecci\u00f3n de Paintball gafas para bal\u00edstica hombres gafas de sol t\u00e1cticas tiro gafas<\/span><\/p>\n<p><img decoding=\"async\" title=\"USMC-gafas t\u00e1cticas militares Airsoft para hombre, protecci\u00f3n para Paintball, UV400, gafas para bal\u00edstica, gafas de sol t\u00e1cticas para tiro\" src=\"https:\/\/bodegaoutdoor.cl\/store\/wp-content\/uploads\/2020\/12\/24850-szrcpv.jpg\" alt=\"USMC-gafas t\u00e1cticas militares Airsoft para hombre, protecci\u00f3n para Paintball, UV400, gafas para bal\u00edstica, gafas de sol t\u00e1cticas para tiro\" \/><\/p>\n<div style=\"margin: 0px 0px 12px; font-size: 14px; line-height: 20px; font-weight: 300; font-style: normal; letter-spacing: normal; text-align: start; text-indent: 0px; text-transform: none; font-family: OpenSans;\">\n<p><span style=\"font-size: 18px;\">Color de la montura: negro, verde, tostado<br \/>\nColor de la lente: 3 colores, transparente, amarillo, negro<br \/>\nPeso: 0,25 KG<\/span><\/p>\n<p>Caracter\u00edsticas:<br \/>\n1. Gafas de seguridad militares resistentes y resistentes.<br \/>\n2. Se incluyen lentes de sol tintados, pa\u00f1o de limpieza y estuche de lona negra.<br \/>\n3. Dise\u00f1o transpirable con funda digital, camuflaje, algod\u00f3n.<br \/>\n4. Perfecto para cualquier actividad al aire libre: ATV, paintball, esqu\u00ed y snowboard.<\/p>\n<\/div>\n<p>&nbsp;<\/p>\n<div>\n<p style=\"text-align: left; margin: 0;\"><img decoding=\"async\" style=\"width: 800px;\" title=\"USMC-gafas t\u00e1cticas militares Airsoft para hombre, protecci\u00f3n para Paintball, UV400, gafas para bal\u00edstica, gafas de sol t\u00e1cticas para tiro\" src=\"https:\/\/bodegaoutdoor.cl\/store\/wp-content\/uploads\/2020\/12\/24850-tjc0uk.jpg\" alt=\"USMC-gafas t\u00e1cticas militares Airsoft para hombre, protecci\u00f3n para Paintball, UV400, gafas para bal\u00edstica, gafas de sol t\u00e1cticas para tiro\" \/><img decoding=\"async\" style=\"width: 800px;\" title=\"USMC-gafas t\u00e1cticas militares Airsoft para hombre, protecci\u00f3n para Paintball, UV400, gafas para bal\u00edstica, gafas de sol t\u00e1cticas para tiro\" src=\"https:\/\/bodegaoutdoor.cl\/store\/wp-content\/uploads\/2020\/12\/24850-fvhea5.jpg\" alt=\"USMC-gafas t\u00e1cticas militares Airsoft para hombre, protecci\u00f3n para Paintball, UV400, gafas para bal\u00edstica, gafas de sol t\u00e1cticas para tiro\" \/><img decoding=\"async\" style=\"width: 800px;\" title=\"USMC-gafas t\u00e1cticas militares Airsoft para hombre, protecci\u00f3n para Paintball, UV400, gafas para bal\u00edstica, gafas de sol t\u00e1cticas para tiro\" src=\"https:\/\/bodegaoutdoor.cl\/store\/wp-content\/uploads\/2020\/12\/24850-woh5dr.jpg\" alt=\"USMC-gafas t\u00e1cticas militares Airsoft para hombre, protecci\u00f3n para Paintball, UV400, gafas para bal\u00edstica, gafas de sol t\u00e1cticas para tiro\" \/><img decoding=\"async\" style=\"width: 800px;\" title=\"USMC-gafas t\u00e1cticas militares Airsoft para hombre, protecci\u00f3n para Paintball, UV400, gafas para bal\u00edstica, gafas de sol t\u00e1cticas para tiro\" src=\"https:\/\/bodegaoutdoor.cl\/store\/wp-content\/uploads\/2020\/12\/24850-92brcg.jpg\" alt=\"USMC-gafas t\u00e1cticas militares Airsoft para hombre, protecci\u00f3n para Paintball, UV400, gafas para bal\u00edstica, gafas de sol t\u00e1cticas para tiro\" \/><img decoding=\"async\" style=\"width: 800px;\" title=\"USMC-gafas t\u00e1cticas militares Airsoft para hombre, protecci\u00f3n para Paintball, UV400, gafas para bal\u00edstica, gafas de sol t\u00e1cticas para tiro\" src=\"https:\/\/bodegaoutdoor.cl\/store\/wp-content\/uploads\/2020\/12\/24850-fkhp0j.jpg\" alt=\"USMC-gafas t\u00e1cticas militares Airsoft para hombre, protecci\u00f3n para Paintball, UV400, gafas para bal\u00edstica, gafas de sol t\u00e1cticas para tiro\" \/><br \/>\n<img decoding=\"async\" style=\"width: 800px;\" title=\"USMC-gafas t\u00e1cticas militares Airsoft para hombre, protecci\u00f3n para Paintball, UV400, gafas para bal\u00edstica, gafas de sol t\u00e1cticas para tiro\" src=\"https:\/\/bodegaoutdoor.cl\/store\/wp-content\/uploads\/2020\/12\/24850-7vnt13.jpg\" alt=\"USMC-gafas t\u00e1cticas militares Airsoft para hombre, protecci\u00f3n para Paintball, UV400, gafas para bal\u00edstica, gafas de sol t\u00e1cticas para tiro\" \/><img decoding=\"async\" style=\"width: 800px;\" title=\"USMC-gafas t\u00e1cticas militares Airsoft para hombre, protecci\u00f3n para Paintball, UV400, gafas para bal\u00edstica, gafas de sol t\u00e1cticas para tiro\" src=\"https:\/\/bodegaoutdoor.cl\/store\/wp-content\/uploads\/2020\/12\/24850-p3dvnr.jpg\" alt=\"USMC-gafas t\u00e1cticas militares Airsoft para hombre, protecci\u00f3n para Paintball, UV400, gafas para bal\u00edstica, gafas de sol t\u00e1cticas para tiro\" \/><img decoding=\"async\" style=\"width: 800px;\" title=\"USMC-gafas t\u00e1cticas militares Airsoft para hombre, protecci\u00f3n para Paintball, UV400, gafas para bal\u00edstica, gafas de sol t\u00e1cticas para tiro\" src=\"https:\/\/bodegaoutdoor.cl\/store\/wp-content\/uploads\/2020\/12\/24850-m2ih5r.jpg\" alt=\"USMC-gafas t\u00e1cticas militares Airsoft para hombre, protecci\u00f3n para Paintball, UV400, gafas para bal\u00edstica, gafas de sol t\u00e1cticas para tiro\" \/><img decoding=\"async\" style=\"width: 800px;\" title=\"USMC-gafas t\u00e1cticas militares Airsoft para hombre, protecci\u00f3n para Paintball, UV400, gafas para bal\u00edstica, gafas de sol t\u00e1cticas para tiro\" src=\"https:\/\/bodegaoutdoor.cl\/store\/wp-content\/uploads\/2020\/12\/24850-tecb8r.jpg\" alt=\"USMC-gafas t\u00e1cticas militares Airsoft para hombre, protecci\u00f3n para Paintball, UV400, gafas para bal\u00edstica, gafas de sol t\u00e1cticas para tiro\" \/><img decoding=\"async\" style=\"width: 800px;\" title=\"USMC-gafas t\u00e1cticas militares Airsoft para hombre, protecci\u00f3n para Paintball, UV400, gafas para bal\u00edstica, gafas de sol t\u00e1cticas para tiro\" src=\"https:\/\/bodegaoutdoor.cl\/store\/wp-content\/uploads\/2020\/12\/24850-xkzpcv.jpg\" alt=\"USMC-gafas t\u00e1cticas militares Airsoft para hombre, protecci\u00f3n para Paintball, UV400, gafas para bal\u00edstica, gafas de sol t\u00e1cticas para tiro\" \/><img decoding=\"async\" style=\"width: 800px;\" title=\"USMC-gafas t\u00e1cticas militares Airsoft para hombre, protecci\u00f3n para Paintball, UV400, gafas para bal\u00edstica, gafas de sol t\u00e1cticas para tiro\" src=\"https:\/\/bodegaoutdoor.cl\/store\/wp-content\/uploads\/2020\/12\/24850-crfmdr.jpg\" alt=\"USMC-gafas t\u00e1cticas militares Airsoft para hombre, protecci\u00f3n para Paintball, UV400, gafas para bal\u00edstica, gafas de sol t\u00e1cticas para tiro\" \/><img decoding=\"async\" style=\"width: 800px;\" title=\"USMC-gafas t\u00e1cticas militares Airsoft para hombre, protecci\u00f3n para Paintball, UV400, gafas para bal\u00edstica, gafas de sol t\u00e1cticas para tiro\" src=\"https:\/\/bodegaoutdoor.cl\/store\/wp-content\/uploads\/2020\/12\/24850-zlodbs.jpg\" alt=\"USMC-gafas t\u00e1cticas militares Airsoft para hombre, protecci\u00f3n para Paintball, UV400, gafas para bal\u00edstica, gafas de sol t\u00e1cticas para tiro\" \/><br \/>\n<img decoding=\"async\" title=\"USMC-gafas t\u00e1cticas militares Airsoft para hombre, protecci\u00f3n para Paintball, UV400, gafas para bal\u00edstica, gafas de sol t\u00e1cticas para tiro\" src=\"https:\/\/bodegaoutdoor.cl\/store\/wp-content\/uploads\/2020\/12\/24850-nosrgu.jpg\" alt=\"USMC-gafas t\u00e1cticas militares Airsoft para hombre, protecci\u00f3n para Paintball, UV400, gafas para bal\u00edstica, gafas de sol t\u00e1cticas para tiro\" \/><br \/>\n<img decoding=\"async\" style=\"width: 800px;\" title=\"USMC-gafas t\u00e1cticas militares Airsoft para hombre, protecci\u00f3n para Paintball, UV400, gafas para bal\u00edstica, gafas de sol t\u00e1cticas para tiro\" src=\"https:\/\/bodegaoutdoor.cl\/store\/wp-content\/uploads\/2020\/12\/24850-zw88tt.jpg\" alt=\"USMC-gafas t\u00e1cticas militares Airsoft para hombre, protecci\u00f3n para Paintball, UV400, gafas para bal\u00edstica, gafas de sol t\u00e1cticas para tiro\" \/><\/p>\n<\/div>\n<\/div>\n<\/div>\n\n    <div class=\"xs_social_share_widget xs_share_url after_content \t\tmain_content  wslu-style-1 wslu-share-box-shaped wslu-fill-colored wslu-none wslu-share-horizontal wslu-theme-font-no wslu-main_content\">\n\n\t\t\n        <ul>\n\t\t\t        <\/ul>\n    <\/div> \n","protected":false},"excerpt":{"rendered":"<p>USMC Airsoft militar gafas t\u00e1cticas UV400 protecci\u00f3n de Paintball gafas para bal\u00edstica hombres gafas de sol t\u00e1cticas tiro gafas Color de la montura: negro, verde, tostado Color de la lente: 3 colores, transparente, amarillo, negro Peso: 0,25 KG Caracter\u00edsticas: 1. Gafas de seguridad militares resistentes y resistentes. 2. Se incluyen lentes de sol tintados, pa\u00f1o [&hellip;]<\/p>\n","protected":false},"featured_media":24908,"comment_status":"open","ping_status":"closed","template":"","meta":{"jetpack_publicize_message":"","jetpack_publicize_feature_enabled":true,"jetpack_social_post_already_shared":true,"jetpack_social_options":{"image_generator_settings":{"template":"highway","enabled":false},"version":2}},"product_brand":[],"product_cat":[38],"product_tag":[2730,2194,1284],"class_list":{"0":"post-24850","1":"product","2":"type-product","3":"status-publish","4":"has-post-thumbnail","6":"product_cat-lentes","7":"product_tag-antiparras","8":"product_tag-gafas","9":"product_tag-tacticas","11":"first","12":"instock","13":"sale","14":"taxable","15":"shipping-taxable","16":"purchasable","17":"product-type-variable"},"jetpack_publicize_connections":[],"jetpack_sharing_enabled":true,"_links":{"self":[{"href":"https:\/\/bodegaoutdoor.cl\/store\/wp-json\/wp\/v2\/product\/24850","targetHints":{"allow":["GET"]}}],"collection":[{"href":"https:\/\/bodegaoutdoor.cl\/store\/wp-json\/wp\/v2\/product"}],"about":[{"href":"https:\/\/bodegaoutdoor.cl\/store\/wp-json\/wp\/v2\/types\/product"}],"replies":[{"embeddable":true,"href":"https:\/\/bodegaoutdoor.cl\/store\/wp-json\/wp\/v2\/comments?post=24850"}],"version-history":[{"count":2,"href":"https:\/\/bodegaoutdoor.cl\/store\/wp-json\/wp\/v2\/product\/24850\/revisions"}],"predecessor-version":[{"id":63695,"href":"https:\/\/bodegaoutdoor.cl\/store\/wp-json\/wp\/v2\/product\/24850\/revisions\/63695"}],"wp:featuredmedia":[{"embeddable":true,"href":"https:\/\/bodegaoutdoor.cl\/store\/wp-json\/wp\/v2\/media\/24908"}],"wp:attachment":[{"href":"https:\/\/bodegaoutdoor.cl\/store\/wp-json\/wp\/v2\/media?parent=24850"}],"wp:term":[{"taxonomy":"product_brand","embeddable":true,"href":"https:\/\/bodegaoutdoor.cl\/store\/wp-json\/wp\/v2\/product_brand?post=24850"},{"taxonomy":"product_cat","embeddable":true,"href":"https:\/\/bodegaoutdoor.cl\/store\/wp-json\/wp\/v2\/product_cat?post=24850"},{"taxonomy":"product_tag","embeddable":true,"href":"https:\/\/bodegaoutdoor.cl\/store\/wp-json\/wp\/v2\/product_tag?post=24850"}],"curies":[{"name":"wp","href":"https:\/\/api.w.org\/{rel}","templated":true}]}}