{"id":24959,"date":"2020-12-15T18:59:40","date_gmt":"2020-12-15T18:59:40","guid":{"rendered":"https:\/\/bodegaoutdoor.cl\/store\/product\/zapatos-de-seguridad-con-punta-de-acero-para-hombre-y-mujer-botas-de-trabajo-transpirables-a-prueba-de-serpiente-y-resistentes-a-punaladas-2020\/"},"modified":"2023-05-04T19:19:07","modified_gmt":"2023-05-04T23:19:07","slug":"zapatos-de-seguridad-con-punta-de-acero-unisex-botas-de-trabajo-transpirables","status":"publish","type":"product","link":"https:\/\/bodegaoutdoor.cl\/store\/product\/zapatos-de-seguridad-con-punta-de-acero-unisex-botas-de-trabajo-transpirables\/","title":{"rendered":"Zapatos de seguridad con punta de acero unisex botas de trabajo transpirables"},"content":{"rendered":"<p style=\"text-align: center;\"><video style=\"max-width: 100%;\" src=\"\/\/cloud.video.taobao.com\/play\/u\/2208194810325\/p\/1\/e\/6\/t\/10301\/285538704272.mp4\" poster=\"https:\/\/ae01.alicdn.com\/kf\/He2ad658ea7a7489ab1a6ba85ccc7f376s\/Zapatos-de-seguridad-con-punta-de-acero-para-hombre-y-mujer-botas-de-trabajo-transpirables-a.jpg,https:\/\/ae01.alicdn.com\/kf\/H591be96d815d4d1ab4cbc12d89e1a3812\/Zapatos-de-seguridad-con-punta-de-acero-para-hombre-y-mujer-botas-de-trabajo-transpirables-a.jpg,https:\/\/ae01.alicdn.com\/kf\/H7caaa4e276bd49008a86c939073134edu\/Zapatos-de-seguridad-con-punta-de-acero-para-hombre-y-mujer-botas-de-trabajo-transpirables-a.jpg,https:\/\/ae01.alicdn.com\/kf\/H6f343268b7de4d39ab2e0c124e9b92f0g\/Zapatos-de-seguridad-con-punta-de-acero-para-hombre-y-mujer-botas-de-trabajo-transpirables-a.jpg,https:\/\/ae01.alicdn.com\/kf\/H27d320e1f84e48c9860a4a10c5ce1b1fT\/Zapatos-de-seguridad-con-punta-de-acero-para-hombre-y-mujer-botas-de-trabajo-transpirables-a.jpg,https:\/\/ae01.alicdn.com\/kf\/H43d3dd2b78d840b1ae4072bfeaa2d244u\/Zapatos-de-seguridad-con-punta-de-acero-para-hombre-y-mujer-botas-de-trabajo-transpirables-a.jpg\" preload=\"auto\" controls=\"controls\" width=\"100%\" height=\"100%\"><\/video><\/p>\n<div><\/div>\n<div>\n<div>\n<div id=\"286094034009\" data-previewurl=\"\/\/img.alicdn.com\/imgextra\/i3\/6000000002601\/O1CN01SQCB3j1V5IniBtt2n_!!6000000002601-0-tbvideo.jpg\"><\/div>\n<\/div>\n<\/div>\n<div>\n<p style=\"font-family: 'OpenSans'; color: #000; font-weight: 300; font-size: 14px; line-height: 20px; margin-bottom: 12px;\">Nota:<br \/>\n1 admite mucha personalizaci\u00f3n<br \/>\n2 zapatos de seguridad directos de f\u00e1brica de alta calidad, cada par de zapatos tiene un certificado de prueba<br \/>\n3 cada art\u00edculo se comprobar\u00e1 cuidadosamente antes del env\u00edo para asegurarte de recibir el paquete perfecto<br \/>\n4 tama\u00f1os son tama\u00f1os est\u00e1ndar, por favor elija de acuerdo a la referencia, si tiene alguna pregunta, p\u00f3ngase en contacto con el servicio al cliente<br \/>\n5 zapatos tambi\u00e9n necesitan mantenimiento. Se recomienda comprar 2 pares de reemplazos y disfrutar de descuentos<br \/>\n6 despu\u00e9s de m\u00faltiples compras o recomendaciones, puedes actualizarte a un miembro de la tienda y disfrutar de servicios VIP<br \/>\nNuestro principio: &#8220;Sany&#8221;, el cliente primero, la calidad primero, la seguridad primero<\/p>\n<\/div>\n<div><img decoding=\"async\" title=\"Zapatos de seguridad con punta de acero para hombre y mujer, botas de trabajo transpirables a prueba de serpiente y resistentes a pu\u00f1aladas, 2020\" src=\"https:\/\/bodegaoutdoor.cl\/store\/wp-content\/uploads\/2020\/12\/24959-bzdbum.jpg\" alt=\"Zapatos de seguridad con punta de acero para hombre y mujer, botas de trabajo transpirables a prueba de serpiente y resistentes a pu\u00f1aladas, 2020\" \/><img decoding=\"async\" title=\"Zapatos de seguridad con punta de acero para hombre y mujer, botas de trabajo transpirables a prueba de serpiente y resistentes a pu\u00f1aladas, 2020\" src=\"https:\/\/bodegaoutdoor.cl\/store\/wp-content\/uploads\/2020\/12\/24959-tdc09n.jpg\" alt=\"Zapatos de seguridad con punta de acero para hombre y mujer, botas de trabajo transpirables a prueba de serpiente y resistentes a pu\u00f1aladas, 2020\" \/><img decoding=\"async\" title=\"Zapatos de seguridad con punta de acero para hombre y mujer, botas de trabajo transpirables a prueba de serpiente y resistentes a pu\u00f1aladas, 2020\" src=\"https:\/\/bodegaoutdoor.cl\/store\/wp-content\/uploads\/2020\/12\/24959-dsvx0y.jpg\" alt=\"Zapatos de seguridad con punta de acero para hombre y mujer, botas de trabajo transpirables a prueba de serpiente y resistentes a pu\u00f1aladas, 2020\" \/><img decoding=\"async\" title=\"Zapatos de seguridad con punta de acero para hombre y mujer, botas de trabajo transpirables a prueba de serpiente y resistentes a pu\u00f1aladas, 2020\" src=\"https:\/\/bodegaoutdoor.cl\/store\/wp-content\/uploads\/2020\/12\/24959-wm8gtt.jpg\" alt=\"Zapatos de seguridad con punta de acero para hombre y mujer, botas de trabajo transpirables a prueba de serpiente y resistentes a pu\u00f1aladas, 2020\" \/><img decoding=\"async\" title=\"Zapatos de seguridad con punta de acero para hombre y mujer, botas de trabajo transpirables a prueba de serpiente y resistentes a pu\u00f1aladas, 2020\" src=\"https:\/\/bodegaoutdoor.cl\/store\/wp-content\/uploads\/2020\/12\/24959-eo3jiu.jpg\" alt=\"Zapatos de seguridad con punta de acero para hombre y mujer, botas de trabajo transpirables a prueba de serpiente y resistentes a pu\u00f1aladas, 2020\" \/><img decoding=\"async\" title=\"Zapatos de seguridad con punta de acero para hombre y mujer, botas de trabajo transpirables a prueba de serpiente y resistentes a pu\u00f1aladas, 2020\" src=\"https:\/\/bodegaoutdoor.cl\/store\/wp-content\/uploads\/2020\/12\/24959-3exzz8.jpg\" alt=\"Zapatos de seguridad con punta de acero para hombre y mujer, botas de trabajo transpirables a prueba de serpiente y resistentes a pu\u00f1aladas, 2020\" \/><img decoding=\"async\" title=\"Zapatos de seguridad con punta de acero para hombre y mujer, botas de trabajo transpirables a prueba de serpiente y resistentes a pu\u00f1aladas, 2020\" src=\"https:\/\/bodegaoutdoor.cl\/store\/wp-content\/uploads\/2020\/12\/24959-helua7.jpg\" alt=\"Zapatos de seguridad con punta de acero para hombre y mujer, botas de trabajo transpirables a prueba de serpiente y resistentes a pu\u00f1aladas, 2020\" \/><img decoding=\"async\" title=\"Zapatos de seguridad con punta de acero para hombre y mujer, botas de trabajo transpirables a prueba de serpiente y resistentes a pu\u00f1aladas, 2020\" src=\"https:\/\/bodegaoutdoor.cl\/store\/wp-content\/uploads\/2020\/12\/24959-dcbovo.jpg\" alt=\"Zapatos de seguridad con punta de acero para hombre y mujer, botas de trabajo transpirables a prueba de serpiente y resistentes a pu\u00f1aladas, 2020\" \/><\/div>\n\n    <div class=\"xs_social_share_widget xs_share_url after_content \t\tmain_content  wslu-style-1 wslu-share-box-shaped wslu-fill-colored wslu-none wslu-share-horizontal wslu-theme-font-no wslu-main_content\">\n\n\t\t\n        <ul>\n\t\t\t        <\/ul>\n    <\/div> \n","protected":false},"excerpt":{"rendered":"<p>Nota: 1 admite mucha personalizaci\u00f3n 2 zapatos de seguridad directos de f\u00e1brica de alta calidad, cada par de zapatos tiene un certificado de prueba 3 cada art\u00edculo se comprobar\u00e1 cuidadosamente antes del env\u00edo para asegurarte de recibir el paquete perfecto 4 tama\u00f1os son tama\u00f1os est\u00e1ndar, por favor elija de acuerdo a la referencia, si tiene [&hellip;]<\/p>\n","protected":false},"featured_media":25034,"comment_status":"open","ping_status":"closed","template":"","meta":{"jetpack_publicize_message":"","jetpack_publicize_feature_enabled":true,"jetpack_social_post_already_shared":true,"jetpack_social_options":{"image_generator_settings":{"template":"highway","enabled":false},"version":2}},"product_brand":[],"product_cat":[41,43,42,1608],"product_tag":[],"class_list":{"0":"post-24959","1":"product","2":"type-product","3":"status-publish","4":"has-post-thumbnail","6":"product_cat-calzado","7":"product_cat-calzado-hombre","8":"product_cat-calzado-mujer","9":"product_cat-trabajo-seguridad","11":"first","12":"instock","13":"sale","14":"taxable","15":"shipping-taxable","16":"purchasable","17":"product-type-variable"},"jetpack_publicize_connections":[],"jetpack_sharing_enabled":true,"_links":{"self":[{"href":"https:\/\/bodegaoutdoor.cl\/store\/wp-json\/wp\/v2\/product\/24959","targetHints":{"allow":["GET"]}}],"collection":[{"href":"https:\/\/bodegaoutdoor.cl\/store\/wp-json\/wp\/v2\/product"}],"about":[{"href":"https:\/\/bodegaoutdoor.cl\/store\/wp-json\/wp\/v2\/types\/product"}],"replies":[{"embeddable":true,"href":"https:\/\/bodegaoutdoor.cl\/store\/wp-json\/wp\/v2\/comments?post=24959"}],"version-history":[{"count":2,"href":"https:\/\/bodegaoutdoor.cl\/store\/wp-json\/wp\/v2\/product\/24959\/revisions"}],"predecessor-version":[{"id":71094,"href":"https:\/\/bodegaoutdoor.cl\/store\/wp-json\/wp\/v2\/product\/24959\/revisions\/71094"}],"wp:featuredmedia":[{"embeddable":true,"href":"https:\/\/bodegaoutdoor.cl\/store\/wp-json\/wp\/v2\/media\/25034"}],"wp:attachment":[{"href":"https:\/\/bodegaoutdoor.cl\/store\/wp-json\/wp\/v2\/media?parent=24959"}],"wp:term":[{"taxonomy":"product_brand","embeddable":true,"href":"https:\/\/bodegaoutdoor.cl\/store\/wp-json\/wp\/v2\/product_brand?post=24959"},{"taxonomy":"product_cat","embeddable":true,"href":"https:\/\/bodegaoutdoor.cl\/store\/wp-json\/wp\/v2\/product_cat?post=24959"},{"taxonomy":"product_tag","embeddable":true,"href":"https:\/\/bodegaoutdoor.cl\/store\/wp-json\/wp\/v2\/product_tag?post=24959"}],"curies":[{"name":"wp","href":"https:\/\/api.w.org\/{rel}","templated":true}]}}