{"id":25013,"date":"2020-12-15T19:01:38","date_gmt":"2020-12-15T19:01:38","guid":{"rendered":"https:\/\/bodegaoutdoor.cl\/store\/product\/zapatos-de-seguridad-de-trabajo-para-hombre-proteccion-laboral-puntera-de-acero-antigolpes-antideslizantes-ligeros-transpirables-lavables-resistentes-al-desgaste\/"},"modified":"2023-05-04T19:19:06","modified_gmt":"2023-05-04T23:19:06","slug":"accesorio-calzado-portatil-proteccion-laboral-puntera-de-acero-antigolpes-antideslizantes","status":"publish","type":"product","link":"https:\/\/bodegaoutdoor.cl\/store\/product\/accesorio-calzado-portatil-proteccion-laboral-puntera-de-acero-antigolpes-antideslizantes\/","title":{"rendered":"Accesorio calzado Port\u00e1til, Protecci\u00f3n Laboral, puntera de acero, antigolpes, antideslizantes"},"content":{"rendered":"<p><span style=\"font-size: 26px;\"><span style=\"font-family: arial,helvetica,sans-serif;\"><strong>Zapatos de seguridad de trabajo para hombres, protecci\u00f3n de trabajo, puntera de acero, antideslizante, ligero, transpirable, lavable, zapatos resistentes al desgaste<\/strong><\/span><\/span><\/p>\n<p><span style=\"font-size: 24px;\"><span style=\"font-family: arial,helvetica,sans-serif;\">Material: TPU + puntera de acero<br \/>\nColor: Negro<\/span><\/span><\/p>\n<p><strong>Caracter\u00edsticas:<\/strong><br \/>\nTPU + s\u00edntesis de puntera de acero de alta calidad, ligera y c\u00f3moda, dise\u00f1o \u00fanico, antideslizante, transpirable, f\u00e1cil de llevar, banda m\u00e1gica el\u00e1stica.<br \/>\nResistencia a impactos 200J, duradera y f\u00e1cil de limpiar.<br \/>\nTama\u00f1o:<br \/>\nM:40-44<br \/>\nL:45-48<\/p>\n<div style=\"text-align: center;\"><img decoding=\"async\" title=\"Zapatos de seguridad de trabajo para hombre, Protecci\u00f3n Laboral, puntera de acero, antigolpes, antideslizantes, ligeros, transpirables, lavables, resistentes al desgaste\" src=\"https:\/\/bodegaoutdoor.cl\/store\/wp-content\/uploads\/2020\/12\/25013-tbycgo.jpg\" alt=\"Zapatos de seguridad de trabajo para hombre, Protecci\u00f3n Laboral, puntera de acero, antigolpes, antideslizantes, ligeros, transpirables, lavables, resistentes al desgaste\" \/><br \/>\n<img decoding=\"async\" title=\"Zapatos de seguridad de trabajo para hombre, Protecci\u00f3n Laboral, puntera de acero, antigolpes, antideslizantes, ligeros, transpirables, lavables, resistentes al desgaste\" src=\"https:\/\/bodegaoutdoor.cl\/store\/wp-content\/uploads\/2020\/12\/25013-3fh8al.jpg\" alt=\"Zapatos de seguridad de trabajo para hombre, Protecci\u00f3n Laboral, puntera de acero, antigolpes, antideslizantes, ligeros, transpirables, lavables, resistentes al desgaste\" \/><br \/>\n<img decoding=\"async\" title=\"Zapatos de seguridad de trabajo para hombre, Protecci\u00f3n Laboral, puntera de acero, antigolpes, antideslizantes, ligeros, transpirables, lavables, resistentes al desgaste\" src=\"https:\/\/bodegaoutdoor.cl\/store\/wp-content\/uploads\/2020\/12\/25013-3ukvcv.jpg\" alt=\"Zapatos de seguridad de trabajo para hombre, Protecci\u00f3n Laboral, puntera de acero, antigolpes, antideslizantes, ligeros, transpirables, lavables, resistentes al desgaste\" \/><br \/>\n<img decoding=\"async\" title=\"Zapatos de seguridad de trabajo para hombre, Protecci\u00f3n Laboral, puntera de acero, antigolpes, antideslizantes, ligeros, transpirables, lavables, resistentes al desgaste\" src=\"https:\/\/bodegaoutdoor.cl\/store\/wp-content\/uploads\/2020\/12\/25013-x5efyi.jpg\" alt=\"Zapatos de seguridad de trabajo para hombre, Protecci\u00f3n Laboral, puntera de acero, antigolpes, antideslizantes, ligeros, transpirables, lavables, resistentes al desgaste\" \/><br \/>\n<img decoding=\"async\" title=\"Zapatos de seguridad de trabajo para hombre, Protecci\u00f3n Laboral, puntera de acero, antigolpes, antideslizantes, ligeros, transpirables, lavables, resistentes al desgaste\" src=\"https:\/\/bodegaoutdoor.cl\/store\/wp-content\/uploads\/2020\/12\/25013-pd09q3.jpg\" alt=\"Zapatos de seguridad de trabajo para hombre, Protecci\u00f3n Laboral, puntera de acero, antigolpes, antideslizantes, ligeros, transpirables, lavables, resistentes al desgaste\" \/><br \/>\n<img decoding=\"async\" title=\"Zapatos de seguridad de trabajo para hombre, Protecci\u00f3n Laboral, puntera de acero, antigolpes, antideslizantes, ligeros, transpirables, lavables, resistentes al desgaste\" src=\"https:\/\/bodegaoutdoor.cl\/store\/wp-content\/uploads\/2020\/12\/25013-fs6svk.jpg\" alt=\"Zapatos de seguridad de trabajo para hombre, Protecci\u00f3n Laboral, puntera de acero, antigolpes, antideslizantes, ligeros, transpirables, lavables, resistentes al desgaste\" \/><br \/>\n<img decoding=\"async\" title=\"Zapatos de seguridad de trabajo para hombre, Protecci\u00f3n Laboral, puntera de acero, antigolpes, antideslizantes, ligeros, transpirables, lavables, resistentes al desgaste\" src=\"https:\/\/bodegaoutdoor.cl\/store\/wp-content\/uploads\/2020\/12\/25013-jzands.jpg\" alt=\"Zapatos de seguridad de trabajo para hombre, Protecci\u00f3n Laboral, puntera de acero, antigolpes, antideslizantes, ligeros, transpirables, lavables, resistentes al desgaste\" \/><\/div>\n\n    <div class=\"xs_social_share_widget xs_share_url after_content \t\tmain_content  wslu-style-1 wslu-share-box-shaped wslu-fill-colored wslu-none wslu-share-horizontal wslu-theme-font-no wslu-main_content\">\n\n\t\t\n        <ul>\n\t\t\t        <\/ul>\n    <\/div> \n","protected":false},"excerpt":{"rendered":"<p>Zapatos de seguridad de trabajo para hombres, protecci\u00f3n de trabajo, puntera de acero, antideslizante, ligero, transpirable, lavable, zapatos resistentes al desgaste Material: TPU + puntera de acero Color: Negro Caracter\u00edsticas: TPU + s\u00edntesis de puntera de acero de alta calidad, ligera y c\u00f3moda, dise\u00f1o \u00fanico, antideslizante, transpirable, f\u00e1cil de llevar, banda m\u00e1gica el\u00e1stica. Resistencia a [&hellip;]<\/p>\n","protected":false},"featured_media":25084,"comment_status":"open","ping_status":"closed","template":"","meta":{"jetpack_publicize_message":"","jetpack_publicize_feature_enabled":true,"jetpack_social_post_already_shared":true,"jetpack_social_options":{"image_generator_settings":{"template":"highway","enabled":false},"version":2}},"product_brand":[],"product_cat":[41,43,42,1608],"product_tag":[],"class_list":{"0":"post-25013","1":"product","2":"type-product","3":"status-publish","4":"has-post-thumbnail","6":"product_cat-calzado","7":"product_cat-calzado-hombre","8":"product_cat-calzado-mujer","9":"product_cat-trabajo-seguridad","11":"first","12":"instock","13":"sale","14":"taxable","15":"shipping-taxable","16":"purchasable","17":"product-type-variable"},"jetpack_publicize_connections":[],"jetpack_sharing_enabled":true,"_links":{"self":[{"href":"https:\/\/bodegaoutdoor.cl\/store\/wp-json\/wp\/v2\/product\/25013","targetHints":{"allow":["GET"]}}],"collection":[{"href":"https:\/\/bodegaoutdoor.cl\/store\/wp-json\/wp\/v2\/product"}],"about":[{"href":"https:\/\/bodegaoutdoor.cl\/store\/wp-json\/wp\/v2\/types\/product"}],"replies":[{"embeddable":true,"href":"https:\/\/bodegaoutdoor.cl\/store\/wp-json\/wp\/v2\/comments?post=25013"}],"version-history":[{"count":1,"href":"https:\/\/bodegaoutdoor.cl\/store\/wp-json\/wp\/v2\/product\/25013\/revisions"}],"predecessor-version":[{"id":71092,"href":"https:\/\/bodegaoutdoor.cl\/store\/wp-json\/wp\/v2\/product\/25013\/revisions\/71092"}],"wp:featuredmedia":[{"embeddable":true,"href":"https:\/\/bodegaoutdoor.cl\/store\/wp-json\/wp\/v2\/media\/25084"}],"wp:attachment":[{"href":"https:\/\/bodegaoutdoor.cl\/store\/wp-json\/wp\/v2\/media?parent=25013"}],"wp:term":[{"taxonomy":"product_brand","embeddable":true,"href":"https:\/\/bodegaoutdoor.cl\/store\/wp-json\/wp\/v2\/product_brand?post=25013"},{"taxonomy":"product_cat","embeddable":true,"href":"https:\/\/bodegaoutdoor.cl\/store\/wp-json\/wp\/v2\/product_cat?post=25013"},{"taxonomy":"product_tag","embeddable":true,"href":"https:\/\/bodegaoutdoor.cl\/store\/wp-json\/wp\/v2\/product_tag?post=25013"}],"curies":[{"name":"wp","href":"https:\/\/api.w.org\/{rel}","templated":true}]}}