{"id":25497,"date":"2020-12-16T02:55:06","date_gmt":"2020-12-16T02:55:06","guid":{"rendered":"https:\/\/bodegaoutdoor.cl\/store\/product\/sundick-lampara-plegable-multifuncional-para-acampada-caza-y-senderismo-poste-de-pesca-portatil-de-aleacion-de-aluminio-fixi\/"},"modified":"2023-05-04T19:19:06","modified_gmt":"2023-05-04T23:19:06","slug":"lampara-plegable-multifuncional-para-acampada-caza-y-pesca-aleacion-de-aluminio","status":"publish","type":"product","link":"https:\/\/bodegaoutdoor.cl\/store\/product\/lampara-plegable-multifuncional-para-acampada-caza-y-pesca-aleacion-de-aluminio\/","title":{"rendered":"L\u00e1mpara plegable multifuncional para acampada, caza y pesca aleaci\u00f3n de aluminio"},"content":{"rendered":"<p>&nbsp;<\/p>\n<p><img decoding=\"async\" title=\"SUNDICK-L\u00e1mpara plegable multifuncional para acampada, caza y senderismo, poste de pesca port\u00e1til de aleaci\u00f3n de aluminio, Fixi\" src=\"https:\/\/bodegaoutdoor.cl\/store\/wp-content\/uploads\/2020\/12\/25497-0tjcke.jpg\" alt=\"SUNDICK-L\u00e1mpara plegable multifuncional para acampada, caza y senderismo, poste de pesca port\u00e1til de aleaci\u00f3n de aluminio, Fixi\" \/><\/p>\n<div style=\"padding: 15px; border: 1px solid #AEAEAE;\"><span style=\"background-color: #e53333;\"><strong>Tipo A<\/strong><\/span><br \/>\nEspecificaci\u00f3n:<br \/>\nMarca: SUNDICK<br \/>\nMaterial: aleaci\u00f3n de aluminio, pl\u00e1stico, acero inoxidable<br \/>\nColor: Negro<br \/>\nTama\u00f1o: 1580x30x3 0mm\/62.2&#215;1.18&#215;1.18in<br \/>\nPeso neto: 415g<br \/>\nPeso bruto: 415g<br \/>\nOtros: di\u00e1metro del tubo 12mm\/0,47 pulgadas, grosor de la pared del tubo 1mm\/0,04 pulgadas<span style=\"background-color: #e56600;\"><span style=\"background-color: #e53333;\"><strong>Tipo B<\/strong><\/span><br \/>\n<span style=\"font-size: 12px; background-color: #ffffff;\">Especificaci\u00f3n:<\/span><br \/>\n<span style=\"font-size: 12px; background-color: #ffffff;\">Marca: SUNDICK<\/span><br \/>\n<span style=\"font-size: 12px; background-color: #ffffff;\">Material: aleaci\u00f3n de aluminio, acero inoxidable, cuerda de goma<\/span><br \/>\n<span style=\"font-size: 12px; background-color: #ffffff;\">Color: rojo<\/span><br \/>\n<span style=\"font-size: 12px; background-color: #ffffff;\">Tama\u00f1o: 935x30x3 0mm\/36.81&#215;1.18&#215;1.18in<\/span><br \/>\n<span style=\"font-size: 12px; background-color: #ffffff;\">Peso neto: 230g<\/span><br \/>\n<span style=\"font-size: 12px; background-color: #ffffff;\">Peso bruto: 230g<\/span><br \/>\n<span style=\"font-size: 12px; background-color: #ffffff;\">Otros: di\u00e1metro del tubo 12mm\/0,47 pulgadas, grosor de la pared del tubo 1mm\/0,04 pulgadas<\/span><\/span>Nota:<br \/>\n1. Debido a los diferentes monitores y efectos de la luz, el color real del art\u00edculo puede ser ligeramente diferente al color mostrado en las im\u00e1genes. \u00a1Gracias!<br \/>\n2. Permita una desviaci\u00f3n de medici\u00f3n de 1-3mm debido a la medici\u00f3n manual.<\/div>\n<div><img decoding=\"async\" title=\"SUNDICK-L\u00e1mpara plegable multifuncional para acampada, caza y senderismo, poste de pesca port\u00e1til de aleaci\u00f3n de aluminio, Fixi\" src=\"https:\/\/bodegaoutdoor.cl\/store\/wp-content\/uploads\/2020\/12\/25497-a0gufj.jpg\" alt=\"SUNDICK-L\u00e1mpara plegable multifuncional para acampada, caza y senderismo, poste de pesca port\u00e1til de aleaci\u00f3n de aluminio, Fixi\" \/><\/div>\n<div style=\"padding: 15px; border: 1px solid #AEAEAE;\">1 soporte de Luz Port\u00e1til multifuncional<\/div>\n<div style=\"text-align: center;\"><img decoding=\"async\" title=\"SUNDICK-L\u00e1mpara plegable multifuncional para acampada, caza y senderismo, poste de pesca port\u00e1til de aleaci\u00f3n de aluminio, Fixi\" src=\"https:\/\/bodegaoutdoor.cl\/store\/wp-content\/uploads\/2020\/12\/25497-bbxcwo.jpg\" alt=\"SUNDICK-L\u00e1mpara plegable multifuncional para acampada, caza y senderismo, poste de pesca port\u00e1til de aleaci\u00f3n de aluminio, Fixi\" width=\"798px\" \/><img decoding=\"async\" title=\"SUNDICK-L\u00e1mpara plegable multifuncional para acampada, caza y senderismo, poste de pesca port\u00e1til de aleaci\u00f3n de aluminio, Fixi\" src=\"https:\/\/bodegaoutdoor.cl\/store\/wp-content\/uploads\/2020\/12\/25497-xi10q2.jpg\" alt=\"SUNDICK-L\u00e1mpara plegable multifuncional para acampada, caza y senderismo, poste de pesca port\u00e1til de aleaci\u00f3n de aluminio, Fixi\" width=\"798px\" \/><img decoding=\"async\" title=\"SUNDICK-L\u00e1mpara plegable multifuncional para acampada, caza y senderismo, poste de pesca port\u00e1til de aleaci\u00f3n de aluminio, Fixi\" src=\"https:\/\/bodegaoutdoor.cl\/store\/wp-content\/uploads\/2020\/12\/25497-lhfqec.jpg\" alt=\"SUNDICK-L\u00e1mpara plegable multifuncional para acampada, caza y senderismo, poste de pesca port\u00e1til de aleaci\u00f3n de aluminio, Fixi\" width=\"798px\" \/><img decoding=\"async\" title=\"SUNDICK-L\u00e1mpara plegable multifuncional para acampada, caza y senderismo, poste de pesca port\u00e1til de aleaci\u00f3n de aluminio, Fixi\" src=\"https:\/\/bodegaoutdoor.cl\/store\/wp-content\/uploads\/2020\/12\/25497-itllxi.jpg\" alt=\"SUNDICK-L\u00e1mpara plegable multifuncional para acampada, caza y senderismo, poste de pesca port\u00e1til de aleaci\u00f3n de aluminio, Fixi\" width=\"798px\" \/><img decoding=\"async\" title=\"SUNDICK-L\u00e1mpara plegable multifuncional para acampada, caza y senderismo, poste de pesca port\u00e1til de aleaci\u00f3n de aluminio, Fixi\" src=\"https:\/\/bodegaoutdoor.cl\/store\/wp-content\/uploads\/2020\/12\/25497-hfsrys.jpg\" alt=\"SUNDICK-L\u00e1mpara plegable multifuncional para acampada, caza y senderismo, poste de pesca port\u00e1til de aleaci\u00f3n de aluminio, Fixi\" width=\"798px\" \/><img decoding=\"async\" title=\"SUNDICK-L\u00e1mpara plegable multifuncional para acampada, caza y senderismo, poste de pesca port\u00e1til de aleaci\u00f3n de aluminio, Fixi\" src=\"https:\/\/bodegaoutdoor.cl\/store\/wp-content\/uploads\/2020\/12\/25497-pjkgsp.jpg\" alt=\"SUNDICK-L\u00e1mpara plegable multifuncional para acampada, caza y senderismo, poste de pesca port\u00e1til de aleaci\u00f3n de aluminio, Fixi\" width=\"798px\" \/><img decoding=\"async\" title=\"SUNDICK-L\u00e1mpara plegable multifuncional para acampada, caza y senderismo, poste de pesca port\u00e1til de aleaci\u00f3n de aluminio, Fixi\" src=\"https:\/\/bodegaoutdoor.cl\/store\/wp-content\/uploads\/2020\/12\/25497-q8igre.jpg\" alt=\"SUNDICK-L\u00e1mpara plegable multifuncional para acampada, caza y senderismo, poste de pesca port\u00e1til de aleaci\u00f3n de aluminio, Fixi\" width=\"798px\" \/><img decoding=\"async\" title=\"SUNDICK-L\u00e1mpara plegable multifuncional para acampada, caza y senderismo, poste de pesca port\u00e1til de aleaci\u00f3n de aluminio, Fixi\" src=\"https:\/\/bodegaoutdoor.cl\/store\/wp-content\/uploads\/2020\/12\/25497-eok2xv.jpg\" alt=\"SUNDICK-L\u00e1mpara plegable multifuncional para acampada, caza y senderismo, poste de pesca port\u00e1til de aleaci\u00f3n de aluminio, Fixi\" width=\"798px\" \/><img decoding=\"async\" title=\"SUNDICK-L\u00e1mpara plegable multifuncional para acampada, caza y senderismo, poste de pesca port\u00e1til de aleaci\u00f3n de aluminio, Fixi\" src=\"https:\/\/bodegaoutdoor.cl\/store\/wp-content\/uploads\/2020\/12\/25497-xardew.jpg\" alt=\"SUNDICK-L\u00e1mpara plegable multifuncional para acampada, caza y senderismo, poste de pesca port\u00e1til de aleaci\u00f3n de aluminio, Fixi\" width=\"798px\" \/><img decoding=\"async\" title=\"SUNDICK-L\u00e1mpara plegable multifuncional para acampada, caza y senderismo, poste de pesca port\u00e1til de aleaci\u00f3n de aluminio, Fixi\" src=\"https:\/\/bodegaoutdoor.cl\/store\/wp-content\/uploads\/2020\/12\/25497-tkapxf.jpg\" alt=\"SUNDICK-L\u00e1mpara plegable multifuncional para acampada, caza y senderismo, poste de pesca port\u00e1til de aleaci\u00f3n de aluminio, Fixi\" width=\"798px\" \/><img decoding=\"async\" title=\"SUNDICK-L\u00e1mpara plegable multifuncional para acampada, caza y senderismo, poste de pesca port\u00e1til de aleaci\u00f3n de aluminio, Fixi\" src=\"https:\/\/bodegaoutdoor.cl\/store\/wp-content\/uploads\/2020\/12\/25497-wdcf30.jpg\" alt=\"SUNDICK-L\u00e1mpara plegable multifuncional para acampada, caza y senderismo, poste de pesca port\u00e1til de aleaci\u00f3n de aluminio, Fixi\" width=\"798px\" \/><\/div>\n<div><img decoding=\"async\" title=\"SUNDICK-L\u00e1mpara plegable multifuncional para acampada, caza y senderismo, poste de pesca port\u00e1til de aleaci\u00f3n de aluminio, Fixi\" src=\"https:\/\/bodegaoutdoor.cl\/store\/wp-content\/uploads\/2020\/12\/25497-mzzso4.jpg\" alt=\"SUNDICK-L\u00e1mpara plegable multifuncional para acampada, caza y senderismo, poste de pesca port\u00e1til de aleaci\u00f3n de aluminio, Fixi\" \/><\/div>\n<div style=\"padding: 15px; border: 1px solid #AEAEAE;\">[Relateproductdetail\/]<\/div>\n<p>&nbsp;<\/p>\n\n    <div class=\"xs_social_share_widget xs_share_url after_content \t\tmain_content  wslu-style-1 wslu-share-box-shaped wslu-fill-colored wslu-none wslu-share-horizontal wslu-theme-font-no wslu-main_content\">\n\n\t\t\n        <ul>\n\t\t\t        <\/ul>\n    <\/div> \n","protected":false},"excerpt":{"rendered":"<p>&nbsp; Tipo A Especificaci\u00f3n: Marca: SUNDICK Material: aleaci\u00f3n de aluminio, pl\u00e1stico, acero inoxidable Color: Negro Tama\u00f1o: 1580x30x3 0mm\/62.2&#215;1.18&#215;1.18in Peso neto: 415g Peso bruto: 415g Otros: di\u00e1metro del tubo 12mm\/0,47 pulgadas, grosor de la pared del tubo 1mm\/0,04 pulgadasTipo B Especificaci\u00f3n: Marca: SUNDICK Material: aleaci\u00f3n de aluminio, acero inoxidable, cuerda de goma Color: rojo Tama\u00f1o: 935x30x3 [&hellip;]<\/p>\n","protected":false},"featured_media":25552,"comment_status":"open","ping_status":"closed","template":"","meta":{"jetpack_publicize_message":"","jetpack_publicize_feature_enabled":true,"jetpack_social_post_already_shared":true,"jetpack_social_options":{"image_generator_settings":{"template":"highway","enabled":false},"version":2}},"product_brand":[],"product_cat":[64],"product_tag":[],"class_list":{"0":"post-25497","1":"product","2":"type-product","3":"status-publish","4":"has-post-thumbnail","6":"product_cat-accessories","8":"first","9":"instock","10":"sale","11":"taxable","12":"shipping-taxable","13":"purchasable","14":"product-type-variable"},"jetpack_publicize_connections":[],"jetpack_sharing_enabled":true,"_links":{"self":[{"href":"https:\/\/bodegaoutdoor.cl\/store\/wp-json\/wp\/v2\/product\/25497","targetHints":{"allow":["GET"]}}],"collection":[{"href":"https:\/\/bodegaoutdoor.cl\/store\/wp-json\/wp\/v2\/product"}],"about":[{"href":"https:\/\/bodegaoutdoor.cl\/store\/wp-json\/wp\/v2\/types\/product"}],"replies":[{"embeddable":true,"href":"https:\/\/bodegaoutdoor.cl\/store\/wp-json\/wp\/v2\/comments?post=25497"}],"version-history":[{"count":2,"href":"https:\/\/bodegaoutdoor.cl\/store\/wp-json\/wp\/v2\/product\/25497\/revisions"}],"predecessor-version":[{"id":71087,"href":"https:\/\/bodegaoutdoor.cl\/store\/wp-json\/wp\/v2\/product\/25497\/revisions\/71087"}],"wp:featuredmedia":[{"embeddable":true,"href":"https:\/\/bodegaoutdoor.cl\/store\/wp-json\/wp\/v2\/media\/25552"}],"wp:attachment":[{"href":"https:\/\/bodegaoutdoor.cl\/store\/wp-json\/wp\/v2\/media?parent=25497"}],"wp:term":[{"taxonomy":"product_brand","embeddable":true,"href":"https:\/\/bodegaoutdoor.cl\/store\/wp-json\/wp\/v2\/product_brand?post=25497"},{"taxonomy":"product_cat","embeddable":true,"href":"https:\/\/bodegaoutdoor.cl\/store\/wp-json\/wp\/v2\/product_cat?post=25497"},{"taxonomy":"product_tag","embeddable":true,"href":"https:\/\/bodegaoutdoor.cl\/store\/wp-json\/wp\/v2\/product_tag?post=25497"}],"curies":[{"name":"wp","href":"https:\/\/api.w.org\/{rel}","templated":true}]}}