{"id":27297,"date":"2021-01-09T02:36:07","date_gmt":"2021-01-09T05:36:07","guid":{"rendered":"https:\/\/bodegaoutdoor.cl\/store\/product\/linterna-led-usb-multifuncion-resistente-al-agua-zoom-linterna-potente-de-atenuacion-para-iluminacion-al-aire-libre-camping-y-pesca\/"},"modified":"2023-05-04T19:19:05","modified_gmt":"2023-05-04T23:19:05","slug":"linterna-led-usb-multifuncion-resistente-al-agua-zoom-linterna-potente-de-atenuacion-para-iluminacion-al-aire-libre-camping-y-pesca","status":"publish","type":"product","link":"https:\/\/bodegaoutdoor.cl\/store\/product\/linterna-led-usb-multifuncion-resistente-al-agua-zoom-linterna-potente-de-atenuacion-para-iluminacion-al-aire-libre-camping-y-pesca\/","title":{"rendered":"Linterna LED USB multifunci\u00f3n, resistente al agua, Zoom, Linterna potente de atenuaci\u00f3n para iluminaci\u00f3n al aire libre, Camping y pesca"},"content":{"rendered":"<p style=\"text-align: center;\"><video style=\"max-width: 100%;\" src=\"\/\/cloud.video.taobao.com\/play\/u\/2209956119463\/p\/1\/e\/6\/t\/10301\/292098171905.mp4\" poster=\"https:\/\/ae01.alicdn.com\/kf\/U3930a3c417e64666ab08ac8f45125648c\/Linterna-LED-USB-multifunci-n-resistente-al-agua-Zoom-Linterna-potente-de-atenuaci-n-para-iluminaci.jpg,https:\/\/ae01.alicdn.com\/kf\/U30466187d97745cd9881c8d07907930bg\/Linterna-LED-USB-multifunci-n-resistente-al-agua-Zoom-Linterna-potente-de-atenuaci-n-para-iluminaci.jpg,https:\/\/ae01.alicdn.com\/kf\/Uf50331d604aa4b8e962011bd0143218bo\/Linterna-LED-USB-multifunci-n-resistente-al-agua-Zoom-Linterna-potente-de-atenuaci-n-para-iluminaci.jpg,https:\/\/ae01.alicdn.com\/kf\/Ufd38f71b9812421b83856d6d07efe704D\/Linterna-LED-USB-multifunci-n-resistente-al-agua-Zoom-Linterna-potente-de-atenuaci-n-para-iluminaci.jpg,https:\/\/ae01.alicdn.com\/kf\/H79e62a10ec804d4ebbe7f479d72ce0eer\/Linterna-LED-USB-multifunci-n-resistente-al-agua-Zoom-Linterna-potente-de-atenuaci-n-para-iluminaci.jpeg,https:\/\/ae01.alicdn.com\/kf\/H78e80f2a964a4c0e821b1045c9ceeb43G\/Linterna-LED-USB-multifunci-n-resistente-al-agua-Zoom-Linterna-potente-de-atenuaci-n-para-iluminaci.jpeg\" preload=\"auto\" controls=\"controls\" width=\"100%\" height=\"100%\"><\/video><\/p>\n<div>\n<div>\n<p><span style=\"font-size: large;\"><b>Especificaci\u00f3n:<\/b><\/span><\/p>\n<p>Material: aleaci\u00f3n de aluminio<\/p>\n<p>Capacidad de la bater\u00eda: 400 mAh<\/p>\n<p>Fuente de alimentaci\u00f3n: Carga USB<\/p>\n<p>Potencia: 3W<\/p>\n<p>Forma de fuente de luz: LED<\/p>\n<p>Rango m\u00e1ximo: 100-200 metros<\/p>\n<p><span style=\"font-size: large;\"><b>Caracter\u00edsticas:<\/b><\/span><\/p>\n<p>Tama\u00f1o s\u00faper peque\u00f1o, brillante, efecto cegador.<\/p>\n<p>Dise\u00f1o antideslizante y dise\u00f1o resistente al agua.<\/p>\n<p>Enfoque Ajustable rango para diferentes usos, estiramiento para ajustar su enfoque.<\/p>\n<p>Clip para facilitar el transporte.<\/p>\n<p>Adecuado para caza, ciclismo, escalada, camping y actividades al aire libre, etc.<\/p>\n<p>Nota: evita la exposici\u00f3n directamente a los ojos<\/p>\n<p><img decoding=\"async\" title=\"Linterna LED USB multifunci\u00f3n, resistente al agua, Zoom, Linterna potente de atenuaci\u00f3n para iluminaci\u00f3n al aire libre, Camping y pesca\" src=\"https:\/\/bodegaoutdoor.cl\/store\/wp-content\/uploads\/2021\/01\/27297-pckfcl.jpg\" alt=\"Linterna LED USB multifunci\u00f3n, resistente al agua, Zoom, Linterna potente de atenuaci\u00f3n para iluminaci\u00f3n al aire libre, Camping y pesca\" \/><br \/>\n<img decoding=\"async\" title=\"Linterna LED USB multifunci\u00f3n, resistente al agua, Zoom, Linterna potente de atenuaci\u00f3n para iluminaci\u00f3n al aire libre, Camping y pesca\" src=\"https:\/\/bodegaoutdoor.cl\/store\/wp-content\/uploads\/2021\/01\/27297-y40uvz.jpg\" alt=\"Linterna LED USB multifunci\u00f3n, resistente al agua, Zoom, Linterna potente de atenuaci\u00f3n para iluminaci\u00f3n al aire libre, Camping y pesca\" \/><br \/>\n<img decoding=\"async\" title=\"Linterna LED USB multifunci\u00f3n, resistente al agua, Zoom, Linterna potente de atenuaci\u00f3n para iluminaci\u00f3n al aire libre, Camping y pesca\" src=\"https:\/\/bodegaoutdoor.cl\/store\/wp-content\/uploads\/2021\/01\/27297-80hdy1.jpg\" alt=\"Linterna LED USB multifunci\u00f3n, resistente al agua, Zoom, Linterna potente de atenuaci\u00f3n para iluminaci\u00f3n al aire libre, Camping y pesca\" \/><br \/>\n<img decoding=\"async\" title=\"Linterna LED USB multifunci\u00f3n, resistente al agua, Zoom, Linterna potente de atenuaci\u00f3n para iluminaci\u00f3n al aire libre, Camping y pesca\" src=\"https:\/\/bodegaoutdoor.cl\/store\/wp-content\/uploads\/2021\/01\/27297-clwdxe.jpg\" alt=\"Linterna LED USB multifunci\u00f3n, resistente al agua, Zoom, Linterna potente de atenuaci\u00f3n para iluminaci\u00f3n al aire libre, Camping y pesca\" \/><br \/>\n<img decoding=\"async\" title=\"Linterna LED USB multifunci\u00f3n, resistente al agua, Zoom, Linterna potente de atenuaci\u00f3n para iluminaci\u00f3n al aire libre, Camping y pesca\" src=\"https:\/\/bodegaoutdoor.cl\/store\/wp-content\/uploads\/2021\/01\/27297-jxijm2.jpg\" alt=\"Linterna LED USB multifunci\u00f3n, resistente al agua, Zoom, Linterna potente de atenuaci\u00f3n para iluminaci\u00f3n al aire libre, Camping y pesca\" \/><br \/>\n<img decoding=\"async\" title=\"Linterna LED USB multifunci\u00f3n, resistente al agua, Zoom, Linterna potente de atenuaci\u00f3n para iluminaci\u00f3n al aire libre, Camping y pesca\" src=\"https:\/\/bodegaoutdoor.cl\/store\/wp-content\/uploads\/2021\/01\/27297-obajxl.jpg\" alt=\"Linterna LED USB multifunci\u00f3n, resistente al agua, Zoom, Linterna potente de atenuaci\u00f3n para iluminaci\u00f3n al aire libre, Camping y pesca\" \/><br \/>\n<img decoding=\"async\" title=\"Linterna LED USB multifunci\u00f3n, resistente al agua, Zoom, Linterna potente de atenuaci\u00f3n para iluminaci\u00f3n al aire libre, Camping y pesca\" src=\"https:\/\/bodegaoutdoor.cl\/store\/wp-content\/uploads\/2021\/01\/27297-3uknqy.jpg\" alt=\"Linterna LED USB multifunci\u00f3n, resistente al agua, Zoom, Linterna potente de atenuaci\u00f3n para iluminaci\u00f3n al aire libre, Camping y pesca\" \/><br \/>\n<img decoding=\"async\" title=\"Linterna LED USB multifunci\u00f3n, resistente al agua, Zoom, Linterna potente de atenuaci\u00f3n para iluminaci\u00f3n al aire libre, Camping y pesca\" src=\"https:\/\/bodegaoutdoor.cl\/store\/wp-content\/uploads\/2021\/01\/27297-wb0e3l.jpg\" alt=\"Linterna LED USB multifunci\u00f3n, resistente al agua, Zoom, Linterna potente de atenuaci\u00f3n para iluminaci\u00f3n al aire libre, Camping y pesca\" \/><br \/>\n<img decoding=\"async\" title=\"Linterna LED USB multifunci\u00f3n, resistente al agua, Zoom, Linterna potente de atenuaci\u00f3n para iluminaci\u00f3n al aire libre, Camping y pesca\" src=\"https:\/\/bodegaoutdoor.cl\/store\/wp-content\/uploads\/2021\/01\/27297-mcv765.jpg\" alt=\"Linterna LED USB multifunci\u00f3n, resistente al agua, Zoom, Linterna potente de atenuaci\u00f3n para iluminaci\u00f3n al aire libre, Camping y pesca\" \/><br \/>\n<img decoding=\"async\" title=\"Linterna LED USB multifunci\u00f3n, resistente al agua, Zoom, Linterna potente de atenuaci\u00f3n para iluminaci\u00f3n al aire libre, Camping y pesca\" src=\"https:\/\/bodegaoutdoor.cl\/store\/wp-content\/uploads\/2021\/01\/27297-vl8v1a.jpg\" alt=\"Linterna LED USB multifunci\u00f3n, resistente al agua, Zoom, Linterna potente de atenuaci\u00f3n para iluminaci\u00f3n al aire libre, Camping y pesca\" \/><br \/>\n<img decoding=\"async\" title=\"Linterna LED USB multifunci\u00f3n, resistente al agua, Zoom, Linterna potente de atenuaci\u00f3n para iluminaci\u00f3n al aire libre, Camping y pesca\" src=\"https:\/\/bodegaoutdoor.cl\/store\/wp-content\/uploads\/2021\/01\/27297-egbm7c.jpg\" alt=\"Linterna LED USB multifunci\u00f3n, resistente al agua, Zoom, Linterna potente de atenuaci\u00f3n para iluminaci\u00f3n al aire libre, Camping y pesca\" \/><br \/>\n<img decoding=\"async\" title=\"Linterna LED USB multifunci\u00f3n, resistente al agua, Zoom, Linterna potente de atenuaci\u00f3n para iluminaci\u00f3n al aire libre, Camping y pesca\" src=\"https:\/\/bodegaoutdoor.cl\/store\/wp-content\/uploads\/2021\/01\/27297-px0bwu.jpg\" alt=\"Linterna LED USB multifunci\u00f3n, resistente al agua, Zoom, Linterna potente de atenuaci\u00f3n para iluminaci\u00f3n al aire libre, Camping y pesca\" \/><br \/>\n<img decoding=\"async\" title=\"Linterna LED USB multifunci\u00f3n, resistente al agua, Zoom, Linterna potente de atenuaci\u00f3n para iluminaci\u00f3n al aire libre, Camping y pesca\" src=\"https:\/\/bodegaoutdoor.cl\/store\/wp-content\/uploads\/2021\/01\/27297-2iowqc.jpg\" alt=\"Linterna LED USB multifunci\u00f3n, resistente al agua, Zoom, Linterna potente de atenuaci\u00f3n para iluminaci\u00f3n al aire libre, Camping y pesca\" \/><br \/>\n<img decoding=\"async\" title=\"Linterna LED USB multifunci\u00f3n, resistente al agua, Zoom, Linterna potente de atenuaci\u00f3n para iluminaci\u00f3n al aire libre, Camping y pesca\" src=\"https:\/\/bodegaoutdoor.cl\/store\/wp-content\/uploads\/2021\/01\/27297-th57d7.jpg\" alt=\"Linterna LED USB multifunci\u00f3n, resistente al agua, Zoom, Linterna potente de atenuaci\u00f3n para iluminaci\u00f3n al aire libre, Camping y pesca\" \/><br \/>\n<img decoding=\"async\" title=\"Linterna LED USB multifunci\u00f3n, resistente al agua, Zoom, Linterna potente de atenuaci\u00f3n para iluminaci\u00f3n al aire libre, Camping y pesca\" src=\"https:\/\/bodegaoutdoor.cl\/store\/wp-content\/uploads\/2021\/01\/27297-y1n0pk.jpg\" alt=\"Linterna LED USB multifunci\u00f3n, resistente al agua, Zoom, Linterna potente de atenuaci\u00f3n para iluminaci\u00f3n al aire libre, Camping y pesca\" \/><br \/>\n<img decoding=\"async\" title=\"Linterna LED USB multifunci\u00f3n, resistente al agua, Zoom, Linterna potente de atenuaci\u00f3n para iluminaci\u00f3n al aire libre, Camping y pesca\" src=\"https:\/\/bodegaoutdoor.cl\/store\/wp-content\/uploads\/2021\/01\/27297-yjgrxw.jpg\" alt=\"Linterna LED USB multifunci\u00f3n, resistente al agua, Zoom, Linterna potente de atenuaci\u00f3n para iluminaci\u00f3n al aire libre, Camping y pesca\" \/><br \/>\n<img decoding=\"async\" title=\"Linterna LED USB multifunci\u00f3n, resistente al agua, Zoom, Linterna potente de atenuaci\u00f3n para iluminaci\u00f3n al aire libre, Camping y pesca\" src=\"https:\/\/bodegaoutdoor.cl\/store\/wp-content\/uploads\/2021\/01\/27297-d3oidn.jpg\" alt=\"Linterna LED USB multifunci\u00f3n, resistente al agua, Zoom, Linterna potente de atenuaci\u00f3n para iluminaci\u00f3n al aire libre, Camping y pesca\" \/><br \/>\n<img decoding=\"async\" title=\"Linterna LED USB multifunci\u00f3n, resistente al agua, Zoom, Linterna potente de atenuaci\u00f3n para iluminaci\u00f3n al aire libre, Camping y pesca\" src=\"https:\/\/bodegaoutdoor.cl\/store\/wp-content\/uploads\/2021\/01\/27297-eavjzv.jpg\" alt=\"Linterna LED USB multifunci\u00f3n, resistente al agua, Zoom, Linterna potente de atenuaci\u00f3n para iluminaci\u00f3n al aire libre, Camping y pesca\" \/><br \/>\n<img decoding=\"async\" title=\"Linterna LED USB multifunci\u00f3n, resistente al agua, Zoom, Linterna potente de atenuaci\u00f3n para iluminaci\u00f3n al aire libre, Camping y pesca\" src=\"https:\/\/bodegaoutdoor.cl\/store\/wp-content\/uploads\/2021\/01\/27297-7ocp7j.jpg\" alt=\"Linterna LED USB multifunci\u00f3n, resistente al agua, Zoom, Linterna potente de atenuaci\u00f3n para iluminaci\u00f3n al aire libre, Camping y pesca\" \/><br \/>\n<img decoding=\"async\" title=\"Linterna LED USB multifunci\u00f3n, resistente al agua, Zoom, Linterna potente de atenuaci\u00f3n para iluminaci\u00f3n al aire libre, Camping y pesca\" src=\"https:\/\/bodegaoutdoor.cl\/store\/wp-content\/uploads\/2021\/01\/27297-jbbng9.jpg\" alt=\"Linterna LED USB multifunci\u00f3n, resistente al agua, Zoom, Linterna potente de atenuaci\u00f3n para iluminaci\u00f3n al aire libre, Camping y pesca\" \/><br \/>\n<img decoding=\"async\" title=\"Linterna LED USB multifunci\u00f3n, resistente al agua, Zoom, Linterna potente de atenuaci\u00f3n para iluminaci\u00f3n al aire libre, Camping y pesca\" src=\"https:\/\/bodegaoutdoor.cl\/store\/wp-content\/uploads\/2021\/01\/27297-rpr2hm.jpg\" alt=\"Linterna LED USB multifunci\u00f3n, resistente al agua, Zoom, Linterna potente de atenuaci\u00f3n para iluminaci\u00f3n al aire libre, Camping y pesca\" \/><br \/>\n<img decoding=\"async\" title=\"Linterna LED USB multifunci\u00f3n, resistente al agua, Zoom, Linterna potente de atenuaci\u00f3n para iluminaci\u00f3n al aire libre, Camping y pesca\" src=\"https:\/\/bodegaoutdoor.cl\/store\/wp-content\/uploads\/2021\/01\/27297-k2ksm0.jpg\" alt=\"Linterna LED USB multifunci\u00f3n, resistente al agua, Zoom, Linterna potente de atenuaci\u00f3n para iluminaci\u00f3n al aire libre, Camping y pesca\" \/><br \/>\n<img decoding=\"async\" title=\"Linterna LED USB multifunci\u00f3n, resistente al agua, Zoom, Linterna potente de atenuaci\u00f3n para iluminaci\u00f3n al aire libre, Camping y pesca\" src=\"https:\/\/bodegaoutdoor.cl\/store\/wp-content\/uploads\/2021\/01\/27297-5xerxv.jpg\" alt=\"Linterna LED USB multifunci\u00f3n, resistente al agua, Zoom, Linterna potente de atenuaci\u00f3n para iluminaci\u00f3n al aire libre, Camping y pesca\" \/><br \/>\n<img decoding=\"async\" title=\"Linterna LED USB multifunci\u00f3n, resistente al agua, Zoom, Linterna potente de atenuaci\u00f3n para iluminaci\u00f3n al aire libre, Camping y pesca\" src=\"https:\/\/bodegaoutdoor.cl\/store\/wp-content\/uploads\/2021\/01\/27297-2brqsh.jpg\" alt=\"Linterna LED USB multifunci\u00f3n, resistente al agua, Zoom, Linterna potente de atenuaci\u00f3n para iluminaci\u00f3n al aire libre, Camping y pesca\" \/><br \/>\n<img decoding=\"async\" title=\"Linterna LED USB multifunci\u00f3n, resistente al agua, Zoom, Linterna potente de atenuaci\u00f3n para iluminaci\u00f3n al aire libre, Camping y pesca\" src=\"https:\/\/bodegaoutdoor.cl\/store\/wp-content\/uploads\/2021\/01\/27297-oyob8s.jpg\" alt=\"Linterna LED USB multifunci\u00f3n, resistente al agua, Zoom, Linterna potente de atenuaci\u00f3n para iluminaci\u00f3n al aire libre, Camping y pesca\" \/><br \/>\n<img decoding=\"async\" title=\"Linterna LED USB multifunci\u00f3n, resistente al agua, Zoom, Linterna potente de atenuaci\u00f3n para iluminaci\u00f3n al aire libre, Camping y pesca\" src=\"https:\/\/bodegaoutdoor.cl\/store\/wp-content\/uploads\/2021\/01\/27297-34ibvd.jpg\" alt=\"Linterna LED USB multifunci\u00f3n, resistente al agua, Zoom, Linterna potente de atenuaci\u00f3n para iluminaci\u00f3n al aire libre, Camping y pesca\" \/><br \/>\n<img decoding=\"async\" title=\"Linterna LED USB multifunci\u00f3n, resistente al agua, Zoom, Linterna potente de atenuaci\u00f3n para iluminaci\u00f3n al aire libre, Camping y pesca\" src=\"https:\/\/bodegaoutdoor.cl\/store\/wp-content\/uploads\/2021\/01\/27297-ldweyv.jpg\" alt=\"Linterna LED USB multifunci\u00f3n, resistente al agua, Zoom, Linterna potente de atenuaci\u00f3n para iluminaci\u00f3n al aire libre, Camping y pesca\" \/><\/p>\n<\/div>\n<\/div>\n\n    <div class=\"xs_social_share_widget xs_share_url after_content \t\tmain_content  wslu-style-1 wslu-share-box-shaped wslu-fill-colored wslu-none wslu-share-horizontal wslu-theme-font-no wslu-main_content\">\n\n\t\t\n        <ul>\n\t\t\t        <\/ul>\n    <\/div> \n","protected":false},"excerpt":{"rendered":"<p>Especificaci\u00f3n: Material: aleaci\u00f3n de aluminio Capacidad de la bater\u00eda: 400 mAh Fuente de alimentaci\u00f3n: Carga USB Potencia: 3W Forma de fuente de luz: LED Rango m\u00e1ximo: 100-200 metros Caracter\u00edsticas: Tama\u00f1o s\u00faper peque\u00f1o, brillante, efecto cegador. Dise\u00f1o antideslizante y dise\u00f1o resistente al agua. Enfoque Ajustable rango para diferentes usos, estiramiento para ajustar su enfoque. Clip para [&hellip;]<\/p>\n","protected":false},"featured_media":27300,"comment_status":"open","ping_status":"closed","template":"","meta":{"jetpack_publicize_message":"","jetpack_publicize_feature_enabled":true,"jetpack_social_post_already_shared":true,"jetpack_social_options":{"image_generator_settings":{"template":"highway","enabled":false},"version":2}},"product_brand":[],"product_cat":[35],"product_tag":[],"class_list":{"0":"post-27297","1":"product","2":"type-product","3":"status-publish","4":"has-post-thumbnail","6":"product_cat-iliminacion","8":"first","9":"instock","10":"sale","11":"taxable","12":"shipping-taxable","13":"purchasable","14":"product-type-variable"},"jetpack_publicize_connections":[],"jetpack_sharing_enabled":true,"_links":{"self":[{"href":"https:\/\/bodegaoutdoor.cl\/store\/wp-json\/wp\/v2\/product\/27297","targetHints":{"allow":["GET"]}}],"collection":[{"href":"https:\/\/bodegaoutdoor.cl\/store\/wp-json\/wp\/v2\/product"}],"about":[{"href":"https:\/\/bodegaoutdoor.cl\/store\/wp-json\/wp\/v2\/types\/product"}],"replies":[{"embeddable":true,"href":"https:\/\/bodegaoutdoor.cl\/store\/wp-json\/wp\/v2\/comments?post=27297"}],"version-history":[{"count":1,"href":"https:\/\/bodegaoutdoor.cl\/store\/wp-json\/wp\/v2\/product\/27297\/revisions"}],"predecessor-version":[{"id":71079,"href":"https:\/\/bodegaoutdoor.cl\/store\/wp-json\/wp\/v2\/product\/27297\/revisions\/71079"}],"wp:featuredmedia":[{"embeddable":true,"href":"https:\/\/bodegaoutdoor.cl\/store\/wp-json\/wp\/v2\/media\/27300"}],"wp:attachment":[{"href":"https:\/\/bodegaoutdoor.cl\/store\/wp-json\/wp\/v2\/media?parent=27297"}],"wp:term":[{"taxonomy":"product_brand","embeddable":true,"href":"https:\/\/bodegaoutdoor.cl\/store\/wp-json\/wp\/v2\/product_brand?post=27297"},{"taxonomy":"product_cat","embeddable":true,"href":"https:\/\/bodegaoutdoor.cl\/store\/wp-json\/wp\/v2\/product_cat?post=27297"},{"taxonomy":"product_tag","embeddable":true,"href":"https:\/\/bodegaoutdoor.cl\/store\/wp-json\/wp\/v2\/product_tag?post=27297"}],"curies":[{"name":"wp","href":"https:\/\/api.w.org\/{rel}","templated":true}]}}