{"id":27339,"date":"2021-01-10T13:59:04","date_gmt":"2021-01-10T16:59:04","guid":{"rendered":"https:\/\/bodegaoutdoor.cl\/store\/product\/scione-mochila-de-viaje-con-cordon-unisex-bolso-de-hombro-de-lona-multifuncion-militar-portatil-con-cilindro-de-gran-capacidad\/"},"modified":"2023-05-04T19:19:05","modified_gmt":"2023-05-04T23:19:05","slug":"mochila-de-viaje-con-cordon-unisex-bolso-de-hombro-de-lona-multifuncion-militar-portatil","status":"publish","type":"product","link":"https:\/\/bodegaoutdoor.cl\/store\/product\/mochila-de-viaje-con-cordon-unisex-bolso-de-hombro-de-lona-multifuncion-militar-portatil\/","title":{"rendered":"mochila de viaje con cord\u00f3n Unisex, bolso de hombro de lona multifunci\u00f3n, militar, port\u00e1til"},"content":{"rendered":"<p><img decoding=\"async\" title=\"Scione-mochila de viaje con cord\u00f3n Unisex, bolso de hombro de lona multifunci\u00f3n, militar, port\u00e1til, con cilindro de gran capacidad\" src=\"https:\/\/bodegaoutdoor.cl\/store\/wp-content\/uploads\/2021\/01\/27339-t6qhok.jpg\" alt=\"Scione-mochila de viaje con cord\u00f3n Unisex, bolso de hombro de lona multifunci\u00f3n, militar, port\u00e1til, con cilindro de gran capacidad\" \/><img decoding=\"async\" title=\"Scione-mochila de viaje con cord\u00f3n Unisex, bolso de hombro de lona multifunci\u00f3n, militar, port\u00e1til, con cilindro de gran capacidad\" src=\"https:\/\/bodegaoutdoor.cl\/store\/wp-content\/uploads\/2021\/01\/27339-pgynjo.jpg\" alt=\"Scione-mochila de viaje con cord\u00f3n Unisex, bolso de hombro de lona multifunci\u00f3n, militar, port\u00e1til, con cilindro de gran capacidad\" \/><img decoding=\"async\" title=\"Scione-mochila de viaje con cord\u00f3n Unisex, bolso de hombro de lona multifunci\u00f3n, militar, port\u00e1til, con cilindro de gran capacidad\" src=\"https:\/\/bodegaoutdoor.cl\/store\/wp-content\/uploads\/2021\/01\/27339-men08z.jpg\" alt=\"Scione-mochila de viaje con cord\u00f3n Unisex, bolso de hombro de lona multifunci\u00f3n, militar, port\u00e1til, con cilindro de gran capacidad\" \/><img decoding=\"async\" title=\"Scione-mochila de viaje con cord\u00f3n Unisex, bolso de hombro de lona multifunci\u00f3n, militar, port\u00e1til, con cilindro de gran capacidad\" src=\"https:\/\/bodegaoutdoor.cl\/store\/wp-content\/uploads\/2021\/01\/27339-vtwoo6.jpg\" alt=\"Scione-mochila de viaje con cord\u00f3n Unisex, bolso de hombro de lona multifunci\u00f3n, militar, port\u00e1til, con cilindro de gran capacidad\" \/><img decoding=\"async\" title=\"Scione-mochila de viaje con cord\u00f3n Unisex, bolso de hombro de lona multifunci\u00f3n, militar, port\u00e1til, con cilindro de gran capacidad\" src=\"https:\/\/bodegaoutdoor.cl\/store\/wp-content\/uploads\/2021\/01\/27339-sygpy7.jpg\" alt=\"Scione-mochila de viaje con cord\u00f3n Unisex, bolso de hombro de lona multifunci\u00f3n, militar, port\u00e1til, con cilindro de gran capacidad\" \/><img decoding=\"async\" title=\"Scione-mochila de viaje con cord\u00f3n Unisex, bolso de hombro de lona multifunci\u00f3n, militar, port\u00e1til, con cilindro de gran capacidad\" src=\"https:\/\/bodegaoutdoor.cl\/store\/wp-content\/uploads\/2021\/01\/27339-ob3jcu.jpg\" alt=\"Scione-mochila de viaje con cord\u00f3n Unisex, bolso de hombro de lona multifunci\u00f3n, militar, port\u00e1til, con cilindro de gran capacidad\" \/><img decoding=\"async\" title=\"Scione-mochila de viaje con cord\u00f3n Unisex, bolso de hombro de lona multifunci\u00f3n, militar, port\u00e1til, con cilindro de gran capacidad\" src=\"https:\/\/bodegaoutdoor.cl\/store\/wp-content\/uploads\/2021\/01\/27339-ep03wk.jpg\" alt=\"Scione-mochila de viaje con cord\u00f3n Unisex, bolso de hombro de lona multifunci\u00f3n, militar, port\u00e1til, con cilindro de gran capacidad\" \/><img decoding=\"async\" title=\"Scione-mochila de viaje con cord\u00f3n Unisex, bolso de hombro de lona multifunci\u00f3n, militar, port\u00e1til, con cilindro de gran capacidad\" src=\"https:\/\/bodegaoutdoor.cl\/store\/wp-content\/uploads\/2021\/01\/27339-zdd4bu.jpg\" alt=\"Scione-mochila de viaje con cord\u00f3n Unisex, bolso de hombro de lona multifunci\u00f3n, militar, port\u00e1til, con cilindro de gran capacidad\" \/><img decoding=\"async\" title=\"Scione-mochila de viaje con cord\u00f3n Unisex, bolso de hombro de lona multifunci\u00f3n, militar, port\u00e1til, con cilindro de gran capacidad\" src=\"https:\/\/bodegaoutdoor.cl\/store\/wp-content\/uploads\/2021\/01\/27339-nsotdk.jpg\" alt=\"Scione-mochila de viaje con cord\u00f3n Unisex, bolso de hombro de lona multifunci\u00f3n, militar, port\u00e1til, con cilindro de gran capacidad\" \/><img decoding=\"async\" title=\"Scione-mochila de viaje con cord\u00f3n Unisex, bolso de hombro de lona multifunci\u00f3n, militar, port\u00e1til, con cilindro de gran capacidad\" src=\"https:\/\/bodegaoutdoor.cl\/store\/wp-content\/uploads\/2021\/01\/27339-xrl0tv.jpg\" alt=\"Scione-mochila de viaje con cord\u00f3n Unisex, bolso de hombro de lona multifunci\u00f3n, militar, port\u00e1til, con cilindro de gran capacidad\" \/><img decoding=\"async\" title=\"Scione-mochila de viaje con cord\u00f3n Unisex, bolso de hombro de lona multifunci\u00f3n, militar, port\u00e1til, con cilindro de gran capacidad\" src=\"https:\/\/bodegaoutdoor.cl\/store\/wp-content\/uploads\/2021\/01\/27339-0r0wzc.jpg\" alt=\"Scione-mochila de viaje con cord\u00f3n Unisex, bolso de hombro de lona multifunci\u00f3n, militar, port\u00e1til, con cilindro de gran capacidad\" \/><img decoding=\"async\" title=\"Scione-mochila de viaje con cord\u00f3n Unisex, bolso de hombro de lona multifunci\u00f3n, militar, port\u00e1til, con cilindro de gran capacidad\" src=\"https:\/\/bodegaoutdoor.cl\/store\/wp-content\/uploads\/2021\/01\/27339-h10oli.jpg\" alt=\"Scione-mochila de viaje con cord\u00f3n Unisex, bolso de hombro de lona multifunci\u00f3n, militar, port\u00e1til, con cilindro de gran capacidad\" \/><img decoding=\"async\" title=\"Scione-mochila de viaje con cord\u00f3n Unisex, bolso de hombro de lona multifunci\u00f3n, militar, port\u00e1til, con cilindro de gran capacidad\" src=\"https:\/\/bodegaoutdoor.cl\/store\/wp-content\/uploads\/2021\/01\/27339-nrdesr.jpg\" alt=\"Scione-mochila de viaje con cord\u00f3n Unisex, bolso de hombro de lona multifunci\u00f3n, militar, port\u00e1til, con cilindro de gran capacidad\" \/><img decoding=\"async\" title=\"Scione-mochila de viaje con cord\u00f3n Unisex, bolso de hombro de lona multifunci\u00f3n, militar, port\u00e1til, con cilindro de gran capacidad\" src=\"https:\/\/bodegaoutdoor.cl\/store\/wp-content\/uploads\/2021\/01\/27339-lhnlra.jpg\" alt=\"Scione-mochila de viaje con cord\u00f3n Unisex, bolso de hombro de lona multifunci\u00f3n, militar, port\u00e1til, con cilindro de gran capacidad\" \/><img decoding=\"async\" title=\"Scione-mochila de viaje con cord\u00f3n Unisex, bolso de hombro de lona multifunci\u00f3n, militar, port\u00e1til, con cilindro de gran capacidad\" src=\"https:\/\/bodegaoutdoor.cl\/store\/wp-content\/uploads\/2021\/01\/27339-pfkqxg.jpg\" alt=\"Scione-mochila de viaje con cord\u00f3n Unisex, bolso de hombro de lona multifunci\u00f3n, militar, port\u00e1til, con cilindro de gran capacidad\" \/><\/p>\n\n    <div class=\"xs_social_share_widget xs_share_url after_content \t\tmain_content  wslu-style-1 wslu-share-box-shaped wslu-fill-colored wslu-none wslu-share-horizontal wslu-theme-font-no wslu-main_content\">\n\n\t\t\n        <ul>\n\t\t\t        <\/ul>\n    <\/div> \n","protected":false},"excerpt":{"rendered":"","protected":false},"featured_media":27349,"comment_status":"open","ping_status":"closed","template":"","meta":{"jetpack_publicize_message":"","jetpack_publicize_feature_enabled":true,"jetpack_social_post_already_shared":true,"jetpack_social_options":{"image_generator_settings":{"template":"highway","enabled":false},"version":2}},"product_brand":[],"product_cat":[487],"product_tag":[],"class_list":{"0":"post-27339","1":"product","2":"type-product","3":"status-publish","4":"has-post-thumbnail","6":"product_cat-airsoft","8":"first","9":"instock","10":"sale","11":"taxable","12":"shipping-taxable","13":"purchasable","14":"product-type-variable"},"jetpack_publicize_connections":[],"jetpack_sharing_enabled":true,"_links":{"self":[{"href":"https:\/\/bodegaoutdoor.cl\/store\/wp-json\/wp\/v2\/product\/27339","targetHints":{"allow":["GET"]}}],"collection":[{"href":"https:\/\/bodegaoutdoor.cl\/store\/wp-json\/wp\/v2\/product"}],"about":[{"href":"https:\/\/bodegaoutdoor.cl\/store\/wp-json\/wp\/v2\/types\/product"}],"replies":[{"embeddable":true,"href":"https:\/\/bodegaoutdoor.cl\/store\/wp-json\/wp\/v2\/comments?post=27339"}],"version-history":[{"count":1,"href":"https:\/\/bodegaoutdoor.cl\/store\/wp-json\/wp\/v2\/product\/27339\/revisions"}],"predecessor-version":[{"id":71078,"href":"https:\/\/bodegaoutdoor.cl\/store\/wp-json\/wp\/v2\/product\/27339\/revisions\/71078"}],"wp:featuredmedia":[{"embeddable":true,"href":"https:\/\/bodegaoutdoor.cl\/store\/wp-json\/wp\/v2\/media\/27349"}],"wp:attachment":[{"href":"https:\/\/bodegaoutdoor.cl\/store\/wp-json\/wp\/v2\/media?parent=27339"}],"wp:term":[{"taxonomy":"product_brand","embeddable":true,"href":"https:\/\/bodegaoutdoor.cl\/store\/wp-json\/wp\/v2\/product_brand?post=27339"},{"taxonomy":"product_cat","embeddable":true,"href":"https:\/\/bodegaoutdoor.cl\/store\/wp-json\/wp\/v2\/product_cat?post=27339"},{"taxonomy":"product_tag","embeddable":true,"href":"https:\/\/bodegaoutdoor.cl\/store\/wp-json\/wp\/v2\/product_tag?post=27339"}],"curies":[{"name":"wp","href":"https:\/\/api.w.org\/{rel}","templated":true}]}}