{"id":27470,"date":"2021-01-10T17:45:15","date_gmt":"2021-01-10T20:45:15","guid":{"rendered":"https:\/\/bodegaoutdoor.cl\/store\/product\/tacticas-acog-1x32-tactico-vista-de-punto-rojo-optico-visores-acog-punto-rojo-alcance-miras-de-caza-verde-reticula-con-20mm-montaje\/"},"modified":"2023-05-04T19:19:04","modified_gmt":"2023-05-04T23:19:04","slug":"mira-tactica-acog-1x32-punto-rojo-optico-acog-20mm","status":"publish","type":"product","link":"https:\/\/bodegaoutdoor.cl\/store\/product\/mira-tactica-acog-1x32-punto-rojo-optico-acog-20mm\/","title":{"rendered":"Mira T\u00e1ctica ACOG 1X32 punto rojo \u00f3ptico ACOG 20mm"},"content":{"rendered":"<div>\n<div>\n<p>Tipo: RIFLE<br \/>\nN\u00famero de modelo: 132<br \/>\nFunci\u00f3n: punto rojo<\/p>\n<div><img decoding=\"async\" title=\"T\u00e1cticas ACOG 1X32 t\u00e1ctico Vista de punto rojo \u00f3ptico visores ACOG punto rojo alcance miras de caza verde ret\u00edcula con 20mm montaje\" src=\"https:\/\/bodegaoutdoor.cl\/store\/wp-content\/uploads\/2021\/01\/27470-jjwmum.jpg\" alt=\"T\u00e1cticas ACOG 1X32 t\u00e1ctico Vista de punto rojo \u00f3ptico visores ACOG punto rojo alcance miras de caza verde ret\u00edcula con 20mm montaje\" \/><\/div>\n<div><img decoding=\"async\" title=\"T\u00e1cticas ACOG 1X32 t\u00e1ctico Vista de punto rojo \u00f3ptico visores ACOG punto rojo alcance miras de caza verde ret\u00edcula con 20mm montaje\" src=\"https:\/\/bodegaoutdoor.cl\/store\/wp-content\/uploads\/2021\/01\/27470-4kipx8.jpg\" alt=\"T\u00e1cticas ACOG 1X32 t\u00e1ctico Vista de punto rojo \u00f3ptico visores ACOG punto rojo alcance miras de caza verde ret\u00edcula con 20mm montaje\" \/><img decoding=\"async\" title=\"T\u00e1cticas ACOG 1X32 t\u00e1ctico Vista de punto rojo \u00f3ptico visores ACOG punto rojo alcance miras de caza verde ret\u00edcula con 20mm montaje\" src=\"https:\/\/bodegaoutdoor.cl\/store\/wp-content\/uploads\/2021\/01\/27470-jshzpr.jpg\" alt=\"T\u00e1cticas ACOG 1X32 t\u00e1ctico Vista de punto rojo \u00f3ptico visores ACOG punto rojo alcance miras de caza verde ret\u00edcula con 20mm montaje\" \/><img decoding=\"async\" title=\"T\u00e1cticas ACOG 1X32 t\u00e1ctico Vista de punto rojo \u00f3ptico visores ACOG punto rojo alcance miras de caza verde ret\u00edcula con 20mm montaje\" src=\"https:\/\/bodegaoutdoor.cl\/store\/wp-content\/uploads\/2021\/01\/27470-bwr2a3.jpg\" alt=\"T\u00e1cticas ACOG 1X32 t\u00e1ctico Vista de punto rojo \u00f3ptico visores ACOG punto rojo alcance miras de caza verde ret\u00edcula con 20mm montaje\" \/><img decoding=\"async\" style=\"margin-bottom: 10px;\" title=\"T\u00e1cticas ACOG 1X32 t\u00e1ctico Vista de punto rojo \u00f3ptico visores ACOG punto rojo alcance miras de caza verde ret\u00edcula con 20mm montaje\" src=\"https:\/\/bodegaoutdoor.cl\/store\/wp-content\/uploads\/2021\/01\/27470-g7vtod.jpg\" alt=\"T\u00e1cticas ACOG 1X32 t\u00e1ctico Vista de punto rojo \u00f3ptico visores ACOG punto rojo alcance miras de caza verde ret\u00edcula con 20mm montaje\" \/><img decoding=\"async\" title=\"T\u00e1cticas ACOG 1X32 t\u00e1ctico Vista de punto rojo \u00f3ptico visores ACOG punto rojo alcance miras de caza verde ret\u00edcula con 20mm montaje\" src=\"https:\/\/bodegaoutdoor.cl\/store\/wp-content\/uploads\/2021\/01\/27470-bme3dr.jpg\" alt=\"T\u00e1cticas ACOG 1X32 t\u00e1ctico Vista de punto rojo \u00f3ptico visores ACOG punto rojo alcance miras de caza verde ret\u00edcula con 20mm montaje\" \/><img decoding=\"async\" style=\"margin-bottom: 10px;\" title=\"T\u00e1cticas ACOG 1X32 t\u00e1ctico Vista de punto rojo \u00f3ptico visores ACOG punto rojo alcance miras de caza verde ret\u00edcula con 20mm montaje\" src=\"https:\/\/bodegaoutdoor.cl\/store\/wp-content\/uploads\/2021\/01\/27470-dhcado.jpg\" alt=\"T\u00e1cticas ACOG 1X32 t\u00e1ctico Vista de punto rojo \u00f3ptico visores ACOG punto rojo alcance miras de caza verde ret\u00edcula con 20mm montaje\" \/><img decoding=\"async\" style=\"margin-bottom: 10px;\" title=\"T\u00e1cticas ACOG 1X32 t\u00e1ctico Vista de punto rojo \u00f3ptico visores ACOG punto rojo alcance miras de caza verde ret\u00edcula con 20mm montaje\" src=\"https:\/\/bodegaoutdoor.cl\/store\/wp-content\/uploads\/2021\/01\/27470-naclvi.jpg\" alt=\"T\u00e1cticas ACOG 1X32 t\u00e1ctico Vista de punto rojo \u00f3ptico visores ACOG punto rojo alcance miras de caza verde ret\u00edcula con 20mm montaje\" \/><img decoding=\"async\" style=\"margin-bottom: 10px;\" title=\"T\u00e1cticas ACOG 1X32 t\u00e1ctico Vista de punto rojo \u00f3ptico visores ACOG punto rojo alcance miras de caza verde ret\u00edcula con 20mm montaje\" src=\"https:\/\/bodegaoutdoor.cl\/store\/wp-content\/uploads\/2021\/01\/27470-ecnxju.jpg\" alt=\"T\u00e1cticas ACOG 1X32 t\u00e1ctico Vista de punto rojo \u00f3ptico visores ACOG punto rojo alcance miras de caza verde ret\u00edcula con 20mm montaje\" \/><img decoding=\"async\" title=\"T\u00e1cticas ACOG 1X32 t\u00e1ctico Vista de punto rojo \u00f3ptico visores ACOG punto rojo alcance miras de caza verde ret\u00edcula con 20mm montaje\" src=\"https:\/\/bodegaoutdoor.cl\/store\/wp-content\/uploads\/2021\/01\/27470-sojlq7.jpg\" alt=\"T\u00e1cticas ACOG 1X32 t\u00e1ctico Vista de punto rojo \u00f3ptico visores ACOG punto rojo alcance miras de caza verde ret\u00edcula con 20mm montaje\" \/><img decoding=\"async\" title=\"T\u00e1cticas ACOG 1X32 t\u00e1ctico Vista de punto rojo \u00f3ptico visores ACOG punto rojo alcance miras de caza verde ret\u00edcula con 20mm montaje\" src=\"https:\/\/bodegaoutdoor.cl\/store\/wp-content\/uploads\/2021\/01\/27470-vjflzk.jpg\" alt=\"T\u00e1cticas ACOG 1X32 t\u00e1ctico Vista de punto rojo \u00f3ptico visores ACOG punto rojo alcance miras de caza verde ret\u00edcula con 20mm montaje\" \/><\/div>\n<div><img decoding=\"async\" title=\"T\u00e1cticas ACOG 1X32 t\u00e1ctico Vista de punto rojo \u00f3ptico visores ACOG punto rojo alcance miras de caza verde ret\u00edcula con 20mm montaje\" src=\"https:\/\/bodegaoutdoor.cl\/store\/wp-content\/uploads\/2021\/01\/27470-hx824f.jpg\" alt=\"T\u00e1cticas ACOG 1X32 t\u00e1ctico Vista de punto rojo \u00f3ptico visores ACOG punto rojo alcance miras de caza verde ret\u00edcula con 20mm montaje\" \/><img decoding=\"async\" title=\"T\u00e1cticas ACOG 1X32 t\u00e1ctico Vista de punto rojo \u00f3ptico visores ACOG punto rojo alcance miras de caza verde ret\u00edcula con 20mm montaje\" src=\"https:\/\/bodegaoutdoor.cl\/store\/wp-content\/uploads\/2021\/01\/27470-kslgfa.jpg\" alt=\"T\u00e1cticas ACOG 1X32 t\u00e1ctico Vista de punto rojo \u00f3ptico visores ACOG punto rojo alcance miras de caza verde ret\u00edcula con 20mm montaje\" \/><img decoding=\"async\" title=\"T\u00e1cticas ACOG 1X32 t\u00e1ctico Vista de punto rojo \u00f3ptico visores ACOG punto rojo alcance miras de caza verde ret\u00edcula con 20mm montaje\" src=\"https:\/\/bodegaoutdoor.cl\/store\/wp-content\/uploads\/2021\/01\/27470-t5kiiz.jpg\" alt=\"T\u00e1cticas ACOG 1X32 t\u00e1ctico Vista de punto rojo \u00f3ptico visores ACOG punto rojo alcance miras de caza verde ret\u00edcula con 20mm montaje\" \/><img decoding=\"async\" title=\"T\u00e1cticas ACOG 1X32 t\u00e1ctico Vista de punto rojo \u00f3ptico visores ACOG punto rojo alcance miras de caza verde ret\u00edcula con 20mm montaje\" src=\"https:\/\/bodegaoutdoor.cl\/store\/wp-content\/uploads\/2021\/01\/27470-8devhq.jpg\" alt=\"T\u00e1cticas ACOG 1X32 t\u00e1ctico Vista de punto rojo \u00f3ptico visores ACOG punto rojo alcance miras de caza verde ret\u00edcula con 20mm montaje\" \/><img decoding=\"async\" title=\"T\u00e1cticas ACOG 1X32 t\u00e1ctico Vista de punto rojo \u00f3ptico visores ACOG punto rojo alcance miras de caza verde ret\u00edcula con 20mm montaje\" src=\"https:\/\/bodegaoutdoor.cl\/store\/wp-content\/uploads\/2021\/01\/27470-ec5yu0.jpg\" alt=\"T\u00e1cticas ACOG 1X32 t\u00e1ctico Vista de punto rojo \u00f3ptico visores ACOG punto rojo alcance miras de caza verde ret\u00edcula con 20mm montaje\" \/><img decoding=\"async\" title=\"T\u00e1cticas ACOG 1X32 t\u00e1ctico Vista de punto rojo \u00f3ptico visores ACOG punto rojo alcance miras de caza verde ret\u00edcula con 20mm montaje\" src=\"https:\/\/bodegaoutdoor.cl\/store\/wp-content\/uploads\/2021\/01\/27470-ebxckf.jpg\" alt=\"T\u00e1cticas ACOG 1X32 t\u00e1ctico Vista de punto rojo \u00f3ptico visores ACOG punto rojo alcance miras de caza verde ret\u00edcula con 20mm montaje\" \/><img decoding=\"async\" title=\"T\u00e1cticas ACOG 1X32 t\u00e1ctico Vista de punto rojo \u00f3ptico visores ACOG punto rojo alcance miras de caza verde ret\u00edcula con 20mm montaje\" src=\"https:\/\/bodegaoutdoor.cl\/store\/wp-content\/uploads\/2021\/01\/27470-zqrnrz.jpg\" alt=\"T\u00e1cticas ACOG 1X32 t\u00e1ctico Vista de punto rojo \u00f3ptico visores ACOG punto rojo alcance miras de caza verde ret\u00edcula con 20mm montaje\" \/><img decoding=\"async\" title=\"T\u00e1cticas ACOG 1X32 t\u00e1ctico Vista de punto rojo \u00f3ptico visores ACOG punto rojo alcance miras de caza verde ret\u00edcula con 20mm montaje\" src=\"https:\/\/bodegaoutdoor.cl\/store\/wp-content\/uploads\/2021\/01\/27470-ynjgtg.jpg\" alt=\"T\u00e1cticas ACOG 1X32 t\u00e1ctico Vista de punto rojo \u00f3ptico visores ACOG punto rojo alcance miras de caza verde ret\u00edcula con 20mm montaje\" \/><img decoding=\"async\" title=\"T\u00e1cticas ACOG 1X32 t\u00e1ctico Vista de punto rojo \u00f3ptico visores ACOG punto rojo alcance miras de caza verde ret\u00edcula con 20mm montaje\" src=\"https:\/\/bodegaoutdoor.cl\/store\/wp-content\/uploads\/2021\/01\/27470-z2c3to.jpg\" alt=\"T\u00e1cticas ACOG 1X32 t\u00e1ctico Vista de punto rojo \u00f3ptico visores ACOG punto rojo alcance miras de caza verde ret\u00edcula con 20mm montaje\" \/><img decoding=\"async\" title=\"T\u00e1cticas ACOG 1X32 t\u00e1ctico Vista de punto rojo \u00f3ptico visores ACOG punto rojo alcance miras de caza verde ret\u00edcula con 20mm montaje\" src=\"https:\/\/bodegaoutdoor.cl\/store\/wp-content\/uploads\/2021\/01\/27470-l8m6gi.jpg\" alt=\"T\u00e1cticas ACOG 1X32 t\u00e1ctico Vista de punto rojo \u00f3ptico visores ACOG punto rojo alcance miras de caza verde ret\u00edcula con 20mm montaje\" \/><\/div>\n<div><\/div>\n<\/div>\n<\/div>\n\n    <div class=\"xs_social_share_widget xs_share_url after_content \t\tmain_content  wslu-style-1 wslu-share-box-shaped wslu-fill-colored wslu-none wslu-share-horizontal wslu-theme-font-no wslu-main_content\">\n\n\t\t\n        <ul>\n\t\t\t        <\/ul>\n    <\/div> \n","protected":false},"excerpt":{"rendered":"<p>Tipo: RIFLE N\u00famero de modelo: 132 Funci\u00f3n: punto rojo<\/p>\n","protected":false},"featured_media":27477,"comment_status":"open","ping_status":"closed","template":"","meta":{"jetpack_publicize_message":"","jetpack_publicize_feature_enabled":true,"jetpack_social_post_already_shared":true,"jetpack_social_options":{"image_generator_settings":{"template":"highway","enabled":false},"version":2}},"product_brand":[],"product_cat":[15,64,487],"product_tag":[],"class_list":{"0":"post-27470","1":"product","2":"type-product","3":"status-publish","4":"has-post-thumbnail","6":"product_cat-otros","7":"product_cat-accessories","8":"product_cat-airsoft","10":"first","11":"instock","12":"sale","13":"taxable","14":"shipping-taxable","15":"purchasable","16":"product-type-variable"},"jetpack_publicize_connections":[],"jetpack_sharing_enabled":true,"_links":{"self":[{"href":"https:\/\/bodegaoutdoor.cl\/store\/wp-json\/wp\/v2\/product\/27470","targetHints":{"allow":["GET"]}}],"collection":[{"href":"https:\/\/bodegaoutdoor.cl\/store\/wp-json\/wp\/v2\/product"}],"about":[{"href":"https:\/\/bodegaoutdoor.cl\/store\/wp-json\/wp\/v2\/types\/product"}],"replies":[{"embeddable":true,"href":"https:\/\/bodegaoutdoor.cl\/store\/wp-json\/wp\/v2\/comments?post=27470"}],"version-history":[{"count":1,"href":"https:\/\/bodegaoutdoor.cl\/store\/wp-json\/wp\/v2\/product\/27470\/revisions"}],"predecessor-version":[{"id":71075,"href":"https:\/\/bodegaoutdoor.cl\/store\/wp-json\/wp\/v2\/product\/27470\/revisions\/71075"}],"wp:featuredmedia":[{"embeddable":true,"href":"https:\/\/bodegaoutdoor.cl\/store\/wp-json\/wp\/v2\/media\/27477"}],"wp:attachment":[{"href":"https:\/\/bodegaoutdoor.cl\/store\/wp-json\/wp\/v2\/media?parent=27470"}],"wp:term":[{"taxonomy":"product_brand","embeddable":true,"href":"https:\/\/bodegaoutdoor.cl\/store\/wp-json\/wp\/v2\/product_brand?post=27470"},{"taxonomy":"product_cat","embeddable":true,"href":"https:\/\/bodegaoutdoor.cl\/store\/wp-json\/wp\/v2\/product_cat?post=27470"},{"taxonomy":"product_tag","embeddable":true,"href":"https:\/\/bodegaoutdoor.cl\/store\/wp-json\/wp\/v2\/product_tag?post=27470"}],"curies":[{"name":"wp","href":"https:\/\/api.w.org\/{rel}","templated":true}]}}